{"id":989672,"date":"2021-10-16T19:29:40","date_gmt":"2021-10-16T19:29:40","guid":{"rendered":"https:\/\/jcmm16.org\/donacion"},"modified":"2022-04-19T20:00:12","modified_gmt":"2022-04-19T20:00:12","slug":"donacion","status":"publish","type":"page","link":"https:\/\/jcmm16.org\/es\/donacion","title":{"rendered":"Donaci\u00f3n"},"content":{"rendered":"\t\t<div class=\"sep-text single centered\">\n\t\t\t\t\t\t\t<span class=\"sep-text-before\"><div class=\"sep-text-line\"><\/div><\/span>\n\t\t\t\t\t\t<div class=\"content\">\n\t\t\t\t<h2 class=\"text-divider-double\">\nDonaci\u00f3n \u00fanica<\/h2>\t\t\t<\/div>\n\t\t\t<span class=\"sep-text-after\"><div class=\"sep-text-line\"><\/div><\/span>\n\t\t\t\t\t<\/div>\n\t\n<div class=\"row \"><div class=\"wpv-grid grid-1-1  wpv-first-level first has-background unextended\" style=\"background-color:#fffbe0;padding-top:30px;padding-bottom:10px\" id=\"wpv-column-9bce8de253ba53847165f84d4c44c5a7\" ><style>#wpv-column-9bce8de253ba53847165f84d4c44c5a7 p,#wpv-column-9bce8de253ba53847165f84d4c44c5a7 em,#wpv-column-9bce8de253ba53847165f84d4c44c5a7 .column-title,#wpv-column-9bce8de253ba53847165f84d4c44c5a7 .sep-text h2.regular-title-wrapper,#wpv-column-9bce8de253ba53847165f84d4c44c5a7 .text-divider-double,#wpv-column-9bce8de253ba53847165f84d4c44c5a7 .sep-text .sep-text-line,#wpv-column-9bce8de253ba53847165f84d4c44c5a7 .sep,#wpv-column-9bce8de253ba53847165f84d4c44c5a7 .sep-2,#wpv-column-9bce8de253ba53847165f84d4c44c5a7 .sep-3{color:#e0c300;}#wpv-column-9bce8de253ba53847165f84d4c44c5a7:before{background-color:transparent;}<\/style><div class=\"row \"><div class=\"wpv-grid grid-4-5  first unextended\" style=\"padding-top:0px;padding-bottom:0px\" id=\"wpv-column-f09841969629ec82213d62f4a8a1cbcd\" ><h3 style=\"text-align: center;\">\u201cAs\u00ed que cada uno d\u00e9 como se proponga en su coraz\u00f3n, no de mala gana ni por necesidad; porque Dios ama al dador alegre. \u00ab<\/h3>\n<h5 style=\"text-align: center;\">&#8211; 2 Corintios 9: 7<\/h5><\/div>\n<div class=\"wpv-grid grid-1-6  unextended\" style=\"padding-top:0px;padding-bottom:0px\" id=\"wpv-column-9e9573703cb2591d2c7205f95e339c7f\" ><div class=\"push\" style='height:1px'><\/div><a href=\"https:\/\/jcmm16.org\/es\/donaciones\"><img decoding=\"async\" src=\"https:\/\/www.paypalobjects.com\/en_US\/i\/btn\/btn_donate_LG.gif\" alt=\"\" \/> <\/a><\/div><\/div><\/div><\/div>\n<div class=\"sep\"><\/div>\n<div class=\"row \"><div class=\"wpv-grid grid-2-3  wpv-first-level first unextended\" style=\"padding-top:0px;padding-bottom:0px\" id=\"wpv-column-98cafea41ef7d0f37802972093cb5c0d\" ><h4><span class='icon shortcode theme ' style='font-size:22px !important;color:#D4D4D4;'>&#57447;<\/span> Acerca de las donaciones:<\/h4>\n<div style=\"padding-left: 30px;\"><\/div><\/div>\n<div class=\"wpv-grid grid-1-3  wpv-first-level unextended\" style=\"padding-top:0px;padding-bottom:0px\" id=\"wpv-column-0f79ae4fe267e186f93a8ca0e2d50a98\" ><h4><span class='icon shortcode theme ' style='font-size:20px !important;color:#D4D4D4;'>&#57420;<\/span> Transferencia bancaria:<\/h4>\n<div style=\"padding-left: 30px;\">Maryland, Estados Unidos<\/div><\/div><\/div>\n<div class=\"push\" style='height:50px'><\/div>\n\t\t<div class=\"sep-text single centered\">\n\t\t\t\t\t\t\t<span class=\"sep-text-before\"><div class=\"sep-text-line\"><\/div><\/span>\n\t\t\t\t\t\t<div class=\"content\">\n\t\t\t\t<h2 class=\"text-divider-double\">\nDonar mensualmente<\/h2>\t\t\t<\/div>\n\t\t\t<span class=\"sep-text-after\"><div class=\"sep-text-line\"><\/div><\/span>\n\t\t\t\t\t<\/div>\n\t\n<div class=\"row has-price\"><div class=\"wpv-grid grid-1-3  wpv-first-level first unextended\" style=\"padding-top:0px;padding-bottom:0px\" id=\"wpv-column-bc74c0dc67e5d61876ade0561d6bfbb8\" ><div class=\"price-outer-wrapper\">\n\t<div class=\"price-wrapper \">\n\t\t<h3 class=\"price-title\">Estudiantes<\/h3>\n\t\t<div class=\"price\" style=\"text-align:justify\">\n\t\t\t<div class=\"value-box\">\n\t\t\t\t<div class=\"value-box-content\">\n\t\t\t\t\t<span class=\"value\">\n\t\t\t\t\t\t<i>$<\/i><span class=\"number\">10<\/span>\n\t\t\t\t\t<\/span>\n\t\t\t\t\t<span class=\"meta \">Monthly<\/span>\n\t\t\t\t<\/div>\n\t\t\t<\/div>\n\n\t\t\t<div class=\"content-box\">\n\t\t\t\t\n<ul>\n<li>Proyecto de construcci\u00f3n<\/li>\n<li>Otros<\/li>\n<\/ul>\n<p style=\"text-align: center;\">\t\t\t<\/div>\n\t\t\t<div class=\"meta-box\">\n\t\t\t\t\t\t\t\t<a href=\"#\" class=\"button vamtam-button accent1  button-border hover-accent1 \"><span class=\"btext\">Donate<\/span><\/a>\t\t\t<\/div>\n\t\t<\/div>\n\t<\/div>\n<\/div><\/div>\n<div class=\"wpv-grid grid-1-3  wpv-first-level unextended\" style=\"padding-top:0px;padding-bottom:0px\" id=\"wpv-column-96481af888934264b6ae79bd33a13148\" ><div class=\"price-outer-wrapper\">\n\t<div class=\"price-wrapper featured\">\n\t\t<h3 class=\"price-title\">Gente trabajadora<\/h3>\n\t\t<div class=\"price\" style=\"text-align:justify\">\n\t\t\t<div class=\"value-box\">\n\t\t\t\t<div class=\"value-box-content\">\n\t\t\t\t\t<span class=\"value\">\n\t\t\t\t\t\t<i>$<\/i><span class=\"number\">20<\/span>\n\t\t\t\t\t<\/span>\n\t\t\t\t\t<span class=\"meta \">Monthly<\/span>\n\t\t\t\t<\/div>\n\t\t\t<\/div>\n\n\t\t\t<div class=\"content-box\">\n\t\t\t\t\n<ul>\n<li>Proyecto de construcci\u00f3n<\/li>\n<li>Otros<\/li>\n<\/ul>\n<p style=\"text-align: center;\">\t\t\t<\/div>\n\t\t\t<div class=\"meta-box\">\n\t\t\t\t\t\t\t\t<a href=\"#\" class=\"button vamtam-button accent1  button-border hover-accent1 \"><span class=\"btext\">Donate<\/span><\/a>\t\t\t<\/div>\n\t\t<\/div>\n\t<\/div>\n<\/div><\/div>\n<div class=\"wpv-grid grid-1-3  wpv-first-level unextended\" style=\"padding-top:0px;padding-bottom:0px\" id=\"wpv-column-83c468b5a9555b2243a38b27f0ff9a00\" ><div class=\"price-outer-wrapper\">\n\t<div class=\"price-wrapper \">\n\t\t<h3 class=\"price-title\">Negocio<\/h3>\n\t\t<div class=\"price\" style=\"text-align:justify\">\n\t\t\t<div class=\"value-box\">\n\t\t\t\t<div class=\"value-box-content\">\n\t\t\t\t\t<span class=\"value\">\n\t\t\t\t\t\t<i>$<\/i><span class=\"number\">30<\/span>\n\t\t\t\t\t<\/span>\n\t\t\t\t\t<span class=\"meta \">Monthly<\/span>\n\t\t\t\t<\/div>\n\t\t\t<\/div>\n\n\t\t\t<div class=\"content-box\">\n\t\t\t\t\n<ul>\n<li>Proyecto de construcci\u00f3n<\/li>\n<li>Otros<\/li>\n<\/ul>\n<p style=\"text-align: center;\">\t\t\t<\/div>\n\t\t\t<div class=\"meta-box\">\n\t\t\t\t\t\t\t\t<a href=\"#\" class=\"button vamtam-button accent1  button-border hover-accent1 \"><span class=\"btext\">Donate<\/span><\/a>\t\t\t<\/div>\n\t\t<\/div>\n\t<\/div>\n<\/div><\/div><\/div>\n<div class=\"push\" style='height:30px'><\/div>\n<div class=\"row \"><div class=\"wpv-grid grid-1-1  wpv-first-level first unextended\" style=\"padding-top:0px;padding-bottom:0px\" id=\"wpv-column-10dad227a6dd02482573c67abcd86b0f\" ><blockquote>\n<h4>Informaci\u00f3n adicional:<\/h4>\n<\/blockquote>\n<h4><strong>Posibilidad de utilizar aplicaciones Cashapps y Zelle.<\/strong><\/h4><\/div><\/div>\n<div class=\"push\" style='height:30px'><\/div>\n<div class=\"row \"><div class=\"wpv-grid grid-1-1  wpv-first-level first unextended animation-fade-in animated-active\" style=\"padding-top:0px;padding-bottom:0px\" id=\"wpv-column-43df26468cfe705f249e4ba5472644c0\" >\t\t<div class=\"sep-text single centered\">\n\t\t\t\t\t\t\t<span class=\"sep-text-before\"><div class=\"sep-text-line\"><\/div><\/span>\n\t\t\t\t\t\t<div class=\"content\">\n\t\t\t\t<h2 class=\"text-divider-double\">Gracias<\/h2>\t\t\t<\/div>\n\t\t\t<span class=\"sep-text-after\"><div class=\"sep-text-line\"><\/div><\/span>\n\t\t\t\t\t<\/div>\n\t<\/div><\/div>\n","protected":false},"excerpt":{"rendered":"<p>\u201cAs\u00ed que cada uno d\u00e9 como se proponga en su coraz\u00f3n, no de mala gana ni por necesidad; porque Dios ama al dador alegre. \u00ab &#8211; 2 Corintios 9: 7 Acerca de las donaciones: Transferencia bancaria: Maryland, Estados Unidos Informaci\u00f3n adicional: Posibilidad de utilizar aplicaciones Cashapps y Zelle.<\/p>\n","protected":false},"author":1,"featured_media":0,"parent":0,"menu_order":0,"comment_status":"closed","ping_status":"closed","template":"","meta":{"footnotes":""},"class_list":["post-989672","page","type-page","status-publish","hentry"],"_links":{"self":[{"href":"https:\/\/jcmm16.org\/es\/wp-json\/wp\/v2\/pages\/989672","targetHints":{"allow":["GET"]}}],"collection":[{"href":"https:\/\/jcmm16.org\/es\/wp-json\/wp\/v2\/pages"}],"about":[{"href":"https:\/\/jcmm16.org\/es\/wp-json\/wp\/v2\/types\/page"}],"author":[{"embeddable":true,"href":"https:\/\/jcmm16.org\/es\/wp-json\/wp\/v2\/users\/1"}],"replies":[{"embeddable":true,"href":"https:\/\/jcmm16.org\/es\/wp-json\/wp\/v2\/comments?post=989672"}],"version-history":[{"count":1,"href":"https:\/\/jcmm16.org\/es\/wp-json\/wp\/v2\/pages\/989672\/revisions"}],"predecessor-version":[{"id":990502,"href":"https:\/\/jcmm16.org\/es\/wp-json\/wp\/v2\/pages\/989672\/revisions\/990502"}],"wp:attachment":[{"href":"https:\/\/jcmm16.org\/es\/wp-json\/wp\/v2\/media?parent=989672"}],"curies":[{"name":"wp","href":"https:\/\/api.w.org\/{rel}","templated":true}]}}