{"id":989688,"date":"2021-10-11T20:25:26","date_gmt":"2021-10-11T20:25:26","guid":{"rendered":"https:\/\/jcmm16.org\/novedades-jcmm16"},"modified":"2021-10-19T22:11:15","modified_gmt":"2021-10-19T22:11:15","slug":"novedades-jcmm16","status":"publish","type":"page","link":"https:\/\/jcmm16.org\/es\/novedades-jcmm16","title":{"rendered":"Novedades JCMM16"},"content":{"rendered":"<div class=\"row \"><div class=\"wpv-grid grid-1-1  wpv-first-level first unextended animation-from-right animated-active\" style=\"padding-top:0px;padding-bottom:0px\" id=\"wpv-column-f9048eb90b3ebc2fd0a55d9ab1969624\" ><\/div><\/div>\n<div class=\"row \"><div class=\"wpv-grid grid-1-1  wpv-first-level first unextended\" style=\"padding-top:0px;padding-bottom:0px\" id=\"wpv-column-e322f80cc5fffb26c150af774d00e898\" >\t\t<div class=\"sep-text single centered\">\n\t\t\t\t\t\t\t<span class=\"sep-text-before\"><div class=\"sep-text-line\"><\/div><\/span>\n\t\t\t\t\t\t<div class=\"content\">\n\t\t\t\t<h2 class=\"text-divider-double\">\nPeri\u00f3dico<\/h2>\t\t\t<\/div>\n\t\t\t<span class=\"sep-text-after\"><div class=\"sep-text-line\"><\/div><\/span>\n\t\t\t\t\t<\/div>\n\t<\/div><\/div>\n<div class=\"row \"><div class=\"wpv-grid grid-1-1  wpv-first-level first unextended\" style=\"padding-top:0px;padding-bottom:0px\" id=\"wpv-column-51ed46f468b94f1330b5eb12bbd9b6a0\" ><h4 style=\"text-align: left;\"><a target=\"_self\" style='font-size: 24px;' class=\"button vamtam-button accent1  button-border hover-accent1 \"><span class=\"btext\">Click<\/span><span class='icon shortcode  ' style='color:#D14D42;'>&#58072;<\/span><\/a> : Aqu\u00ed est\u00e1n los peri\u00f3dicos de temporada de la iglesia.<\/h4>\n<h3 style=\"text-align: left;\"><\/h3><\/div><\/div>\n<div class=\"row \"><div class=\"wpv-grid grid-1-2  wpv-first-level first unextended\" style=\"padding-top:0px;padding-bottom:0px\" id=\"wpv-column-3f707241a607e4a1f9547bc08dcd388d\" ><ul>\n<li>\n<h2><span style=\"color: #0000ff;\"><a style=\"color: #0000ff;\" href=\"https:\/\/jcmm16.org\/newspaper-spring-2021?preview_id=989703&amp;preview_nonce=a005cbb94c&amp;_thumbnail_id=-1&amp;preview=true\" target=\"_blank\" rel=\"noopener\">Noticias bis<\/a><\/span><\/h2>\n<\/li>\n<\/ul><\/div>\n<div class=\"wpv-grid grid-1-2  wpv-first-level unextended\" style=\"padding-top:0px;padding-bottom:0px\" id=\"wpv-column-abba2e5651d00bd22b913c9c059bd48a\" ><h3 style=\"text-align: left;\"><\/h3>\n<ul>\n<li style=\"text-align: center;\">\n<h3 style=\"text-align: left;\"><span style=\"color: #0000ff;\"><strong>Noticias de primavera de 2021: <a href=\"https:\/\/jcmm16.org\/wp-content\/uploads\/2021\/10\/SPRING-NEWS-in-ENGLISH-free.pdf\" class=\"pdfemb-viewer\" style=\"\" data-width=\"max\" data-height=\"max\" data-mobile-width=\"500\"  data-scrollbar=\"both\" data-download=\"off\" data-tracking=\"on\" data-newwindow=\"off\" data-pagetextbox=\"off\" data-scrolltotop=\"off\" data-startzoom=\"100\" data-startfpzoom=\"100\" data-toolbar=\"top\" data-toolbar-fixed=\"on\">NOTICIAS DE PRIMAVERA en INGL\u00c9S - gratis<br\/><\/a><\/strong><\/span><\/h3>\n<\/li>\n<\/ul><\/div><\/div>\n<div class=\"row \"><div class=\"wpv-grid grid-1-1  wpv-first-level first unextended\" style=\"padding-top:0px;padding-bottom:0px\" id=\"wpv-column-a4192abce5c2ea60951e2018fa706590\" ><\/div><\/div>\n\t\t<div class=\"sep-text single centered\">\n\t\t\t\t\t\t\t<span class=\"sep-text-before\"><div class=\"sep-text-line\"><\/div><\/span>\n\t\t\t\t\t\t<div class=\"content\">\n\t\t\t\t<h2 class=\"text-divider-double\">\n<\/h2>\t\t\t<\/div>\n\t\t\t<span class=\"sep-text-after\"><div class=\"sep-text-line\"><\/div><\/span>\n\t\t\t\t\t<\/div>\n\t\n<div class=\"push\" style='height:40px'><\/div>\n<div class=\"row \"><div class=\"wpv-grid grid-1-1 wpv-wysija-newsletter wpv-first-level first has-background extended\" style=\"\n\t\t\t\tbackground: url('https:\/\/church-event.vamtam.com\/wp-content\/uploads\/2013\/03\/bg_photo11.jpg')  ;\n\t\t\t\tbackground-size: cover;\n\t\t\t\tbackground-attachment: fixed;\n\t\t\tpadding-top:120px;padding-bottom:120px\" id=\"wpv-column-5289311aa77fcf1e1fcfa3f5eba8e3b1\" ><div class=\"extended-column-inner\"><div class=\"row \"><div class=\"wpv-grid grid-1-1  first unextended\" style=\"padding-top:0px;padding-bottom:0px\" id=\"wpv-column-41a9b26111cb01fc07c54b2492dadac6\" ><h1><span style=\"color: #ffffff;\">ESTAR AL D\u00cdA:<\/span><\/h1>\n<p style=\"text-align: center;\"><\/div><\/div><\/div><\/div><\/div>\n<div class=\"push\" style='height:30px'><\/div>\n<div class=\"row \"><div class=\"wpv-grid grid-1-1  wpv-first-level first unextended\" style=\"padding-top:0px;padding-bottom:0px\" id=\"wpv-column-2ec98585f63b9ce37dae1d3e3c16d0d2\" ><\/div><\/div>\n\t\t<div class=\"sep-text single centered\">\n\t\t\t\t\t\t\t<span class=\"sep-text-before\"><div class=\"sep-text-line\"><\/div><\/span>\n\t\t\t\t\t\t<div class=\"content\">\n\t\t\t\t<h2 class=\"text-divider-double\">\n<\/h2>\t\t\t<\/div>\n\t\t\t<span class=\"sep-text-after\"><div class=\"sep-text-line\"><\/div><\/span>\n\t\t\t\t\t<\/div>\n\t\n<div class=\"row \"><div class=\"wpv-grid grid-1-1  wpv-first-level first unextended\" style=\"padding-top:0px;padding-bottom:0px\" id=\"wpv-column-7895463fc6f107d8533f704661ad64a7\" ><\/div><\/div>\n","protected":false},"excerpt":{"rendered":"<p>: Aqu\u00ed est\u00e1n los peri\u00f3dicos de temporada de la iglesia. Noticias bis Noticias de primavera de 2021: ESTAR AL D\u00cdA:<\/p>\n","protected":false},"author":1,"featured_media":0,"parent":0,"menu_order":0,"comment_status":"closed","ping_status":"closed","template":"","meta":{"footnotes":""},"class_list":["post-989688","page","type-page","status-publish","hentry"],"_links":{"self":[{"href":"https:\/\/jcmm16.org\/es\/wp-json\/wp\/v2\/pages\/989688","targetHints":{"allow":["GET"]}}],"collection":[{"href":"https:\/\/jcmm16.org\/es\/wp-json\/wp\/v2\/pages"}],"about":[{"href":"https:\/\/jcmm16.org\/es\/wp-json\/wp\/v2\/types\/page"}],"author":[{"embeddable":true,"href":"https:\/\/jcmm16.org\/es\/wp-json\/wp\/v2\/users\/1"}],"replies":[{"embeddable":true,"href":"https:\/\/jcmm16.org\/es\/wp-json\/wp\/v2\/comments?post=989688"}],"version-history":[{"count":4,"href":"https:\/\/jcmm16.org\/es\/wp-json\/wp\/v2\/pages\/989688\/revisions"}],"predecessor-version":[{"id":989941,"href":"https:\/\/jcmm16.org\/es\/wp-json\/wp\/v2\/pages\/989688\/revisions\/989941"}],"wp:attachment":[{"href":"https:\/\/jcmm16.org\/es\/wp-json\/wp\/v2\/media?parent=989688"}],"curies":[{"name":"wp","href":"https:\/\/api.w.org\/{rel}","templated":true}]}}