{"id":989773,"date":"2021-06-17T16:00:52","date_gmt":"2021-06-17T16:00:52","guid":{"rendered":"https:\/\/jcmm16.org\/ministerio-de-hombres"},"modified":"2022-05-24T17:50:22","modified_gmt":"2022-05-24T17:50:22","slug":"ministerio-de-hombres","status":"publish","type":"page","link":"https:\/\/jcmm16.org\/es\/ministerio-de-hombres","title":{"rendered":"Ministerio de hombres"},"content":{"rendered":"<div class=\"row \"><div class=\"wpv-grid grid-1-1  wpv-first-level first unextended animation-fade-in animated-active\" style=\"padding-top:0px;padding-bottom:0px\" id=\"wpv-column-d163c72ab0dfd8cf7029f45b55d393c6\" ><div class=\"row \"><div class=\"wpv-grid grid-1-1  first unextended\" style=\"padding-top:0px;padding-bottom:0px\" id=\"wpv-column-af65d6f8a3b35c569cae3c466e3027d8\" >\n<div  data-href=\"#\" tabindex=\"1\" data-target=\"_self\" class=\"linkarea clearfix accent7  background-transparent\">\n\t\t\t<div class=\"first\"><img decoding=\"async\" width=\"2560\" height=\"1706\" src=\"https:\/\/jcmm16.org\/wp-content\/uploads\/2022\/05\/AdobeStock_119059939-scaled.jpeg\" class=\"attachment-full size-full\" alt=\"\" srcset=\"https:\/\/jcmm16.org\/wp-content\/uploads\/2022\/05\/AdobeStock_119059939-scaled.jpeg 2560w, https:\/\/jcmm16.org\/wp-content\/uploads\/2022\/05\/AdobeStock_119059939-300x200.jpeg 300w, https:\/\/jcmm16.org\/wp-content\/uploads\/2022\/05\/AdobeStock_119059939-1024x682.jpeg 1024w, https:\/\/jcmm16.org\/wp-content\/uploads\/2022\/05\/AdobeStock_119059939-1536x1024.jpeg 1536w, https:\/\/jcmm16.org\/wp-content\/uploads\/2022\/05\/AdobeStock_119059939-2048x1365.jpeg 2048w, https:\/\/jcmm16.org\/wp-content\/uploads\/2022\/05\/AdobeStock_119059939-1140x760.jpeg 1140w, https:\/\/jcmm16.org\/wp-content\/uploads\/2022\/05\/AdobeStock_119059939-555x370.jpeg 555w, https:\/\/jcmm16.org\/wp-content\/uploads\/2022\/05\/AdobeStock_119059939-360x240.jpeg 360w, https:\/\/jcmm16.org\/wp-content\/uploads\/2022\/05\/AdobeStock_119059939-262x175.jpeg 262w, https:\/\/jcmm16.org\/wp-content\/uploads\/2022\/05\/AdobeStock_119059939-1320x880.jpeg 1320w, https:\/\/jcmm16.org\/wp-content\/uploads\/2022\/05\/AdobeStock_119059939-600x400.jpeg 600w\" sizes=\"(max-width: 2560px) 100vw, 2560px\" \/><\/div>\n\t\t<\/div><\/div><\/div>\n<div class=\"row \"><div class=\"wpv-grid grid-1-1  first unextended\" style=\"padding-top:0px;padding-bottom:0px\" id=\"wpv-column-69cdebd3e1c5844c9b73a2850f529417\" ><div class=\"row \"><div class=\"wpv-grid grid-1-1  first unextended\" style=\"padding-top:0px;padding-bottom:0px\" id=\"wpv-column-876a4a4673f0a0de6a91b4069d37984d\" ><h2 style=\"text-align: center;\">Ministerio de hombres<\/h2>\n<blockquote>\n<h3 style=\"text-align: center;\">Bienaventurado el hombre que encuentra la sabidur\u00eda, y el hombre que adquiere entendimiento.<\/h3>\n<\/blockquote>\n<h3 style=\"text-align: center;\">Proverbios 3,13<\/h3>\n<p style=\"text-align: center;\"><img decoding=\"async\" class=\"aligncenter size-full wp-image-6905\" src=\"http:\/\/jcmm16.org\/wp-content\/themes\/church-event\/samples\/images\/ornament1.png\" alt=\"ornamento1\" width=\"50\" height=\"30\" \/><\/div><\/div><\/div><\/div><\/div><\/div>\n<div class=\"row \"><div class=\"wpv-grid grid-1-1  wpv-first-level first unextended\" style=\"padding-top:0px;padding-bottom:0px\" id=\"wpv-column-d46975d9cf2e6c290e2ecad1cac35984\" >\t\t<div class=\"sep-text single centered\">\n\t\t\t\t\t\t\t<span class=\"sep-text-before\"><div class=\"sep-text-line\"><\/div><\/span>\n\t\t\t\t\t\t<div class=\"content\">\n\t\t\t\t<h2 class=\"text-divider-double\">Exhortaciones Ministerio de los hombres<\/h2>\t\t\t<\/div>\n\t\t\t<span class=\"sep-text-after\"><div class=\"sep-text-line\"><\/div><\/span>\n\t\t\t\t\t<\/div>\n\t<div class=\"loop-wrapper clearfix regular normal not-paginated\" data-columns=\"1\"  >\n\t\t<div class=\"page-content post-header clearfix list-item post-991144 post type-post status-publish format-standard has-post-thumbnail hentry category-eventos-ministerio-de-hombres category-ministerio-de-hombres\" >\n\t\t\t<div>\n\t\t\t\t<div class=\"post-article has-image-wrapper \">\n\t<div class=\"standard-post-format clearfix as-image \">\n\t\t<div class=\"post-row\">\n\t<div class=\"post-row-left\">\n\t\n<div class=\"post-date\">\n\t\t\t<span class=\"top-part\">\n\t\t\t08\t\t<\/span>\n\t\t<span class=\"bottom-part\">\n\t\t\t05 '22\t\t<\/span>\n\t<\/div>\t<div class=\"post-left-actions\">\n\t\t\n<div class=\"post-actions\">\n\t\t\t\n\t\t\t\t\t<div class=\"love-count-outer\">\n\t\t\t\t<div class=\"love-it-wrapper\"><a href=\"#\" class=\"love-it\" data-post-id=\"991144\" data-user-id=\"0\"><span class=\"visuallyhidden\">Love it<\/span><\/a> <span class=\"love-count\">0<\/span><\/div>\t\t\t<\/div>\n\t\t\n\t\t\t<\/div>\t<\/div>\n<\/div>\n\t<div class=\"post-row-center\">\n\t\t\t\t\t<div class=\"post-media\">\n\t\t\t\t<div class='media-inner'>\n\t\t\t\t\t\n\t\t\t\t\t<img decoding=\"async\" width=\"480\" height=\"369\" src=\"https:\/\/jcmm16.org\/wp-content\/uploads\/2022\/04\/MOTHERS-DAY-480x369.jpg\" class=\"attachment-post-loop size-post-loop wp-post-image\" alt=\"\" srcset=\"https:\/\/jcmm16.org\/wp-content\/uploads\/2022\/04\/MOTHERS-DAY-480x369.jpg 480w, https:\/\/jcmm16.org\/wp-content\/uploads\/2022\/04\/MOTHERS-DAY-555x426.jpg 555w, https:\/\/jcmm16.org\/wp-content\/uploads\/2022\/04\/MOTHERS-DAY-360x276.jpg 360w, https:\/\/jcmm16.org\/wp-content\/uploads\/2022\/04\/MOTHERS-DAY-262x201.jpg 262w\" sizes=\"(min-width: 900px) 50vw, 100vw\" \/>\n\t\t\t\t\t\t\t\t\t<\/div>\n\t\t\t<\/div>\n\t\t\t\t<div class=\"post-content-outer\">\n\t\t\t\t\t<header class=\"single\">\n\t\t\t<div class=\"content\">\n\t\t\t\t\t\t\t\t<h3>\n\t\t\t\t\t<a href=\"https:\/\/jcmm16.org\/es\/los-padres-celebran-el-dia-de-la-madre\" title=\"Los padres celebran el d\u00eda de la madre\">Los padres celebran el d\u00eda de la madre<\/a>\n\t\t\t\t<\/h3>\n\t\t\t<\/div>\n\t\t<\/header>\n\t<div class=\"post-content the-content\">\n\t<div class=\"row \"><div class=\"wpv-grid grid-1-1  wpv-first-level first unextended\" style=\"padding-top:0px;padding-bottom:0px\" id=\"wpv-column-873380d69a3d9853fe58f4ae80aa8683\" ><p style=\"text-align: center;\">Los hombres de la JCMM16 una vez m\u00e1s se propusieron celebrar a las mujeres de esta asamblea durante el fin de semana del 7 de mayo de 2022.<\/p>\n<p>Arremang\u00e1ndose alegremente, sudaron mucho en las cocinas para ofrecer generosamente una comida al aire libre especial.<\/p>\n<p style=\"text-align: center;\">Y sobre todo, en todos los sentidos particularmente delicioso para deleitar el coraz\u00f3n de todas las mujeres de la JCMM16.<\/p>\n<p style=\"text-align: center;\">Adem\u00e1s, fue con talentos po\u00e9ticos y discursos memorables, que los hombres tambi\u00e9n tocaron los corazones; reconociendo la inmensa bendici\u00f3n de cada uno de ellos en la vida de la iglesia y personalmente.<\/p>\n<p style=\"text-align: center;\"><span style=\"color: #0000ff;\">Esperamos con ansias el pr\u00f3ximo a\u00f1o!<\/span><\/div><\/div>\n<\/div><div class=\"post-meta\">\n\t<nav class=\"clearfix\">\n\t\t\n\t\t\t\t\t\t\t\t<\/nav>\n<\/div>\t\t<\/div>\n\t<\/div>\n<\/div>\t<\/div>\n<\/div>\n\t\t\t<\/div>\n\t\t<\/div>\n<\/div>\n\n<\/div><\/div>\n","protected":false},"excerpt":{"rendered":"<p>Los hombres de la JCMM16 una vez m\u00e1s se propusieron celebrar a las mujeres de esta asamblea durante el fin de semana del 7 de mayo de 2022. Arremang\u00e1ndose alegremente, sudaron mucho en las cocinas para ofrecer generosamente una comida al aire libre especial. Y sobre todo, en todos los sentidos particularmente delicioso para deleitar&#8230;<\/p>\n","protected":false},"author":1,"featured_media":0,"parent":0,"menu_order":0,"comment_status":"closed","ping_status":"closed","template":"","meta":{"footnotes":""},"class_list":["post-989773","page","type-page","status-publish","hentry"],"_links":{"self":[{"href":"https:\/\/jcmm16.org\/es\/wp-json\/wp\/v2\/pages\/989773","targetHints":{"allow":["GET"]}}],"collection":[{"href":"https:\/\/jcmm16.org\/es\/wp-json\/wp\/v2\/pages"}],"about":[{"href":"https:\/\/jcmm16.org\/es\/wp-json\/wp\/v2\/types\/page"}],"author":[{"embeddable":true,"href":"https:\/\/jcmm16.org\/es\/wp-json\/wp\/v2\/users\/1"}],"replies":[{"embeddable":true,"href":"https:\/\/jcmm16.org\/es\/wp-json\/wp\/v2\/comments?post=989773"}],"version-history":[{"count":4,"href":"https:\/\/jcmm16.org\/es\/wp-json\/wp\/v2\/pages\/989773\/revisions"}],"predecessor-version":[{"id":992192,"href":"https:\/\/jcmm16.org\/es\/wp-json\/wp\/v2\/pages\/989773\/revisions\/992192"}],"wp:attachment":[{"href":"https:\/\/jcmm16.org\/es\/wp-json\/wp\/v2\/media?parent=989773"}],"curies":[{"name":"wp","href":"https:\/\/api.w.org\/{rel}","templated":true}]}}