{"id":989778,"date":"2021-06-15T22:20:45","date_gmt":"2021-06-15T22:20:45","guid":{"rendered":"https:\/\/jcmm16.org\/ministerio-de-ninos"},"modified":"2022-05-22T00:55:45","modified_gmt":"2022-05-22T00:55:45","slug":"ministerio-de-ninos","status":"publish","type":"page","link":"https:\/\/jcmm16.org\/es\/ministerio-de-ninos","title":{"rendered":"Ministerio de ni\u00f1os"},"content":{"rendered":"<div class=\"row \"><div class=\"wpv-grid grid-1-1  wpv-first-level first unextended animation-fade-in animated-active\" style=\"padding-top:0px;padding-bottom:0px\" id=\"wpv-column-e4e47139bdbf8945a6c8a4aee25c06af\" ><div class=\"row \"><div class=\"wpv-grid grid-1-1  first unextended\" style=\"padding-top:0px;padding-bottom:0px\" id=\"wpv-column-e1325aba020816548d7046c2bbfd80dc\" ><\/div><\/div>\n<div class=\"row \"><div class=\"wpv-grid grid-1-1  first unextended\" style=\"padding-top:0px;padding-bottom:0px\" id=\"wpv-column-b873486e97a0dfad8bf9223496cd3904\" >\n<div  data-href=\"#\" tabindex=\"1\" data-target=\"_self\" class=\"linkarea clearfix accent7  background-transparent\">\n\t\t\t<div class=\"first\"><img decoding=\"async\" width=\"1366\" height=\"890\" src=\"https:\/\/jcmm16.org\/wp-content\/uploads\/2021\/09\/ChildrensMinistry.jpg\" class=\"attachment-full size-full\" alt=\"\" srcset=\"https:\/\/jcmm16.org\/wp-content\/uploads\/2021\/09\/ChildrensMinistry.jpg 1366w, https:\/\/jcmm16.org\/wp-content\/uploads\/2021\/09\/ChildrensMinistry-300x195.jpg 300w, https:\/\/jcmm16.org\/wp-content\/uploads\/2021\/09\/ChildrensMinistry-1024x667.jpg 1024w, https:\/\/jcmm16.org\/wp-content\/uploads\/2021\/09\/ChildrensMinistry-1140x743.jpg 1140w, https:\/\/jcmm16.org\/wp-content\/uploads\/2021\/09\/ChildrensMinistry-555x362.jpg 555w, https:\/\/jcmm16.org\/wp-content\/uploads\/2021\/09\/ChildrensMinistry-360x235.jpg 360w, https:\/\/jcmm16.org\/wp-content\/uploads\/2021\/09\/ChildrensMinistry-262x171.jpg 262w, https:\/\/jcmm16.org\/wp-content\/uploads\/2021\/09\/ChildrensMinistry-1320x860.jpg 1320w, https:\/\/jcmm16.org\/wp-content\/uploads\/2021\/09\/ChildrensMinistry-600x391.jpg 600w\" sizes=\"(max-width: 1366px) 100vw, 1366px\" \/><\/div>\n\t\t\t\t<div class=\"last\"><h2 style=\"text-align: center;\">Ministerio de ni\u00f1os<\/h2>\n<blockquote>\n<h3 style=\"text-align: center;\">Instruye al ni\u00f1o en el camino que debe seguir, y cuando fuere viejo no se apartar\u00e1<\/h3>\n<h3 style=\"text-align: center;\">de eso.<\/h3>\n<\/blockquote>\n<h3 style=\"text-align: center;\">Proverbios 22,6<\/h3>\n<p style=\"text-align: center;\"><img decoding=\"async\" class=\"aligncenter size-full wp-image-6905\" src=\"http:\/\/jcmm16.org\/wp-content\/themes\/church-event\/samples\/images\/ornament1.png\" alt=\"ornamento1\" width=\"50\" height=\"30\" \/><\/p>\n<p><strong>Estado de la misi\u00f3n<\/strong><\/p>\n<p>El prop\u00f3sito principal del Ministerio de Ni\u00f1os de Marcos 16 de la Misi\u00f3n de la Iglesia de Jes\u00fas es proporcionar a los ni\u00f1os las herramientas que necesitan para tener fe en Jesucristo, un deseo de ser obedientes a \u00c9l y un amor por \u00c9l que permanecer\u00e1 durante toda su vida.<\/p>\n<p><strong>Metas<\/strong><\/p>\n<p>\u2022 Ayudar a equipar a los ni\u00f1os con el conocimiento y las herramientas para mantenerse firmes en un mundo agonizante. Hebreos 13:21, 2 Pedro 3:18<\/p>\n<p>\u2022 Instruir, animar y ayudar a guiarlos a adorar y alabar libremente a nuestro Se\u00f1or Jesucristo. 1 Cr\u00f3nica 16: 9<\/p>\n<p>\u2022 Ayudar a ense\u00f1ar a los ni\u00f1os c\u00f3mo aplicar la Palabra en su vida diaria. Proverbios 2: 1-5<\/p>\n<p>\u2022 Ense\u00f1ar que la oraci\u00f3n y la comuni\u00f3n con el Padre es lo primero a lo que acudir en todas las situaciones. Mateo 6:33<\/p>\n<p>\u2022 Para ayudar a volver sus corazones hacia la \u00daNICA persona que puede suplir todas sus necesidades. Filipenses 4:19<\/div>\n\t<\/div><\/div><\/div><\/div><\/div>\n","protected":false},"excerpt":{"rendered":"","protected":false},"author":1,"featured_media":0,"parent":0,"menu_order":0,"comment_status":"closed","ping_status":"closed","template":"","meta":{"footnotes":""},"class_list":["post-989778","page","type-page","status-publish","hentry"],"_links":{"self":[{"href":"https:\/\/jcmm16.org\/es\/wp-json\/wp\/v2\/pages\/989778","targetHints":{"allow":["GET"]}}],"collection":[{"href":"https:\/\/jcmm16.org\/es\/wp-json\/wp\/v2\/pages"}],"about":[{"href":"https:\/\/jcmm16.org\/es\/wp-json\/wp\/v2\/types\/page"}],"author":[{"embeddable":true,"href":"https:\/\/jcmm16.org\/es\/wp-json\/wp\/v2\/users\/1"}],"replies":[{"embeddable":true,"href":"https:\/\/jcmm16.org\/es\/wp-json\/wp\/v2\/comments?post=989778"}],"version-history":[{"count":2,"href":"https:\/\/jcmm16.org\/es\/wp-json\/wp\/v2\/pages\/989778\/revisions"}],"predecessor-version":[{"id":991227,"href":"https:\/\/jcmm16.org\/es\/wp-json\/wp\/v2\/pages\/989778\/revisions\/991227"}],"wp:attachment":[{"href":"https:\/\/jcmm16.org\/es\/wp-json\/wp\/v2\/media?parent=989778"}],"curies":[{"name":"wp","href":"https:\/\/api.w.org\/{rel}","templated":true}]}}