{"id":989783,"date":"2021-10-06T21:47:03","date_gmt":"2021-10-06T21:47:03","guid":{"rendered":"https:\/\/jcmm16.org\/ministerio-de-solteros"},"modified":"2022-05-22T00:58:15","modified_gmt":"2022-05-22T00:58:15","slug":"ministerio-de-solteros","status":"publish","type":"page","link":"https:\/\/jcmm16.org\/es\/ministerio-de-solteros","title":{"rendered":"Ministerio de solteros"},"content":{"rendered":"<div class=\"row \"><div class=\"wpv-grid grid-1-1  wpv-first-level first unextended animation-fade-in animated-active\" style=\"padding-top:0px;padding-bottom:0px\" id=\"wpv-column-674e2f077c93ddd701d45797482325de\" ><div class=\"row \"><div class=\"wpv-grid grid-1-1  first unextended\" style=\"padding-top:0px;padding-bottom:0px\" id=\"wpv-column-1eaa0701f7c37f82d335559f965d65d2\" ><\/div><\/div>\n<div class=\"row \"><div class=\"wpv-grid grid-1-1  first unextended\" style=\"padding-top:0px;padding-bottom:0px\" id=\"wpv-column-3a8210edcd670578b3a0149b93b5f641\" >\n<div  data-href=\"#\" tabindex=\"1\" data-target=\"_self\" class=\"linkarea clearfix accent7  background-transparent\">\n\t\t\t<div class=\"first\"><img decoding=\"async\" width=\"2560\" height=\"1707\" src=\"https:\/\/jcmm16.org\/wp-content\/uploads\/2022\/05\/AdobeStock_214268927-scaled.jpeg\" class=\"attachment-full size-full\" alt=\"\" srcset=\"https:\/\/jcmm16.org\/wp-content\/uploads\/2022\/05\/AdobeStock_214268927-scaled.jpeg 2560w, https:\/\/jcmm16.org\/wp-content\/uploads\/2022\/05\/AdobeStock_214268927-300x200.jpeg 300w, https:\/\/jcmm16.org\/wp-content\/uploads\/2022\/05\/AdobeStock_214268927-1024x683.jpeg 1024w, https:\/\/jcmm16.org\/wp-content\/uploads\/2022\/05\/AdobeStock_214268927-1536x1024.jpeg 1536w, https:\/\/jcmm16.org\/wp-content\/uploads\/2022\/05\/AdobeStock_214268927-2048x1365.jpeg 2048w, https:\/\/jcmm16.org\/wp-content\/uploads\/2022\/05\/AdobeStock_214268927-1140x760.jpeg 1140w, https:\/\/jcmm16.org\/wp-content\/uploads\/2022\/05\/AdobeStock_214268927-555x370.jpeg 555w, https:\/\/jcmm16.org\/wp-content\/uploads\/2022\/05\/AdobeStock_214268927-360x240.jpeg 360w, https:\/\/jcmm16.org\/wp-content\/uploads\/2022\/05\/AdobeStock_214268927-262x175.jpeg 262w, https:\/\/jcmm16.org\/wp-content\/uploads\/2022\/05\/AdobeStock_214268927-1320x880.jpeg 1320w, https:\/\/jcmm16.org\/wp-content\/uploads\/2022\/05\/AdobeStock_214268927-600x400.jpeg 600w\" sizes=\"(max-width: 2560px) 100vw, 2560px\" \/><\/div>\n\t\t\t\t<div class=\"last\"><h2 style=\"text-align: center;\"><span style=\"vertical-align: inherit;\">Ministerio de solteros<\/span><\/h2>\n<blockquote>\n<h3 style=\"text-align: center;\"><span style=\"vertical-align: inherit;\"> Pero quiero que est\u00e9s sin cuidado. El que no est\u00e1 casado se preocupa por las cosas del Se\u00f1or, c\u00f3mo puede agradar al Se\u00f1or.<\/span><\/h3>\n<\/blockquote>\n<h3 style=\"text-align: center;\"><span style=\"vertical-align: inherit;\">1 Corintios 7.32<\/span><\/h3>\n<p style=\"text-align: center;\"><img decoding=\"async\" class=\"aligncenter size-full wp-image-6905\" src=\"http:\/\/jcmm16.org\/wp-content\/themes\/church-event\/samples\/images\/ornament1.png\" alt=\"ornamento1\" width=\"50\" height=\"30\" \/><\/p>\n<p><strong><span style=\"vertical-align: inherit;\">Estado de la misi\u00f3n<\/span><\/strong><span style=\"vertical-align: inherit;\"> :<\/span><\/p>\n<p><span style=\"vertical-align: inherit;\">Es la visi\u00f3n y misi\u00f3n del ministerio ver a los solteros crecer espiritual, emocional y activamente teniendo \u00e9xito en cada \u00e1rea de la vida. Nuestro objetivo es ministrar a los adultos solteros que asisten a la iglesia y llegar a la comunidad de adultos solteros.<\/span><\/p>\n<p><strong><span style=\"vertical-align: inherit;\">Objetivos:<\/span><\/strong><br \/>\n<span style=\"vertical-align: inherit;\"> \u2022 Empoderar y equipar a los solteros para que se conviertan en seguidores totalmente devotos de Cristo. <\/span><br \/>\n<span style=\"vertical-align: inherit;\">\u2022 Crear un sentido de pertenencia \/ aceptaci\u00f3n <\/span><br \/>\n<span style=\"vertical-align: inherit;\">\u2022 Fomentar una mayor participaci\u00f3n dentro de su congregaci\u00f3n local de acuerdo con sus dones y talentos. <\/span><br \/>\n<span style=\"vertical-align: inherit;\">\u2022 Comun\u00edquese con adultos solteros desconectados dentro de la comunidad <\/span><br \/>\n<span style=\"vertical-align: inherit;\">\u2022 Descubra el prop\u00f3sito de Dios para su vida y persiga activa y apasionadamente su llamado <\/span><br \/>\n<span style=\"vertical-align: inherit;\">\u2022 No ser percibido como un club de citas.<\/span><\/p>\n<p><strong><span style=\"vertical-align: inherit;\">A qui\u00e9n dirigirse:<\/span><\/strong><\/p>\n<p><span style=\"vertical-align: inherit;\">En general, el ministerio cubrir\u00e1 a partir de los 18 a\u00f1os. Patrocinaremos diferentes eventos para diferentes grupos de edad, ya que la necesidad var\u00eda.<\/span><\/div>\n\t<\/div><\/div><\/div><\/div><\/div>\n<div class=\"row \"><div class=\"wpv-grid grid-1-1  wpv-first-level first unextended\" style=\"padding-top:0px;padding-bottom:0px\" id=\"wpv-column-4e19e628bb30992ab13dbc3576753a3e\" ><\/div><\/div>\n","protected":false},"excerpt":{"rendered":"","protected":false},"author":1,"featured_media":0,"parent":0,"menu_order":0,"comment_status":"closed","ping_status":"closed","template":"","meta":{"footnotes":""},"class_list":["post-989783","page","type-page","status-publish","hentry"],"_links":{"self":[{"href":"https:\/\/jcmm16.org\/es\/wp-json\/wp\/v2\/pages\/989783","targetHints":{"allow":["GET"]}}],"collection":[{"href":"https:\/\/jcmm16.org\/es\/wp-json\/wp\/v2\/pages"}],"about":[{"href":"https:\/\/jcmm16.org\/es\/wp-json\/wp\/v2\/types\/page"}],"author":[{"embeddable":true,"href":"https:\/\/jcmm16.org\/es\/wp-json\/wp\/v2\/users\/1"}],"replies":[{"embeddable":true,"href":"https:\/\/jcmm16.org\/es\/wp-json\/wp\/v2\/comments?post=989783"}],"version-history":[{"count":6,"href":"https:\/\/jcmm16.org\/es\/wp-json\/wp\/v2\/pages\/989783\/revisions"}],"predecessor-version":[{"id":992079,"href":"https:\/\/jcmm16.org\/es\/wp-json\/wp\/v2\/pages\/989783\/revisions\/992079"}],"wp:attachment":[{"href":"https:\/\/jcmm16.org\/es\/wp-json\/wp\/v2\/media?parent=989783"}],"curies":[{"name":"wp","href":"https:\/\/api.w.org\/{rel}","templated":true}]}}