{"id":989786,"date":"2014-02-07T21:09:13","date_gmt":"2014-02-07T21:09:13","guid":{"rendered":"https:\/\/jcmm16.org\/sermones"},"modified":"2022-05-24T13:03:26","modified_gmt":"2022-05-24T13:03:26","slug":"sermones","status":"publish","type":"page","link":"https:\/\/jcmm16.org\/es\/sermones","title":{"rendered":"Sermones"},"content":{"rendered":"<div class=\"push\" style='margin-bottom:-60px'><\/div>\n<div class=\"row \"><div class=\"wpv-grid grid-1-1  wpv-first-level first has-video-bg has-background extended\" style=\"\n\t\t\t\tbackground: url('http:\/\/jcmm16.org\/wp-content\/themes\/church-event\/samples\/images\/video_bg1.jpg') no-repeat ;\n\t\t\t\tbackground-size: cover;\n\t\t\t\tbackground-attachment: fixed;\n\t\t\tpadding-top:200px;padding-bottom:0px\" id=\"wpv-column-dd5cce4759f9df4367cccca4ab0c0533\" ><div class=\"extended-column-inner\"><div class=\"wpv-video-bg\">\n\t\t\t\t<video autoplay muted loop preload=\"metadata\" width=\"100%\" class=\"wpv-background-video\" style=\"width:100%\">\n\t\t\t\t\t<source type=\"video\/mp4\" src=\"https:\/\/church-event.vamtam.com\/wp-content\/uploads\/2014\/02\/120_1.mp4\"><\/source>\n\t\t\t\t<\/video>\n\t\t\t<\/div><div class=\"wpv-video-bg-content\"><div class=\"row \"><div class=\"wpv-grid grid-1-1  first unextended\" style=\"padding-top:0px;padding-bottom:0px\" id=\"wpv-column-3c9f21891beed01c3385372987264a32\" ><h1 style=\"text-align: center;\"><span style=\"color: #ffffff;\">Sermones<\/span><\/h1>\n<p style=\"text-align: center;\"><div class=\"push\" style='height:140px'><\/div><\/div><\/div>\n<div class=\"row \"><div class=\"wpv-grid grid-1-1  first has-background unextended\" style=\"background-color:#ffffff;padding-top:15px;padding-bottom:20px\" id=\"wpv-column-e71bb9c7299a6dcaaf69e8f8d4b61382\" ><style>#wpv-column-e71bb9c7299a6dcaaf69e8f8d4b61382 p,#wpv-column-e71bb9c7299a6dcaaf69e8f8d4b61382 em,#wpv-column-e71bb9c7299a6dcaaf69e8f8d4b61382 .column-title,#wpv-column-e71bb9c7299a6dcaaf69e8f8d4b61382 .sep-text h2.regular-title-wrapper,#wpv-column-e71bb9c7299a6dcaaf69e8f8d4b61382 .text-divider-double,#wpv-column-e71bb9c7299a6dcaaf69e8f8d4b61382 .sep-text .sep-text-line,#wpv-column-e71bb9c7299a6dcaaf69e8f8d4b61382 .sep,#wpv-column-e71bb9c7299a6dcaaf69e8f8d4b61382 .sep-2,#wpv-column-e71bb9c7299a6dcaaf69e8f8d4b61382 .sep-3{color:#808080;}#wpv-column-e71bb9c7299a6dcaaf69e8f8d4b61382:before{background-color:transparent;}<\/style><div class=\"row \"><div class=\"wpv-grid grid-1-1  first unextended\" style=\"padding-top:0px;padding-bottom:0px\" id=\"wpv-column-d7e5784706a5da3ff5ed290c3daa4de5\" ><p><\/div><\/div><\/div><\/div><\/div><\/div><\/div><\/div>\n<div class=\"push\" style='margin-bottom:-45px'><\/div>\n<div class=\"row \"><div class=\"wpv-grid grid-1-1  wpv-first-level first unextended\" style=\"padding-top:0px;padding-bottom:0px\" id=\"wpv-column-df67037dcd28a253d5d96def2cb61697\" >\t\t<div class=\"sep-text single centered\">\n\t\t\t\t\t\t\t<span class=\"sep-text-before\"><div class=\"sep-text-line\"><\/div><\/span>\n\t\t\t\t\t\t<div class=\"content\">\n\t\t\t\t<h2 class=\"text-divider-double\">predicaciones pasadas<\/h2>\t\t\t<\/div>\n\t\t\t<span class=\"sep-text-after\"><div class=\"sep-text-line\"><\/div><\/span>\n\t\t\t\t\t<\/div>\n\t<p>\t<div class=\"wpv-sermons-loop\">\n\t\t\t\t\t<div class=\"wpv-sermon-wrapper\">\n\t\t\t<div class=\"left-part\">\n\t\t\t<img decoding=\"async\" width=\"106\" height=\"106\" src=\"https:\/\/jcmm16.org\/wp-content\/uploads\/2025\/06\/Screenshot-2025-06-21-122838-106x106.png\" class=\"attachment-wpv-sermons-thumbnail size-wpv-sermons-thumbnail wp-post-image\" alt=\"\" srcset=\"https:\/\/jcmm16.org\/wp-content\/uploads\/2025\/06\/Screenshot-2025-06-21-122838-106x106.png 106w, https:\/\/jcmm16.org\/wp-content\/uploads\/2025\/06\/Screenshot-2025-06-21-122838-150x150.png 150w, https:\/\/jcmm16.org\/wp-content\/uploads\/2025\/06\/Screenshot-2025-06-21-122838-400x400.png 400w, https:\/\/jcmm16.org\/wp-content\/uploads\/2025\/06\/Screenshot-2025-06-21-122838-60x60.png 60w, https:\/\/jcmm16.org\/wp-content\/uploads\/2025\/06\/Screenshot-2025-06-21-122838-43x43.png 43w\" sizes=\"(max-width: 106px) 100vw, 106px\" \/>\t\t<\/div>\n\t\t<div class=\"center-part\">\n\t\t<h2 class=\"title\"><a href=\"https:\/\/jcmm16.org\/es\/sermon\/997066\" title=\"\"><\/a><\/h2>\n\t\t<div>\n\t\t\t<span class=\"latest-message\">Message from<\/span> <span class=\"author\"><a href=\"https:\/\/jcmm16.org\/es\/author\/churchadmin?post_type=wpv_sermon\" title=\"Posts by churchadmin\" rel=\"author\">churchadmin<\/a><\/span>.\n\t\t\t20 de junio de 2025.\n\t\t\t\t\t\tCategory: <a href=\"https:\/\/jcmm16.org\/es?wpv_sermons_category=identity-in-the-kingdom-of-god-es\">Identity in the Kingdom of God<\/a> \t\t<\/div>\n\t<\/div>\n\t<div class=\"right-part\" data-items=\"0\">\n\t\t<div class=\"hidden\">\n\t<\/div>\t<\/div>\n<\/div>\t\t\t\t\t<div class=\"wpv-sermon-wrapper\">\n\t\t\t<div class=\"left-part\">\n\t\t\t<img decoding=\"async\" width=\"106\" height=\"106\" src=\"https:\/\/jcmm16.org\/wp-content\/uploads\/2022\/05\/AdobeStock_75691223-106x106.jpeg\" class=\"attachment-wpv-sermons-thumbnail size-wpv-sermons-thumbnail wp-post-image\" alt=\"\" srcset=\"https:\/\/jcmm16.org\/wp-content\/uploads\/2022\/05\/AdobeStock_75691223-106x106.jpeg 106w, https:\/\/jcmm16.org\/wp-content\/uploads\/2022\/05\/AdobeStock_75691223-150x150.jpeg 150w, https:\/\/jcmm16.org\/wp-content\/uploads\/2022\/05\/AdobeStock_75691223-60x60.jpeg 60w, https:\/\/jcmm16.org\/wp-content\/uploads\/2022\/05\/AdobeStock_75691223-43x43.jpeg 43w, https:\/\/jcmm16.org\/wp-content\/uploads\/2022\/05\/AdobeStock_75691223-300x300.jpeg 300w, https:\/\/jcmm16.org\/wp-content\/uploads\/2022\/05\/AdobeStock_75691223-100x100.jpeg 100w\" sizes=\"(max-width: 106px) 100vw, 106px\" \/>\t\t<\/div>\n\t\t<div class=\"center-part\">\n\t\t<h2 class=\"title\"><a href=\"https:\/\/jcmm16.org\/es\/sermon\/pascua-el-comienzo-de-la-victoria\" title=\"Pascua el comienzo de la Victoria\u2192\">Pascua el comienzo de la Victoria\u2192<\/a><\/h2>\n\t\t<div>\n\t\t\t<span class=\"latest-message\">Message from<\/span> <span class=\"author\"><a href=\"https:\/\/jcmm16.org\/es\/author\/churchadmin?post_type=wpv_sermon\" title=\"Posts by churchadmin\" rel=\"author\">churchadmin<\/a><\/span>.\n\t\t\t30 de abril de 2022.\n\t\t\t\t\t\tCategory: <a href=\"https:\/\/jcmm16.org\/es?wpv_sermons_category=passover-es\">Passover<\/a> Tags: <a href=\"https:\/\/jcmm16.org\/es?wpv_sermons_tag=salvation-es\">Salvation<\/a>, \n\t<a href=\"https:\/\/jcmm16.org\/es?wpv_sermons_tag=victory-es\">Victory<\/a>\t\t<\/div>\n\t<\/div>\n\t<div class=\"right-part\" data-items=\"0\">\n\t\t<div class=\"hidden\">\n\t<\/div>\t<\/div>\n<\/div>\t\t\t\t\t<div class=\"wpv-sermon-wrapper\">\n\t\t\t<div class=\"left-part\">\n\t\t\t<img decoding=\"async\" width=\"106\" height=\"106\" src=\"https:\/\/jcmm16.org\/wp-content\/uploads\/2022\/04\/AdobeStock_63092585-106x106.jpeg\" class=\"attachment-wpv-sermons-thumbnail size-wpv-sermons-thumbnail wp-post-image\" alt=\"\" srcset=\"https:\/\/jcmm16.org\/wp-content\/uploads\/2022\/04\/AdobeStock_63092585-106x106.jpeg 106w, https:\/\/jcmm16.org\/wp-content\/uploads\/2022\/04\/AdobeStock_63092585-150x150.jpeg 150w, https:\/\/jcmm16.org\/wp-content\/uploads\/2022\/04\/AdobeStock_63092585-60x60.jpeg 60w, https:\/\/jcmm16.org\/wp-content\/uploads\/2022\/04\/AdobeStock_63092585-43x43.jpeg 43w, https:\/\/jcmm16.org\/wp-content\/uploads\/2022\/04\/AdobeStock_63092585-300x300.jpeg 300w, https:\/\/jcmm16.org\/wp-content\/uploads\/2022\/04\/AdobeStock_63092585-100x100.jpeg 100w\" sizes=\"(max-width: 106px) 100vw, 106px\" \/>\t\t<\/div>\n\t\t<div class=\"center-part\">\n\t\t<h2 class=\"title\"><a href=\"https:\/\/jcmm16.org\/es\/sermon\/el-poder-de-la-sangre-de-jesus\" title=\"El poder de la sangre de Jes\u00fas\u2192\">El poder de la sangre de Jes\u00fas\u2192<\/a><\/h2>\n\t\t<div>\n\t\t\t<span class=\"latest-message\">Message from<\/span> <span class=\"author\"><a href=\"https:\/\/jcmm16.org\/es\/author\/churchadmin?post_type=wpv_sermon\" title=\"Posts by churchadmin\" rel=\"author\">churchadmin<\/a><\/span>.\n\t\t\t20 de marzo de 2022.\n\t\t\t\t\t\tCategory: <a href=\"https:\/\/jcmm16.org\/es?wpv_sermons_category=blood-of-the-lamb-es\">Blood of the Lamb<\/a> \t\t<\/div>\n\t<\/div>\n\t<div class=\"right-part\" data-items=\"2\">\n\t\t\t\t<a href=\"#sermon-672014365c09e25661762723f32ffc24\"  class=\"vamtam-lightbox\"><span class='icon shortcode theme ' style=''>&#57460;<\/span><\/a>\n\t\t<a href=\"#\"  target=\"_blank\"><span class='icon shortcode theme ' style=''>&#57540;<\/span><\/a>\n<div class=\"hidden\">\n\t\t\t<div id=\"sermon-672014365c09e25661762723f32ffc24\" class=\"wpv-sermon-inline-media\">\n\t\t\t<audio class=\"wp-audio-shortcode\" id=\"audio-990521-2\" preload=\"none\" style=\"width: 100%;\" controls=\"controls\"><source type=\"audio\/mpeg\" src=\"https:\/\/jcmm16.org\/wp-content\/uploads\/2021\/10\/WEBSITE-LA-FILLE-D-ABRAHAM.mp3?_=2\" \/><a href=\"https:\/\/jcmm16.org\/wp-content\/uploads\/2021\/10\/WEBSITE-LA-FILLE-D-ABRAHAM.mp3\">https:\/\/jcmm16.org\/wp-content\/uploads\/2021\/10\/WEBSITE-LA-FILLE-D-ABRAHAM.mp3<\/a><\/audio>\t\t<\/div>\n\t<\/div>\t<\/div>\n<\/div>\t\t\t\t\t<div class=\"wpv-sermon-wrapper\">\n\t\t\t<div class=\"left-part\">\n\t\t\t<img decoding=\"async\" width=\"106\" height=\"106\" src=\"https:\/\/jcmm16.org\/wp-content\/uploads\/2021\/10\/PERE-DES-NATIONS-106x106.png\" class=\"attachment-wpv-sermons-thumbnail size-wpv-sermons-thumbnail wp-post-image\" alt=\"\" srcset=\"https:\/\/jcmm16.org\/wp-content\/uploads\/2021\/10\/PERE-DES-NATIONS-106x106.png 106w, https:\/\/jcmm16.org\/wp-content\/uploads\/2021\/10\/PERE-DES-NATIONS-150x150.png 150w, https:\/\/jcmm16.org\/wp-content\/uploads\/2021\/10\/PERE-DES-NATIONS-60x60.png 60w, https:\/\/jcmm16.org\/wp-content\/uploads\/2021\/10\/PERE-DES-NATIONS-43x43.png 43w, https:\/\/jcmm16.org\/wp-content\/uploads\/2021\/10\/PERE-DES-NATIONS-300x300.png 300w, https:\/\/jcmm16.org\/wp-content\/uploads\/2021\/10\/PERE-DES-NATIONS-100x100.png 100w\" sizes=\"(max-width: 106px) 100vw, 106px\" \/>\t\t<\/div>\n\t\t<div class=\"center-part\">\n\t\t<h2 class=\"title\"><a href=\"https:\/\/jcmm16.org\/es\/sermon\/hijo-hija-de-abraham\" title=\"Hijo\/hija de Abraham\u2192\">Hijo\/hija de Abraham\u2192<\/a><\/h2>\n\t\t<div>\n\t\t\t<span class=\"latest-message\">Message from<\/span> <span class=\"author\"><a href=\"https:\/\/jcmm16.org\/es\/author\/apostle-billey-kob?post_type=wpv_sermon\" title=\"Posts by Apostle Kob Billey\" rel=\"author\">Apostle Kob Billey<\/a><\/span>.\n\t\t\t19 de octubre de 2021.\n\t\t\t\t\t\tCategory: <a href=\"https:\/\/jcmm16.org\/es?wpv_sermons_category=identity-in-the-kingdom-of-god-es\">Identity in the Kingdom of God<\/a> \t\t<\/div>\n\t<\/div>\n\t<div class=\"right-part\" data-items=\"2\">\n\t\t\t\t<a href=\"#sermon-6465606ea39e49dd4911777283579392\"  class=\"vamtam-lightbox\"><span class='icon shortcode theme ' style=''>&#57460;<\/span><\/a>\n\t\t<a href=\"#\"  target=\"_blank\"><span class='icon shortcode theme ' style=''>&#57540;<\/span><\/a>\n<div class=\"hidden\">\n\t\t\t<div id=\"sermon-6465606ea39e49dd4911777283579392\" class=\"wpv-sermon-inline-media\">\n\t\t\t<audio class=\"wp-audio-shortcode\" id=\"audio-989884-4\" preload=\"none\" style=\"width: 100%;\" controls=\"controls\"><source type=\"audio\/mpeg\" src=\"https:\/\/jcmm16.org\/wp-content\/uploads\/2021\/10\/WEBSITE-LA-FILLE-D-ABRAHAM.mp3?_=4\" \/><a href=\"https:\/\/jcmm16.org\/wp-content\/uploads\/2021\/10\/WEBSITE-LA-FILLE-D-ABRAHAM.mp3\">https:\/\/jcmm16.org\/wp-content\/uploads\/2021\/10\/WEBSITE-LA-FILLE-D-ABRAHAM.mp3<\/a><\/audio>\t\t<\/div>\n\t<\/div>\t<\/div>\n<\/div>\t\t\t\t\t<div class=\"wpv-sermon-wrapper\">\n\t\t\t<div class=\"left-part\">\n\t\t\t<img decoding=\"async\" width=\"106\" height=\"106\" src=\"https:\/\/jcmm16.org\/wp-content\/uploads\/2021\/10\/pasteur-2-106x106.png\" class=\"attachment-wpv-sermons-thumbnail size-wpv-sermons-thumbnail wp-post-image\" alt=\"\" srcset=\"https:\/\/jcmm16.org\/wp-content\/uploads\/2021\/10\/pasteur-2-106x106.png 106w, https:\/\/jcmm16.org\/wp-content\/uploads\/2021\/10\/pasteur-2-150x150.png 150w, https:\/\/jcmm16.org\/wp-content\/uploads\/2021\/10\/pasteur-2-60x60.png 60w, https:\/\/jcmm16.org\/wp-content\/uploads\/2021\/10\/pasteur-2-43x43.png 43w, https:\/\/jcmm16.org\/wp-content\/uploads\/2021\/10\/pasteur-2-100x100.png 100w, https:\/\/jcmm16.org\/wp-content\/uploads\/2021\/10\/pasteur-2.png 215w\" sizes=\"(max-width: 106px) 100vw, 106px\" \/>\t\t<\/div>\n\t\t<div class=\"center-part\">\n\t\t<h2 class=\"title\"><a href=\"https:\/\/jcmm16.org\/es\/sermon\/despierta-para-estar-en-la-mesa-del-senor\" title=\"Despierta para estar en la mesa del se\u00f1or\">Despierta para estar en la mesa del se\u00f1or<\/a><\/h2>\n\t\t<div>\n\t\t\t<span class=\"latest-message\">Message from<\/span> <span class=\"author\"><a href=\"https:\/\/jcmm16.org\/es\/author\/apostle-billey-kob?post_type=wpv_sermon\" title=\"Posts by Apostle Kob Billey\" rel=\"author\">Apostle Kob Billey<\/a><\/span>.\n\t\t\t18 de octubre de 2021.\n\t\t\t\t\t\tCategory: <a href=\"https:\/\/jcmm16.org\/es?wpv_sermons_category=rapture-es\">Rapture<\/a> \t\t<\/div>\n\t<\/div>\n\t<div class=\"right-part\" data-items=\"2\">\n\t\t\t\t<a href=\"https:\/\/www.youtube.com\/watch?v=MEeoi5Ziflk\"  class=\"vamtam-lightbox\" data-iframe=\"true\"><span class='icon shortcode  ' style=''>&#58165;<\/span><\/a>\n\t\t<a href=\"#\"  target=\"_blank\"><span class='icon shortcode theme ' style=''>&#57540;<\/span><\/a>\n<div class=\"hidden\">\n\t<\/div>\t<\/div>\n<\/div>\t\t\t<\/div>\n\t\t<\/div><\/div>\n","protected":false},"excerpt":{"rendered":"<p>\u201cMateo 22. 12. Entonces \u00e9l le dijo: &#8216;Amigo, \u00bfc\u00f3mo entraste aqu\u00ed sin un traje de boda?&#8217; Y se qued\u00f3 sin habla. 13. Entonces el rey dijo a los sirvientes: Atadlo de pies y manos, llevadlo y echadle a las tinieblas de afuera; habr\u00e1 llanto y crujir de dientes. 14. \u00abPorque muchos son los llamados, pero&#8230;<\/p>\n","protected":false},"author":1,"featured_media":0,"parent":0,"menu_order":0,"comment_status":"closed","ping_status":"closed","template":"","meta":{"footnotes":""},"class_list":["post-989786","page","type-page","status-publish","hentry"],"_links":{"self":[{"href":"https:\/\/jcmm16.org\/es\/wp-json\/wp\/v2\/pages\/989786","targetHints":{"allow":["GET"]}}],"collection":[{"href":"https:\/\/jcmm16.org\/es\/wp-json\/wp\/v2\/pages"}],"about":[{"href":"https:\/\/jcmm16.org\/es\/wp-json\/wp\/v2\/types\/page"}],"author":[{"embeddable":true,"href":"https:\/\/jcmm16.org\/es\/wp-json\/wp\/v2\/users\/1"}],"replies":[{"embeddable":true,"href":"https:\/\/jcmm16.org\/es\/wp-json\/wp\/v2\/comments?post=989786"}],"version-history":[{"count":8,"href":"https:\/\/jcmm16.org\/es\/wp-json\/wp\/v2\/pages\/989786\/revisions"}],"predecessor-version":[{"id":992162,"href":"https:\/\/jcmm16.org\/es\/wp-json\/wp\/v2\/pages\/989786\/revisions\/992162"}],"wp:attachment":[{"href":"https:\/\/jcmm16.org\/es\/wp-json\/wp\/v2\/media?parent=989786"}],"curies":[{"name":"wp","href":"https:\/\/api.w.org\/{rel}","templated":true}]}}