{"id":989788,"date":"2013-03-22T18:53:51","date_gmt":"2013-03-22T18:53:51","guid":{"rendered":"https:\/\/jcmm16.org\/testimonios"},"modified":"2022-06-21T21:10:43","modified_gmt":"2022-06-21T21:10:43","slug":"testimonios","status":"publish","type":"page","link":"https:\/\/jcmm16.org\/es\/testimonios","title":{"rendered":"Testimonios"},"content":{"rendered":"<div class=\"row \"><div class=\"wpv-grid grid-1-1  wpv-first-level first unextended\" style=\"padding-top:0px;padding-bottom:0px\" id=\"wpv-column-3163ca9a6743e73535c8e741952506d0\" ><div class=\"loop-wrapper clearfix regular normal paginated\" data-columns=\"1\"  >\n\t\t<div class=\"page-content post-header clearfix list-item post-992849 post type-post status-publish format-standard has-post-thumbnail hentry category-testimonio\" >\n\t\t\t<div>\n\t\t\t\t<div class=\"post-article has-image-wrapper \">\n\t<div class=\"standard-post-format clearfix as-image \">\n\t\t<div class=\"post-row\">\n\t<div class=\"post-row-left\">\n\t\n<div class=\"post-date\">\n\t\t\t<span class=\"top-part\">\n\t\t\t23\t\t<\/span>\n\t\t<span class=\"bottom-part\">\n\t\t\t09 '22\t\t<\/span>\n\t<\/div>\t<div class=\"post-left-actions\">\n\t\t\n<div class=\"post-actions\">\n\t\t\t\n\t\t\t\t\t<div class=\"love-count-outer\">\n\t\t\t\t<div class=\"love-it-wrapper\"><a href=\"#\" class=\"love-it\" data-post-id=\"992849\" data-user-id=\"0\"><span class=\"visuallyhidden\">Love it<\/span><\/a> <span class=\"love-count\">60<\/span><\/div>\t\t\t<\/div>\n\t\t\n\t\t\t<\/div>\t<\/div>\n<\/div>\n\t<div class=\"post-row-center\">\n\t\t\t\t\t<div class=\"post-media\">\n\t\t\t\t<div class='media-inner'>\n\t\t\t\t\t\n\t\t\t\t\t<img decoding=\"async\" width=\"480\" height=\"369\" src=\"https:\/\/jcmm16.org\/wp-content\/uploads\/2022\/09\/cross-gac52d8874_1920-480x369.jpg\" class=\"attachment-post-loop size-post-loop wp-post-image\" alt=\"\" srcset=\"https:\/\/jcmm16.org\/wp-content\/uploads\/2022\/09\/cross-gac52d8874_1920-480x369.jpg 480w, https:\/\/jcmm16.org\/wp-content\/uploads\/2022\/09\/cross-gac52d8874_1920-1140x876.jpg 1140w, https:\/\/jcmm16.org\/wp-content\/uploads\/2022\/09\/cross-gac52d8874_1920-555x426.jpg 555w, https:\/\/jcmm16.org\/wp-content\/uploads\/2022\/09\/cross-gac52d8874_1920-360x276.jpg 360w, https:\/\/jcmm16.org\/wp-content\/uploads\/2022\/09\/cross-gac52d8874_1920-262x201.jpg 262w\" sizes=\"(min-width: 900px) 50vw, 100vw\" \/>\n\t\t\t\t\t\t\t\t\t<\/div>\n\t\t\t<\/div>\n\t\t\t\t<div class=\"post-content-outer\">\n\t\t\t\t\t<header class=\"single\">\n\t\t\t<div class=\"content\">\n\t\t\t\t\t\t\t\t<h3>\n\t\t\t\t\t<a href=\"https:\/\/jcmm16.org\/es\/hace-cosas-extraordinarias\" title=\"Hace cosas extraordinarias\">Hace cosas extraordinarias<\/a>\n\t\t\t\t<\/h3>\n\t\t\t<\/div>\n\t\t<\/header>\n\t<div class=\"post-content the-content\">\n\t<p>El SE\u00d1OR est\u00e1 siempre ante mis ojos; cuando est\u00e1 a mi derecha, no ser\u00e9 conmovido. Salmo 16:8 Doy gracias a Dios por todo, ha hecho cosas extraordinarias en mi vida. A principios de este a\u00f1o 2022, solicit\u00e9 un trabajo en el gobierno. A continuaci\u00f3n, hubo que comprobar los antecedentes antes de que la organizaci\u00f3n pudiera&#8230;<\/p>\n<\/div><div class=\"post-meta\">\n\t<nav class=\"clearfix\">\n\t\t\n\t\t\t\t\t\t\t\t<\/nav>\n<\/div>\t\t<\/div>\n\t<\/div>\n<\/div>\t<\/div>\n<\/div>\n\t\t\t<\/div>\n\t\t<\/div>\n\t\t<div class=\"page-content post-header clearfix list-item post-992303 post type-post status-publish format-standard has-post-thumbnail hentry category-golgotha-2022-es category-testimonio\" >\n\t\t\t<div>\n\t\t\t\t<div class=\"post-article has-image-wrapper \">\n\t<div class=\"standard-post-format clearfix as-image \">\n\t\t<div class=\"post-row\">\n\t<div class=\"post-row-left\">\n\t\n<div class=\"post-date\">\n\t\t\t<span class=\"top-part\">\n\t\t\t19\t\t<\/span>\n\t\t<span class=\"bottom-part\">\n\t\t\t06 '22\t\t<\/span>\n\t<\/div>\t<div class=\"post-left-actions\">\n\t\t\n<div class=\"post-actions\">\n\t\t\t\n\t\t\t\t\t<div class=\"love-count-outer\">\n\t\t\t\t<div class=\"love-it-wrapper\"><a href=\"#\" class=\"love-it\" data-post-id=\"992303\" data-user-id=\"0\"><span class=\"visuallyhidden\">Love it<\/span><\/a> <span class=\"love-count\">47<\/span><\/div>\t\t\t<\/div>\n\t\t\n\t\t\t<\/div>\t<\/div>\n<\/div>\n\t<div class=\"post-row-center\">\n\t\t\t\t\t<div class=\"post-media\">\n\t\t\t\t<div class='media-inner'>\n\t\t\t\t\t\n\t\t\t\t\t<img decoding=\"async\" width=\"480\" height=\"369\" src=\"https:\/\/jcmm16.org\/wp-content\/uploads\/2022\/06\/AdobeStock_492906774-480x369.jpeg\" class=\"attachment-post-loop size-post-loop wp-post-image\" alt=\"\" srcset=\"https:\/\/jcmm16.org\/wp-content\/uploads\/2022\/06\/AdobeStock_492906774-480x369.jpeg 480w, https:\/\/jcmm16.org\/wp-content\/uploads\/2022\/06\/AdobeStock_492906774-1140x876.jpeg 1140w, https:\/\/jcmm16.org\/wp-content\/uploads\/2022\/06\/AdobeStock_492906774-555x426.jpeg 555w, https:\/\/jcmm16.org\/wp-content\/uploads\/2022\/06\/AdobeStock_492906774-360x276.jpeg 360w, https:\/\/jcmm16.org\/wp-content\/uploads\/2022\/06\/AdobeStock_492906774-262x201.jpeg 262w\" sizes=\"(min-width: 900px) 50vw, 100vw\" \/>\n\t\t\t\t\t\t\t\t\t<\/div>\n\t\t\t<\/div>\n\t\t\t\t<div class=\"post-content-outer\">\n\t\t\t\t\t<header class=\"single\">\n\t\t\t<div class=\"content\">\n\t\t\t\t\t\t\t\t<h3>\n\t\t\t\t\t<a href=\"https:\/\/jcmm16.org\/es\/un-giro-milagroso\" title=\"Un giro milagroso\">Un giro milagroso<\/a>\n\t\t\t\t<\/h3>\n\t\t\t<\/div>\n\t\t<\/header>\n\t<div class=\"post-content the-content\">\n\t<p>Salmo 77.14 T\u00fa eres el Dios que hace maravillas; Has mostrado tu poder entre los pueblos. Testimonio: Tuve durante casi 8 meses un malentendido con uno de mis profesores, lo que me pudo haber impedido convalidar mi a\u00f1o en el per\u00edodo deseado. Mi puntaje general de evaluaci\u00f3n hab\u00eda comenzado a caer bastante bajo. Realmente no&#8230;<\/p>\n<\/div><div class=\"post-meta\">\n\t<nav class=\"clearfix\">\n\t\t\n\t\t\t\t\t\t\t\t<\/nav>\n<\/div>\t\t<\/div>\n\t<\/div>\n<\/div>\t<\/div>\n<\/div>\n\t\t\t<\/div>\n\t\t<\/div>\n\t\t<div class=\"page-content post-header clearfix list-item post-992331 post type-post status-publish format-standard has-post-thumbnail hentry category-oracion-en-linea category-testimonio\" >\n\t\t\t<div>\n\t\t\t\t<div class=\"post-article has-image-wrapper \">\n\t<div class=\"standard-post-format clearfix as-image \">\n\t\t<div class=\"post-row\">\n\t<div class=\"post-row-left\">\n\t\n<div class=\"post-date\">\n\t\t\t<span class=\"top-part\">\n\t\t\t15\t\t<\/span>\n\t\t<span class=\"bottom-part\">\n\t\t\t06 '22\t\t<\/span>\n\t<\/div>\t<div class=\"post-left-actions\">\n\t\t\n<div class=\"post-actions\">\n\t\t\t\n\t\t\t\t\t<div class=\"love-count-outer\">\n\t\t\t\t<div class=\"love-it-wrapper\"><a href=\"#\" class=\"love-it\" data-post-id=\"992331\" data-user-id=\"0\"><span class=\"visuallyhidden\">Love it<\/span><\/a> <span class=\"love-count\">57<\/span><\/div>\t\t\t<\/div>\n\t\t\n\t\t\t<\/div>\t<\/div>\n<\/div>\n\t<div class=\"post-row-center\">\n\t\t\t\t\t<div class=\"post-media\">\n\t\t\t\t<div class='media-inner'>\n\t\t\t\t\t\n\t\t\t\t\t<img decoding=\"async\" width=\"480\" height=\"369\" src=\"https:\/\/jcmm16.org\/wp-content\/uploads\/2022\/06\/PR-LINE-1-480x369.jpg\" class=\"attachment-post-loop size-post-loop wp-post-image\" alt=\"\" srcset=\"https:\/\/jcmm16.org\/wp-content\/uploads\/2022\/06\/PR-LINE-1-480x369.jpg 480w, https:\/\/jcmm16.org\/wp-content\/uploads\/2022\/06\/PR-LINE-1-555x426.jpg 555w, https:\/\/jcmm16.org\/wp-content\/uploads\/2022\/06\/PR-LINE-1-360x276.jpg 360w, https:\/\/jcmm16.org\/wp-content\/uploads\/2022\/06\/PR-LINE-1-262x201.jpg 262w\" sizes=\"(min-width: 900px) 50vw, 100vw\" \/>\n\t\t\t\t\t\t\t\t\t<\/div>\n\t\t\t<\/div>\n\t\t\t\t<div class=\"post-content-outer\">\n\t\t\t\t\t<header class=\"single\">\n\t\t\t<div class=\"content\">\n\t\t\t\t\t\t\t\t<h3>\n\t\t\t\t\t<a href=\"https:\/\/jcmm16.org\/es\/el-poder-de-la-oracion-colectiva\" title=\"El poder de la oraci\u00f3n colectiva\">El poder de la oraci\u00f3n colectiva<\/a>\n\t\t\t\t<\/h3>\n\t\t\t<\/div>\n\t\t<\/header>\n\t<div class=\"post-content the-content\">\n\t<p>Mateo 18:20 Porque donde est\u00e1n dos o tres reunidos en mi nombre, yo estoy en medio de ellos. Testimonio: Quiero dar gracias al Se\u00f1or porque hace unos d\u00edas, el Se\u00f1or me volvi\u00f3 a hacer bien. No me sent\u00eda bien cuando me despert\u00e9 porque no hab\u00eda dormido en toda la noche, fue muy dif\u00edcil. Y dada&#8230;<\/p>\n<\/div><div class=\"post-meta\">\n\t<nav class=\"clearfix\">\n\t\t\n\t\t\t\t\t\t\t\t<\/nav>\n<\/div>\t\t<\/div>\n\t<\/div>\n<\/div>\t<\/div>\n<\/div>\n\t\t\t<\/div>\n\t\t<\/div>\n\t\t<div class=\"page-content post-header clearfix list-item post-992499 post type-post status-publish format-standard has-post-thumbnail hentry category-testimonio\" >\n\t\t\t<div>\n\t\t\t\t<div class=\"post-article has-image-wrapper \">\n\t<div class=\"standard-post-format clearfix as-image \">\n\t\t<div class=\"post-row\">\n\t<div class=\"post-row-left\">\n\t\n<div class=\"post-date\">\n\t\t\t<span class=\"top-part\">\n\t\t\t27\t\t<\/span>\n\t\t<span class=\"bottom-part\">\n\t\t\t05 '22\t\t<\/span>\n\t<\/div>\t<div class=\"post-left-actions\">\n\t\t\n<div class=\"post-actions\">\n\t\t\t\n\t\t\t\t\t<div class=\"love-count-outer\">\n\t\t\t\t<div class=\"love-it-wrapper\"><a href=\"#\" class=\"love-it\" data-post-id=\"992499\" data-user-id=\"0\"><span class=\"visuallyhidden\">Love it<\/span><\/a> <span class=\"love-count\">1<\/span><\/div>\t\t\t<\/div>\n\t\t\n\t\t\t<\/div>\t<\/div>\n<\/div>\n\t<div class=\"post-row-center\">\n\t\t\t\t\t<div class=\"post-media\">\n\t\t\t\t<div class='media-inner'>\n\t\t\t\t\t\n\t\t\t\t\t<img decoding=\"async\" width=\"480\" height=\"369\" src=\"https:\/\/jcmm16.org\/wp-content\/uploads\/2022\/05\/Capture-decran-2022-06-27-225541-480x369.jpg\" class=\"attachment-post-loop size-post-loop wp-post-image\" alt=\"\" srcset=\"https:\/\/jcmm16.org\/wp-content\/uploads\/2022\/05\/Capture-decran-2022-06-27-225541-480x369.jpg 480w, https:\/\/jcmm16.org\/wp-content\/uploads\/2022\/05\/Capture-decran-2022-06-27-225541-360x276.jpg 360w, https:\/\/jcmm16.org\/wp-content\/uploads\/2022\/05\/Capture-decran-2022-06-27-225541-262x201.jpg 262w\" sizes=\"(min-width: 900px) 50vw, 100vw\" \/>\n\t\t\t\t\t\t\t\t\t<\/div>\n\t\t\t<\/div>\n\t\t\t\t<div class=\"post-content-outer\">\n\t\t\t\t\t<header class=\"single\">\n\t\t\t<div class=\"content\">\n\t\t\t\t\t\t\t\t<h3>\n\t\t\t\t\t<a href=\"https:\/\/jcmm16.org\/es\/ahora-estoy-leyendo-mi-biblia\" title=\"Ahora estoy leyendo mi Biblia.\">Ahora estoy leyendo mi Biblia.<\/a>\n\t\t\t\t<\/h3>\n\t\t\t<\/div>\n\t\t<\/header>\n\t<div class=\"post-content the-content\">\n\t<p>Mateo 4:4 Jes\u00fas respondi\u00f3: \u00abEst\u00e1 escrito que no s\u00f3lo de pan vive el hombre, sino de toda palabra que sale de la boca de Dios. Testimonio: Nac\u00ed en una familia cristiana, pero apenas le\u00ed la Biblia. Es realmente dif\u00edcil ser un buen cristiano sin leer la palabra del Se\u00f1or. Era mi deseo ardiente de hacerlo,&#8230;<\/p>\n<\/div><div class=\"post-meta\">\n\t<nav class=\"clearfix\">\n\t\t\n\t\t\t\t\t\t\t\t<\/nav>\n<\/div>\t\t<\/div>\n\t<\/div>\n<\/div>\t<\/div>\n<\/div>\n\t\t\t<\/div>\n\t\t<\/div>\n\t\t<div class=\"page-content post-header clearfix list-item post-992442 post type-post status-publish format-standard has-post-thumbnail hentry category-testimonio\" >\n\t\t\t<div>\n\t\t\t\t<div class=\"post-article has-image-wrapper \">\n\t<div class=\"standard-post-format clearfix as-image \">\n\t\t<div class=\"post-row\">\n\t<div class=\"post-row-left\">\n\t\n<div class=\"post-date\">\n\t\t\t<span class=\"top-part\">\n\t\t\t26\t\t<\/span>\n\t\t<span class=\"bottom-part\">\n\t\t\t05 '22\t\t<\/span>\n\t<\/div>\t<div class=\"post-left-actions\">\n\t\t\n<div class=\"post-actions\">\n\t\t\t\n\t\t\t\t\t<div class=\"love-count-outer\">\n\t\t\t\t<div class=\"love-it-wrapper\"><a href=\"#\" class=\"love-it\" data-post-id=\"992442\" data-user-id=\"0\"><span class=\"visuallyhidden\">Love it<\/span><\/a> <span class=\"love-count\">1<\/span><\/div>\t\t\t<\/div>\n\t\t\n\t\t\t<\/div>\t<\/div>\n<\/div>\n\t<div class=\"post-row-center\">\n\t\t\t\t\t<div class=\"post-media\">\n\t\t\t\t<div class='media-inner'>\n\t\t\t\t\t\n\t\t\t\t\t<img decoding=\"async\" width=\"480\" height=\"369\" src=\"https:\/\/jcmm16.org\/wp-content\/uploads\/2022\/05\/AdobeStock_348232468-480x369.jpeg\" class=\"attachment-post-loop size-post-loop wp-post-image\" alt=\"\" srcset=\"https:\/\/jcmm16.org\/wp-content\/uploads\/2022\/05\/AdobeStock_348232468-480x369.jpeg 480w, https:\/\/jcmm16.org\/wp-content\/uploads\/2022\/05\/AdobeStock_348232468-1140x876.jpeg 1140w, https:\/\/jcmm16.org\/wp-content\/uploads\/2022\/05\/AdobeStock_348232468-555x426.jpeg 555w, https:\/\/jcmm16.org\/wp-content\/uploads\/2022\/05\/AdobeStock_348232468-360x276.jpeg 360w, https:\/\/jcmm16.org\/wp-content\/uploads\/2022\/05\/AdobeStock_348232468-262x201.jpeg 262w\" sizes=\"(min-width: 900px) 50vw, 100vw\" \/>\n\t\t\t\t\t\t\t\t\t<\/div>\n\t\t\t<\/div>\n\t\t\t\t<div class=\"post-content-outer\">\n\t\t\t\t\t<header class=\"single\">\n\t\t\t<div class=\"content\">\n\t\t\t\t\t\t\t\t<h3>\n\t\t\t\t\t<a href=\"https:\/\/jcmm16.org\/es\/gracias-senor-jesus-por-su-visa\" title=\"Gracias Se\u00f1or Jes\u00fas por su visa\">Gracias Se\u00f1or Jes\u00fas por su visa<\/a>\n\t\t\t\t<\/h3>\n\t\t\t<\/div>\n\t\t<\/header>\n\t<div class=\"post-content the-content\">\n\t<p>Salmo 69.30 Celebrar\u00e9 el nombre de Dios con himnos, lo exaltar\u00e9 con alabanzas. Testimonio: Alabo al Se\u00f1or en este d\u00eda por sus maravillas y bondad hacia mi familia y hacia m\u00ed. Mi hermano llevaba varios a\u00f1os esperando una cita para su visa de inmigraci\u00f3n para los Estados Unidos. Finalmente pudo tener una cita, todos est\u00e1bamos&#8230;<\/p>\n<\/div><div class=\"post-meta\">\n\t<nav class=\"clearfix\">\n\t\t\n\t\t\t\t\t\t\t\t<\/nav>\n<\/div>\t\t<\/div>\n\t<\/div>\n<\/div>\t<\/div>\n<\/div>\n\t\t\t<\/div>\n\t\t<\/div>\n\t\t<div class=\"page-content post-header clearfix list-item post-992417 post type-post status-publish format-standard has-post-thumbnail hentry category-oracion-en-linea category-testimonio\" >\n\t\t\t<div>\n\t\t\t\t<div class=\"post-article has-image-wrapper \">\n\t<div class=\"standard-post-format clearfix as-image \">\n\t\t<div class=\"post-row\">\n\t<div class=\"post-row-left\">\n\t\n<div class=\"post-date\">\n\t\t\t<span class=\"top-part\">\n\t\t\t26\t\t<\/span>\n\t\t<span class=\"bottom-part\">\n\t\t\t05 '22\t\t<\/span>\n\t<\/div>\t<div class=\"post-left-actions\">\n\t\t\n<div class=\"post-actions\">\n\t\t\t\n\t\t\t\t\t<div class=\"love-count-outer\">\n\t\t\t\t<div class=\"love-it-wrapper\"><a href=\"#\" class=\"love-it\" data-post-id=\"992417\" data-user-id=\"0\"><span class=\"visuallyhidden\">Love it<\/span><\/a> <span class=\"love-count\">1<\/span><\/div>\t\t\t<\/div>\n\t\t\n\t\t\t<\/div>\t<\/div>\n<\/div>\n\t<div class=\"post-row-center\">\n\t\t\t\t\t<div class=\"post-media\">\n\t\t\t\t<div class='media-inner'>\n\t\t\t\t\t\n\t\t\t\t\t<img decoding=\"async\" width=\"300\" height=\"300\" src=\"https:\/\/jcmm16.org\/wp-content\/uploads\/2022\/05\/ESPOIR-EN-CHRIST-150x150@2x.jpg\" class=\"attachment-post-loop size-post-loop wp-post-image\" alt=\"\" srcset=\"https:\/\/jcmm16.org\/wp-content\/uploads\/2022\/05\/ESPOIR-EN-CHRIST-150x150@2x.jpg 300w, https:\/\/jcmm16.org\/wp-content\/uploads\/2022\/05\/ESPOIR-EN-CHRIST-150x150@2x-150x150.jpg 150w, https:\/\/jcmm16.org\/wp-content\/uploads\/2022\/05\/ESPOIR-EN-CHRIST-150x150@2x-60x60.jpg 60w, https:\/\/jcmm16.org\/wp-content\/uploads\/2022\/05\/ESPOIR-EN-CHRIST-150x150@2x-43x43.jpg 43w, https:\/\/jcmm16.org\/wp-content\/uploads\/2022\/05\/ESPOIR-EN-CHRIST-150x150@2x-106x106.jpg 106w, https:\/\/jcmm16.org\/wp-content\/uploads\/2022\/05\/ESPOIR-EN-CHRIST-150x150@2x-262x262.jpg 262w, https:\/\/jcmm16.org\/wp-content\/uploads\/2022\/05\/ESPOIR-EN-CHRIST-150x150@2x-100x100.jpg 100w\" sizes=\"(min-width: 900px) 50vw, 100vw\" \/>\n\t\t\t\t\t\t\t\t\t<\/div>\n\t\t\t<\/div>\n\t\t\t\t<div class=\"post-content-outer\">\n\t\t\t\t\t<header class=\"single\">\n\t\t\t<div class=\"content\">\n\t\t\t\t\t\t\t\t<h3>\n\t\t\t\t\t<a href=\"https:\/\/jcmm16.org\/es\/jesus-restauro-mi-voz\" title=\"Jes\u00fas restaur\u00f3 mi voz\">Jes\u00fas restaur\u00f3 mi voz<\/a>\n\t\t\t\t<\/h3>\n\t\t\t<\/div>\n\t\t<\/header>\n\t<div class=\"post-content the-content\">\n\t<p>He aqu\u00ed, les dar\u00e9 curaci\u00f3n y salud, los sanar\u00e9, y les abrir\u00e9 una fuente abundante de paz y fidelidad. Jerem\u00edas 33.6 Testimonio: Hace aproximadamente 1 a\u00f1o estaba muy enferma y tan mal que hab\u00eda perdido el uso de mi voz. Ya no pod\u00eda expresarme correctamente, sacar sonidos de mi boca. Varias personas me han aconsejado&#8230;<\/p>\n<\/div><div class=\"post-meta\">\n\t<nav class=\"clearfix\">\n\t\t\n\t\t\t\t\t\t\t\t<\/nav>\n<\/div>\t\t<\/div>\n\t<\/div>\n<\/div>\t<\/div>\n<\/div>\n\t\t\t<\/div>\n\t\t<\/div>\n\t\t<div class=\"page-content post-header clearfix list-item post-992431 post type-post status-publish format-standard has-post-thumbnail hentry category-testimonio\" >\n\t\t\t<div>\n\t\t\t\t<div class=\"post-article has-image-wrapper \">\n\t<div class=\"standard-post-format clearfix as-image \">\n\t\t<div class=\"post-row\">\n\t<div class=\"post-row-left\">\n\t\n<div class=\"post-date\">\n\t\t\t<span class=\"top-part\">\n\t\t\t25\t\t<\/span>\n\t\t<span class=\"bottom-part\">\n\t\t\t05 '22\t\t<\/span>\n\t<\/div>\t<div class=\"post-left-actions\">\n\t\t\n<div class=\"post-actions\">\n\t\t\t\n\t\t\t\t\t<div class=\"love-count-outer\">\n\t\t\t\t<div class=\"love-it-wrapper\"><a href=\"#\" class=\"love-it\" data-post-id=\"992431\" data-user-id=\"0\"><span class=\"visuallyhidden\">Love it<\/span><\/a> <span class=\"love-count\">1<\/span><\/div>\t\t\t<\/div>\n\t\t\n\t\t\t<\/div>\t<\/div>\n<\/div>\n\t<div class=\"post-row-center\">\n\t\t\t\t\t<div class=\"post-media\">\n\t\t\t\t<div class='media-inner'>\n\t\t\t\t\t\n\t\t\t\t\t<img decoding=\"async\" width=\"310\" height=\"219\" src=\"https:\/\/jcmm16.org\/wp-content\/uploads\/2022\/06\/Capture-decran-2022-06-26-142927.jpg\" class=\"attachment-post-loop size-post-loop wp-post-image\" alt=\"\" srcset=\"https:\/\/jcmm16.org\/wp-content\/uploads\/2022\/06\/Capture-decran-2022-06-26-142927.jpg 310w, https:\/\/jcmm16.org\/wp-content\/uploads\/2022\/06\/Capture-decran-2022-06-26-142927-300x212.jpg 300w, https:\/\/jcmm16.org\/wp-content\/uploads\/2022\/06\/Capture-decran-2022-06-26-142927-262x185.jpg 262w\" sizes=\"(min-width: 900px) 50vw, 100vw\" \/>\n\t\t\t\t\t\t\t\t\t<\/div>\n\t\t\t<\/div>\n\t\t\t\t<div class=\"post-content-outer\">\n\t\t\t\t\t<header class=\"single\">\n\t\t\t<div class=\"content\">\n\t\t\t\t\t\t\t\t<h3>\n\t\t\t\t\t<a href=\"https:\/\/jcmm16.org\/es\/jesus-es-mi-fuerza\" title=\"Jes\u00fas es mi fuerza\">Jes\u00fas es mi fuerza<\/a>\n\t\t\t\t<\/h3>\n\t\t\t<\/div>\n\t\t<\/header>\n\t<div class=\"post-content the-content\">\n\t<p>Salmo 34.5 Cuando lo miramos, estamos radiantes de alegr\u00eda, y el rostro no est\u00e1 cubierto de verg\u00fcenza. Testimonio: Quisiera dar gracias a nuestro Se\u00f1or Jes\u00fas a trav\u00e9s de este testimonio. Mientras buscaba conducir a la iglesia el domingo; Me di cuenta de que hab\u00eda un problema con mi veh\u00edculo. Estaba un poco asustado, ya que&#8230;<\/p>\n<\/div><div class=\"post-meta\">\n\t<nav class=\"clearfix\">\n\t\t\n\t\t\t\t\t\t\t\t<\/nav>\n<\/div>\t\t<\/div>\n\t<\/div>\n<\/div>\t<\/div>\n<\/div>\n\t\t\t<\/div>\n\t\t<\/div>\n\t\t<div class=\"page-content post-header clearfix list-item post-992371 post type-post status-publish format-standard has-post-thumbnail hentry category-testimonio\" >\n\t\t\t<div>\n\t\t\t\t<div class=\"post-article has-image-wrapper \">\n\t<div class=\"standard-post-format clearfix as-image \">\n\t\t<div class=\"post-row\">\n\t<div class=\"post-row-left\">\n\t\n<div class=\"post-date\">\n\t\t\t<span class=\"top-part\">\n\t\t\t21\t\t<\/span>\n\t\t<span class=\"bottom-part\">\n\t\t\t05 '22\t\t<\/span>\n\t<\/div>\t<div class=\"post-left-actions\">\n\t\t\n<div class=\"post-actions\">\n\t\t\t\n\t\t\t\t\t<div class=\"love-count-outer\">\n\t\t\t\t<div class=\"love-it-wrapper\"><a href=\"#\" class=\"love-it\" data-post-id=\"992371\" data-user-id=\"0\"><span class=\"visuallyhidden\">Love it<\/span><\/a> <span class=\"love-count\">1<\/span><\/div>\t\t\t<\/div>\n\t\t\n\t\t\t<\/div>\t<\/div>\n<\/div>\n\t<div class=\"post-row-center\">\n\t\t\t\t\t<div class=\"post-media\">\n\t\t\t\t<div class='media-inner'>\n\t\t\t\t\t\n\t\t\t\t\t<img decoding=\"async\" width=\"480\" height=\"369\" src=\"https:\/\/jcmm16.org\/wp-content\/uploads\/2022\/06\/AdobeStock_80689529-480x369.jpeg\" class=\"attachment-post-loop size-post-loop wp-post-image\" alt=\"\" srcset=\"https:\/\/jcmm16.org\/wp-content\/uploads\/2022\/06\/AdobeStock_80689529-480x369.jpeg 480w, https:\/\/jcmm16.org\/wp-content\/uploads\/2022\/06\/AdobeStock_80689529-1140x876.jpeg 1140w, https:\/\/jcmm16.org\/wp-content\/uploads\/2022\/06\/AdobeStock_80689529-555x426.jpeg 555w, https:\/\/jcmm16.org\/wp-content\/uploads\/2022\/06\/AdobeStock_80689529-360x276.jpeg 360w, https:\/\/jcmm16.org\/wp-content\/uploads\/2022\/06\/AdobeStock_80689529-262x201.jpeg 262w\" sizes=\"(min-width: 900px) 50vw, 100vw\" \/>\n\t\t\t\t\t\t\t\t\t<\/div>\n\t\t\t<\/div>\n\t\t\t\t<div class=\"post-content-outer\">\n\t\t\t\t\t<header class=\"single\">\n\t\t\t<div class=\"content\">\n\t\t\t\t\t\t\t\t<h3>\n\t\t\t\t\t<a href=\"https:\/\/jcmm16.org\/es\/he-sido-renovado-por-el-senor\" title=\"He sido renovado por el Se\u00f1or\">He sido renovado por el Se\u00f1or<\/a>\n\t\t\t\t<\/h3>\n\t\t\t<\/div>\n\t\t<\/header>\n\t<div class=\"post-content the-content\">\n\t<p>Hechos 10.46 Porque los o\u00edan hablar en lenguas y glorificar a Dios. Testimonio: A lo largo de este per\u00edodo en que el Se\u00f1or nos fue ense\u00f1ando a trav\u00e9s de nuestro pastor, sobre la persona del Esp\u00edritu Santo y los dones espirituales; Llegu\u00e9 a preguntarme sobre la autenticidad de mi donaci\u00f3n recibida antes de este per\u00edodo&#8230;.<\/p>\n<\/div><div class=\"post-meta\">\n\t<nav class=\"clearfix\">\n\t\t\n\t\t\t\t\t\t\t\t<\/nav>\n<\/div>\t\t<\/div>\n\t<\/div>\n<\/div>\t<\/div>\n<\/div>\n\t\t\t<\/div>\n\t\t<\/div>\n<\/div>\n\n<div class=\"wp-pagenavi\"><span class=\"pages\">Page 1 of 3<\/span><span aria-current=\"page\" class=\"page-numbers current\">1<\/span>\n<a class=\"page-numbers\" href=\"https:\/\/jcmm16.org\/es\/wp-json\/wp\/v2\/pages\/989788\/page\/2\">2<\/a>\n<a class=\"page-numbers\" href=\"https:\/\/jcmm16.org\/es\/wp-json\/wp\/v2\/pages\/989788\/page\/3\">3<\/a>\n<a class=\"next page-numbers\" href=\"https:\/\/jcmm16.org\/es\/wp-json\/wp\/v2\/pages\/989788\/page\/2\">Next<\/a><\/div><\/div><\/div>\n","protected":false},"excerpt":{"rendered":"<p>Hechos 10.46 Porque los o\u00edan hablar en lenguas y glorificar a Dios. Testimonio: A lo largo de este per\u00edodo en que el Se\u00f1or nos fue ense\u00f1ando a trav\u00e9s de nuestro pastor, sobre la persona del Esp\u00edritu Santo y los dones espirituales; Llegu\u00e9 a preguntarme sobre la autenticidad de mi donaci\u00f3n recibida antes de este per\u00edodo&#8230;.<\/p>\n","protected":false},"author":1,"featured_media":0,"parent":0,"menu_order":2,"comment_status":"closed","ping_status":"closed","template":"","meta":{"footnotes":""},"class_list":["post-989788","page","type-page","status-publish","hentry"],"_links":{"self":[{"href":"https:\/\/jcmm16.org\/es\/wp-json\/wp\/v2\/pages\/989788","targetHints":{"allow":["GET"]}}],"collection":[{"href":"https:\/\/jcmm16.org\/es\/wp-json\/wp\/v2\/pages"}],"about":[{"href":"https:\/\/jcmm16.org\/es\/wp-json\/wp\/v2\/types\/page"}],"author":[{"embeddable":true,"href":"https:\/\/jcmm16.org\/es\/wp-json\/wp\/v2\/users\/1"}],"replies":[{"embeddable":true,"href":"https:\/\/jcmm16.org\/es\/wp-json\/wp\/v2\/comments?post=989788"}],"version-history":[{"count":5,"href":"https:\/\/jcmm16.org\/es\/wp-json\/wp\/v2\/pages\/989788\/revisions"}],"predecessor-version":[{"id":992380,"href":"https:\/\/jcmm16.org\/es\/wp-json\/wp\/v2\/pages\/989788\/revisions\/992380"}],"wp:attachment":[{"href":"https:\/\/jcmm16.org\/es\/wp-json\/wp\/v2\/media?parent=989788"}],"curies":[{"name":"wp","href":"https:\/\/api.w.org\/{rel}","templated":true}]}}