{"id":989792,"date":"2021-06-17T19:36:12","date_gmt":"2021-06-17T19:36:12","guid":{"rendered":"https:\/\/jcmm16.org\/articulos"},"modified":"2023-08-26T09:04:01","modified_gmt":"2023-08-26T09:04:01","slug":"cita-del-miercoles","status":"publish","type":"page","link":"https:\/\/jcmm16.org\/es\/cita-del-miercoles","title":{"rendered":"Pan de Vida"},"content":{"rendered":"<div class=\"row \"><div class=\"wpv-grid grid-1-1  wpv-first-level first unextended\" style=\"padding-top:0px;padding-bottom:0px\" id=\"wpv-column-75f2c7e3aa77d4c15f5b8baeecfbab97\" ><h4><img decoding=\"async\" class=\"wp-image-990259 alignleft\" src=\"https:\/\/jcmm16.org\/wp-content\/uploads\/2021\/11\/SHUTTERSTOCK_660679174-300x200.jpg\" alt=\"\" width=\"175\" height=\"116\" srcset=\"https:\/\/jcmm16.org\/wp-content\/uploads\/2021\/11\/SHUTTERSTOCK_660679174-300x200.jpg 300w, https:\/\/jcmm16.org\/wp-content\/uploads\/2021\/11\/SHUTTERSTOCK_660679174-1024x683.jpg 1024w, https:\/\/jcmm16.org\/wp-content\/uploads\/2021\/11\/SHUTTERSTOCK_660679174-1536x1024.jpg 1536w, https:\/\/jcmm16.org\/wp-content\/uploads\/2021\/11\/SHUTTERSTOCK_660679174-2048x1365.jpg 2048w, https:\/\/jcmm16.org\/wp-content\/uploads\/2021\/11\/SHUTTERSTOCK_660679174-1140x760.jpg 1140w, https:\/\/jcmm16.org\/wp-content\/uploads\/2021\/11\/SHUTTERSTOCK_660679174-555x370.jpg 555w, https:\/\/jcmm16.org\/wp-content\/uploads\/2021\/11\/SHUTTERSTOCK_660679174-360x240.jpg 360w, https:\/\/jcmm16.org\/wp-content\/uploads\/2021\/11\/SHUTTERSTOCK_660679174-262x175.jpg 262w, https:\/\/jcmm16.org\/wp-content\/uploads\/2021\/11\/SHUTTERSTOCK_660679174-1320x880.jpg 1320w, https:\/\/jcmm16.org\/wp-content\/uploads\/2021\/11\/SHUTTERSTOCK_660679174-600x400.jpg 600w\" sizes=\"(max-width: 175px) 100vw, 175px\" \/><\/h4>\n<h2 style=\"text-align: center;\"><strong>Bienvenidos a la reuni\u00f3n <\/strong><\/h2>\n<h2 style=\"text-align: center;\"><strong>de Pan de Vida<\/strong><\/h2>\n<h2><\/h2>\n<h2><\/h2><\/div><\/div>\n<div class=\"row \"><div class=\"wpv-grid grid-1-1  wpv-first-level first unextended\" style=\"padding-top:0px;padding-bottom:0px\" id=\"wpv-column-28d2470e4841af24c4cacc273f976bd9\" ><div class=\"loop-wrapper clearfix regular normal not-paginated\" data-columns=\"1\"  >\n\t\t<div class=\"page-content post-header clearfix list-item post-990757 post type-post status-publish format-image hentry category-cita-del-miercoles post_format-post-format-image\" >\n\t\t\t<div>\n\t\t\t\t<div class=\"post-article no-image-wrapper \">\n\t<div class=\"image-post-format clearfix as-normal as-standard-post-format\">\n\t\t<div class=\"post-row\">\n\t<div class=\"post-row-left\">\n\t\n<div class=\"post-date\">\n\t\t\t<span class=\"top-part\">\n\t\t\t01\t\t<\/span>\n\t\t<span class=\"bottom-part\">\n\t\t\t05 '22\t\t<\/span>\n\t<\/div>\t<div class=\"post-left-actions\">\n\t\t\n<div class=\"post-actions\">\n\t\t\t\n\t\t\t\t\t<div class=\"love-count-outer\">\n\t\t\t\t<div class=\"love-it-wrapper\"><a href=\"#\" class=\"love-it\" data-post-id=\"990757\" data-user-id=\"0\"><span class=\"visuallyhidden\">Love it<\/span><\/a> <span class=\"love-count\">0<\/span><\/div>\t\t\t<\/div>\n\t\t\n\t\t\t<\/div>\t<\/div>\n<\/div>\n\t<div class=\"post-row-center\">\n\t\t\t\t<div class=\"post-content-outer\">\n\t\t\t\t\t<header class=\"single\">\n\t\t\t<div class=\"content\">\n\t\t\t\t\t\t\t\t<h3>\n\t\t\t\t\t<a href=\"https:\/\/jcmm16.org\/es\/perdonado-por-la-sangre-de-jesus\" title=\"Perdonado por la sangre de Jes\u00fas\">Perdonado por la sangre de Jes\u00fas<\/a>\n\t\t\t\t<\/h3>\n\t\t\t<\/div>\n\t\t<\/header>\n\t<div class=\"post-content the-content\">\n\t<p>Hebreos 9:22 Y casi todo, seg\u00fan la ley, se purifica con sangre, y sin derramamiento de sangre no hay perd\u00f3n. Seg\u00fan la ley de Dios, para que el pecado sea perdonado y borrado, es absolutamente necesario derramar sangre por esa persona. Desde la antig\u00fcedad hasta nuestros d\u00edas, esta ley permanece. Cuando Ad\u00e1n pec\u00f3, el Se\u00f1or&#8230;<\/p>\n<\/div><div class=\"post-meta\">\n\t<nav class=\"clearfix\">\n\t\t\n\t\t\t\t\t\t\t\t<\/nav>\n<\/div>\t\t<\/div>\n\t<\/div>\n<\/div>\t<\/div>\n<\/div>\n\t\t\t<\/div>\n\t\t<\/div>\n\t\t<div class=\"page-content post-header clearfix list-item post-992044 post type-post status-publish format-video has-post-thumbnail hentry category-cita-del-miercoles category-sra-pastor-billey post_format-post-format-video\" >\n\t\t\t<div>\n\t\t\t\t<div class=\"post-article has-image-wrapper \">\n\t<div class=\"video-post-format clearfix as-image \">\n\t\t<div class=\"post-row\">\n\t<div class=\"post-row-left\">\n\t\n<div class=\"post-date\">\n\t\t\t<span class=\"top-part\">\n\t\t\t18\t\t<\/span>\n\t\t<span class=\"bottom-part\">\n\t\t\t04 '22\t\t<\/span>\n\t<\/div>\t<div class=\"post-left-actions\">\n\t\t\n<div class=\"post-actions\">\n\t\t\t\n\t\t\t\t\t<div class=\"love-count-outer\">\n\t\t\t\t<div class=\"love-it-wrapper\"><a href=\"#\" class=\"love-it\" data-post-id=\"992044\" data-user-id=\"0\"><span class=\"visuallyhidden\">Love it<\/span><\/a> <span class=\"love-count\">0<\/span><\/div>\t\t\t<\/div>\n\t\t\n\t\t\t<\/div>\t<\/div>\n<\/div>\n\t<div class=\"post-row-center\">\n\t\t\t\t\t<div class=\"post-media\">\n\t\t\t\t<div class='media-inner'>\n\t\t\t\t\t\n\t\t\t\t\t<img decoding=\"async\" width=\"480\" height=\"369\" src=\"https:\/\/jcmm16.org\/wp-content\/uploads\/2022\/05\/video-born-480x369.jpg\" class=\"attachment-post-loop size-post-loop wp-post-image\" alt=\"\" srcset=\"https:\/\/jcmm16.org\/wp-content\/uploads\/2022\/05\/video-born-480x369.jpg 480w, https:\/\/jcmm16.org\/wp-content\/uploads\/2022\/05\/video-born-555x426.jpg 555w, https:\/\/jcmm16.org\/wp-content\/uploads\/2022\/05\/video-born-360x276.jpg 360w, https:\/\/jcmm16.org\/wp-content\/uploads\/2022\/05\/video-born-262x201.jpg 262w\" sizes=\"(min-width: 900px) 50vw, 100vw\" \/>\n\t\t\t\t\t\t\t\t\t<\/div>\n\t\t\t<\/div>\n\t\t\t\t<div class=\"post-content-outer\">\n\t\t\t\t\t<header class=\"single\">\n\t\t\t<div class=\"content\">\n\t\t\t\t\t\t\t\t<h3>\n\t\t\t\t\t<a href=\"https:\/\/jcmm16.org\/es\/hijo-de-dios\" title=\"Nacido de dios\">Nacido de dios<\/a>\n\t\t\t\t<\/h3>\n\t\t\t<\/div>\n\t\t<\/header>\n\t<div class=\"post-content the-content\">\n\t<p>Mas a todos los que le recibieron, les dio potestad de ser hechos hijos de Dios, a los que creen en su nombre: los que no nacieron de sangre, ni de voluntad de carne, ni de voluntad de var\u00f3n, pero de Dios. Juan 1, 12<\/p>\n<\/div><div class=\"post-meta\">\n\t<nav class=\"clearfix\">\n\t\t\n\t\t\t\t\t\t\t\t<\/nav>\n<\/div>\t\t<\/div>\n\t<\/div>\n<\/div>\t<\/div>\n<\/div>\n\t\t\t<\/div>\n\t\t<\/div>\n\t\t<div class=\"page-content post-header clearfix list-item post-990889 post type-post status-publish format-image has-post-thumbnail hentry category-cita-del-miercoles post_format-post-format-image\" >\n\t\t\t<div>\n\t\t\t\t<div class=\"post-article has-image-wrapper \">\n\t<div class=\"image-post-format clearfix as-normal \">\n\t\t<div class=\"post-row\">\n\t<div class=\"post-row-left\">\n\t\n<div class=\"post-date\">\n\t\t\t<span class=\"top-part\">\n\t\t\t17\t\t<\/span>\n\t\t<span class=\"bottom-part\">\n\t\t\t04 '22\t\t<\/span>\n\t<\/div>\t<div class=\"post-left-actions\">\n\t\t\n<div class=\"post-actions\">\n\t\t\t\n\t\t\t\t\t<div class=\"love-count-outer\">\n\t\t\t\t<div class=\"love-it-wrapper\"><a href=\"#\" class=\"love-it\" data-post-id=\"990889\" data-user-id=\"0\"><span class=\"visuallyhidden\">Love it<\/span><\/a> <span class=\"love-count\">0<\/span><\/div>\t\t\t<\/div>\n\t\t\n\t\t\t<\/div>\t<\/div>\n<\/div>\n\t<div class=\"post-row-center\">\n\t\t\t\t\t<div class=\"post-media\">\n\t\t\t\t<div class='media-inner'>\n\t\t\t\t\t\t\t\t\t\t\t<a href=\"https:\/\/jcmm16.org\/es\/pascua-comienzo-del-ano-cristiano\" title=\"Pascua, comienzo del a\u00f1o cristiano\">\n\t\t\t\t\t\n\t\t\t\t\t<img decoding=\"async\" width=\"480\" height=\"369\" src=\"https:\/\/jcmm16.org\/wp-content\/uploads\/2022\/05\/AdobeStock_464445414-480x369.jpeg\" class=\"attachment-post-loop size-post-loop wp-post-image\" alt=\"\" srcset=\"https:\/\/jcmm16.org\/wp-content\/uploads\/2022\/05\/AdobeStock_464445414-480x369.jpeg 480w, https:\/\/jcmm16.org\/wp-content\/uploads\/2022\/05\/AdobeStock_464445414-1140x876.jpeg 1140w, https:\/\/jcmm16.org\/wp-content\/uploads\/2022\/05\/AdobeStock_464445414-555x426.jpeg 555w, https:\/\/jcmm16.org\/wp-content\/uploads\/2022\/05\/AdobeStock_464445414-360x276.jpeg 360w, https:\/\/jcmm16.org\/wp-content\/uploads\/2022\/05\/AdobeStock_464445414-262x201.jpeg 262w\" sizes=\"(min-width: 900px) 50vw, 100vw\" \/>\n\t\t\t\t\t\t\t\t\t\t\t<\/a>\n\t\t\t\t\t\t\t\t\t<\/div>\n\t\t\t<\/div>\n\t\t\t\t<div class=\"post-content-outer\">\n\t\t\t\t\t<header class=\"single\">\n\t\t\t<div class=\"content\">\n\t\t\t\t\t\t\t\t<h3>\n\t\t\t\t\t<a href=\"https:\/\/jcmm16.org\/es\/pascua-comienzo-del-ano-cristiano\" title=\"Pascua, comienzo del a\u00f1o cristiano\">Pascua, comienzo del a\u00f1o cristiano<\/a>\n\t\t\t\t<\/h3>\n\t\t\t<\/div>\n\t\t<\/header>\n\t<div class=\"post-content the-content\">\n\t<p>\u00c9xodo 12. 2 \u201cEste mes ser\u00e1 para vosotros el primero de los meses; ser\u00e1 para ti el primero de los meses del a\u00f1o. \u00bb Seg\u00fan la ley de Dios, el tiempo de Pascua marcaba el comienzo del a\u00f1o para su pueblo. Y hab\u00eda que tomar un cordero sin defecto, sin contaminaci\u00f3n, para inmolarlo, es decir,&#8230;<\/p>\n<\/div><div class=\"post-meta\">\n\t<nav class=\"clearfix\">\n\t\t\n\t\t\t\t\t\t\t\t<\/nav>\n<\/div>\t\t<\/div>\n\t<\/div>\n<\/div>\t<\/div>\n<\/div>\n\t\t\t<\/div>\n\t\t<\/div>\n<\/div>\n\n<\/div><\/div>\n","protected":false},"excerpt":{"rendered":"<p>\u00c9xodo 12. 2 \u201cEste mes ser\u00e1 para vosotros el primero de los meses; ser\u00e1 para ti el primero de los meses del a\u00f1o. \u00bb Seg\u00fan la ley de Dios, el tiempo de Pascua marcaba el comienzo del a\u00f1o para su pueblo. Y hab\u00eda que tomar un cordero sin defecto, sin contaminaci\u00f3n, para inmolarlo, es decir,&#8230;<\/p>\n","protected":false},"author":1,"featured_media":0,"parent":0,"menu_order":0,"comment_status":"closed","ping_status":"closed","template":"","meta":{"footnotes":""},"class_list":["post-989792","page","type-page","status-publish","hentry"],"_links":{"self":[{"href":"https:\/\/jcmm16.org\/es\/wp-json\/wp\/v2\/pages\/989792","targetHints":{"allow":["GET"]}}],"collection":[{"href":"https:\/\/jcmm16.org\/es\/wp-json\/wp\/v2\/pages"}],"about":[{"href":"https:\/\/jcmm16.org\/es\/wp-json\/wp\/v2\/types\/page"}],"author":[{"embeddable":true,"href":"https:\/\/jcmm16.org\/es\/wp-json\/wp\/v2\/users\/1"}],"replies":[{"embeddable":true,"href":"https:\/\/jcmm16.org\/es\/wp-json\/wp\/v2\/comments?post=989792"}],"version-history":[{"count":10,"href":"https:\/\/jcmm16.org\/es\/wp-json\/wp\/v2\/pages\/989792\/revisions"}],"predecessor-version":[{"id":994188,"href":"https:\/\/jcmm16.org\/es\/wp-json\/wp\/v2\/pages\/989792\/revisions\/994188"}],"wp:attachment":[{"href":"https:\/\/jcmm16.org\/es\/wp-json\/wp\/v2\/media?parent=989792"}],"curies":[{"name":"wp","href":"https:\/\/api.w.org\/{rel}","templated":true}]}}