{"id":989804,"date":"2021-06-17T20:36:45","date_gmt":"2021-06-17T20:36:45","guid":{"rendered":"https:\/\/jcmm16.org\/oraciones"},"modified":"2022-05-21T20:15:27","modified_gmt":"2022-05-21T20:15:27","slug":"oraciones","status":"publish","type":"page","link":"https:\/\/jcmm16.org\/es\/oraciones","title":{"rendered":"Oraciones"},"content":{"rendered":"<div class=\"row \"><div class=\"wpv-grid grid-1-1  wpv-first-level first unextended\" style=\"padding-top:0px;padding-bottom:0px\" id=\"wpv-column-4fc285c6fec6a4db373e6434a55eb62c\" ><div class=\"row \"><div class=\"wpv-grid grid-1-1  first unextended\" style=\"padding-top:0px;padding-bottom:0px\" id=\"wpv-column-4ed004e28f18cf2e5b2262e895b5d6ba\" ><h4 style=\"text-align: left;\"><a target=\"_self\" style='font-size: 24px;' class=\"button vamtam-button accent1  button-border hover-accent1 \"><span class=\"btext\">Hacer clic<\/span><span class='icon shortcode  ' style='color:#D14D42;'>&#58072;<\/span><\/a> &#8211; Aqu\u00ed est\u00e1n las plantillas de oraci\u00f3n.<\/h4><\/div><\/div>\n<div class=\"row \"><div class=\"wpv-grid grid-1-4  first unextended\" style=\"padding-top:0px;padding-bottom:0px\" id=\"wpv-column-e63832c97394a69f1d5b5c495ef1edbb\" ><ul>\n<li>\n<h3><strong><u>Entregados por el poder de la sangre de Jes\u00fas<\/u><\/strong><\/h3>\n<\/li>\n<\/ul>\n<p><a href=\"https:\/\/jcmm16.org\/wp-content\/uploads\/2022\/05\/Delivered-By-the-Power-of-The-Blood-Of-JesusPassover-2022PRAYER.pdf\" class=\"pdfemb-viewer\" style=\"\" data-width=\"max\" data-height=\"max\" data-mobile-width=\"500\"  data-scrollbar=\"both\" data-download=\"off\" data-tracking=\"on\" data-newwindow=\"off\" data-pagetextbox=\"off\" data-scrolltotop=\"off\" data-startzoom=\"100\" data-startfpzoom=\"100\" data-toolbar=\"top\" data-toolbar-fixed=\"on\">Delivered By the Power of The Blood Of JesusPassover 2022PRAYER<br\/><\/a><\/div>\n<div class=\"wpv-grid grid-1-4  unextended\" style=\"padding-top:0px;padding-bottom:0px\" id=\"wpv-column-fca0b40742fc18708bc8dc19509cf1dd\" ><h4 style=\"text-align: left;\"><\/h4>\n<ul>\n<li>\n<h3><u>Redimidos por el poder de la sangre de Jes\u00fas<\/u><\/h3>\n<\/li>\n<\/ul>\n<p><a href=\"https:\/\/jcmm16.org\/wp-content\/uploads\/2022\/05\/Redeemed-by-the-Blood-of-JESUS-PASSOVER-2022-PRAYER.pdf\" class=\"pdfemb-viewer\" style=\"\" data-width=\"max\" data-height=\"max\" data-mobile-width=\"500\"  data-scrollbar=\"both\" data-download=\"off\" data-tracking=\"on\" data-newwindow=\"off\" data-pagetextbox=\"off\" data-scrolltotop=\"off\" data-startzoom=\"100\" data-startfpzoom=\"100\" data-toolbar=\"top\" data-toolbar-fixed=\"on\">Redeemed by the Blood of JESUS PASSOVER 2022 PRAYER<br\/><\/a><\/div>\n<div class=\"wpv-grid grid-1-4  unextended\" style=\"padding-top:0px;padding-bottom:0px\" id=\"wpv-column-d9a4c2ba46ecd460b06e74d48974c0bb\" ><h4 style=\"text-align: left;\"><\/h4>\n<ul>\n<li>\n<h3><strong><u>Declaraci\u00f3n en el Altar de los Sacrificios<\/u><\/strong><\/h3>\n<\/li>\n<\/ul>\n<p><a href=\"https:\/\/jcmm16.org\/wp-content\/uploads\/2022\/05\/DECLARACION-EN-EL-ALTAR-DE-SACRIFICIOS-u-HOLOCAUSTO1.pdf\" class=\"pdfemb-viewer\" style=\"\" data-width=\"max\" data-height=\"max\" data-mobile-width=\"500\"  data-scrollbar=\"both\" data-download=\"off\" data-tracking=\"on\" data-newwindow=\"off\" data-pagetextbox=\"off\" data-scrolltotop=\"off\" data-startzoom=\"100\" data-startfpzoom=\"100\" data-toolbar=\"top\" data-toolbar-fixed=\"on\">DECLARACI\u00d3N EN EL ALTAR DE SACRIFICIOS u HOLOCAUSTO1<br\/><\/a><\/div><\/div>\n<div class=\"row \"><div class=\"wpv-grid grid-1-1  first unextended\" style=\"padding-top:0px;padding-bottom:0px\" id=\"wpv-column-89dbef3ad803f91120456ea82490f001\" ><\/div><\/div><\/div><\/div>\n","protected":false},"excerpt":{"rendered":"<p>&#8211; Aqu\u00ed est\u00e1n las plantillas de oraci\u00f3n. Entregados por el poder de la sangre de Jes\u00fas Redimidos por el poder de la sangre de Jes\u00fas Declaraci\u00f3n en el Altar de los Sacrificios<\/p>\n","protected":false},"author":1,"featured_media":0,"parent":0,"menu_order":0,"comment_status":"closed","ping_status":"closed","template":"","meta":{"footnotes":""},"class_list":["post-989804","page","type-page","status-publish","hentry"],"_links":{"self":[{"href":"https:\/\/jcmm16.org\/es\/wp-json\/wp\/v2\/pages\/989804","targetHints":{"allow":["GET"]}}],"collection":[{"href":"https:\/\/jcmm16.org\/es\/wp-json\/wp\/v2\/pages"}],"about":[{"href":"https:\/\/jcmm16.org\/es\/wp-json\/wp\/v2\/types\/page"}],"author":[{"embeddable":true,"href":"https:\/\/jcmm16.org\/es\/wp-json\/wp\/v2\/users\/1"}],"replies":[{"embeddable":true,"href":"https:\/\/jcmm16.org\/es\/wp-json\/wp\/v2\/comments?post=989804"}],"version-history":[{"count":5,"href":"https:\/\/jcmm16.org\/es\/wp-json\/wp\/v2\/pages\/989804\/revisions"}],"predecessor-version":[{"id":992015,"href":"https:\/\/jcmm16.org\/es\/wp-json\/wp\/v2\/pages\/989804\/revisions\/992015"}],"wp:attachment":[{"href":"https:\/\/jcmm16.org\/es\/wp-json\/wp\/v2\/media?parent=989804"}],"curies":[{"name":"wp","href":"https:\/\/api.w.org\/{rel}","templated":true}]}}