{"id":989806,"date":"2021-06-17T21:59:15","date_gmt":"2021-06-17T21:59:15","guid":{"rendered":"https:\/\/jcmm16.org\/internacional"},"modified":"2022-05-21T10:57:08","modified_gmt":"2022-05-21T10:57:08","slug":"internacional","status":"publish","type":"page","link":"https:\/\/jcmm16.org\/es\/internacional","title":{"rendered":"INTERNACIONAL"},"content":{"rendered":"<div class=\"push\" style='margin-bottom:-60px'><\/div>\n<div class=\"row \"><div class=\"wpv-grid grid-1-1  wpv-first-level first unextended\" style=\"padding-top:0px;padding-bottom:0px\" id=\"wpv-column-9f9d80ba43b386d1a9fd1b12645e95c3\" ><\/div><\/div>\n<div class=\"row \"><div class=\"wpv-grid grid-1-1  wpv-first-level first unextended\" style=\"padding-top:0px;padding-bottom:0px\" id=\"wpv-column-db73271e51db2a98d9e52534ebe9ecc1\" ><div class=\"push\" style='height:30px'><\/div>\n<div class=\"row \"><div class=\"wpv-grid grid-1-1  first unextended\" style=\"padding-top:0px;padding-bottom:0px\" id=\"wpv-column-ba87892a75f410377370ba5d3d9a3388\" ><p><img decoding=\"async\" class=\"wp-image-989400 size-medium alignright\" src=\"https:\/\/jcmm16.org\/wp-content\/uploads\/2021\/10\/CARTE-2-300x300.jpg\" alt=\"\" width=\"300\" height=\"300\" srcset=\"https:\/\/jcmm16.org\/wp-content\/uploads\/2021\/10\/CARTE-2-300x300.jpg 300w, https:\/\/jcmm16.org\/wp-content\/uploads\/2021\/10\/CARTE-2-1024x1024.jpg 1024w, https:\/\/jcmm16.org\/wp-content\/uploads\/2021\/10\/CARTE-2-150x150.jpg 150w, https:\/\/jcmm16.org\/wp-content\/uploads\/2021\/10\/CARTE-2-60x60.jpg 60w, https:\/\/jcmm16.org\/wp-content\/uploads\/2021\/10\/CARTE-2-43x43.jpg 43w, https:\/\/jcmm16.org\/wp-content\/uploads\/2021\/10\/CARTE-2-106x106.jpg 106w, https:\/\/jcmm16.org\/wp-content\/uploads\/2021\/10\/CARTE-2-1140x1140.jpg 1140w, https:\/\/jcmm16.org\/wp-content\/uploads\/2021\/10\/CARTE-2-555x555.jpg 555w, https:\/\/jcmm16.org\/wp-content\/uploads\/2021\/10\/CARTE-2-360x360.jpg 360w, https:\/\/jcmm16.org\/wp-content\/uploads\/2021\/10\/CARTE-2-262x262.jpg 262w, https:\/\/jcmm16.org\/wp-content\/uploads\/2021\/10\/CARTE-2-600x600.jpg 600w, https:\/\/jcmm16.org\/wp-content\/uploads\/2021\/10\/CARTE-2-100x100.jpg 100w, https:\/\/jcmm16.org\/wp-content\/uploads\/2021\/10\/CARTE-2.jpg 1200w\" sizes=\"(max-width: 300px) 100vw, 300px\" \/><\/p>\n<p><strong>Nuestra visi\u00f3n:<\/strong><\/p>\n<p><strong>Nos convertiremos en un ministerio de ense\u00f1anza mundial con un mensaje de los \u00faltimos tiempos sin concesiones, que alcanzar\u00e1 e impactar\u00e1 a los salvos y no salvos.<\/strong><\/p>\n<p><strong>Nuestra fe:<\/strong><\/p>\n<p><strong>El Ministerio acepta las Escrituras como la Voluntad revelada de Dios, la regla suficiente de fe y pr\u00e1ctica, y con el prop\u00f3sito de mantener la unidad general, adopta estas Declaraciones de Verdades y Doctrinas Fundamentales.<\/strong><\/div><\/div><\/div><\/div>\n<div class=\"push\" style='height:15px'><\/div>\n<div class=\"row \"><div class=\"wpv-grid grid-1-1  wpv-first-level first unextended\" style=\"padding-top:0px;padding-bottom:0px\" id=\"wpv-column-413572122f993bf0a86f8ccbcd676889\" ><\/div><\/div>\n<div class=\"row \"><div class=\"wpv-grid grid-1-1  wpv-first-level first unextended\" style=\"padding-top:0px;padding-bottom:0px\" id=\"wpv-column-7692c66fea338fd44209c6769b70dc03\" ><\/div><\/div>\n<div class=\"row \"><div class=\"wpv-grid grid-1-1  wpv-first-level first unextended\" style=\"padding-top:0px;padding-bottom:0px\" id=\"wpv-column-6ace0cf2fe83a0004ea99318ced0612c\" ><\/div><\/div>\n\t\t<div class=\"sep-text single centered\">\n\t\t\t\t\t\t\t<span class=\"sep-text-before\"><div class=\"sep-text-line\"><\/div><\/span>\n\t\t\t\t\t\t<div class=\"content\">\n\t\t\t\t<h2 class=\"text-divider-double\">\nNuestra misi\u00f3n<\/h2>\t\t\t<\/div>\n\t\t\t<span class=\"sep-text-after\"><div class=\"sep-text-line\"><\/div><\/span>\n\t\t\t\t\t<\/div>\n\t\n<div class=\"row \"><div class=\"wpv-grid grid-1-2  wpv-first-level first unextended animation-zoom-in animated-active\" style=\"padding-top:0px;padding-bottom:0px\" id=\"wpv-column-4f0081d9cd96128150b9e0fdabe7b4d4\" ><div class=\"push\" style='height:20px'><\/div><img decoding=\"async\" class=\"alignnone wp-image-989385 size-medium\" src=\"https:\/\/jcmm16.org\/wp-content\/uploads\/2021\/10\/Jesus-Church-Mission-Mark-16-300x300.jpg\" alt=\"\" width=\"300\" height=\"300\" srcset=\"https:\/\/jcmm16.org\/wp-content\/uploads\/2021\/10\/Jesus-Church-Mission-Mark-16-300x300.jpg 300w, https:\/\/jcmm16.org\/wp-content\/uploads\/2021\/10\/Jesus-Church-Mission-Mark-16-1024x1024.jpg 1024w, https:\/\/jcmm16.org\/wp-content\/uploads\/2021\/10\/Jesus-Church-Mission-Mark-16-150x150.jpg 150w, https:\/\/jcmm16.org\/wp-content\/uploads\/2021\/10\/Jesus-Church-Mission-Mark-16-60x60.jpg 60w, https:\/\/jcmm16.org\/wp-content\/uploads\/2021\/10\/Jesus-Church-Mission-Mark-16-43x43.jpg 43w, https:\/\/jcmm16.org\/wp-content\/uploads\/2021\/10\/Jesus-Church-Mission-Mark-16-106x106.jpg 106w, https:\/\/jcmm16.org\/wp-content\/uploads\/2021\/10\/Jesus-Church-Mission-Mark-16-1140x1140.jpg 1140w, https:\/\/jcmm16.org\/wp-content\/uploads\/2021\/10\/Jesus-Church-Mission-Mark-16-555x555.jpg 555w, https:\/\/jcmm16.org\/wp-content\/uploads\/2021\/10\/Jesus-Church-Mission-Mark-16-360x360.jpg 360w, https:\/\/jcmm16.org\/wp-content\/uploads\/2021\/10\/Jesus-Church-Mission-Mark-16-262x262.jpg 262w, https:\/\/jcmm16.org\/wp-content\/uploads\/2021\/10\/Jesus-Church-Mission-Mark-16-1320x1320.jpg 1320w, https:\/\/jcmm16.org\/wp-content\/uploads\/2021\/10\/Jesus-Church-Mission-Mark-16-600x600.jpg 600w, https:\/\/jcmm16.org\/wp-content\/uploads\/2021\/10\/Jesus-Church-Mission-Mark-16-100x100.jpg 100w, https:\/\/jcmm16.org\/wp-content\/uploads\/2021\/10\/Jesus-Church-Mission-Mark-16.jpg 1405w\" sizes=\"(max-width: 300px) 100vw, 300px\" \/><!--more--><\/div>\n<div class=\"wpv-grid grid-1-2  wpv-first-level unextended\" style=\"padding-top:0px;padding-bottom:0px\" id=\"wpv-column-a815d5aa0073b244ae09e8483aadd5ab\" ><div class=\"push\" style='height:80px'><\/div>\n<p><strong>Misi\u00f3n:<\/strong><\/p>\n<p><strong>Equipar y perfeccionar a los santos para el ministerio evangel\u00edstico y para la edificaci\u00f3n del Cuerpo de Cristo para que cada persona pueda suplir efectivamente la vida del Esp\u00edritu Santo y operar en los dones del esp\u00edritu, resultando en un cuerpo unificado y la salvaci\u00f3n de las almas.<\/strong><\/p>\n\n <div class=\"push\" style='height:40px'><\/div><\/div><\/div>\n\t\t<div class=\"sep-text single centered\">\n\t\t\t\t\t\t\t<span class=\"sep-text-before\"><div class=\"sep-text-line\"><\/div><\/span>\n\t\t\t\t\t\t<div class=\"content\">\n\t\t\t\t<h2 class=\"text-divider-double\">\nSucursales<\/h2>\t\t\t<\/div>\n\t\t\t<span class=\"sep-text-after\"><div class=\"sep-text-line\"><\/div><\/span>\n\t\t\t\t\t<\/div>\n\t\n<div class=\"row \"><div class=\"wpv-grid grid-1-2  wpv-first-level first unextended\" style=\"padding-top:0px;padding-bottom:0px\" id=\"wpv-column-5ba8050b294d0dae982c1757c2615530\" ><div class=\"row \"><div class=\"wpv-grid grid-1-1  first unextended\" style=\"padding-top:0px;padding-bottom:0px\" id=\"wpv-column-80611c9debb4336cce802f0c2a708e39\" ><ul>\n<li>Rama 1: Abidjan &#8211; Abobo &#8211; Costa de Marfil<\/li>\n<\/ul>\n<p>Adoraci\u00f3n del domingo a las 8 a. M.<\/p>\n<p>N\u00famero de tel\u00e9fono: 225 05 85 99 9900<\/div><\/div>\n<div class=\"push\" style='height:5px'><\/div>\n<div class=\"row \"><div class=\"wpv-grid grid-1-1  first unextended\" style=\"padding-top:0px;padding-bottom:0px\" id=\"wpv-column-f5c95c278eea30f66704fb7e894dd134\" ><\/div><\/div><\/div>\n<div class=\"wpv-grid grid-1-2  wpv-first-level unextended animation-zoom-in animated-active\" style=\"padding-top:0px;padding-bottom:0px\" id=\"wpv-column-ef80582d2a8c06619464a108478f2860\" ><p><img decoding=\"async\" class=\"alignnone wp-image-989612 size-medium\" src=\"https:\/\/jcmm16.org\/wp-content\/uploads\/2021\/10\/avion-atterissage-300x169.jpg\" alt=\"\" width=\"300\" height=\"169\" srcset=\"https:\/\/jcmm16.org\/wp-content\/uploads\/2021\/10\/avion-atterissage-300x169.jpg 300w, https:\/\/jcmm16.org\/wp-content\/uploads\/2021\/10\/avion-atterissage-1024x576.jpg 1024w, https:\/\/jcmm16.org\/wp-content\/uploads\/2021\/10\/avion-atterissage-1536x864.jpg 1536w, https:\/\/jcmm16.org\/wp-content\/uploads\/2021\/10\/avion-atterissage-2048x1152.jpg 2048w, https:\/\/jcmm16.org\/wp-content\/uploads\/2021\/10\/avion-atterissage-1140x641.jpg 1140w, https:\/\/jcmm16.org\/wp-content\/uploads\/2021\/10\/avion-atterissage-555x312.jpg 555w, https:\/\/jcmm16.org\/wp-content\/uploads\/2021\/10\/avion-atterissage-360x203.jpg 360w, https:\/\/jcmm16.org\/wp-content\/uploads\/2021\/10\/avion-atterissage-262x147.jpg 262w, https:\/\/jcmm16.org\/wp-content\/uploads\/2021\/10\/avion-atterissage-1320x743.jpg 1320w, https:\/\/jcmm16.org\/wp-content\/uploads\/2021\/10\/avion-atterissage-600x338.jpg 600w\" sizes=\"(max-width: 300px) 100vw, 300px\" \/><\/div><\/div>\n<div class=\"row \"><div class=\"wpv-grid grid-1-2  wpv-first-level first unextended\" style=\"padding-top:0px;padding-bottom:0px\" id=\"wpv-column-0d1246e23dc929b3384b2c8dbe1090f4\" ><div class=\"push\" style='height:10px'><\/div>\n<ul>\n<li>Rama 2: Abidjan &#8211; Abobo &#8211; Costa de Marfil<\/li>\n<\/ul>\n<p>Adoraci\u00f3n del domingo a las 9 a. M.<\/p>\n<p>N\u00famero de tel\u00e9fono: 225 05 85 99 9900<\/div>\n<div class=\"wpv-grid grid-1-2  wpv-first-level unextended animation-zoom-in animated-active\" style=\"padding-top:0px;padding-bottom:0px\" id=\"wpv-column-ee44c43f4c09a0d023a9c76947d2dc84\" ><p><img decoding=\"async\" class=\"alignnone wp-image-989616 size-medium\" src=\"https:\/\/jcmm16.org\/wp-content\/uploads\/2021\/10\/Abidjan-300x169.jpg\" alt=\"\" width=\"300\" height=\"169\" srcset=\"https:\/\/jcmm16.org\/wp-content\/uploads\/2021\/10\/Abidjan-300x169.jpg 300w, https:\/\/jcmm16.org\/wp-content\/uploads\/2021\/10\/Abidjan-1024x576.jpg 1024w, https:\/\/jcmm16.org\/wp-content\/uploads\/2021\/10\/Abidjan-1536x864.jpg 1536w, https:\/\/jcmm16.org\/wp-content\/uploads\/2021\/10\/Abidjan-2048x1152.jpg 2048w, https:\/\/jcmm16.org\/wp-content\/uploads\/2021\/10\/Abidjan-1140x641.jpg 1140w, https:\/\/jcmm16.org\/wp-content\/uploads\/2021\/10\/Abidjan-555x312.jpg 555w, https:\/\/jcmm16.org\/wp-content\/uploads\/2021\/10\/Abidjan-360x203.jpg 360w, https:\/\/jcmm16.org\/wp-content\/uploads\/2021\/10\/Abidjan-262x147.jpg 262w, https:\/\/jcmm16.org\/wp-content\/uploads\/2021\/10\/Abidjan-1320x743.jpg 1320w, https:\/\/jcmm16.org\/wp-content\/uploads\/2021\/10\/Abidjan-600x338.jpg 600w\" sizes=\"(max-width: 300px) 100vw, 300px\" \/><\/div><\/div>\n<div class=\"push\" style='height:10px'><\/div>\n<div class=\"row \"><div class=\"wpv-grid grid-1-1  wpv-first-level first unextended\" style=\"padding-top:0px;padding-bottom:0px\" id=\"wpv-column-bd52718f769aff3db39a14504f38c34d\" ><h2 style=\"text-align: left;\"><a target=\"_self\" style='font-size: 20px;' class=\"button vamtam-button accent1  button-border hover-accent1 \"><span class='icon shortcode theme ' style='color:#3E4043;'>&#57406;<\/span><span class=\"btext\">Vis\u00edtanos<\/span><\/a><\/h2><\/div><\/div>\n<div class=\"row \"><div class=\"wpv-grid grid-1-1  wpv-first-level first unextended\" style=\"padding-top:0px;padding-bottom:0px\" id=\"wpv-column-3a589e9e7da6a983f00ac16a9740cced\" ><\/div><\/div>\n","protected":false},"excerpt":{"rendered":"<p>Nuestra visi\u00f3n: Nos convertiremos en un ministerio de ense\u00f1anza mundial con un mensaje de los \u00faltimos tiempos sin concesiones, que alcanzar\u00e1 e impactar\u00e1 a los salvos y no salvos. Nuestra fe: El Ministerio acepta las Escrituras como la Voluntad revelada de Dios, la regla suficiente de fe y pr\u00e1ctica, y con el prop\u00f3sito de mantener&#8230;<\/p>\n","protected":false},"author":1,"featured_media":0,"parent":0,"menu_order":1,"comment_status":"closed","ping_status":"closed","template":"","meta":{"footnotes":""},"class_list":["post-989806","page","type-page","status-publish","hentry"],"_links":{"self":[{"href":"https:\/\/jcmm16.org\/es\/wp-json\/wp\/v2\/pages\/989806","targetHints":{"allow":["GET"]}}],"collection":[{"href":"https:\/\/jcmm16.org\/es\/wp-json\/wp\/v2\/pages"}],"about":[{"href":"https:\/\/jcmm16.org\/es\/wp-json\/wp\/v2\/types\/page"}],"author":[{"embeddable":true,"href":"https:\/\/jcmm16.org\/es\/wp-json\/wp\/v2\/users\/1"}],"replies":[{"embeddable":true,"href":"https:\/\/jcmm16.org\/es\/wp-json\/wp\/v2\/comments?post=989806"}],"version-history":[{"count":3,"href":"https:\/\/jcmm16.org\/es\/wp-json\/wp\/v2\/pages\/989806\/revisions"}],"predecessor-version":[{"id":990080,"href":"https:\/\/jcmm16.org\/es\/wp-json\/wp\/v2\/pages\/989806\/revisions\/990080"}],"wp:attachment":[{"href":"https:\/\/jcmm16.org\/es\/wp-json\/wp\/v2\/media?parent=989806"}],"curies":[{"name":"wp","href":"https:\/\/api.w.org\/{rel}","templated":true}]}}