{"id":989817,"date":"2021-06-15T22:29:05","date_gmt":"2021-06-15T22:29:05","guid":{"rendered":"https:\/\/jcmm16.org\/para-miembros"},"modified":"2022-05-24T13:03:37","modified_gmt":"2022-05-24T13:03:37","slug":"para-miembros","status":"publish","type":"page","link":"https:\/\/jcmm16.org\/es\/para-miembros","title":{"rendered":"Para miembros"},"content":{"rendered":"\t\t<div class=\"sep-text single centered\">\n\t\t\t\t\t\t\t<span class=\"sep-text-before\"><div class=\"sep-text-line\"><\/div><\/span>\n\t\t\t\t\t\t<div class=\"content\">\n\t\t\t\t<h2 class=\"text-divider-double\">\nAnuncios<\/h2>\t\t\t<\/div>\n\t\t\t<span class=\"sep-text-after\"><div class=\"sep-text-line\"><\/div><\/span>\n\t\t\t\t\t<\/div>\n\t\n<div class=\"row \"><div class=\"wpv-grid grid-1-1  wpv-first-level first unextended\" style=\"padding-top:0px;padding-bottom:0px\" id=\"wpv-column-279056f1be66aa68bd8b80d9bf2a5969\" ><ul>\n<li>Agradecemos a todos por su participaci\u00f3n durante la celebraci\u00f3n de la Pascua.<\/li>\n<\/ul>\n<p>&nbsp;<\/div><\/div>\n<div class=\"row \"><div class=\"wpv-grid grid-1-1  wpv-first-level first unextended\" style=\"padding-top:0px;padding-bottom:0px\" id=\"wpv-column-95206b94032f3556956ed48dc2ad0c4b\" ><\/div><\/div>\n<div class=\"row \"><div class=\"wpv-grid grid-1-1  wpv-first-level first unextended\" style=\"padding-top:0px;padding-bottom:0px\" id=\"wpv-column-f761a47f239c1e0114775af953fad4e3\" ><div class=\"row \"><div class=\"wpv-grid grid-1-1  first unextended\" style=\"padding-top:0px;padding-bottom:0px\" id=\"wpv-column-3f111513be3236812b0f8f0177fac9e0\" >\n<div  data-target=\"_self\" class=\"linkarea clearfix   background-accent3\">\n\t\t\t<div class=\"first\"><span class='icon shortcode  ' style='font-size:83px !important;color:#000000;'>&#57486;<\/span><\/div>\n\t\t<\/div><\/div><\/div>\n<div class=\"row \"><div class=\"wpv-grid grid-1-1  first unextended\" style=\"padding-top:0px;padding-bottom:0px\" id=\"wpv-column-f90c595c00f16d5a6c3c244bdcca4df3\" ><div class=\"row \"><div class=\"wpv-grid grid-1-1  first unextended\" style=\"padding-top:0px;padding-bottom:0px\" id=\"wpv-column-cd58b1cdc666a9bc0f89392e94f2627c\" ><blockquote>\n<ul>\n<li>\n<h3><strong> diezmos y ofrendas<\/strong><\/h3>\n<\/li>\n<\/ul>\n<h3><strong>Aplicaciones de efectivo o Zelle: 301808 9794<\/strong><\/h3>\n<ul>\n<li>\n<h3><strong>Promesas<\/strong><\/h3>\n<\/li>\n<\/ul>\n<h3><strong>Aplicaciones de efectivo o Zelle: 240 533 6618<\/strong><\/h3>\n<\/blockquote><\/div><\/div>\n\t\t<div class=\"sep-text single centered\">\n\t\t\t\t\t\t\t<span class=\"sep-text-before\"><div class=\"sep-text-line\"><\/div><\/span>\n\t\t\t\t\t\t<div class=\"content\">\n\t\t\t\t<h2 class=\"text-divider-double\">\nCelebraci\u00f3n de Cumplea\u00f1os<\/h2>\t\t\t<\/div>\n\t\t\t<span class=\"sep-text-after\"><div class=\"sep-text-line\"><\/div><\/span>\n\t\t\t\t\t<\/div>\n\t\n<div class=\"row \"><div class=\"wpv-grid grid-1-1  first unextended\" style=\"padding-top:0px;padding-bottom:0px\" id=\"wpv-column-56d654ad1f8ae373fda32228f3908413\" ><p>Registro con el Di\u00e1cono Jean-Claude\/Di\u00e1cono Patrice<\/div><\/div>\n<div class=\"row \"><div class=\"wpv-grid grid-1-1  first unextended\" style=\"padding-top:0px;padding-bottom:0px\" id=\"wpv-column-00e7234887e74c67be97bebb79a33056\" ><div class=\"row \"><div class=\"wpv-grid grid-1-1  first unextended\" style=\"padding-top:0px;padding-bottom:0px\" id=\"wpv-column-3679eda6fced3ce92a7c141c7392819b\" ><p>Cumplea\u00f1os del mes:<\/p>\n<ul>\n<li>el padre b<\/li>\n<li>Sr A.<\/li>\n<\/ul><\/div><\/div>\n<div class=\"row \"><div class=\"wpv-grid grid-1-1  first unextended\" style=\"padding-top:0px;padding-bottom:0px\" id=\"wpv-column-5256514528cfb850478e7e2a0a4c5ad4\" ><\/div><\/div>\n<div class=\"row \"><div class=\"wpv-grid grid-1-1  first unextended\" style=\"padding-top:0px;padding-bottom:0px\" id=\"wpv-column-b6d1efe0fbaa27cad62e8ec8f55c762b\" ><\/div><\/div>\n\t\t<div class=\"sep-text single centered\">\n\t\t\t\t\t\t\t<span class=\"sep-text-before\"><div class=\"sep-text-line\"><\/div><\/span>\n\t\t\t\t\t\t<div class=\"content\">\n\t\t\t\t<h2 class=\"text-divider-double\">\nInformaci\u00f3n pr\u00e1ctica<\/h2>\t\t\t<\/div>\n\t\t\t<span class=\"sep-text-after\"><div class=\"sep-text-line\"><\/div><\/span>\n\t\t\t\t\t<\/div>\n\t\n<div class=\"row \"><div class=\"wpv-grid grid-1-1  first unextended\" style=\"padding-top:0px;padding-bottom:0px\" id=\"wpv-column-1ca5d6db69e142ab9af28fedf578f514\" >\n<div  data-target=\"_self\" class=\"linkarea clearfix   background-accent3\">\n\t\t\t<div class=\"first\"><span class='icon shortcode theme ' style='font-size:62px !important;color:#000000;'>&#57474;<\/span><\/div>\n\t\t<\/div><\/div><\/div>\n<div class=\"row \"><div class=\"wpv-grid grid-1-1  first unextended\" style=\"padding-top:0px;padding-bottom:0px\" id=\"wpv-column-5ef56903b6a61c02afcd8384d1a6f716\" ><div class=\"row \"><div class=\"wpv-grid grid-1-1  first unextended\" style=\"padding-top:0px;padding-bottom:0px\" id=\"wpv-column-c20137cc7d0745f4234cf81634e63aee\" ><p><strong>\u00bfTiene dificultades y le gustar\u00eda hablar sobre ellas?<\/strong> ? Comun\u00edquese con la diaconisa. H\u00e9l\u00e8ne \/ Di\u00e1cono Patrice.<\/p>\n<p>Para hacer un<strong> cita con el pastor<\/strong> , Contactanos en:<br \/>\n301 900 80 09<\/p>\n<p><strong>Testimonio para compartir<\/strong> : Contacto D. Sra. Bosse<\/p>\n<p><strong>Futura sesi\u00f3n de bautismo<\/strong> :<br \/>\nReg\u00edstrese con la Sra. Bosse o la Diaconisa Helene.<\/p>\n<p><strong>Curso sobre el tabern\u00e1culo<\/strong> :<br \/>\nRegistro con D. Jean-Claude o tel: 301900 80 09<\/p>\n<p><strong> Colegio del Esp\u00edritu Santo <\/strong><br \/>\nwww.hsc.jcmm16.org<br \/>\nRegistro con D.Mrs. Bosse.<\/div><\/div>\n\t\t<div class=\"sep-text single centered\">\n\t\t\t\t\t\t\t<span class=\"sep-text-before\"><div class=\"sep-text-line\"><\/div><\/span>\n\t\t\t\t\t\t<div class=\"content\">\n\t\t\t\t<h2 class=\"text-divider-double\">\nPeri\u00f3dico<\/h2>\t\t\t<\/div>\n\t\t\t<span class=\"sep-text-after\"><div class=\"sep-text-line\"><\/div><\/span>\n\t\t\t\t\t<\/div>\n\t\n<div class=\"row \"><div class=\"wpv-grid grid-1-1  first unextended\" style=\"padding-top:0px;padding-bottom:0px\" id=\"wpv-column-34d435af236a3764d00a7818a31b59cc\" ><h4 style=\"text-align: left;\"><a target=\"_self\" style='font-size: 24px;' class=\"button vamtam-button accent1  button-border hover-accent1 \"><span class=\"btext\">Hacer clic<\/span><span class='icon shortcode  ' style='color:#D14D42;'>&#58072;<\/span><\/a> : Aqu\u00ed est\u00e1n los peri\u00f3dicos de temporada de la iglesia.<\/h4>\n<ul>\n<li><\/div><\/div><div class=\"row \"><div class=\"wpv-grid grid-1-2  first unextended\" style=\"padding-top:0px;padding-bottom:0px\" id=\"wpv-column-995bbf615261b65169c295111f45036d\" ><\/li>\n<\/ul>\n<h3 style=\"text-align: left;\"><\/h3>\n<ul>\n<li style=\"text-align: center;\">\n<h3 style=\"text-align: left;\"><span style=\"color: #0000ff;\"><strong>Noticias de primavera de 2021: <a href=\"https:\/\/jcmm16.org\/wp-content\/uploads\/2021\/10\/SPRING-NEWS-in-ENGLISH-free.pdf\" class=\"pdfemb-viewer\" style=\"\" data-width=\"max\" data-height=\"max\" data-mobile-width=\"500\"  data-scrollbar=\"both\" data-download=\"off\" data-tracking=\"on\" data-newwindow=\"off\" data-pagetextbox=\"off\" data-scrolltotop=\"off\" data-startzoom=\"100\" data-startfpzoom=\"100\" data-toolbar=\"top\" data-toolbar-fixed=\"on\">NOTICIAS DE PRIMAVERA en INGL\u00c9S - gratis<br\/><\/a><\/strong><\/span><\/h3>\n<\/li>\n<\/ul><\/div><\/div>\n\t\t<div class=\"sep-text single centered\">\n\t\t\t\t\t\t\t<span class=\"sep-text-before\"><div class=\"sep-text-line\"><\/div><\/span>\n\t\t\t\t\t\t<div class=\"content\">\n\t\t\t\t<h2 class=\"text-divider-double\">\nEscuchar<\/h2>\t\t\t<\/div>\n\t\t\t<span class=\"sep-text-after\"><div class=\"sep-text-line\"><\/div><\/span>\n\t\t\t\t\t<\/div>\n\t\n<div class=\"row \"><div class=\"wpv-grid grid-1-1  first unextended\" style=\"padding-top:0px;padding-bottom:0px\" id=\"wpv-column-bb13ed21017819e305be7b9e69edf8b6\" ><div class=\"row \"><div class=\"wpv-grid grid-1-1  first unextended\" style=\"padding-top:0px;padding-bottom:0px\" id=\"wpv-column-0a9c34b8a336751fd0eede82cbe3c7b8\" ><p><strong>Escucha atentamente<\/strong><\/p>\n<ul>\n<li><strong>AUDIO: REVELACI\u00d3N SOBRE EL RAPTO &#8211; RESPONSABILIDADES DE LOS PADRES<\/strong><\/li>\n<\/ul>\n<p><audio class=\"wp-audio-shortcode\" id=\"audio-989817-1\" preload=\"none\" style=\"width: 100%;\" controls=\"controls\"><source type=\"audio\/mpeg\" src=\"http:\/\/jcmm16.org\/wp-content\/uploads\/2021\/06\/AUD-20210622-WA0000.mp3?_=1\" \/><a href=\"http:\/\/jcmm16.org\/wp-content\/uploads\/2021\/06\/AUD-20210622-WA0000.mp3\">http:\/\/jcmm16.org\/wp-content\/uploads\/2021\/06\/AUD-20210622-WA0000.mp3<\/a><\/audio><\/p>\n<ul>\n<li><strong>AUDIO: MENSAJE CORTO SOBRE EL RAPTO &#8211; JES\u00daS VUELVE PRONTO<\/strong><\/li>\n<\/ul>\n<p><audio class=\"wp-audio-shortcode\" id=\"audio-989817-2\" preload=\"none\" style=\"width: 100%;\" controls=\"controls\"><source type=\"audio\/mpeg\" src=\"http:\/\/jcmm16.org\/wp-content\/uploads\/2021\/06\/AUD-20200111-WA0002.mp3?_=2\" \/><a href=\"http:\/\/jcmm16.org\/wp-content\/uploads\/2021\/06\/AUD-20200111-WA0002.mp3\">http:\/\/jcmm16.org\/wp-content\/uploads\/2021\/06\/AUD-20200111-WA0002.mp3<\/a><\/audio><\/div><\/div>\n<div class=\"row \"><div class=\"wpv-grid grid-1-1  first unextended\" style=\"padding-top:0px;padding-bottom:0px\" id=\"wpv-column-907781cc92cf976e070ce508966511a8\" ><\/div><\/div><\/div><\/div><\/div><\/div><\/div><\/div><\/div><\/div><\/div><\/div>\n","protected":false},"excerpt":{"rendered":"<p>Agradecemos a todos por su participaci\u00f3n durante la celebraci\u00f3n de la Pascua. &nbsp; diezmos y ofrendas Aplicaciones de efectivo o Zelle: 301808 9794 Promesas Aplicaciones de efectivo o Zelle: 240 533 6618 Registro con el Di\u00e1cono Jean-Claude\/Di\u00e1cono Patrice Cumplea\u00f1os del mes: el padre b Sr A. \u00bfTiene dificultades y le gustar\u00eda hablar sobre ellas? ?&#8230;<\/p>\n","protected":false},"author":1,"featured_media":0,"parent":0,"menu_order":0,"comment_status":"closed","ping_status":"closed","template":"","meta":{"footnotes":""},"class_list":["post-989817","page","type-page","status-publish","hentry"],"_links":{"self":[{"href":"https:\/\/jcmm16.org\/es\/wp-json\/wp\/v2\/pages\/989817","targetHints":{"allow":["GET"]}}],"collection":[{"href":"https:\/\/jcmm16.org\/es\/wp-json\/wp\/v2\/pages"}],"about":[{"href":"https:\/\/jcmm16.org\/es\/wp-json\/wp\/v2\/types\/page"}],"author":[{"embeddable":true,"href":"https:\/\/jcmm16.org\/es\/wp-json\/wp\/v2\/users\/1"}],"replies":[{"embeddable":true,"href":"https:\/\/jcmm16.org\/es\/wp-json\/wp\/v2\/comments?post=989817"}],"version-history":[{"count":5,"href":"https:\/\/jcmm16.org\/es\/wp-json\/wp\/v2\/pages\/989817\/revisions"}],"predecessor-version":[{"id":992166,"href":"https:\/\/jcmm16.org\/es\/wp-json\/wp\/v2\/pages\/989817\/revisions\/992166"}],"wp:attachment":[{"href":"https:\/\/jcmm16.org\/es\/wp-json\/wp\/v2\/media?parent=989817"}],"curies":[{"name":"wp","href":"https:\/\/api.w.org\/{rel}","templated":true}]}}