{"id":989822,"date":"2013-03-22T14:35:54","date_gmt":"2013-03-22T14:35:54","guid":{"rendered":"https:\/\/jcmm16.org\/declaracion-de-fe"},"modified":"2022-05-24T13:03:17","modified_gmt":"2022-05-24T13:03:17","slug":"declaracion-de-fe","status":"publish","type":"page","link":"https:\/\/jcmm16.org\/es\/declaracion-de-fe","title":{"rendered":"Declaraci\u00f3n de fe"},"content":{"rendered":"<div class=\"row \"><div class=\"wpv-grid grid-1-1  wpv-first-level first unextended\" style=\"padding-top:0px;padding-bottom:0px\" id=\"wpv-column-c89247a1ac8c3ea9a703df8e4d603ebe\" >\n<div  data-target=\"_self\" class=\"linkarea clearfix accent1  background-transparent\">\n\t\t\t<div class=\"first\"><img decoding=\"async\" width=\"2560\" height=\"1347\" src=\"https:\/\/jcmm16.org\/wp-content\/uploads\/2022\/05\/AdobeStock_65110818-scaled.jpeg\" class=\"attachment-full size-full\" alt=\"\" srcset=\"https:\/\/jcmm16.org\/wp-content\/uploads\/2022\/05\/AdobeStock_65110818-scaled.jpeg 2560w, https:\/\/jcmm16.org\/wp-content\/uploads\/2022\/05\/AdobeStock_65110818-300x158.jpeg 300w, https:\/\/jcmm16.org\/wp-content\/uploads\/2022\/05\/AdobeStock_65110818-1024x539.jpeg 1024w, https:\/\/jcmm16.org\/wp-content\/uploads\/2022\/05\/AdobeStock_65110818-1536x808.jpeg 1536w, https:\/\/jcmm16.org\/wp-content\/uploads\/2022\/05\/AdobeStock_65110818-2048x1078.jpeg 2048w, https:\/\/jcmm16.org\/wp-content\/uploads\/2022\/05\/AdobeStock_65110818-1140x600.jpeg 1140w, https:\/\/jcmm16.org\/wp-content\/uploads\/2022\/05\/AdobeStock_65110818-555x292.jpeg 555w, https:\/\/jcmm16.org\/wp-content\/uploads\/2022\/05\/AdobeStock_65110818-360x189.jpeg 360w, https:\/\/jcmm16.org\/wp-content\/uploads\/2022\/05\/AdobeStock_65110818-262x138.jpeg 262w, https:\/\/jcmm16.org\/wp-content\/uploads\/2022\/05\/AdobeStock_65110818-1320x695.jpeg 1320w, https:\/\/jcmm16.org\/wp-content\/uploads\/2022\/05\/AdobeStock_65110818-600x316.jpeg 600w\" sizes=\"(max-width: 2560px) 100vw, 2560px\" \/><\/div>\n\t\t<\/div><\/div><\/div>\n<div class=\"row \"><div class=\"wpv-grid grid-1-1  wpv-first-level first unextended\" style=\"padding-top:0px;padding-bottom:0px\" id=\"wpv-column-9855b1faad4c6c7f04b3a008c9cd9a97\" ><p><strong>NUESTRA FE<\/strong><\/p>\n<p>El Ministerio acepta las Escrituras como la Voluntad revelada de Dios, la regla suficiente de fe y pr\u00e1ctica, y con el prop\u00f3sito de mantener la unidad general, adopta estas Declaraciones de Verdades y Doctrinas Fundamentales.<\/p>\n<p><strong>Creemos que: <\/strong><\/p>\n<ul>\n<li>La Biblia es la Palabra inspirada de Dios, una revelaci\u00f3n de Dios al hombre, la regla infalible de fe y conducta, y es superior a la conciencia y la raz\u00f3n, pero no contraria a la raz\u00f3n. (2 Timoteo 3: 15-17; 1 Pedro 1: 23-25; Heb. 4:12)<\/li>\n<li>La Deidad trina se compone de tres (3) personalidades distintas y separadas. El Padre, el Hijo y el Esp\u00edritu Santo, que existen eternamente por s\u00ed mismos, se revelan a s\u00ed mismos y funcionan como una sola entidad. Jesucristo, quien es Dios manifestado en carne, es el segundo miembro de la Deidad, co-igual y co-eterno con el Padre y el Esp\u00edritu Santo.<\/li>\n<\/ul>\n<ul>\n<li>El hombre era bueno y recto, porque Dios dijo: \u00abHagamos al hombre a nuestra imagen, conforme a nuestra semejanza\u00bb. Pero el hombre, por transgresi\u00f3n voluntaria, cay\u00f3 y su \u00fanica esperanza de redenci\u00f3n est\u00e1 en Jesucristo el Hijo de Dios. (G\u00e9nesis 1: 26-31, 3: 1-7; Romanos 5: 12-21).<\/li>\n<\/ul>\n<ul>\n<li>La salvaci\u00f3n es por fe en Jesucristo y no por obras humanas; sin embargo, nuestras obras determinar\u00e1n las recompensas en la eternidad (Romanos 10: 9-1 y II Corintios 5: 10)<\/li>\n<\/ul>\n<ul>\n<li>Todos los creyentes tienen derecho y deben esperar y buscar fervientemente la promesa del Padre, el bautismo en el Esp\u00edritu Santo y Fuego, de acuerdo con el mandato de nuestro Se\u00f1or Jesucristo. Esta fue la experiencia normal de todos en el ministerio cristiano primitivo. Con ella viene la investidura de poder para la vida y el servicio, el otorgamiento de los dones y sus usos en la obra del ministerio. (Lucas 24:49; Hechos 1: 4-8; 1 Corintios 12: 1-31). Esta maravillosa experiencia es distinta y posterior a la experiencia del nuevo nacimiento. (Hechos 2:38; 10: 44-46; 11: 14-16; 15: 7-9)<\/li>\n<\/ul>\n<p><em> <\/em><\/p>\n<ul>\n<li>La ordenanza del bautismo mediante un entierro con Cristo debe ser observada como lo ordenan las Escrituras por todos los que realmente se han arrepentido y en sus corazones han cre\u00eddo verdaderamente en Cristo como Salvador y Se\u00f1or. Al hacerlo, declaran al mundo que han muerto con Jes\u00fas y que tambi\u00e9n han resucitado con \u00c9l para caminar en la novedad de la vida.<\/li>\n<\/ul>\n<ul>\n<li>Jes\u00fas viene de nuevo para reunir a todos sus santos en el cielo. (I Cor. 15: 51-52; I Tes. 4: 16-17; y II Tes. 2: 1) Aquellos que no han aceptado la obra redentora de Jesucristo sufrir\u00e1n la separaci\u00f3n eterna de la Deidad. El diablo y sus \u00e1ngeles, la bestia y el falso profeta, y todo aquel cuyo nombre no se hall\u00f3 inscrito en el libro de la vida, ser\u00e1n condenados al castigo eterno en el lago de fuego, que arde con azufre. Esta es la segunda muerte, el lago de fuego. (Apocalipsis 19:20; 20: 10-15)<\/li>\n<\/ul><\/div><\/div>\n<div class=\"push\" style='height:30px'><\/div>\n<div class=\"row \"><div class=\"wpv-grid grid-1-1  wpv-first-level first unextended\" style=\"padding-top:0px;padding-bottom:0px\" id=\"wpv-column-3ce0e2c33ead98defbabf1018fcd4402\" ><h3 style=\"text-align: center;\"> <a href=\"\/pages\/contact-us\/\" target=\"_blank\" style='font-size: 20px;' class=\"button vamtam-button accent1  button-border hover-accent1 \"><span class='icon shortcode theme ' style='color:#3E4043;'>&#57406;<\/span><span class=\"btext\">Vis\u00edtanos<\/span><\/a><\/h3><\/div><\/div>\n<div class=\"push\" style='height:30px'><\/div>\n","protected":false},"excerpt":{"rendered":"<p>NUESTRA FE El Ministerio acepta las Escrituras como la Voluntad revelada de Dios, la regla suficiente de fe y pr\u00e1ctica, y con el prop\u00f3sito de mantener la unidad general, adopta estas Declaraciones de Verdades y Doctrinas Fundamentales. Creemos que: La Biblia es la Palabra inspirada de Dios, una revelaci\u00f3n de Dios al hombre, la regla&#8230;<\/p>\n","protected":false},"author":1,"featured_media":0,"parent":0,"menu_order":7,"comment_status":"closed","ping_status":"closed","template":"","meta":{"footnotes":""},"class_list":["post-989822","page","type-page","status-publish","hentry"],"_links":{"self":[{"href":"https:\/\/jcmm16.org\/es\/wp-json\/wp\/v2\/pages\/989822","targetHints":{"allow":["GET"]}}],"collection":[{"href":"https:\/\/jcmm16.org\/es\/wp-json\/wp\/v2\/pages"}],"about":[{"href":"https:\/\/jcmm16.org\/es\/wp-json\/wp\/v2\/types\/page"}],"author":[{"embeddable":true,"href":"https:\/\/jcmm16.org\/es\/wp-json\/wp\/v2\/users\/1"}],"replies":[{"embeddable":true,"href":"https:\/\/jcmm16.org\/es\/wp-json\/wp\/v2\/comments?post=989822"}],"version-history":[{"count":6,"href":"https:\/\/jcmm16.org\/es\/wp-json\/wp\/v2\/pages\/989822\/revisions"}],"predecessor-version":[{"id":992161,"href":"https:\/\/jcmm16.org\/es\/wp-json\/wp\/v2\/pages\/989822\/revisions\/992161"}],"wp:attachment":[{"href":"https:\/\/jcmm16.org\/es\/wp-json\/wp\/v2\/media?parent=989822"}],"curies":[{"name":"wp","href":"https:\/\/api.w.org\/{rel}","templated":true}]}}