{"id":989824,"date":"2013-03-22T14:41:18","date_gmt":"2013-03-22T14:41:18","guid":{"rendered":"https:\/\/jcmm16.org\/preguntas-frecuentes"},"modified":"2022-05-09T15:29:49","modified_gmt":"2022-05-09T15:29:49","slug":"preguntas-frecuentes","status":"publish","type":"page","link":"https:\/\/jcmm16.org\/es\/preguntas-frecuentes","title":{"rendered":"Preguntas frecuentes"},"content":{"rendered":"<div class=\"push\" style='height:30px'><\/div>\n<div class=\"row \"><div class=\"wpv-grid grid-1-1  wpv-first-level first unextended\" style=\"padding-top:0px;padding-bottom:0px\" id=\"wpv-column-f349041ca9bfa1f8e0aef395d843a00d\" ><p>Sois bienvenidos en la casa del Se\u00f1or. Si\u00e9ntete libre porque est\u00e1s en el lugar correcto, en tu Betania, un lugar donde la evidencia del poder y la presencia del Se\u00f1or Jesucristo de Nazaret es palpable.<\/p>\n<p style=\"text-align: left;\">\u201cEntonces, seis d\u00edas antes de la Pascua, Jes\u00fas vino a<strong> Betania<\/strong> , donde estaba L\u00e1zaro que hab\u00eda estado muerto, a quien hab\u00eda resucitado de entre los muertos \u00ab.<\/p>\n<h5>&#8211; Juan 12, 1<\/h5>\n<p>\u00a1Que la gracia del Se\u00f1or Jesucristo, el amor de Dios y la comunicaci\u00f3n del Esp\u00edritu Santo est\u00e9n con todos ustedes!<\/div><\/div>\n<div class=\"push\" style='height:30px'><\/div>\n<div class=\"row \"><div class=\"wpv-grid grid-1-1  wpv-first-level first unextended\" style=\"padding-top:0px;padding-bottom:0px\" id=\"wpv-column-9cae5db463d178b4a95d884a7db605e0\" >\t\t<div class=\"sep-text single centered\">\n\t\t\t\t\t\t\t<span class=\"sep-text-before\"><div class=\"sep-text-line\"><\/div><\/span>\n\t\t\t\t\t\t<div class=\"content\">\n\t\t\t\t<h2 class=\"text-divider-double\">Preguntas frecuentes<\/h2>\t\t\t<\/div>\n\t\t\t<span class=\"sep-text-after\"><div class=\"sep-text-line\"><\/div><\/span>\n\t\t\t\t\t<\/div>\n\t<div class=\"wpv-accordion-wrapper\"><div class=\"accordion\" data-collapsible=\"false\"><h4 class=\"tab\"><div class=\"inner\">No puedo rezar. \u00bfC\u00f3mo puedo hacerlo?<\/div><\/h4><div class=\"pane\"><div class=\"inner\"><div class=\"row \"><div class=\"wpv-grid grid-1-1  first unextended\" style=\"padding-top:0px;padding-bottom:0px\" id=\"wpv-column-3e218d130881371bd4cae6b4ed01bfe7\" ><p>La oraci\u00f3n es nuestra forma de comunicarnos con el Se\u00f1or. No hay escuela para la oraci\u00f3n. No existe una forma perfecta de rezar. La Biblia dice: \u00abNo te preocupes por nada, pero en todo, con oraci\u00f3n y s\u00faplica, con acci\u00f3n de gracias, presenta tus peticiones a Dios\u00bb. -Filipenses 4: 6. Esto significa, diga lo que piensa, h\u00e1blele como lo har\u00eda con su pariente. La oraci\u00f3n es hablar con Dios. Tambi\u00e9n puede comunicarse con nosotros para obtener ayuda.<\/p>\n<p>Oraci\u00f3n en l\u00ednea: 712432 8399<\/p>\n<p>Lunes a jueves a las 5 a. M. Y a las 9 p. M.<br \/>\nViernes a las 5 a. M.<\/div><\/div><\/div><\/div><h4 class=\"tab\"><div class=\"inner\">No puedo leer mi Biblia por mucho que lo intente. Me desespera. \u00bfQu\u00e9 puedo hacer?<\/div><\/h4><div class=\"pane\"><div class=\"inner\"><div class=\"row \"><div class=\"wpv-grid grid-1-1  first unextended\" style=\"padding-top:0px;padding-bottom:0px\" id=\"wpv-column-18dc0d2b585426822ce18070aaffc652\" ><ol>\n<li>Cambie sus creencias subyacentes sobre la importancia de leer la Biblia.<\/li>\n<li>Aseg\u00farese de comprender la estructura general y la historia de la Biblia.<\/li>\n<li>Apunte a sus intereses.<\/li>\n<li>Considere cada oportunidad de leer la Biblia como una aventura de aprendizaje.<\/li>\n<li>Intente memorizarlo. Memorice un pasaje corto o largo de la Biblia y piense en \u00e9l durante el d\u00eda. No sienta que tiene que apresurarse e ir a un nuevo vers\u00edculo o cap\u00edtulo todos los d\u00edas. Si\u00e9ntase libre de pasar el rato all\u00ed durante unos d\u00edas, semanas o incluso meses.<\/li>\n<li>Busque ayuda<\/li>\n<\/ol>\n<p>Estamos disponibles para ayudarlo y apoyarlo a trav\u00e9s del Holy Spirit College, reuniones de transformaci\u00f3n divina &#8230;<\/div><\/div><\/div><\/div><h4 class=\"tab\"><div class=\"inner\"> Estoy experimentando dificultades en mi vida personal, \u00bfqu\u00e9 hacer?<\/div><\/h4><div class=\"pane\"><div class=\"inner\"><div class=\"row \"><div class=\"wpv-grid grid-1-1  first unextended\" style=\"padding-top:0px;padding-bottom:0px\" id=\"wpv-column-a58672bdaae81efd4d2aa6a5e8cfb5a9\" ><p>La Biblia dice en Juan 10:10: \u201cEl ladr\u00f3n no viene sino para robar, matar y destruir. Yo he venido para que tengan vida y la tengan en abundancia \u201d.<br \/>\nJes\u00fas es la soluci\u00f3n a todas las situaciones. Cuando la vida se vuelva dif\u00edcil, vu\u00e9lvete a \u00c9l. \u00c9l es el sanador y proveedor por excelencia.<\/div><\/div><\/div><\/div><h4 class=\"tab\"><div class=\"inner\"> \u00bfC\u00f3mo puedo estar seguro de que soy salvo si no siento nada?<\/div><\/h4><div class=\"pane\"><div class=\"inner\"><div class=\"row \"><div class=\"wpv-grid grid-1-1  first unextended\" style=\"padding-top:0px;padding-bottom:0px\" id=\"wpv-column-bb423c0a1f8892de055d47b0726addfc\" ><p>La salvaci\u00f3n no depende de que usted se sienta necesariamente diferente. Algunas personas se sienten dr\u00e1sticamente diferentes, otras no. Sin embargo, su salvaci\u00f3n no depende de sus sentimientos, sino de la promesa de Dios. Jes\u00fas dijo: \u201cHe aqu\u00ed, estoy a la puerta y llamo. Si alguien oye mi voz y abre la puerta, entrar\u00e9 y cenar\u00e9 con ellos y ellos conmigo \u00ab. (Apocalipsis 3:20.) La Biblia tambi\u00e9n dice: \u00abTodo aquel que invocare el nombre del Se\u00f1or, ser\u00e1 salvo\u00bb. (Romanos 10:13) Entonces, si no se siente diferente, no se preocupe. Si le pediste a Jes\u00fas que entrara en tu coraz\u00f3n y lo hiciste en serio, lo hizo y ahora eres salvo para que puedas pasar la eternidad con Jes\u00fas y tus compa\u00f1eros cristianos despu\u00e9s de esta vida.<\/div><\/div><\/div><\/div><h4 class=\"tab\"><div class=\"inner\"> \u00bfDios me hablar\u00e1?<\/div><\/h4><div class=\"pane\"><div class=\"inner\"><div class=\"row \"><div class=\"wpv-grid grid-1-1  first unextended\" style=\"padding-top:0px;padding-bottom:0px\" id=\"wpv-column-5d726e145c9fa8fc87f7b5ac298991c5\" ><p>S\u00ed, lo har\u00e1, pero tendr\u00e1s que acostumbrarte a escucharlo. A menudo, ese peque\u00f1o sentimiento que tiene en su interior o el pensamiento que pasa por su mente y lo lleva a hacer algo bueno o le advierte que tenga cuidado podr\u00eda ser Dios hablando. Definitivamente te hablar\u00e1 a trav\u00e9s de tu lectura de la Biblia y en oraci\u00f3n. Aprenda a escucharlo. \u00c9l nunca te dir\u00e1 que hagas algo malo o en contra de Su propia Palabra. Cuanto m\u00e1s aprenda la Biblia, ore y tenga comuni\u00f3n con otros cristianos, m\u00e1s comenzar\u00e1 a escuchar a Dios hablarle y guiarlo al siguiente paso en su vida.<\/div><\/div><\/div><\/div><h4 class=\"tab\"><div class=\"inner\">Todos los domingos, hago mis servicios en l\u00ednea. \u00bfEstoy en orden ante el Se\u00f1or? \u00bfNecesito unirme a una iglesia? <\/div><\/h4><div class=\"pane\"><div class=\"inner\"><div class=\"row \"><div class=\"wpv-grid grid-1-1  first unextended\" style=\"padding-top:0px;padding-bottom:0px\" id=\"wpv-column-a78136be98e8df69344d42d5615a77fd\" ><p>La televisi\u00f3n o Internet no es una asamblea. El cristianismo est\u00e1 dise\u00f1ado para ser una fe en la que los cristianos se conozcan y se amen, se sostengan en tiempos de dificultad y se ayuden a crecer. Una analog\u00eda que se utiliza a menudo es la de quemar carb\u00f3n. Mientras los carbones est\u00e9n juntos en una pila, arder\u00e1n brillantemente durante mucho tiempo. Saque uno solo y se extinguir\u00e1. La vida cristiana es igual. Si se separa de otros cristianos, eventualmente tendr\u00e1 problemas que no necesita. Adem\u00e1s, puede haber un gran gozo estar juntos en la familia de Dios.<\/div><\/div><\/div><\/div><h4 class=\"tab\"><div class=\"inner\">\u00bfQu\u00e9 Iglesia es la adecuada para m\u00ed?<\/div><\/h4><div class=\"pane\"><div class=\"inner\"><div class=\"row \"><div class=\"wpv-grid grid-1-1  first unextended\" style=\"padding-top:0px;padding-bottom:0px\" id=\"wpv-column-3076bfa136b887afe05e614d5a1c597f\" ><p>Aquel en el que la Biblia se ense\u00f1a fielmente y usted siente que Dios le habla con m\u00e1s fuerza. Hay muchas iglesias cristianas diferentes y hay una para ti. Vaya a donde sienta que Dios lo est\u00e1 guiando y comprom\u00e9tase a involucrarse y crecer all\u00ed.<\/div><\/div><\/div><\/div><h4 class=\"tab\"><div class=\"inner\"> \u00bfPor qu\u00e9 deber\u00eda unirme a una iglesia cuando ellos tienen sus propios problemas?<\/div><\/h4><div class=\"pane\"><div class=\"inner\"><div class=\"row \"><div class=\"wpv-grid grid-1-1  first unextended\" style=\"padding-top:0px;padding-bottom:0px\" id=\"wpv-column-85599430c4e59209d3069ee32d237893\" ><p>No hay una iglesia perfecta aqu\u00ed en la tierra. Las iglesias est\u00e1n formadas por seres humanos que pecan (vea el n. \u00b0 2). Sin embargo, vivimos con imperfecciones en todos los aspectos de nuestra vida. Nuestra ropa se desgasta, nuestros autos se descomponen, los miembros de nuestra familia nos decepcionan, nuestros cuerpos se enferman. Esto no nos impide vestirnos, comprar autos, amar a nuestra familia o atender nuestras necesidades f\u00edsicas. \u00bfPor qu\u00e9 las imperfecciones en la iglesia nos impiden estar all\u00ed, especialmente cuando los beneficios espirituales y el gozo de estar con amigos de ideas afines pueden superar en gran medida lo negativo?<\/div><\/div><\/div><\/div><h4 class=\"tab\"><div class=\"inner\">\u00bfQu\u00e9 pasa si no puedo ser lo suficientemente bueno para ser cristiano? <\/div><\/h4><div class=\"pane\"><div class=\"inner\"><div class=\"row \"><div class=\"wpv-grid grid-1-1  first unextended\" style=\"padding-top:0px;padding-bottom:0px\" id=\"wpv-column-a8a7bee9cb257e686edf88e664958b06\" ><p>Recuerde, los cristianos no son perfectos\u2026 simplemente son perdonados. Ser cristiano no se trata de ser \u00absuficientemente bueno\u00bb. Se trata de moverse gradualmente en la direcci\u00f3n correcta, permitiendo que Dios cambie su coraz\u00f3n y su mente. Recuerde, los beb\u00e9s levantan la cabeza antes de gatear, gatean antes de caminar, etc. La vida cristiana no es diferente. Recuerda que acabas de comenzar el viaje, no lo terminaste. Tendr\u00e1s abundancia de la gracia de Dios para apoyarte a medida que creces. Sea amable con usted mismo y con los que son nuevos en la fe. Dios conoce y comprende sus debilidades y malentendidos.<\/div><\/div><\/div><\/div><h4 class=\"tab\"><div class=\"inner\">No encontr\u00e9 la informaci\u00f3n que buscaba. \u00bfQu\u00e9 puedo hacer?<\/div><\/h4><div class=\"pane\"><div class=\"inner\"><div class=\"row \"><div class=\"wpv-grid grid-1-1  first unextended\" style=\"padding-top:0px;padding-bottom:0px\" id=\"wpv-column-89a4d665a44b733d12765045adfe8e66\" ><p>Puede hacer su pregunta a trav\u00e9s del formulario a continuaci\u00f3n y le responderemos r\u00e1pidamente.<\/div><\/div><\/div><\/div><\/div><\/div><\/div><\/div>\n<div class=\"push\" style='height:30px'><\/div>\n<div class=\"row \"><div class=\"wpv-grid grid-1-1  wpv-first-level first unextended animation-fade-in animated-active\" style=\"padding-top:0px;padding-bottom:0px\" id=\"wpv-column-fe7e2b2e4a434fe19972e73dd42ec1dc\" >\t\t<div class=\"sep-text single centered\">\n\t\t\t\t\t\t\t<span class=\"sep-text-before\"><div class=\"sep-text-line\"><\/div><\/span>\n\t\t\t\t\t\t<div class=\"content\">\n\t\t\t\t<h2 class=\"text-divider-double\">Preguntanos<\/h2>\t\t\t<\/div>\n\t\t\t<span class=\"sep-text-after\"><div class=\"sep-text-line\"><\/div><\/span>\n\t\t\t\t\t<\/div>\n\t<p><p class=\"wpcf7-contact-form-not-found\"><strong>Error:<\/strong> Formulario de contacto no encontrado.<\/p><\/div><\/div>\n","protected":false},"excerpt":{"rendered":"<p>Sois bienvenidos en la casa del Se\u00f1or. Si\u00e9ntete libre porque est\u00e1s en el lugar correcto, en tu Betania, un lugar donde la evidencia del poder y la presencia del Se\u00f1or Jesucristo de Nazaret es palpable. \u201cEntonces, seis d\u00edas antes de la Pascua, Jes\u00fas vino a Betania , donde estaba L\u00e1zaro que hab\u00eda estado muerto, a&#8230;<\/p>\n","protected":false},"author":1,"featured_media":0,"parent":0,"menu_order":9,"comment_status":"closed","ping_status":"closed","template":"","meta":{"footnotes":""},"class_list":["post-989824","page","type-page","status-publish","hentry"],"_links":{"self":[{"href":"https:\/\/jcmm16.org\/es\/wp-json\/wp\/v2\/pages\/989824","targetHints":{"allow":["GET"]}}],"collection":[{"href":"https:\/\/jcmm16.org\/es\/wp-json\/wp\/v2\/pages"}],"about":[{"href":"https:\/\/jcmm16.org\/es\/wp-json\/wp\/v2\/types\/page"}],"author":[{"embeddable":true,"href":"https:\/\/jcmm16.org\/es\/wp-json\/wp\/v2\/users\/1"}],"replies":[{"embeddable":true,"href":"https:\/\/jcmm16.org\/es\/wp-json\/wp\/v2\/comments?post=989824"}],"version-history":[{"count":4,"href":"https:\/\/jcmm16.org\/es\/wp-json\/wp\/v2\/pages\/989824\/revisions"}],"predecessor-version":[{"id":991298,"href":"https:\/\/jcmm16.org\/es\/wp-json\/wp\/v2\/pages\/989824\/revisions\/991298"}],"wp:attachment":[{"href":"https:\/\/jcmm16.org\/es\/wp-json\/wp\/v2\/media?parent=989824"}],"curies":[{"name":"wp","href":"https:\/\/api.w.org\/{rel}","templated":true}]}}