{"id":989828,"date":"2013-03-22T13:33:11","date_gmt":"2013-03-22T13:33:11","guid":{"rendered":"https:\/\/jcmm16.org\/nuestra-mision"},"modified":"2022-05-09T15:38:22","modified_gmt":"2022-05-09T15:38:22","slug":"nuestra-mision","status":"publish","type":"page","link":"https:\/\/jcmm16.org\/es\/nuestra-mision","title":{"rendered":"Nuestra misi\u00f3n"},"content":{"rendered":"<div class=\"row \"><div class=\"wpv-grid grid-1-1  wpv-first-level first unextended\" style=\"padding-top:0px;padding-bottom:0px\" id=\"wpv-column-a92f457e56d6a1aec35bf0b0454c2a42\" ><h4>Misi\u00f3n de la Iglesia JES\u00daS Marcos 16, Ministerios Evang\u00e9licos para la Gloria de Dios.<\/h4>\n<p>Nuestra misi\u00f3n es equipar y perfeccionar a los santos para el ministerio evangel\u00edstico y para la edificaci\u00f3n del Cuerpo de Cristo para que cada persona pueda suplir efectivamente la vida del Esp\u00edritu Santo y operar en los dones del esp\u00edritu, resultando en un cuerpo unificado y salvaci\u00f3n. de las almas.<\/p>\n<p>Tenemos muchos valores:<\/p>\n<p>\u2022 Estamos comprometidos a estar centrados en Cristo. Todo lo que seamos guiados a hacer se originar\u00e1 en Cristo y fluir\u00e1 de Cristo.<\/p>\n<p>\u2022 Estamos comprometidos a enfocarnos en Cristo. Poseeremos y activaremos la mente de Cristo, enfocada en construir el Reino de Dios y destruir el Reino de Satan\u00e1s.<\/p>\n<p>Estamos comprometidos a cuidar de Cristo. Poseeremos y manifestaremos el coraz\u00f3n de Cristo demostrando compasi\u00f3n unos por otros.<\/p>\n<p>\u2022 Estamos comprometidos a ser part\u00edcipes de Cristo. Comunicaremos el mensaje del evangelio a los salvos y no salvos en cada oportunidad que se nos presente.<\/p>\n<p>\u2022 Estamos comprometidos a amar a Cristo. Demostraremos amor incondicional y una actitud no discriminatoria hacia la humanidad, independientemente de su raza, color, credo o denominaci\u00f3n.<\/p>\n<p>\u2022 Estamos comprometidos a dar a Cristo. Operaremos desde el principio de las Escrituras que dice: \u00abM\u00e1s bienaventurado es dar que recibir\u00bb. Damos nuestro tiempo, talentos y tesoros guiados por el Se\u00f1or.<\/p>\n<p>\u2022 Estamos comprometidos a glorificar a Cristo. Todo lo que se nos induzca a hacer, se har\u00e1 de coraz\u00f3n como para el Se\u00f1or, para que \u00c9l sea glorificado.<\/div><\/div>\n<div class=\"row \"><div class=\"wpv-grid grid-1-1  wpv-first-level first has-background unextended\" style=\"background-color:#fbf8e9;padding-top:0px;padding-bottom:0px\" id=\"wpv-column-fe84aff68f0222310827f5c669871c19\" ><style>#wpv-column-fe84aff68f0222310827f5c669871c19 p,#wpv-column-fe84aff68f0222310827f5c669871c19 em,#wpv-column-fe84aff68f0222310827f5c669871c19 .column-title,#wpv-column-fe84aff68f0222310827f5c669871c19 .sep-text h2.regular-title-wrapper,#wpv-column-fe84aff68f0222310827f5c669871c19 .text-divider-double,#wpv-column-fe84aff68f0222310827f5c669871c19 .sep-text .sep-text-line,#wpv-column-fe84aff68f0222310827f5c669871c19 .sep,#wpv-column-fe84aff68f0222310827f5c669871c19 .sep-2,#wpv-column-fe84aff68f0222310827f5c669871c19 .sep-3{color:#c2a723;}#wpv-column-fe84aff68f0222310827f5c669871c19:before{background-color:transparent;}<\/style><\/div><\/div>\n<div class=\"sep\"><\/div>\n<div class=\"row \"><div class=\"wpv-grid grid-1-4  wpv-first-level first unextended\" style=\"padding-top:10px;padding-bottom:40px\" id=\"wpv-column-c3d5f930a3fc2e0203cb308a91c52c32\" ><div class=\"row \"><div class=\"wpv-grid grid-1-1  first unextended animation-from-left animated-active\" style=\"padding-top:0px;padding-bottom:0px\" id=\"wpv-column-0bd7609a87d6bf532b2fab459800f513\" ><h1 style=\"text-align: center;\"><span style=\"vertical-align: inherit;\"><span style=\"vertical-align: inherit;\"><span style=\"vertical-align: inherit;\"><span style=\"vertical-align: inherit;\"><span style=\"vertical-align: inherit;\"><span style=\"vertical-align: inherit;\"><span class='icon shortcode theme ' style='font-size:50px !important;color:#D14D42;'>&#57463;<\/span><\/span><\/span><\/span><\/span><\/span><\/span><\/h1>\n<h2 style=\"text-align: center;\"><span style=\"vertical-align: inherit;\"><span style=\"vertical-align: inherit;\"><span style=\"vertical-align: inherit;\"><span style=\"vertical-align: inherit;\"><span style=\"vertical-align: inherit;\"><span style=\"vertical-align: inherit;\">Nuestra visi\u00f3n<\/span><\/span><\/span><\/span><\/span><\/span><\/h2>\n<p style=\"text-align: center;\"><span style=\"vertical-align: inherit;\"><span style=\"vertical-align: inherit;\"><span style=\"vertical-align: inherit;\"><span style=\"vertical-align: inherit;\"><span style=\"vertical-align: inherit;\"><span style=\"vertical-align: inherit;\">Nos convertiremos en un ministerio de ense\u00f1anza mundial con un mensaje que no compromete los tiempos del fin, que alcanzar\u00e1 e impactar\u00e1 a los salvos y no salvos.<\/span><\/span><\/span><\/span><\/span><\/span><\/p>\n<p>&nbsp;<\/p>\n<p>&nbsp;<\/p>\n<p>&nbsp;<\/div><\/div>\n<div class=\"push\" style='height:60px'><\/div>\n<div class=\"row \"><div class=\"wpv-grid grid-1-1  first unextended animation-from-left animated-active\" style=\"padding-top:0px;padding-bottom:0px\" id=\"wpv-column-63ed67a1c1a7ea0167723bf94b148968\" ><p style=\"text-align: center;\"><a href=\"\/pages\/our-vision\/\" target=\"_blank\" style='font-size: 12px;' class=\"button vamtam-button accent1  button-border hover-accent1 \"><span class=\"btext\">Lee mas<\/span><\/a><\/div><\/div><\/div>\n<div class=\"wpv-grid grid-1-4  wpv-first-level unextended\" style=\"padding-top:10px;padding-bottom:40px\" id=\"wpv-column-7f78029051c64f2ba620b631b75f3afd\" ><div class=\"row \"><div class=\"wpv-grid grid-1-1  first unextended animation-from-left animated-active\" style=\"padding-top:0px;padding-bottom:0px\" id=\"wpv-column-60d0b7f488050f05dc34ecbb5f528744\" ><h1 style=\"text-align: center;\"><span class='icon shortcode theme ' style='font-size:50px !important;color:#D14D42;'>&#57564;<\/span><\/h1>\n<h2 style=\"text-align: center;\">Nuestra moto<\/h2>\n<p style=\"text-align: center;\">\u00abDonde Jes\u00fas todav\u00eda est\u00e1 obrando, donde todav\u00eda ocurren milagros\u00bb<\/p>\n<p style=\"text-align: center;\">El Se\u00f1or JES\u00daS fue a la cruz para lograr todo lo necesario para hacer posible cada intenci\u00f3n para nosotros. Lucas 18:27<\/p>\n<p>&nbsp;<\/p>\n<p>&nbsp;<\/div><\/div>\n<div class=\"push\" style='height:35px'><\/div>\n<div class=\"row \"><div class=\"wpv-grid grid-1-1  first unextended animation-from-left animated-active\" style=\"padding-top:0px;padding-bottom:0px\" id=\"wpv-column-40bc1c019e6aeaef88e862d4939e2ee1\" ><p style=\"text-align: center;\"><a href=\"\/pages\/statement-of-faith\/\" target=\"_blank\" style='font-size: 12px;' class=\"button vamtam-button accent1  button-border hover-accent1 \"><span class=\"btext\">Lee mas<\/span><\/a><\/div><\/div><\/div>\n<div class=\"wpv-grid grid-1-4  wpv-first-level unextended\" style=\"padding-top:10px;padding-bottom:40px\" id=\"wpv-column-1315f5a38f8362c0da168065ebcb577c\" ><div class=\"row \"><div class=\"wpv-grid grid-1-1  first unextended animation-from-right animated-active\" style=\"padding-top:0px;padding-bottom:0px\" id=\"wpv-column-0155f43c27c614c2b52e7d65db223ec8\" ><h1 style=\"text-align: center;\"><span class='icon shortcode theme ' style='font-size:50px !important;color:#D14D42;'>&#57503;<\/span><\/h1>\n<h2 style=\"text-align: center;\">Nuestros valores<\/h2>\n<p style=\"text-align: center;\">Estamos comprometidos a estar centrados en Cristo. Todo lo que seamos guiados a hacer se originar\u00e1 en Cristo y fluir\u00e1 de Cristo.<\/p>\n<p style=\"text-align: center;\">\u2022 Estamos comprometidos a enfocarnos en Cristo.<\/p>\n<p style=\"text-align: center;\">Poseeremos y activaremos la mente de Cristo, &#8230;<\/p>\n<p>&nbsp;<\/div><\/div>\n<div class=\"row \"><div class=\"wpv-grid grid-1-1  first unextended animation-from-right animated-active\" style=\"padding-top:0px;padding-bottom:0px\" id=\"wpv-column-0f31fbcb8feb8a67aabc17765cf79db2\" ><p style=\"text-align: center;\"><a href=\"\/pages\/our-values\/\" target=\"_blank\" style='font-size: 12px;' class=\"button vamtam-button accent1  button-border hover-accent1 \"><span class=\"btext\">Lee mas<\/span><\/a><\/div><\/div><\/div>\n<div class=\"wpv-grid grid-1-4  wpv-first-level unextended\" style=\"padding-top:10px;padding-bottom:40px\" id=\"wpv-column-3c312dd3e19656b78d1b463a97a81bd6\" ><div class=\"row \"><div class=\"wpv-grid grid-1-1  first unextended animation-from-right animated-active\" style=\"padding-top:0px;padding-bottom:0px\" id=\"wpv-column-187e5bf29c3cdcf13998a34bac17525a\" ><h1 style=\"text-align: center;\"><span class='icon shortcode theme ' style='font-size:50px !important;color:#D14D42;'>&#57466;<\/span><\/h1>\n<h2 style=\"text-align: center;\">Nuestra fe<\/h2>\n<p style=\"text-align: center;\">El Ministerio acepta las Escrituras como la Voluntad revelada de Dios, la regla suficiente de fe y pr\u00e1ctica, y con el prop\u00f3sito de mantener la unidad general, adopta estas Declaraciones de Verdades y Doctrinas Fundamentales.<\/p>\n<p>&nbsp;<\/p>\n<p>&nbsp;<\/p>\n<p>&nbsp;<\/div><\/div>\n<div class=\"push\" style='height:15px'><\/div>\n<div class=\"row \"><div class=\"wpv-grid grid-1-1  first unextended animation-from-right animated-active\" style=\"padding-top:0px;padding-bottom:0px\" id=\"wpv-column-ee683540f6231743e98d44b2ab7d8418\" ><p style=\"text-align: center;\"><a href=\"\/pages\/statement-of-faith\/\" target=\"_blank\" style='font-size: 12px;' class=\"button vamtam-button accent1  button-border hover-accent1 \"><span class=\"btext\">Lee mas<\/span><\/a><\/div><\/div><\/div><\/div>\n<div class=\"row \"><div class=\"wpv-grid grid-1-1  wpv-first-level first unextended\" style=\"padding-top:0px;padding-bottom:0px\" id=\"wpv-column-a4f6abe6b6de9e3144b013de0d06a958\" ><\/div><\/div>\n<div class=\"row \"><div class=\"wpv-grid grid-1-1  wpv-first-level first unextended\" style=\"padding-top:0px;padding-bottom:0px\" id=\"wpv-column-c291861353bbb834df5e9677b7d5ed4d\" ><\/div><\/div>\n","protected":false},"excerpt":{"rendered":"<p>Misi\u00f3n de la Iglesia JES\u00daS Marcos 16, Ministerios Evang\u00e9licos para la Gloria de Dios. Nuestra misi\u00f3n es equipar y perfeccionar a los santos para el ministerio evangel\u00edstico y para la edificaci\u00f3n del Cuerpo de Cristo para que cada persona pueda suplir efectivamente la vida del Esp\u00edritu Santo y operar en los dones del esp\u00edritu, resultando&#8230;<\/p>\n","protected":false},"author":1,"featured_media":0,"parent":0,"menu_order":2,"comment_status":"closed","ping_status":"closed","template":"","meta":{"footnotes":""},"class_list":["post-989828","page","type-page","status-publish","hentry"],"_links":{"self":[{"href":"https:\/\/jcmm16.org\/es\/wp-json\/wp\/v2\/pages\/989828","targetHints":{"allow":["GET"]}}],"collection":[{"href":"https:\/\/jcmm16.org\/es\/wp-json\/wp\/v2\/pages"}],"about":[{"href":"https:\/\/jcmm16.org\/es\/wp-json\/wp\/v2\/types\/page"}],"author":[{"embeddable":true,"href":"https:\/\/jcmm16.org\/es\/wp-json\/wp\/v2\/users\/1"}],"replies":[{"embeddable":true,"href":"https:\/\/jcmm16.org\/es\/wp-json\/wp\/v2\/comments?post=989828"}],"version-history":[{"count":3,"href":"https:\/\/jcmm16.org\/es\/wp-json\/wp\/v2\/pages\/989828\/revisions"}],"predecessor-version":[{"id":990064,"href":"https:\/\/jcmm16.org\/es\/wp-json\/wp\/v2\/pages\/989828\/revisions\/990064"}],"wp:attachment":[{"href":"https:\/\/jcmm16.org\/es\/wp-json\/wp\/v2\/media?parent=989828"}],"curies":[{"name":"wp","href":"https:\/\/api.w.org\/{rel}","templated":true}]}}