{"id":990550,"date":"2022-04-29T22:24:16","date_gmt":"2022-04-29T22:24:16","guid":{"rendered":"https:\/\/jcmm16.org\/preparados-para-jesus"},"modified":"2022-05-20T19:10:21","modified_gmt":"2022-05-20T19:10:21","slug":"preparados-para-jesus","status":"publish","type":"page","link":"https:\/\/jcmm16.org\/es\/preparados-para-jesus","title":{"rendered":"Preparados para Jes\u00fas"},"content":{"rendered":"<div class=\"row \"><div class=\"wpv-grid grid-1-1  wpv-first-level first unextended\" style=\"padding-top:0px;padding-bottom:0px\" id=\"wpv-column-43a98ad3b68bdffd16e9f52893de835b\" ><h3 style=\"text-align: center;\"><img decoding=\"async\" class=\"size-medium wp-image-991517 alignleft\" src=\"https:\/\/jcmm16.org\/wp-content\/uploads\/2022\/05\/AdobeStock_318927517-300x238.jpeg\" alt=\"\" width=\"300\" height=\"238\" srcset=\"https:\/\/jcmm16.org\/wp-content\/uploads\/2022\/05\/AdobeStock_318927517-300x238.jpeg 300w, https:\/\/jcmm16.org\/wp-content\/uploads\/2022\/05\/AdobeStock_318927517-1024x813.jpeg 1024w, https:\/\/jcmm16.org\/wp-content\/uploads\/2022\/05\/AdobeStock_318927517-1536x1219.jpeg 1536w, https:\/\/jcmm16.org\/wp-content\/uploads\/2022\/05\/AdobeStock_318927517-2048x1625.jpeg 2048w, https:\/\/jcmm16.org\/wp-content\/uploads\/2022\/05\/AdobeStock_318927517-1140x905.jpeg 1140w, https:\/\/jcmm16.org\/wp-content\/uploads\/2022\/05\/AdobeStock_318927517-555x440.jpeg 555w, https:\/\/jcmm16.org\/wp-content\/uploads\/2022\/05\/AdobeStock_318927517-360x286.jpeg 360w, https:\/\/jcmm16.org\/wp-content\/uploads\/2022\/05\/AdobeStock_318927517-262x208.jpeg 262w, https:\/\/jcmm16.org\/wp-content\/uploads\/2022\/05\/AdobeStock_318927517-1320x1047.jpeg 1320w, https:\/\/jcmm16.org\/wp-content\/uploads\/2022\/05\/AdobeStock_318927517-600x476.jpeg 600w\" sizes=\"(max-width: 300px) 100vw, 300px\" \/><\/h3>\n<h3 style=\"text-align: center;\"><\/h3>\n<h2 style=\"text-align: center;\"><strong>Jes\u00fas volver\u00e1 pronto<\/strong><\/h2>\n<p>&nbsp;<\/p>\n<h2 style=\"text-align: center;\"><strong>Estemos preparados!<\/strong><\/h2><\/div><\/div>\n<div class=\"row \"><div class=\"wpv-grid grid-1-1  wpv-first-level first unextended\" style=\"padding-top:0px;padding-bottom:0px\" id=\"wpv-column-35495e5b8f400be0da78aa0ee1d18ea4\" ><div class=\"loop-wrapper clearfix regular normal not-paginated\" data-columns=\"1\"  >\n\t\t<div class=\"page-content post-header clearfix list-item post-990623 post type-post status-publish format-standard has-post-thumbnail hentry category-preparados-para-jesus\" >\n\t\t\t<div>\n\t\t\t\t<div class=\"post-article has-image-wrapper \">\n\t<div class=\"standard-post-format clearfix as-image \">\n\t\t<div class=\"post-row\">\n\t<div class=\"post-row-left\">\n\t\n<div class=\"post-date\">\n\t\t\t<span class=\"top-part\">\n\t\t\t30\t\t<\/span>\n\t\t<span class=\"bottom-part\">\n\t\t\t04 '22\t\t<\/span>\n\t<\/div>\t<div class=\"post-left-actions\">\n\t\t\n<div class=\"post-actions\">\n\t\t\t\n\t\t\t\t\t<div class=\"love-count-outer\">\n\t\t\t\t<div class=\"love-it-wrapper\"><a href=\"#\" class=\"love-it\" data-post-id=\"990623\" data-user-id=\"0\"><span class=\"visuallyhidden\">Love it<\/span><\/a> <span class=\"love-count\">0<\/span><\/div>\t\t\t<\/div>\n\t\t\n\t\t\t<\/div>\t<\/div>\n<\/div>\n\t<div class=\"post-row-center\">\n\t\t\t\t\t<div class=\"post-media\">\n\t\t\t\t<div class='media-inner'>\n\t\t\t\t\t\n\t\t\t\t\t<img decoding=\"async\" width=\"480\" height=\"369\" src=\"https:\/\/jcmm16.org\/wp-content\/uploads\/2022\/04\/AdobeStock_471344712-480x369.jpeg\" class=\"attachment-post-loop size-post-loop wp-post-image\" alt=\"\" srcset=\"https:\/\/jcmm16.org\/wp-content\/uploads\/2022\/04\/AdobeStock_471344712-480x369.jpeg 480w, https:\/\/jcmm16.org\/wp-content\/uploads\/2022\/04\/AdobeStock_471344712-1140x876.jpeg 1140w, https:\/\/jcmm16.org\/wp-content\/uploads\/2022\/04\/AdobeStock_471344712-555x426.jpeg 555w, https:\/\/jcmm16.org\/wp-content\/uploads\/2022\/04\/AdobeStock_471344712-360x276.jpeg 360w, https:\/\/jcmm16.org\/wp-content\/uploads\/2022\/04\/AdobeStock_471344712-262x201.jpeg 262w\" sizes=\"(min-width: 900px) 50vw, 100vw\" \/>\n\t\t\t\t\t\t\t\t\t<\/div>\n\t\t\t<\/div>\n\t\t\t\t<div class=\"post-content-outer\">\n\t\t\t\t\t<header class=\"single\">\n\t\t\t<div class=\"content\">\n\t\t\t\t\t\t\t\t<h3>\n\t\t\t\t\t<a href=\"https:\/\/jcmm16.org\/es\/sacrificio-agradable\" title=\"Sacrificio agradable\">Sacrificio agradable<\/a>\n\t\t\t\t<\/h3>\n\t\t\t<\/div>\n\t\t<\/header>\n\t<div class=\"post-content the-content\">\n\t<p>Jes\u00fas ha dado su vida por nosotros, nos toca a nosotros ofrecerle nuestro coraz\u00f3n para agradarle, como sacrificio vivo a Dios. La vida cristiana no debe ser una vida errante, una vida sin sustancia. Romanos 12.1 As\u00ed que, hermanos, os ruego por las misericordias de Dios, que present\u00e9is vuestros cuerpos en sacrificio vivo, santo, agradable&#8230;<\/p>\n<\/div><div class=\"post-meta\">\n\t<nav class=\"clearfix\">\n\t\t\n\t\t\t\t\t\t\t\t<\/nav>\n<\/div>\t\t<\/div>\n\t<\/div>\n<\/div>\t<\/div>\n<\/div>\n\t\t\t<\/div>\n\t\t<\/div>\n\t\t<div class=\"page-content post-header clearfix list-item post-990557 post type-post status-publish format-standard has-post-thumbnail hentry category-preparados-para-jesus tag-fe tag-iglesia tag-reino tag-testimonio tag-victoria tag-vida\" >\n\t\t\t<div>\n\t\t\t\t<div class=\"post-article has-image-wrapper \">\n\t<div class=\"standard-post-format clearfix as-image \">\n\t\t<div class=\"post-row\">\n\t<div class=\"post-row-left\">\n\t\n<div class=\"post-date\">\n\t\t\t<span class=\"top-part\">\n\t\t\t29\t\t<\/span>\n\t\t<span class=\"bottom-part\">\n\t\t\t04 '22\t\t<\/span>\n\t<\/div>\t<div class=\"post-left-actions\">\n\t\t\n<div class=\"post-actions\">\n\t\t\t\n\t\t\t\t\t<div class=\"love-count-outer\">\n\t\t\t\t<div class=\"love-it-wrapper\"><a href=\"#\" class=\"love-it\" data-post-id=\"990557\" data-user-id=\"0\"><span class=\"visuallyhidden\">Love it<\/span><\/a> <span class=\"love-count\">0<\/span><\/div>\t\t\t<\/div>\n\t\t\n\t\t\t<\/div>\t<\/div>\n<\/div>\n\t<div class=\"post-row-center\">\n\t\t\t\t\t<div class=\"post-media\">\n\t\t\t\t<div class='media-inner'>\n\t\t\t\t\t\n\t\t\t\t\t<img decoding=\"async\" width=\"480\" height=\"369\" src=\"https:\/\/jcmm16.org\/wp-content\/uploads\/2021\/10\/shutterstock_1294946557-2-480x369.jpg\" class=\"attachment-post-loop size-post-loop wp-post-image\" alt=\"\" srcset=\"https:\/\/jcmm16.org\/wp-content\/uploads\/2021\/10\/shutterstock_1294946557-2-480x369.jpg 480w, https:\/\/jcmm16.org\/wp-content\/uploads\/2021\/10\/shutterstock_1294946557-2-1140x876.jpg 1140w, https:\/\/jcmm16.org\/wp-content\/uploads\/2021\/10\/shutterstock_1294946557-2-555x426.jpg 555w, https:\/\/jcmm16.org\/wp-content\/uploads\/2021\/10\/shutterstock_1294946557-2-360x276.jpg 360w, https:\/\/jcmm16.org\/wp-content\/uploads\/2021\/10\/shutterstock_1294946557-2-262x201.jpg 262w\" sizes=\"(min-width: 900px) 50vw, 100vw\" \/>\n\t\t\t\t\t\t\t\t\t<\/div>\n\t\t\t<\/div>\n\t\t\t\t<div class=\"post-content-outer\">\n\t\t\t\t\t<header class=\"single\">\n\t\t\t<div class=\"content\">\n\t\t\t\t\t\t\t\t<h3>\n\t\t\t\t\t<a href=\"https:\/\/jcmm16.org\/es\/eres-un-campeon\" title=\"El modelo para tu vida\">El modelo para tu vida<\/a>\n\t\t\t\t<\/h3>\n\t\t\t<\/div>\n\t\t<\/header>\n\t<div class=\"post-content the-content\">\n\t<p>El reino de Dios es el conjunto de los redimidos de Cristo viviendo por la palabra de Dios bajo el reinado absoluto del Rey Creador del universo. Como personas redimidas por la sangre de Jes\u00fas, no vivimos seg\u00fan las leyes o la constituci\u00f3n de este mundo. Si una ley te hace pecar, desobedecer el camino&#8230;<\/p>\n<\/div><div class=\"post-meta\">\n\t<nav class=\"clearfix\">\n\t\t\n\t\t\t\t\t\t\t\t<\/nav>\n<\/div>\t\t<\/div>\n\t<\/div>\n<\/div>\t<\/div>\n<\/div>\n\t\t\t<\/div>\n\t\t<\/div>\n<\/div>\n\n<\/div><\/div>\n","protected":false},"excerpt":{"rendered":"<p>El reino de Dios es el conjunto de los redimidos de Cristo viviendo por la palabra de Dios bajo el reinado absoluto del Rey Creador del universo. Como personas redimidas por la sangre de Jes\u00fas, no vivimos seg\u00fan las leyes o la constituci\u00f3n de este mundo. Si una ley te hace pecar, desobedecer el camino&#8230;<\/p>\n","protected":false},"author":1,"featured_media":0,"parent":0,"menu_order":0,"comment_status":"closed","ping_status":"closed","template":"","meta":{"footnotes":""},"class_list":["post-990550","page","type-page","status-publish","hentry"],"_links":{"self":[{"href":"https:\/\/jcmm16.org\/es\/wp-json\/wp\/v2\/pages\/990550","targetHints":{"allow":["GET"]}}],"collection":[{"href":"https:\/\/jcmm16.org\/es\/wp-json\/wp\/v2\/pages"}],"about":[{"href":"https:\/\/jcmm16.org\/es\/wp-json\/wp\/v2\/types\/page"}],"author":[{"embeddable":true,"href":"https:\/\/jcmm16.org\/es\/wp-json\/wp\/v2\/users\/1"}],"replies":[{"embeddable":true,"href":"https:\/\/jcmm16.org\/es\/wp-json\/wp\/v2\/comments?post=990550"}],"version-history":[{"count":6,"href":"https:\/\/jcmm16.org\/es\/wp-json\/wp\/v2\/pages\/990550\/revisions"}],"predecessor-version":[{"id":991762,"href":"https:\/\/jcmm16.org\/es\/wp-json\/wp\/v2\/pages\/990550\/revisions\/991762"}],"wp:attachment":[{"href":"https:\/\/jcmm16.org\/es\/wp-json\/wp\/v2\/media?parent=990550"}],"curies":[{"name":"wp","href":"https:\/\/api.w.org\/{rel}","templated":true}]}}