{"id":990659,"date":"2022-05-01T11:01:00","date_gmt":"2022-05-01T11:01:00","guid":{"rendered":"https:\/\/jcmm16.org\/buenas-noticias"},"modified":"2022-07-23T22:08:14","modified_gmt":"2022-07-23T22:08:14","slug":"buenas-noticias","status":"publish","type":"page","link":"https:\/\/jcmm16.org\/es\/buenas-noticias","title":{"rendered":"Buenas Noticias"},"content":{"rendered":"<div class=\"row \"><div class=\"wpv-grid grid-1-1  wpv-first-level first unextended\" style=\"padding-top:0px;padding-bottom:0px\" id=\"wpv-column-d02f1a1e51f80e6e813951d85eaebffb\" >\n<section class=\"portfolios normal clearfix title- no-description \" id=\"69d4bb7195704\">\n\t\t<div class=\"portfolio-items vamtam-cubeportfolio cbp portfolio-items \" data-columns=\"4\" data-options=\"{&quot;layoutMode&quot;:&quot;grid&quot;,&quot;defaultFilter&quot;:&quot;*&quot;,&quot;animationType&quot;:&quot;slideDelay&quot;,&quot;gapHorizontal&quot;:30,&quot;gapVertical&quot;:30,&quot;gridAdjustment&quot;:&quot;responsive&quot;,&quot;mediaQueries&quot;:[{&quot;width&quot;:1140,&quot;cols&quot;:4},{&quot;width&quot;:847.5,&quot;cols&quot;:3},{&quot;width&quot;:555,&quot;cols&quot;:2},{&quot;width&quot;:262.5,&quot;cols&quot;:1}],&quot;displayType&quot;:&quot;bottomToTop&quot;,&quot;displayTypeSpeed&quot;:100,&quot;showPagination&quot;:false}\" data-hidden-by-filters=\"New items were loaded, but they are hidden because of your choice of filters\">\n\t\t<div data-id=\"989797\" data-type=\"buenas-noticias\" class=\"no-title no-description has-button state-closed vamtam-project cbp-item\">\n\t<div class=\"portfolio-item-wrapper\">\n\t\t\t\t<div class=\"portfolio_image\">\n\t\t\t<div class=\"thumbnail\" style=\"max-height:400px\">\n\t\t\t\t\t\t\t\t\t\t<img decoding=\"async\" width=\"262\" height=\"175\" src=\"https:\/\/jcmm16.org\/wp-content\/uploads\/2021\/10\/AdobeStock_484599252-262x175.jpeg\" class=\"attachment-portfolio-loop-4 size-portfolio-loop-4 wp-post-image\" alt=\"\" srcset=\"https:\/\/jcmm16.org\/wp-content\/uploads\/2021\/10\/AdobeStock_484599252-262x175.jpeg 262w, https:\/\/jcmm16.org\/wp-content\/uploads\/2021\/10\/AdobeStock_484599252-1140x760.jpeg 1140w, https:\/\/jcmm16.org\/wp-content\/uploads\/2021\/10\/AdobeStock_484599252-555x370.jpeg 555w, https:\/\/jcmm16.org\/wp-content\/uploads\/2021\/10\/AdobeStock_484599252-360x240.jpeg 360w\" sizes=\"(min-width: 900px) 50vw, 100vw\" \/>\t\t\t\t\t\t\t<\/div><!-- \/ .thumbnail -->\n\t\t<\/div>\n\n\t\t\n\t\t\t\t\t<span class=\"thumbnail-overlay\">\n\t\t\t\t<span class=\"meta\">\n\t\t\t\t\t\t\t\t\t\t<div class=\"more-button \">\n\t\t\t\t\t\t<a class=\"button button-border accent1 hover-accent1  no-lightbox link\" target=\"_self\" href=\"https:\/\/jcmm16.org\/es\/portfolio\/el-camino-de-la-vida\" >\n\t\t\t\t\t\t\tRead more\t\t\t\t\t\t<\/a>\n\t\t\t\t\t<\/div>\n\t\t\t\t\t\t\t\t\t<\/span>\n\t\t\t<\/span>\n\t\t\t\t\t\t<\/div>\n<\/div><div data-id=\"989793\" data-type=\"buenas-noticias\" class=\"no-title no-description has-button state-closed vamtam-project cbp-item\">\n\t<div class=\"portfolio-item-wrapper\">\n\t\t\t\t<div class=\"portfolio_image\">\n\t\t\t<div class=\"thumbnail\" style=\"max-height:400px\">\n\t\t\t\t\t\t\t\t\t\t<img decoding=\"async\" width=\"262\" height=\"175\" src=\"https:\/\/jcmm16.org\/wp-content\/uploads\/2021\/06\/AdobeStock_110518685-262x175.jpeg\" class=\"attachment-portfolio-loop-4 size-portfolio-loop-4 wp-post-image\" alt=\"\" srcset=\"https:\/\/jcmm16.org\/wp-content\/uploads\/2021\/06\/AdobeStock_110518685-262x175.jpeg 262w, https:\/\/jcmm16.org\/wp-content\/uploads\/2021\/06\/AdobeStock_110518685-300x200.jpeg 300w, https:\/\/jcmm16.org\/wp-content\/uploads\/2021\/06\/AdobeStock_110518685-1024x683.jpeg 1024w, https:\/\/jcmm16.org\/wp-content\/uploads\/2021\/06\/AdobeStock_110518685-1536x1024.jpeg 1536w, https:\/\/jcmm16.org\/wp-content\/uploads\/2021\/06\/AdobeStock_110518685-2048x1365.jpeg 2048w, https:\/\/jcmm16.org\/wp-content\/uploads\/2021\/06\/AdobeStock_110518685-1140x760.jpeg 1140w, https:\/\/jcmm16.org\/wp-content\/uploads\/2021\/06\/AdobeStock_110518685-555x370.jpeg 555w, https:\/\/jcmm16.org\/wp-content\/uploads\/2021\/06\/AdobeStock_110518685-360x240.jpeg 360w, https:\/\/jcmm16.org\/wp-content\/uploads\/2021\/06\/AdobeStock_110518685-1320x880.jpeg 1320w, https:\/\/jcmm16.org\/wp-content\/uploads\/2021\/06\/AdobeStock_110518685-600x400.jpeg 600w\" sizes=\"(min-width: 900px) 50vw, 100vw\" \/>\t\t\t\t\t\t\t<\/div><!-- \/ .thumbnail -->\n\t\t<\/div>\n\n\t\t\n\t\t\t\t\t<span class=\"thumbnail-overlay\">\n\t\t\t\t<span class=\"meta\">\n\t\t\t\t\t\t\t\t\t\t<div class=\"more-button \">\n\t\t\t\t\t\t<a class=\"button button-border accent1 hover-accent1  no-lightbox link\" target=\"_self\" href=\"https:\/\/jcmm16.org\/es\/portfolio\/aun-hay-esperanza\" >\n\t\t\t\t\t\t\tRead more\t\t\t\t\t\t<\/a>\n\t\t\t\t\t<\/div>\n\t\t\t\t\t\t\t\t\t<\/span>\n\t\t\t<\/span>\n\t\t\t\t\t\t<\/div>\n<\/div>\t<\/div>\n\t<\/section>\n\n<\/div><\/div>\n","protected":false},"excerpt":{"rendered":"<p>\u00bfQu\u00e9 es la esperanza? Podr\u00edamos definir la esperanza como el hecho de esperar, de esperar con confianza la realizaci\u00f3n en el futuro de algo favorable, generalmente preciso o determinado, que deseamos, que deseamos. Puede ser una esperanza de felicidad, de curaci\u00f3n, de \u00e9xito. La esperanza en nuestros corazones debe comenzar frente a muchas situaciones inesperadas&#8230;<\/p>\n","protected":false},"author":1,"featured_media":0,"parent":0,"menu_order":0,"comment_status":"closed","ping_status":"closed","template":"","meta":{"footnotes":""},"class_list":["post-990659","page","type-page","status-publish","hentry"],"_links":{"self":[{"href":"https:\/\/jcmm16.org\/es\/wp-json\/wp\/v2\/pages\/990659","targetHints":{"allow":["GET"]}}],"collection":[{"href":"https:\/\/jcmm16.org\/es\/wp-json\/wp\/v2\/pages"}],"about":[{"href":"https:\/\/jcmm16.org\/es\/wp-json\/wp\/v2\/types\/page"}],"author":[{"embeddable":true,"href":"https:\/\/jcmm16.org\/es\/wp-json\/wp\/v2\/users\/1"}],"replies":[{"embeddable":true,"href":"https:\/\/jcmm16.org\/es\/wp-json\/wp\/v2\/comments?post=990659"}],"version-history":[{"count":3,"href":"https:\/\/jcmm16.org\/es\/wp-json\/wp\/v2\/pages\/990659\/revisions"}],"predecessor-version":[{"id":990683,"href":"https:\/\/jcmm16.org\/es\/wp-json\/wp\/v2\/pages\/990659\/revisions\/990683"}],"wp:attachment":[{"href":"https:\/\/jcmm16.org\/es\/wp-json\/wp\/v2\/media?parent=990659"}],"curies":[{"name":"wp","href":"https:\/\/api.w.org\/{rel}","templated":true}]}}