{"id":991348,"date":"2021-10-21T19:47:10","date_gmt":"2021-10-21T19:47:10","guid":{"rendered":"https:\/\/jcmm16.org\/nuestros-ministerios"},"modified":"2022-05-22T15:47:56","modified_gmt":"2022-05-22T15:47:56","slug":"nuestros-ministerios","status":"publish","type":"page","link":"https:\/\/jcmm16.org\/es\/nuestros-ministerios","title":{"rendered":"Nuestros Ministerios"},"content":{"rendered":"\t\t<div class=\"sep-text single centered\">\n\t\t\t\t\t\t\t<span class=\"sep-text-before\"><div class=\"sep-text-line\"><\/div><\/span>\n\t\t\t\t\t\t<div class=\"content\">\n\t\t\t\t<h2 class=\"text-divider-double\">\npanorama general<\/h2>\t\t\t<\/div>\n\t\t\t<span class=\"sep-text-after\"><div class=\"sep-text-line\"><\/div><\/span>\n\t\t\t\t\t<\/div>\n\t\n<div class=\"row \"><div class=\"wpv-grid grid-1-5  wpv-first-level first unextended\" style=\"padding-top:0px;padding-bottom:0px\" id=\"wpv-column-5c4491b45038babcd8c86d4d44f1bf1c\" >\n<div  data-href=\"https:\/\/jcmm16.org\/es\/ministerio-de-ninos\" tabindex=\"1\" title=\"https:\/\/jcmm16.org\/es\/ministerio-de-ninos\" data-target=\"_blank\" class=\"linkarea clearfix accent7  background-transparent\">\n\t\t\t<div class=\"first\"><img decoding=\"async\" width=\"1366\" height=\"890\" src=\"https:\/\/jcmm16.org\/wp-content\/uploads\/2021\/10\/ChildrensMinistry.jpg\" class=\"attachment-full size-full\" alt=\"\" srcset=\"https:\/\/jcmm16.org\/wp-content\/uploads\/2021\/10\/ChildrensMinistry.jpg 1366w, https:\/\/jcmm16.org\/wp-content\/uploads\/2021\/10\/ChildrensMinistry-300x195.jpg 300w, https:\/\/jcmm16.org\/wp-content\/uploads\/2021\/10\/ChildrensMinistry-1024x667.jpg 1024w, https:\/\/jcmm16.org\/wp-content\/uploads\/2021\/10\/ChildrensMinistry-1140x743.jpg 1140w, https:\/\/jcmm16.org\/wp-content\/uploads\/2021\/10\/ChildrensMinistry-555x362.jpg 555w, https:\/\/jcmm16.org\/wp-content\/uploads\/2021\/10\/ChildrensMinistry-360x235.jpg 360w, https:\/\/jcmm16.org\/wp-content\/uploads\/2021\/10\/ChildrensMinistry-262x171.jpg 262w, https:\/\/jcmm16.org\/wp-content\/uploads\/2021\/10\/ChildrensMinistry-1320x860.jpg 1320w, https:\/\/jcmm16.org\/wp-content\/uploads\/2021\/10\/ChildrensMinistry-600x391.jpg 600w\" sizes=\"(max-width: 1366px) 100vw, 1366px\" \/><\/div>\n\t\t\t\t<div class=\"last\"><h3 style=\"text-align: center;\">ministerio de ni\u00f1os<\/h3>\n<p style=\"text-align: center;\">Instruye al ni\u00f1o en el camino que debe seguir, y cuando sea viejo no se apartar\u00e1 de \u00e9l.<\/p>\n<div class=\"push\" style='height:10px'><\/div>\n<p style=\"text-align: center;\">Proverbios 22,6<\/p>\n<p style=\"text-align: center;\"><img decoding=\"async\" class=\"aligncenter size-full wp-image-6905\" src=\"http:\/\/jcmm16.org\/wp-content\/themes\/church-event\/samples\/images\/ornament1.png\" alt=\"ornamento1\" width=\"50\" height=\"30\" \/><\/p>\n<p style=\"text-align: center;\"><a href=\"https:\/\/jcmm16.org\/es\/ministerio-de-ninos\" target=\"_blank\" rel=\"noopener\">Leer m\u00e1s \u2192<\/a><\/p>\n<p style=\"text-align: left;\"><\/div>\n\t<\/div><\/div>\n<div class=\"wpv-grid grid-1-5  wpv-first-level unextended\" style=\"padding-top:0px;padding-bottom:0px\" id=\"wpv-column-f4365bcf78f3f4075385011df8624ea3\" >\n<div  data-href=\"#\" tabindex=\"1\" data-target=\"_blank\" class=\"linkarea clearfix accent7  background-transparent\">\n\t\t\t<div class=\"first\"><img decoding=\"async\" width=\"960\" height=\"540\" src=\"https:\/\/jcmm16.org\/wp-content\/uploads\/2021\/10\/7-reasons-stay-in-youth-ministry.jpg\" class=\"attachment-full size-full\" alt=\"\" srcset=\"https:\/\/jcmm16.org\/wp-content\/uploads\/2021\/10\/7-reasons-stay-in-youth-ministry.jpg 960w, https:\/\/jcmm16.org\/wp-content\/uploads\/2021\/10\/7-reasons-stay-in-youth-ministry-300x169.jpg 300w, https:\/\/jcmm16.org\/wp-content\/uploads\/2021\/10\/7-reasons-stay-in-youth-ministry-555x312.jpg 555w, https:\/\/jcmm16.org\/wp-content\/uploads\/2021\/10\/7-reasons-stay-in-youth-ministry-360x203.jpg 360w, https:\/\/jcmm16.org\/wp-content\/uploads\/2021\/10\/7-reasons-stay-in-youth-ministry-262x147.jpg 262w, https:\/\/jcmm16.org\/wp-content\/uploads\/2021\/10\/7-reasons-stay-in-youth-ministry-600x338.jpg 600w\" sizes=\"(max-width: 960px) 100vw, 960px\" \/><\/div>\n\t\t\t\t<div class=\"last\"><h3 style=\"text-align: center;\">ministerio juvenil<\/h3>\n<p style=\"text-align: center;\">\u00bfC\u00f3mo limpiar\u00e1 el joven su camino? Haciendo caso de tu palabra.<\/p>\n<div class=\"push\" style='height:40px'><\/div>\n<p style=\"text-align: center;\">Salmo 119,9<\/p>\n<p style=\"text-align: center;\"><img decoding=\"async\" class=\"aligncenter size-full wp-image-6905\" src=\"http:\/\/jcmm16.org\/wp-content\/themes\/church-event\/samples\/images\/ornament1.png\" alt=\"ornamento1\" width=\"50\" height=\"30\" \/><\/p>\n<p style=\"text-align: center;\"><a href=\".\">Leer m\u00e1s \u2192<\/a><\/p>\n<div class=\"push\" style='height:35px'><\/div><\/div>\n\t<\/div><\/div>\n<div class=\"wpv-grid grid-1-5  wpv-first-level unextended\" style=\"padding-top:0px;padding-bottom:0px\" id=\"wpv-column-cdb9e8fa0b83a60b9afd203c97f28038\" >\n<div  data-href=\"https:\/\/jcmm16.org\/es\/ministerio-de-solteros\" tabindex=\"1\" title=\"https:\/\/jcmm16.org\/es\/ministerio-de-solteros\" data-target=\"_blank\" class=\"linkarea clearfix accent7  background-transparent\">\n\t\t\t<div class=\"first\"><img decoding=\"async\" width=\"2560\" height=\"1707\" src=\"https:\/\/jcmm16.org\/wp-content\/uploads\/2022\/05\/AdobeStock_214268927-scaled.jpeg\" class=\"attachment-full size-full\" alt=\"\" srcset=\"https:\/\/jcmm16.org\/wp-content\/uploads\/2022\/05\/AdobeStock_214268927-scaled.jpeg 2560w, https:\/\/jcmm16.org\/wp-content\/uploads\/2022\/05\/AdobeStock_214268927-300x200.jpeg 300w, https:\/\/jcmm16.org\/wp-content\/uploads\/2022\/05\/AdobeStock_214268927-1024x683.jpeg 1024w, https:\/\/jcmm16.org\/wp-content\/uploads\/2022\/05\/AdobeStock_214268927-1536x1024.jpeg 1536w, https:\/\/jcmm16.org\/wp-content\/uploads\/2022\/05\/AdobeStock_214268927-2048x1365.jpeg 2048w, https:\/\/jcmm16.org\/wp-content\/uploads\/2022\/05\/AdobeStock_214268927-1140x760.jpeg 1140w, https:\/\/jcmm16.org\/wp-content\/uploads\/2022\/05\/AdobeStock_214268927-555x370.jpeg 555w, https:\/\/jcmm16.org\/wp-content\/uploads\/2022\/05\/AdobeStock_214268927-360x240.jpeg 360w, https:\/\/jcmm16.org\/wp-content\/uploads\/2022\/05\/AdobeStock_214268927-262x175.jpeg 262w, https:\/\/jcmm16.org\/wp-content\/uploads\/2022\/05\/AdobeStock_214268927-1320x880.jpeg 1320w, https:\/\/jcmm16.org\/wp-content\/uploads\/2022\/05\/AdobeStock_214268927-600x400.jpeg 600w\" sizes=\"(max-width: 2560px) 100vw, 2560px\" \/><\/div>\n\t\t\t\t<div class=\"last\"><h3 style=\"text-align: center;\">ministerio de solteros<\/h3>\n<p style=\"text-align: center;\">&#8230;El que no est\u00e1 casado se preocupa por las cosas que pertenecen al Se\u00f1or, c\u00f3mo puede agradar al Se\u00f1or.<\/p>\n<div class=\"push\" style='height:10px'><\/div>\n<p style=\"text-align: center;\">1 Corintios 7.32<\/p>\n<p style=\"text-align: center;\"><img decoding=\"async\" class=\"aligncenter size-full wp-image-6905\" src=\"http:\/\/jcmm16.org\/wp-content\/themes\/church-event\/samples\/images\/ornament1.png\" alt=\"ornamento1\" width=\"50\" height=\"30\" \/><\/p>\n<p style=\"text-align: center;\"><a href=\"https:\/\/jcmm16.org\/es\/ministerio-de-solteros\" target=\"_blank\" rel=\"noopener\">Leer m\u00e1s \u2192<\/a><br \/><\/div>\n\t<\/div><\/div>\n<div class=\"wpv-grid grid-1-5  wpv-first-level unextended\" style=\"padding-top:0px;padding-bottom:0px\" id=\"wpv-column-37e49d8bc65e35a2e316ac0e584c9950\" >\n<div  data-href=\"https:\/\/jcmm16.org\/es\/ministerio-de-la-mujer\" tabindex=\"1\" title=\"https:\/\/jcmm16.org\/es\/ministerio-de-la-mujer\" data-target=\"_blank\" class=\"linkarea clearfix accent7  background-transparent\">\n\t\t\t<div class=\"first\"><img decoding=\"async\" width=\"2048\" height=\"1365\" src=\"https:\/\/jcmm16.org\/wp-content\/uploads\/2022\/05\/SHUTTERSTOCK_738452740-2048x1365-1.jpg\" class=\"attachment-full size-full\" alt=\"\" srcset=\"https:\/\/jcmm16.org\/wp-content\/uploads\/2022\/05\/SHUTTERSTOCK_738452740-2048x1365-1.jpg 2048w, https:\/\/jcmm16.org\/wp-content\/uploads\/2022\/05\/SHUTTERSTOCK_738452740-2048x1365-1-300x200.jpg 300w, https:\/\/jcmm16.org\/wp-content\/uploads\/2022\/05\/SHUTTERSTOCK_738452740-2048x1365-1-1024x683.jpg 1024w, https:\/\/jcmm16.org\/wp-content\/uploads\/2022\/05\/SHUTTERSTOCK_738452740-2048x1365-1-1536x1024.jpg 1536w, https:\/\/jcmm16.org\/wp-content\/uploads\/2022\/05\/SHUTTERSTOCK_738452740-2048x1365-1-1140x760.jpg 1140w, https:\/\/jcmm16.org\/wp-content\/uploads\/2022\/05\/SHUTTERSTOCK_738452740-2048x1365-1-555x370.jpg 555w, https:\/\/jcmm16.org\/wp-content\/uploads\/2022\/05\/SHUTTERSTOCK_738452740-2048x1365-1-360x240.jpg 360w, https:\/\/jcmm16.org\/wp-content\/uploads\/2022\/05\/SHUTTERSTOCK_738452740-2048x1365-1-262x175.jpg 262w, https:\/\/jcmm16.org\/wp-content\/uploads\/2022\/05\/SHUTTERSTOCK_738452740-2048x1365-1-1320x880.jpg 1320w, https:\/\/jcmm16.org\/wp-content\/uploads\/2022\/05\/SHUTTERSTOCK_738452740-2048x1365-1-600x400.jpg 600w\" sizes=\"(max-width: 2048px) 100vw, 2048px\" \/><\/div>\n\t\t\t\t<div class=\"last\"><h3 style=\"text-align: center;\">Ministerio de la Mujer<\/h3>\n<p style=\"text-align: center;\">El encanto es enga\u00f1oso y la belleza fugaz; pero la mujer que teme al Se\u00f1or es digna de alabanza.<\/p>\n<div class=\"push\" style='height:20px'><\/div>\n<p style=\"text-align: center;\">Proverbios 31,30<\/p>\n<p style=\"text-align: center;\"><img decoding=\"async\" class=\"aligncenter size-full wp-image-6905\" src=\"http:\/\/jcmm16.org\/wp-content\/themes\/church-event\/samples\/images\/ornament1.png\" alt=\"ornamento1\" width=\"50\" height=\"30\" \/><\/p>\n<p style=\"text-align: center;\"><a href=\"https:\/\/jcmm16.org\/es\/ministerio-de-la-mujer\" target=\"_blank\" rel=\"noopener\">Leer m\u00e1s \u2192<\/a><br \/><\/div>\n\t<\/div><\/div>\n<div class=\"wpv-grid grid-1-5  wpv-first-level unextended\" style=\"padding-top:0px;padding-bottom:0px\" id=\"wpv-column-4d937c94c8cd868ce01b67c161088910\" >\n<div  data-href=\"https:\/\/jcmm16.org\/es\/ministerio-de-hombres\" tabindex=\"1\" title=\"https:\/\/jcmm16.org\/es\/ministerio-de-hombres\" data-target=\"_blank\" class=\"linkarea clearfix accent7  background-transparent\">\n\t\t\t<div class=\"first\"><img decoding=\"async\" width=\"2560\" height=\"1706\" src=\"https:\/\/jcmm16.org\/wp-content\/uploads\/2022\/05\/AdobeStock_119059939-scaled.jpeg\" class=\"attachment-full size-full\" alt=\"\" srcset=\"https:\/\/jcmm16.org\/wp-content\/uploads\/2022\/05\/AdobeStock_119059939-scaled.jpeg 2560w, https:\/\/jcmm16.org\/wp-content\/uploads\/2022\/05\/AdobeStock_119059939-300x200.jpeg 300w, https:\/\/jcmm16.org\/wp-content\/uploads\/2022\/05\/AdobeStock_119059939-1024x682.jpeg 1024w, https:\/\/jcmm16.org\/wp-content\/uploads\/2022\/05\/AdobeStock_119059939-1536x1024.jpeg 1536w, https:\/\/jcmm16.org\/wp-content\/uploads\/2022\/05\/AdobeStock_119059939-2048x1365.jpeg 2048w, https:\/\/jcmm16.org\/wp-content\/uploads\/2022\/05\/AdobeStock_119059939-1140x760.jpeg 1140w, https:\/\/jcmm16.org\/wp-content\/uploads\/2022\/05\/AdobeStock_119059939-555x370.jpeg 555w, https:\/\/jcmm16.org\/wp-content\/uploads\/2022\/05\/AdobeStock_119059939-360x240.jpeg 360w, https:\/\/jcmm16.org\/wp-content\/uploads\/2022\/05\/AdobeStock_119059939-262x175.jpeg 262w, https:\/\/jcmm16.org\/wp-content\/uploads\/2022\/05\/AdobeStock_119059939-1320x880.jpeg 1320w, https:\/\/jcmm16.org\/wp-content\/uploads\/2022\/05\/AdobeStock_119059939-600x400.jpeg 600w\" sizes=\"(max-width: 2560px) 100vw, 2560px\" \/><\/div>\n\t\t\t\t<div class=\"last\"><h3 style=\"text-align: center;\">ministerio de hombres<\/h3>\n<p style=\"text-align: center;\">Bienaventurado el hombre que encuentra la sabidur\u00eda, y el hombre que adquiere entendimiento.<\/p>\n<div class=\"push\" style='height:10px'><\/div>\n<p style=\"text-align: center;\">Proverbios 3,13<\/p>\n<p style=\"text-align: center;\"><img decoding=\"async\" class=\"aligncenter size-full wp-image-6905\" src=\"http:\/\/jcmm16.org\/wp-content\/themes\/church-event\/samples\/images\/ornament1.png\" alt=\"ornamento1\" width=\"50\" height=\"30\" \/><\/p>\n<p style=\"text-align: center;\"><a href=\"https:\/\/jcmm16.org\/es\/ministerio-de-hombres\" target=\"_blank\" rel=\"noopener\">Leer m\u00e1s \u2192<\/a><br \/><\/div>\n\t<\/div><\/div><\/div>\n","protected":false},"excerpt":{"rendered":"","protected":false},"author":1,"featured_media":0,"parent":0,"menu_order":0,"comment_status":"closed","ping_status":"closed","template":"","meta":{"footnotes":""},"class_list":["post-991348","page","type-page","status-publish","hentry"],"_links":{"self":[{"href":"https:\/\/jcmm16.org\/es\/wp-json\/wp\/v2\/pages\/991348","targetHints":{"allow":["GET"]}}],"collection":[{"href":"https:\/\/jcmm16.org\/es\/wp-json\/wp\/v2\/pages"}],"about":[{"href":"https:\/\/jcmm16.org\/es\/wp-json\/wp\/v2\/types\/page"}],"author":[{"embeddable":true,"href":"https:\/\/jcmm16.org\/es\/wp-json\/wp\/v2\/users\/1"}],"replies":[{"embeddable":true,"href":"https:\/\/jcmm16.org\/es\/wp-json\/wp\/v2\/comments?post=991348"}],"version-history":[{"count":12,"href":"https:\/\/jcmm16.org\/es\/wp-json\/wp\/v2\/pages\/991348\/revisions"}],"predecessor-version":[{"id":992126,"href":"https:\/\/jcmm16.org\/es\/wp-json\/wp\/v2\/pages\/991348\/revisions\/992126"}],"wp:attachment":[{"href":"https:\/\/jcmm16.org\/es\/wp-json\/wp\/v2\/media?parent=991348"}],"curies":[{"name":"wp","href":"https:\/\/api.w.org\/{rel}","templated":true}]}}