{"id":991454,"date":"2021-06-19T19:55:59","date_gmt":"2021-06-19T19:55:59","guid":{"rendered":"https:\/\/jcmm16.org\/nuestros-valores"},"modified":"2022-05-24T13:03:44","modified_gmt":"2022-05-24T13:03:44","slug":"nuestros-valores","status":"publish","type":"page","link":"https:\/\/jcmm16.org\/es\/nuestros-valores","title":{"rendered":"Nuestros valores"},"content":{"rendered":"<ul>\n<li>Estamos comprometidos a estar centrados en Cristo. Todo lo que seamos guiados a hacer se originar\u00e1 en Cristo y fluir\u00e1 de Cristo.<\/li>\n<\/ul>\n<p>&nbsp;<\/p>\n<ul>\n<li>Estamos comprometidos a estar centrados en Cristo. Poseeremos y activaremos la mente de Cristo, enfocada en construir el Reino de Dios y destruir el Reino de Satan\u00e1s.<\/li>\n<\/ul>\n<p>&nbsp;<\/p>\n<p>Estamos comprometidos a cuidar de Cristo. Poseeremos y manifestaremos el coraz\u00f3n de Cristo demostrando compasi\u00f3n unos por otros.<\/p>\n<p>&nbsp;<\/p>\n<ul>\n<li>Estamos comprometidos a ser Cristo-Compartiendo. Comunicaremos el mensaje del evangelio a los salvos y no salvos en cada oportunidad que se nos presente.<\/li>\n<\/ul>\n<p>&nbsp;<\/p>\n<ul>\n<li>Estamos comprometidos a ser amantes de Cristo. Demostraremos amor incondicional y una actitud no discriminatoria hacia la humanidad, independientemente de su raza, color, credo o denominaci\u00f3n.<\/li>\n<\/ul>\n<p>&nbsp;<\/p>\n<ul>\n<li>Estamos comprometidos a dar a Cristo. Operaremos desde el principio de las Escrituras que dice: \u00abM\u00e1s bienaventurado es dar que recibir\u00bb. Damos nuestro tiempo, talentos y tesoros guiados por el Se\u00f1or.<\/li>\n<\/ul>\n<p>&nbsp;<\/p>\n<ul>\n<li>Estamos comprometidos a ser glorificadores de Cristo. Todo lo que se nos induzca a hacer, se har\u00e1 de coraz\u00f3n como para el Se\u00f1or, para que \u00c9l sea glorificado.<\/li>\n<\/ul>\n","protected":false},"excerpt":{"rendered":"<p>Estamos comprometidos a estar centrados en Cristo. Todo lo que seamos guiados a hacer se originar\u00e1 en Cristo y fluir\u00e1 de Cristo. &nbsp; Estamos comprometidos a estar centrados en Cristo. Poseeremos y activaremos la mente de Cristo, enfocada en construir el Reino de Dios y destruir el Reino de Satan\u00e1s. &nbsp; Estamos comprometidos a cuidar&#8230;<\/p>\n","protected":false},"author":1,"featured_media":0,"parent":0,"menu_order":0,"comment_status":"closed","ping_status":"closed","template":"","meta":{"footnotes":""},"class_list":["post-991454","page","type-page","status-publish","hentry"],"_links":{"self":[{"href":"https:\/\/jcmm16.org\/es\/wp-json\/wp\/v2\/pages\/991454","targetHints":{"allow":["GET"]}}],"collection":[{"href":"https:\/\/jcmm16.org\/es\/wp-json\/wp\/v2\/pages"}],"about":[{"href":"https:\/\/jcmm16.org\/es\/wp-json\/wp\/v2\/types\/page"}],"author":[{"embeddable":true,"href":"https:\/\/jcmm16.org\/es\/wp-json\/wp\/v2\/users\/1"}],"replies":[{"embeddable":true,"href":"https:\/\/jcmm16.org\/es\/wp-json\/wp\/v2\/comments?post=991454"}],"version-history":[{"count":2,"href":"https:\/\/jcmm16.org\/es\/wp-json\/wp\/v2\/pages\/991454\/revisions"}],"predecessor-version":[{"id":992171,"href":"https:\/\/jcmm16.org\/es\/wp-json\/wp\/v2\/pages\/991454\/revisions\/992171"}],"wp:attachment":[{"href":"https:\/\/jcmm16.org\/es\/wp-json\/wp\/v2\/media?parent=991454"}],"curies":[{"name":"wp","href":"https:\/\/api.w.org\/{rel}","templated":true}]}}