{"id":992151,"date":"2021-06-17T16:39:40","date_gmt":"2021-06-17T16:39:40","guid":{"rendered":"https:\/\/jcmm16.org\/evangelizacion"},"modified":"2022-05-24T13:03:40","modified_gmt":"2022-05-24T13:03:40","slug":"evangelizacion","status":"publish","type":"page","link":"https:\/\/jcmm16.org\/es\/evangelizacion","title":{"rendered":"Evangelizaci\u00f3n"},"content":{"rendered":"<p style=\"text-align: center;\">Y les dijo: Id por todo el mundo y predicad el evangelio a toda criatura.<\/p>\n<p style=\"text-align: center;\">Marcos 16,15<\/p>\n<p style=\"text-align: center;\"><img decoding=\"async\" class=\"size-full wp-image-6905 aligncenter\" src=\"http:\/\/jcmm16.org\/wp-content\/themes\/church-event\/samples\/images\/ornament1.png\" alt=\"ornamento1\" width=\"50\" height=\"30\"><\/p>\n<p>&nbsp;<\/p>\n<div class=\"row \"><div class=\"wpv-grid grid-1-1  wpv-first-level first unextended\" style=\"padding-top:0px;padding-bottom:0px\" id=\"wpv-column-f028dc8e8c8e6aa93f3c03d892892fe4\" ><p style=\"text-align: left;\">El Salvador encarg\u00f3 a los disc\u00edpulos la misi\u00f3n de buscar y salvar a los perdidos, primero en una escala limitada (Mateo 10), y luego, despu\u00e9s de Su resurrecci\u00f3n, en una escala mundial:<br \/>\n1. Vayan&#8230; hagan disc\u00edpulos&#8230; bauticen&#8230; ense\u00f1en&#8230; est\u00e9n con ustedes. (Mateo 28:18-20)<br \/>\n2. Id&#8230;predicad a todos&#8230;bautizad a los creyentes. (Marcos 16:15-16)<br \/>\n3. Predicar el arrepentimiento y la remisi\u00f3n de los pecados a todas las naciones. (Lucas 24:46-48)<br \/>\n4. Testigos de Cristo a toda la tierra. (Hechos 1:8)<\/p>\n<p style=\"text-align: left;\">En la gran comisi\u00f3n, el Hijo de Dios les dej\u00f3 una gran responsabilidad:<br \/>\n1. El gran reclamo: toda autoridad en el cielo y en la tierra.<br \/>\n2. El gran cargo: poner a todos los hombres bajo el gobierno de Cristo.<br \/>\n3. La gran promesa: Yo estar\u00e9 con vosotros todos los d\u00edas, hasta el fin del mundo<\/p>\n<p style=\"text-align: left;\">As\u00ed como Jes\u00fas transfiri\u00f3 Su misi\u00f3n de salvar a los perdidos a Sus ap\u00f3stoles, ellos la transfirieron a todas las almas salvas.<\/p>\n<p style=\"text-align: left;\">Qu\u00e9 maravilloso tener la oportunidad de caminar en los pasos del Se\u00f1or y continuar Su misi\u00f3n.<\/p>\n<p style=\"text-align: left;\">Nuestra misi\u00f3n en JCMM16 es equipar y perfeccionar a los santos para el ministerio evangel\u00edstico y para la edificaci\u00f3n del Cuerpo de Cristo para que cada persona pueda suplir efectivamente la vida del Esp\u00edritu Santo y operar en los dones del esp\u00edritu, resultando en un cuerpo unificado. y salvaci\u00f3n de las almas.<\/p>\n<p style=\"text-align: left;\"><\/div><\/div>\n","protected":false},"excerpt":{"rendered":"<p>Y les dijo: Id por todo el mundo y predicad el evangelio a toda criatura. Marcos 16,15 &nbsp; El Salvador encarg\u00f3 a los disc\u00edpulos la misi\u00f3n de buscar y salvar a los perdidos, primero en una escala limitada (Mateo 10), y luego, despu\u00e9s de Su resurrecci\u00f3n, en una escala mundial: 1. Vayan&#8230; hagan disc\u00edpulos&#8230; bauticen&#8230;&#8230;<\/p>\n","protected":false},"author":1,"featured_media":992152,"parent":0,"menu_order":0,"comment_status":"closed","ping_status":"closed","template":"","meta":{"footnotes":""},"class_list":["post-992151","page","type-page","status-publish","has-post-thumbnail","hentry"],"_links":{"self":[{"href":"https:\/\/jcmm16.org\/es\/wp-json\/wp\/v2\/pages\/992151","targetHints":{"allow":["GET"]}}],"collection":[{"href":"https:\/\/jcmm16.org\/es\/wp-json\/wp\/v2\/pages"}],"about":[{"href":"https:\/\/jcmm16.org\/es\/wp-json\/wp\/v2\/types\/page"}],"author":[{"embeddable":true,"href":"https:\/\/jcmm16.org\/es\/wp-json\/wp\/v2\/users\/1"}],"replies":[{"embeddable":true,"href":"https:\/\/jcmm16.org\/es\/wp-json\/wp\/v2\/comments?post=992151"}],"version-history":[{"count":1,"href":"https:\/\/jcmm16.org\/es\/wp-json\/wp\/v2\/pages\/992151\/revisions"}],"predecessor-version":[{"id":992168,"href":"https:\/\/jcmm16.org\/es\/wp-json\/wp\/v2\/pages\/992151\/revisions\/992168"}],"wp:featuredmedia":[{"embeddable":true,"href":"https:\/\/jcmm16.org\/es\/wp-json\/wp\/v2\/media\/992152"}],"wp:attachment":[{"href":"https:\/\/jcmm16.org\/es\/wp-json\/wp\/v2\/media?parent=992151"}],"curies":[{"name":"wp","href":"https:\/\/api.w.org\/{rel}","templated":true}]}}