{"id":992174,"date":"2021-06-05T17:17:06","date_gmt":"2021-06-05T17:17:06","guid":{"rendered":"https:\/\/jcmm16.org\/politica-de-privacidad"},"modified":"2021-06-05T17:17:06","modified_gmt":"2021-06-05T17:17:06","slug":"politica-de-privacidad","status":"publish","type":"page","link":"https:\/\/jcmm16.org\/es\/politica-de-privacidad","title":{"rendered":"Pol\u00edtica de privacidad"},"content":{"rendered":"<div class=\"row \"><div class=\"wpv-grid grid-1-1  wpv-first-level first unextended\" style=\"padding-top:0px;padding-bottom:0px\" id=\"wpv-column-7e7235283505ff1607027b02c952cf0f\" ><h1 style=\"text-align: center;\">Aviso legal y pol\u00edtica de privacidad<\/h1>\n<p><strong> <\/strong><\/p>\n<p>La asociaci\u00f3n Jesus Church Mission Mark 16, preocupada por los derechos de las personas, en particular en lo que se refiere al tratamiento automatizado y en af\u00e1n de transparencia con sus clientes, ha establecido una pol\u00edtica que abarca todos estos tratamientos, las finalidades perseguidas por los mismos as\u00ed como los medios de acci\u00f3n de que disponen las personas para el mejor ejercicio de sus derechos.<\/p>\n<p>Para m\u00e1s informaci\u00f3n sobre la protecci\u00f3n de datos personales, le invitamos a consultar el sitio web: <a href=\"https:\/\/www.cnil.fr\/\">https:\/\/www.cnil.fr\/<\/a><\/p>\n<p>La continuaci\u00f3n de la navegaci\u00f3n en este sitio implica sin reservas la aceptaci\u00f3n de las siguientes disposiciones y condiciones de uso.<\/p>\n<p>La versi\u00f3n actualmente en l\u00ednea de estos t\u00e9rminos de uso es la \u00fanica aplicable durante la duraci\u00f3n del uso del sitio y hasta que una nueva versi\u00f3n la reemplace.<\/p>\n<h1>Art\u00edculo 1 &#8211; Aviso legal<\/h1>\n<p><strong> <\/strong><\/p>\n<ul>\n<li><u>Sitio (en adelante, \u00abel<\/u> Sitio\u00bb):<\/li>\n<\/ul>\n<p>JCMM16<\/p>\n<ul>\n<li><u>Editor (en adelante, \u00abel<\/u> Editor\u00bb):<\/li>\n<\/ul>\n<p>La asociaci\u00f3n Jesus Church Mission Mark 16, registrada en la prefectura de con el n\u00famero<\/p>\n<p>con sede en: 7900 Central Avenue &#8211; Hyattsville MD 20785 n\u00famero de tel\u00e9fono: 3012452000<\/p>\n<p>direcci\u00f3n mail : info@jcmm16.org representado por Kob BILLEY, Fundador<\/p>\n<ul>\n<li><u>Anfitri\u00f3n (en adelante, \u00abel<\/u> Anfitri\u00f3n\u00bb):<\/li>\n<\/ul>\n<p>JCMM16 est\u00e1 organizado por IONOS, cuyo domicilio social se encuentra en 7 Place de La Gare 57200 SARREGUEMINES.<\/p>\n<h1>Art\u00edculo 2 &#8211; Acceso al sitio<\/h1>\n<p><strong> <\/strong><\/p>\n<p>El acceso al sitio y su uso est\u00e1n reservados para uso estrictamente personal. Usted acepta no utilizar este sitio y la informaci\u00f3n o los datos que contiene con fines comerciales, pol\u00edticos, publicitarios y para cualquier forma de solicitud comercial y, en particular, el env\u00edo de correos electr\u00f3nicos no solicitados.<\/p>\n<h1>Art\u00edculo 3 &#8211; Contenido del sitio<\/h1>\n<p><strong> <\/strong><\/p>\n<p>Todas las marcas, fotograf\u00edas, textos, comentarios, ilustraciones, im\u00e1genes animadas o no, secuencias de video, sonidos, as\u00ed como todas las aplicaciones inform\u00e1ticas que pudieran utilizarse para operar este sitio y<\/p>\n<p>m\u00e1s generalmente, todos los elementos reproducidos o utilizados en el sitio est\u00e1n protegidos por las leyes vigentes en materia de propiedad intelectual.<\/p>\n<p>Son propiedad total y completa del editor o de sus socios. Cualquier reproducci\u00f3n, representaci\u00f3n, uso o adaptaci\u00f3n, en cualquier forma, de la totalidad o parte de estos elementos, incluidas las aplicaciones inform\u00e1ticas, sin el consentimiento previo por escrito del editor, est\u00e1 estrictamente prohibido. El hecho de que el editor no inicie un procedimiento tan pronto como tenga conocimiento de estos usos no autorizados no constituye la aceptaci\u00f3n de dichos usos y la renuncia a la persecuci\u00f3n.<\/p>\n<h1>Art\u00edculo 4 &#8211; Gesti\u00f3n del sitio<\/h1>\n<p><strong> <\/strong><\/p>\n<p>Para la correcta gesti\u00f3n del sitio, el editor podr\u00e1 en cualquier momento:<\/p>\n<ul>\n<li>suspender, interrumpir o limitar el acceso a todo o parte del sitio, reservar el acceso al sitio, o ciertas partes del sitio, a una categor\u00eda espec\u00edfica de usuarios de Internet;<\/li>\n<li>eliminar cualquier informaci\u00f3n que pueda perturbar su funcionamiento o contravenir las leyes nacionales o internacionales;<\/li>\n<li>suspender el sitio para hacer<\/li>\n<\/ul>\n<h1>Art\u00edculo 5 &#8211; Responsabilidades<\/h1>\n<p><strong> <\/strong><\/p>\n<p>La responsabilidad del editor no puede comprometerse en caso de falla, falla, dificultad o interrupci\u00f3n de la operaci\u00f3n, impidiendo el acceso al sitio o una de sus funcionalidades.<\/p>\n<p>El material de conexi\u00f3n al sitio que utilices es bajo tu exclusiva responsabilidad. Debe tomar todas las medidas apropiadas para proteger su equipo y sus propios datos, incluso de ataques de virus a trav\u00e9s de Internet. Tambi\u00e9n es el \u00fanico responsable de los sitios y los datos que visita.<\/p>\n<p>El editor no se hace responsable en caso de procedimientos legales en su contra:<\/p>\n<ul>\n<li>por el uso del sitio o de cualquier servicio accesible a trav\u00e9s de Internet;<\/li>\n<li>debido a su incumplimiento de estos t\u00e9rminos y<\/li>\n<\/ul>\n<p>El editor no es responsable de ning\u00fan da\u00f1o causado a usted, a terceros y\/o a su equipo como resultado de su conexi\u00f3n o uso del sitio y usted renuncia a cualquier acci\u00f3n en su contra como resultado.<\/p>\n<p>Si el editor fuera objeto de un procedimiento amistoso o judicial debido a su uso del sitio, puede volverse contra usted para obtener una compensaci\u00f3n por todos los da\u00f1os, sumas, condenas y costos que puedan derivarse de este procedimiento.<\/p>\n<h1>Art\u00edculo 6 &#8211; Enlaces de hipertexto<\/h1>\n<p><strong> <\/strong><\/p>\n<p>El establecimiento por parte de los usuarios de cualquier enlace de hipertexto a todo o parte del sitio est\u00e1 estrictamente prohibido, sin el consentimiento previo por escrito del editor.<\/p>\n<p>El editor es libre de rechazar este permiso sin tener que justificar de ninguna manera su decisi\u00f3n. En caso de que el editor conceda su autorizaci\u00f3n, \u00e9sta es en todo caso s\u00f3lo temporal y podr\u00e1 ser retirada en cualquier momento, sin obligaci\u00f3n de justificaci\u00f3n a costa del editor.<\/p>\n<p>El editor no publica ninguna informaci\u00f3n accesible a trav\u00e9s de un enlace a otros sitios. El editor no tiene ning\u00fan derecho sobre el contenido incluido en dicho enlace.<\/p>\n<h1>Art\u00edculo 7 &#8211; Recogida y protecci\u00f3n de datos<\/h1>\n<p>Sus datos son recogidos por la asociaci\u00f3n Jesus Church Mission Mark 16.<\/p>\n<p>Datos personales significa cualquier informaci\u00f3n relacionada con una persona f\u00edsica identificada o identificable (sujeto de datos); una persona identificable es una persona que puede ser identificada, directa o indirectamente, en particular por referencia a un nombre, un n\u00famero de identificaci\u00f3n o a uno o m\u00e1s factores espec\u00edficos de su identidad f\u00edsica, fisiol\u00f3gica, gen\u00e9tica, mental, econ\u00f3mica, cultural o social.<\/p>\n<p>El editor utiliza principalmente la informaci\u00f3n personal que puede recopilarse en el sitio para la gesti\u00f3n de las relaciones con usted y, si es necesario, para el procesamiento de sus pedidos.<\/p>\n<p>Los datos personales recabados son los siguientes:<\/p>\n<p>&#8211;<\/p>\n<ul>\n<li>datos financieros: como parte del pago de los productos y servicios ofrecidos en la Plataforma, registra datos financieros relacionados con el cr\u00e9dito del usuario<\/li>\n<\/ul>\n<h1>Art\u00edculo 8 &#8211; Derecho de acceso, rectificaci\u00f3n y desreferenciaci\u00f3n de sus datos<\/h1>\n<p><strong> <\/strong><\/p>\n<p>En aplicaci\u00f3n de la normativa aplicable a los datos personales, los usuarios tienen los siguientes derechos:<\/p>\n<ul>\n<li>el derecho de acceso: pueden ejercer su derecho de acceso, para conocer los datos personales que les conciernen, dirigi\u00e9ndose por escrito a la direcci\u00f3n de correo electr\u00f3nico que se indica a continuaci\u00f3n. En este caso, antes de la implementaci\u00f3n de este derecho, la Plataforma podr\u00e1 solicitar prueba de la identidad del usuario con el fin de verificar su veracidad;<\/li>\n<li>derecho de rectificaci\u00f3n: si los datos personales que posee la Plataforma son inexactos, podr\u00e1 solicitar que se actualice la informaci\u00f3n;<\/li>\n<li>el derecho a la eliminaci\u00f3n de datos: los usuarios pueden solicitar la eliminaci\u00f3n de sus datos personales, de conformidad con las leyes de protecci\u00f3n de datos aplicables;<\/li>\n<li>el derecho a la limitaci\u00f3n del tratamiento: los usuarios podr\u00e1n solicitar a la Plataforma la limitaci\u00f3n del tratamiento de los datos personales de acuerdo con los supuestos previstos por el RGPD;<\/li>\n<li>derecho a oponerse al tratamiento de datos: los usuarios pueden oponerse al tratamiento de sus datos de acuerdo con los supuestos previstos por el RGPD;<\/li>\n<li>el derecho a la portabilidad: pueden solicitar que la Plataforma le proporcione los datos personales que ha proporcionado para transmitirlos a una nueva<\/li>\n<\/ul>\n<p>Puede ejercer este derecho poni\u00e9ndose en contacto con nosotros en la siguiente direcci\u00f3n:<\/p>\n<p>7900 Central Avenue &#8211; Hyattsville MD 20785 .<\/p>\n<p>O por correo electr\u00f3nico, a:<\/p>\n<p>Todas las solicitudes deben ir acompa\u00f1adas de una fotocopia de un documento de identidad v\u00e1lido y firmado y mencionar la direcci\u00f3n en la que el editor puede contactar al solicitante. La respuesta se enviar\u00e1 en el plazo de un mes desde la recepci\u00f3n de la solicitud. Este plazo de un mes podr\u00e1 ser prorrogado por dos meses si la complejidad de la solicitud y\/o el n\u00famero de solicitudes as\u00ed lo requiere.<\/p>\n<p>Adem\u00e1s, y desde la ley n\u00b0 2016-1321 del 7 de octubre de 2016, las personas que lo deseen, tienen la posibilidad de organizar el destino de sus datos despu\u00e9s de su muerte. Para obtener m\u00e1s informaci\u00f3n sobre el tema, puede consultar el sitio web de la CNIL: <a href=\"http:\/\/www.cnil.fr\/\">https:\/\/www.cnil.fr\/.<\/a><\/p>\n<p>Los usuarios tambi\u00e9n pueden presentar una queja ante la CNIL en el sitio web de la CNIL: <a href=\"https:\/\/www.cnil.fr\/\">https:\/\/www.cnil.fr.<\/a><\/p>\n<p>Le recomendamos que se ponga en contacto con nosotros antes de presentar una queja ante la CNIL, ya que estamos a su entera disposici\u00f3n para solucionar su problema.<\/p>\n<h1>Art\u00edculo 9 &#8211; Uso de datos<\/h1>\n<p><strong> <\/strong><\/p>\n<p>La finalidad de los datos personales recabados de los usuarios es prestar los servicios de la Plataforma, mejorarlos y mantener un entorno seguro. La base legal del tratamiento es la ejecuci\u00f3n del contrato entre el usuario y la Plataforma. En concreto, los usos son los siguientes:<\/p>\n<ul>\n<li>acceso y uso de la Plataforma por parte del usuario;<\/li>\n<li>gesti\u00f3n del funcionamiento y optimizaci\u00f3n de la Plataforma;<\/li>\n<li>implementaci\u00f3n de soporte al usuario;<\/li>\n<li>verificaci\u00f3n, identificaci\u00f3n y autenticaci\u00f3n de los datos transmitidos por el usuario;<\/li>\n<li>personalizaci\u00f3n de los servicios mediante la visualizaci\u00f3n de anuncios basados en el historial de navegaci\u00f3n del usuario, seg\u00fan sus preferencias;<\/li>\n<li>prevenci\u00f3n y detecci\u00f3n de fraude, malware (software malicioso o malware) y gesti\u00f3n de incidentes de seguridad;<\/li>\n<li>gesti\u00f3n de cualquier disputa con los usuarios;<\/li>\n<li>env\u00edo de informaci\u00f3n comercial y publicitaria, seg\u00fan las preferencias del usuario;<\/li>\n<li>organizaci\u00f3n de las condiciones de uso del Pago<\/li>\n<\/ul>\n<h1>Art\u00edculo 10 &#8211; Pol\u00edtica de conservaci\u00f3n de datos<\/h1>\n<p><strong> <\/strong><\/p>\n<p>La Plataforma conserva sus datos durante el tiempo necesario para prestarle sus servicios o asistencia.<\/p>\n<p>En la medida razonablemente necesaria o requerida para cumplir con las obligaciones legales o reglamentarias, resolver disputas, prevenir el fraude y el abuso, o hacer cumplir nuestros t\u00e9rminos y condiciones, tambi\u00e9n podemos retener parte de su informaci\u00f3n seg\u00fan sea necesario, incluso despu\u00e9s de que haya cerrado su cuenta o no hayamos ya no necesitamos brindarle nuestros servicios.<\/p>\n<h1>Art\u00edculo 11- Intercambio de datos personales con terceros<\/h1>\n<p><strong> <\/strong><\/p>\n<p>Los datos personales podr\u00e1n ser compartidos con terceras empresas exclusivamente en la Uni\u00f3n Europea, en los siguientes casos:<\/p>\n<ul>\n<li>cuando el usuario utiliza los servicios de pago, para la implementaci\u00f3n de estos servicios, la Plataforma est\u00e1 en contacto con terceras empresas bancarias y financieras con las que ha celebrado contratos;<\/li>\n<li>cuando el usuario publique, en las \u00e1reas de comentarios libres de la Plataforma, informaci\u00f3n disponible p\u00fablicamente;<\/li>\n<li>cuando el usuario autoriza el sitio web de un tercero para acceder a sus datos;<\/li>\n<li>cuando la Plataforma utiliza los servicios de los proveedores de servicios para proporcionar servicios de atenci\u00f3n al usuario, publicidad y pago. Estos proveedores de servicios tienen acceso limitado a los datos del usuario, en el marco de la prestaci\u00f3n de estos servicios, y tienen la obligaci\u00f3n contractual de utilizarlos de conformidad con lo dispuesto en la normativa aplicable en materia de protecci\u00f3n de datos personales;<\/li>\n<li>si as\u00ed lo exige la ley, la Plataforma podr\u00e1 transmitir datos para dar seguimiento a reclamos en contra de la Plataforma y cumplir con procedimientos administrativos y judiciales.<\/li>\n<\/ul>\n<h1>Art\u00edculo 12 &#8211; Ofertas comerciales<\/h1>\n<p><strong> <\/strong><\/p>\n<p>Es posible que reciba ofertas comerciales del editor. Si no desea hacerlo, haga clic en el siguiente enlace: .<\/p>\n<p>Sus datos pueden ser utilizados por los socios del editor con fines de prospecci\u00f3n comercial, si no desea hacerlo, haga clic en el siguiente enlace: .<\/p>\n<p>Si, durante la consulta del sitio, accede a datos personales, debe abstenerse de cualquier recopilaci\u00f3n, cualquier uso no autorizado y cualquier acto que pueda constituir una invasi\u00f3n de la privacidad o la reputaci\u00f3n de las personas. El editor declina toda responsabilidad al respecto.<\/p>\n<p>Los datos se conservan y utilizan durante un per\u00edodo de acuerdo con la legislaci\u00f3n vigente.<\/p>\n<h1>Art\u00edculo 13 &#8211; Cookies<\/h1>\n<p><strong> <\/strong><\/p>\n<p>\u00bfQu\u00e9 es una \u00abcookie\u00bb?<\/p>\n<p>Una \u00abCookie\u00bb o rastreador es un archivo electr\u00f3nico depositado en un terminal (ordenador, tableta, tel\u00e9fono inteligente,&#8230;) y le\u00eddo, por ejemplo, durante la consulta de un sitio web, la lectura de un correo electr\u00f3nico, la instalaci\u00f3n o el uso de software o una aplicaci\u00f3n m\u00f3vil y esto, independientemente del tipo de terminal utilizado (fuente: <a href=\"https:\/\/www.cnil.fr\/fr\/cookies-traceurs-que-dit-la-loi\">https:\/\/www.cnil.fr\/fr\/cookies-tracers-que-dit-la-loi<\/a> <a href=\"https:\/\/www.cnil.fr\/fr\/cookies-traceurs-que-dit-la-loi\">).<\/a><\/p>\n<p>El sitio puede recopilar autom\u00e1ticamente informaci\u00f3n est\u00e1ndar. Toda la informaci\u00f3n recopilada indirectamente solo se utilizar\u00e1 para rastrear el volumen, el tipo y la configuraci\u00f3n del tr\u00e1fico que utiliza este sitio, para desarrollar su dise\u00f1o y presentaci\u00f3n y para otros fines administrativos y de planificaci\u00f3n y, en general, para mejorar el servicio que le ofrecemos.<\/p>\n<p>Si es necesario, las \u00abcookies\u00bb del editor del sitio y\/o empresas de terceros pueden depositarse en su terminal, con su consentimiento. En este caso, durante la primera navegaci\u00f3n en este sitio, aparecer\u00e1 un banner explicativo sobre el uso de \u00abcookies\u00bb. Antes de continuar con la navegaci\u00f3n, el cliente y\/o prospecto deber\u00e1 aceptar o rechazar el uso de dichas \u201ccookies\u201d. El consentimiento prestado tendr\u00e1 una vigencia de trece (13) meses. El usuario tiene la posibilidad de desactivar las cookies en cualquier momento.<\/p>\n<p>Las siguientes cookies est\u00e1n presentes en este sitio:<\/p>\n<h1>Cookies Google:<\/h1>\n<ul>\n<li>Google Analytics: permite medir la audiencia del sitio;- Google tag manager: facilita la implementaci\u00f3n de etiquetas en las p\u00e1ginas y permite administrar las etiquetas de Google;- Google Adsense: red publicitaria de Google que utiliza sitios web o videos de YouTube como soporte para sus anuncios; &#8211; Google Dynamic Remarketing: le permite ofrecer publicidad din\u00e1mica basada en b\u00fasquedas anteriores; &#8211; Google Adwords Conversion: herramienta para el seguimiento de campa\u00f1as publicitarias de adwords; &#8211; DoubleClick: cookies publicitarias de Google para difundir<\/li>\n<\/ul>\n<p>La vida \u00fatil de estas cookies es de trece meses.<\/p>\n<h1>Art\u00edculo 14 &#8211; Fotograf\u00edas y representaci\u00f3n de productos<\/h1>\n<p><strong> <\/strong><\/p>\n<p>Las fotograf\u00edas de los productos, que acompa\u00f1an a su descripci\u00f3n, no son contractuales y no vinculan al editor.<\/p>\n<h1>Art\u00edculo 15 &#8211; Ley aplicable<\/h1>\n<p>Las presentes condiciones de uso del sitio se rigen por la ley francesa y est\u00e1n sujetas a la jurisdicci\u00f3n de los tribunales del domicilio social del editor, sujeto a una atribuci\u00f3n espec\u00edfica de jurisdicci\u00f3n derivada de una ley o reglamento particular.<\/p>\n<h1>Art\u00edculo 16 &#8211; Cont\u00e1ctenos<\/h1>\n<p><strong> <\/strong><\/p>\n<p>Para cualquier pregunta, informaci\u00f3n sobre los productos presentados en el sitio, o sobre el sitio mismo, puede dejar un mensaje en la siguiente direcci\u00f3n: <a class=\"halo-link person-link person-to\" title=\"info@jcmm16.org\" role=\"button\" href=\"https:\/\/email.ionos.fr\/appsuite\/?tl=y#info@jcmm16.org\">info@jcmm16.org<\/a> .<\/div><\/div>\n","protected":false},"excerpt":{"rendered":"<p>Aviso legal y pol\u00edtica de privacidad La asociaci\u00f3n Jesus Church Mission Mark 16, preocupada por los derechos de las personas, en particular en lo que se refiere al tratamiento automatizado y en af\u00e1n de transparencia con sus clientes, ha establecido una pol\u00edtica que abarca todos estos tratamientos, las finalidades perseguidas por los mismos as\u00ed como&#8230;<\/p>\n","protected":false},"author":1,"featured_media":0,"parent":0,"menu_order":0,"comment_status":"closed","ping_status":"open","template":"","meta":{"footnotes":""},"class_list":["post-992174","page","type-page","status-publish","hentry"],"_links":{"self":[{"href":"https:\/\/jcmm16.org\/es\/wp-json\/wp\/v2\/pages\/992174","targetHints":{"allow":["GET"]}}],"collection":[{"href":"https:\/\/jcmm16.org\/es\/wp-json\/wp\/v2\/pages"}],"about":[{"href":"https:\/\/jcmm16.org\/es\/wp-json\/wp\/v2\/types\/page"}],"author":[{"embeddable":true,"href":"https:\/\/jcmm16.org\/es\/wp-json\/wp\/v2\/users\/1"}],"replies":[{"embeddable":true,"href":"https:\/\/jcmm16.org\/es\/wp-json\/wp\/v2\/comments?post=992174"}],"version-history":[{"count":0,"href":"https:\/\/jcmm16.org\/es\/wp-json\/wp\/v2\/pages\/992174\/revisions"}],"wp:attachment":[{"href":"https:\/\/jcmm16.org\/es\/wp-json\/wp\/v2\/media?parent=992174"}],"curies":[{"name":"wp","href":"https:\/\/api.w.org\/{rel}","templated":true}]}}