{"id":989406,"date":"2021-06-17T19:36:12","date_gmt":"2021-06-17T19:36:12","guid":{"rendered":"https:\/\/jcmm16.org\/?page_id=989406"},"modified":"2023-08-26T09:02:53","modified_gmt":"2023-08-26T09:02:53","slug":"rendez-vous-du-mercredi","status":"publish","type":"page","link":"https:\/\/jcmm16.org\/fr\/rendez-vous-du-mercredi","title":{"rendered":"Pain de Vie"},"content":{"rendered":"<div class=\"row \"><div class=\"wpv-grid grid-1-1  wpv-first-level first unextended\" style=\"padding-top:0px;padding-bottom:0px\" id=\"wpv-column-60ab30a8a8cc6c5d9eccf4d577f22275\" ><h4>\n              <img decoding=\"async\" class=\"wp-image-990259 alignleft\" src=\"https:\/\/jcmm16.org\/wp-content\/uploads\/2021\/11\/SHUTTERSTOCK_660679174-300x200.jpg\" alt=\"\" width=\"175\" height=\"116\" srcset=\"https:\/\/jcmm16.org\/wp-content\/uploads\/2021\/11\/SHUTTERSTOCK_660679174-300x200.jpg 300w, https:\/\/jcmm16.org\/wp-content\/uploads\/2021\/11\/SHUTTERSTOCK_660679174-1024x683.jpg 1024w, https:\/\/jcmm16.org\/wp-content\/uploads\/2021\/11\/SHUTTERSTOCK_660679174-1536x1024.jpg 1536w, https:\/\/jcmm16.org\/wp-content\/uploads\/2021\/11\/SHUTTERSTOCK_660679174-2048x1365.jpg 2048w, https:\/\/jcmm16.org\/wp-content\/uploads\/2021\/11\/SHUTTERSTOCK_660679174-1140x760.jpg 1140w, https:\/\/jcmm16.org\/wp-content\/uploads\/2021\/11\/SHUTTERSTOCK_660679174-555x370.jpg 555w, https:\/\/jcmm16.org\/wp-content\/uploads\/2021\/11\/SHUTTERSTOCK_660679174-360x240.jpg 360w, https:\/\/jcmm16.org\/wp-content\/uploads\/2021\/11\/SHUTTERSTOCK_660679174-262x175.jpg 262w, https:\/\/jcmm16.org\/wp-content\/uploads\/2021\/11\/SHUTTERSTOCK_660679174-1320x880.jpg 1320w, https:\/\/jcmm16.org\/wp-content\/uploads\/2021\/11\/SHUTTERSTOCK_660679174-600x400.jpg 600w\" sizes=\"(max-width: 175px) 100vw, 175px\" \/><br \/>\n            <\/h4>\n<h2 style=\"text-align: center;\">\n              <strong>Bienvenue \u00e0 la rencontre <\/strong><br \/>\n            <\/h2>\n<h2 style=\"text-align: center;\">\n              <strong>du Pain de Vie<\/strong><br \/>\n            <\/h2>\n<h2><\/h2>\n<h2><\/h2><\/div><\/div>\n<div class=\"row \"><div class=\"wpv-grid grid-1-1  wpv-first-level first unextended\" style=\"padding-top:0px;padding-bottom:0px\" id=\"wpv-column-4dbb1d368d41444183a3225f73e2413a\" ><div class=\"loop-wrapper clearfix regular normal not-paginated\" data-columns=\"1\"  >\n\t\t<div class=\"page-content post-header clearfix list-item post-998309 post type-post status-publish format-standard has-post-thumbnail hentry category-rendez-vous-du-mercredi\" >\n\t\t\t<div>\n\t\t\t\t<div class=\"post-article has-image-wrapper \">\n\t<div class=\"standard-post-format clearfix as-image \">\n\t\t<div class=\"post-row\">\n\t<div class=\"post-row-left\">\n\t\n<div class=\"post-date\">\n\t\t\t<span class=\"top-part\">\n\t\t\t25\t\t<\/span>\n\t\t<span class=\"bottom-part\">\n\t\t\t03 '26\t\t<\/span>\n\t<\/div>\t<div class=\"post-left-actions\">\n\t\t\n<div class=\"post-actions\">\n\t\t\t\n\t\t\t\t\t<div class=\"love-count-outer\">\n\t\t\t\t<div class=\"love-it-wrapper\"><a href=\"#\" class=\"love-it\" data-post-id=\"998309\" data-user-id=\"0\"><span class=\"visuallyhidden\">Love it<\/span><\/a> <span class=\"love-count\">0<\/span><\/div>\t\t\t<\/div>\n\t\t\n\t\t\t<\/div>\t<\/div>\n<\/div>\n\t<div class=\"post-row-center\">\n\t\t\t\t\t<div class=\"post-media\">\n\t\t\t\t<div class='media-inner'>\n\t\t\t\t\t\n\t\t\t\t\t<img decoding=\"async\" width=\"450\" height=\"369\" src=\"https:\/\/jcmm16.org\/wp-content\/uploads\/2026\/03\/Capture-decran-2026-03-26-003202-450x369.png\" class=\"attachment-post-loop size-post-loop wp-post-image\" alt=\"\" \/>\n\t\t\t\t\t\t\t\t\t<\/div>\n\t\t\t<\/div>\n\t\t\t\t<div class=\"post-content-outer\">\n\t\t\t\t\t<header class=\"single\">\n\t\t\t<div class=\"content\">\n\t\t\t\t\t\t\t\t<h3>\n\t\t\t\t\t<a href=\"https:\/\/jcmm16.org\/fr\/discerner-la-voix-et-les-voies-du-serpent\" title=\"Discerner la voix et les voies du serpent.\">Discerner la voix et les voies du serpent.<\/a>\n\t\t\t\t<\/h3>\n\t\t\t<\/div>\n\t\t<\/header>\n\t<div class=\"post-content the-content\">\n\t<p>Allons \u00e0 La Rencontre du Pain de Vie Nous pouvons constater les maladies, les pand\u00e9mies, les tristesses, le mal, la mis\u00e8re dans les h\u00f4pitaux, les accidents (en fait 99% de ces accidents sont cr\u00e9\u00e9s par les d\u00e9mons), des animaux qui mordent l\u2019homme, des \u00e9l\u00e9phants qui attaquent l\u2019homme (les animaux sont suppos\u00e9s se soumettre \u00e0 l\u2019homme)&#8230;<\/p>\n<\/div><div class=\"post-meta\">\n\t<nav class=\"clearfix\">\n\t\t\n\t\t\t\t\t\t\t\t<\/nav>\n<\/div>\t\t<\/div>\n\t<\/div>\n<\/div>\t<\/div>\n<\/div>\n\t\t\t<\/div>\n\t\t<\/div>\n\t\t<div class=\"page-content post-header clearfix list-item post-998104 post type-post status-publish format-standard has-post-thumbnail hentry category-rendez-vous-du-mercredi\" >\n\t\t\t<div>\n\t\t\t\t<div class=\"post-article has-image-wrapper \">\n\t<div class=\"standard-post-format clearfix as-image \">\n\t\t<div class=\"post-row\">\n\t<div class=\"post-row-left\">\n\t\n<div class=\"post-date\">\n\t\t\t<span class=\"top-part\">\n\t\t\t17\t\t<\/span>\n\t\t<span class=\"bottom-part\">\n\t\t\t02 '26\t\t<\/span>\n\t<\/div>\t<div class=\"post-left-actions\">\n\t\t\n<div class=\"post-actions\">\n\t\t\t\n\t\t\t\t\t<div class=\"love-count-outer\">\n\t\t\t\t<div class=\"love-it-wrapper\"><a href=\"#\" class=\"love-it\" data-post-id=\"998104\" data-user-id=\"0\"><span class=\"visuallyhidden\">Love it<\/span><\/a> <span class=\"love-count\">0<\/span><\/div>\t\t\t<\/div>\n\t\t\n\t\t\t<\/div>\t<\/div>\n<\/div>\n\t<div class=\"post-row-center\">\n\t\t\t\t\t<div class=\"post-media\">\n\t\t\t\t<div class='media-inner'>\n\t\t\t\t\t\n\t\t\t\t\t<img decoding=\"async\" width=\"366\" height=\"242\" src=\"https:\/\/jcmm16.org\/wp-content\/uploads\/2026\/02\/Capture-decran-2026-02-17-223706-e1771365689880.png\" class=\"attachment-post-loop size-post-loop wp-post-image\" alt=\"\" \/>\n\t\t\t\t\t\t\t\t\t<\/div>\n\t\t\t<\/div>\n\t\t\t\t<div class=\"post-content-outer\">\n\t\t\t\t\t<header class=\"single\">\n\t\t\t<div class=\"content\">\n\t\t\t\t\t\t\t\t<h3>\n\t\t\t\t\t<a href=\"https:\/\/jcmm16.org\/fr\/impossible-de-ne-pas-prendre-ce-chemin-la-decision\" title=\"Impossible de ne pas prendre ce chemin : La d\u00e9cision.\">Impossible de ne pas prendre ce chemin : La d\u00e9cision.<\/a>\n\t\t\t\t<\/h3>\n\t\t\t<\/div>\n\t\t<\/header>\n\t<div class=\"post-content the-content\">\n\t<p>Jean 8. 36 Si donc le Fils vous affranchit, vous serez r\u00e9ellement libres. Lorsque le Seigneur J\u00e9sus nous donne une instruction, c\u2019est un objectif \u00e0 atteindre. Pendant que le chr\u00e9tien prend le chemin de cette instruction, J\u00e9sus est-il avec lui pendant qu\u2019il commence \u00e0 marcher ? Oui. Parce que J\u00e9sus est toujours avec nous. Chaque&#8230;<\/p>\n<\/div><div class=\"post-meta\">\n\t<nav class=\"clearfix\">\n\t\t\n\t\t\t\t\t\t\t\t<\/nav>\n<\/div>\t\t<\/div>\n\t<\/div>\n<\/div>\t<\/div>\n<\/div>\n\t\t\t<\/div>\n\t\t<\/div>\n\t\t<div class=\"page-content post-header clearfix list-item post-990752 post type-post status-publish format-image hentry category-rendez-vous-du-mercredi post_format-post-format-image\" >\n\t\t\t<div>\n\t\t\t\t<div class=\"post-article no-image-wrapper \">\n\t<div class=\"image-post-format clearfix as-normal as-standard-post-format\">\n\t\t<div class=\"post-row\">\n\t<div class=\"post-row-left\">\n\t\n<div class=\"post-date\">\n\t\t\t<span class=\"top-part\">\n\t\t\t01\t\t<\/span>\n\t\t<span class=\"bottom-part\">\n\t\t\t05 '22\t\t<\/span>\n\t<\/div>\t<div class=\"post-left-actions\">\n\t\t\n<div class=\"post-actions\">\n\t\t\t\n\t\t\t\t\t<div class=\"love-count-outer\">\n\t\t\t\t<div class=\"love-it-wrapper\"><a href=\"#\" class=\"love-it\" data-post-id=\"990752\" data-user-id=\"0\"><span class=\"visuallyhidden\">Love it<\/span><\/a> <span class=\"love-count\">0<\/span><\/div>\t\t\t<\/div>\n\t\t\n\t\t\t<\/div>\t<\/div>\n<\/div>\n\t<div class=\"post-row-center\">\n\t\t\t\t<div class=\"post-content-outer\">\n\t\t\t\t\t<header class=\"single\">\n\t\t\t<div class=\"content\">\n\t\t\t\t\t\t\t\t<h3>\n\t\t\t\t\t<a href=\"https:\/\/jcmm16.org\/fr\/pardonne-par-le-sang-de-jesus\" title=\"Pardonn\u00e9 par le sang de J\u00e9sus\">Pardonn\u00e9 par le sang de J\u00e9sus<\/a>\n\t\t\t\t<\/h3>\n\t\t\t<\/div>\n\t\t<\/header>\n\t<div class=\"post-content the-content\">\n\t<p>H\u00e9breux 9:22 Et presque tout, selon la loi, est purifi\u00e9 par le sang, et sans effusion de sang il n&rsquo;y a pas de pardon. Selon la loi de Dieu, pour que le p\u00e9ch\u00e9 soit pardonn\u00e9 et effac\u00e9, le sang doit absolument \u00eatre vers\u00e9 pour cette personne. De l&rsquo;Antiquit\u00e9 \u00e0 nos jours, cette loi demeure. Quand&#8230;<\/p>\n<\/div><div class=\"post-meta\">\n\t<nav class=\"clearfix\">\n\t\t\n\t\t\t\t\t\t\t\t<\/nav>\n<\/div>\t\t<\/div>\n\t<\/div>\n<\/div>\t<\/div>\n<\/div>\n\t\t\t<\/div>\n\t\t<\/div>\n\t\t<div class=\"page-content post-header clearfix list-item post-992042 post type-post status-publish format-video has-post-thumbnail hentry category-mme-pasteur-billey category-rendez-vous-du-mercredi post_format-post-format-video\" >\n\t\t\t<div>\n\t\t\t\t<div class=\"post-article has-image-wrapper \">\n\t<div class=\"video-post-format clearfix as-image \">\n\t\t<div class=\"post-row\">\n\t<div class=\"post-row-left\">\n\t\n<div class=\"post-date\">\n\t\t\t<span class=\"top-part\">\n\t\t\t18\t\t<\/span>\n\t\t<span class=\"bottom-part\">\n\t\t\t04 '22\t\t<\/span>\n\t<\/div>\t<div class=\"post-left-actions\">\n\t\t\n<div class=\"post-actions\">\n\t\t\t\n\t\t\t\t\t<div class=\"love-count-outer\">\n\t\t\t\t<div class=\"love-it-wrapper\"><a href=\"#\" class=\"love-it\" data-post-id=\"992042\" data-user-id=\"0\"><span class=\"visuallyhidden\">Love it<\/span><\/a> <span class=\"love-count\">0<\/span><\/div>\t\t\t<\/div>\n\t\t\n\t\t\t<\/div>\t<\/div>\n<\/div>\n\t<div class=\"post-row-center\">\n\t\t\t\t\t<div class=\"post-media\">\n\t\t\t\t<div class='media-inner'>\n\t\t\t\t\t\n\t\t\t\t\t<img decoding=\"async\" width=\"480\" height=\"369\" src=\"https:\/\/jcmm16.org\/wp-content\/uploads\/2022\/05\/video-born-480x369.jpg\" class=\"attachment-post-loop size-post-loop wp-post-image\" alt=\"\" srcset=\"https:\/\/jcmm16.org\/wp-content\/uploads\/2022\/05\/video-born-480x369.jpg 480w, https:\/\/jcmm16.org\/wp-content\/uploads\/2022\/05\/video-born-555x426.jpg 555w, https:\/\/jcmm16.org\/wp-content\/uploads\/2022\/05\/video-born-360x276.jpg 360w, https:\/\/jcmm16.org\/wp-content\/uploads\/2022\/05\/video-born-262x201.jpg 262w\" sizes=\"(min-width: 900px) 50vw, 100vw\" \/>\n\t\t\t\t\t\t\t\t\t<\/div>\n\t\t\t<\/div>\n\t\t\t\t<div class=\"post-content-outer\">\n\t\t\t\t\t<header class=\"single\">\n\t\t\t<div class=\"content\">\n\t\t\t\t\t\t\t\t<h3>\n\t\t\t\t\t<a href=\"https:\/\/jcmm16.org\/fr\/fils-de-dieu\" title=\"N\u00e9 de Dieu\">N\u00e9 de Dieu<\/a>\n\t\t\t\t<\/h3>\n\t\t\t<\/div>\n\t\t<\/header>\n\t<div class=\"post-content the-content\">\n\t<p>Mais \u00e0 tous ceux qui l&rsquo;ont re\u00e7u, il leur a donn\u00e9 le droit de devenir enfants de Dieu, \u00e0 ceux qui croient en son nom, qui sont n\u00e9s, non du sang, ni de la volont\u00e9 de la chair, ni de la volont\u00e9 de l&rsquo;homme, mais de Dieu. Jean 1, 12<\/p>\n<\/div><div class=\"post-meta\">\n\t<nav class=\"clearfix\">\n\t\t\n\t\t\t\t\t\t\t\t<\/nav>\n<\/div>\t\t<\/div>\n\t<\/div>\n<\/div>\t<\/div>\n<\/div>\n\t\t\t<\/div>\n\t\t<\/div>\n\t\t<div class=\"page-content post-header clearfix list-item post-990885 post type-post status-publish format-image has-post-thumbnail hentry category-rendez-vous-du-mercredi post_format-post-format-image\" >\n\t\t\t<div>\n\t\t\t\t<div class=\"post-article has-image-wrapper \">\n\t<div class=\"image-post-format clearfix as-normal \">\n\t\t<div class=\"post-row\">\n\t<div class=\"post-row-left\">\n\t\n<div class=\"post-date\">\n\t\t\t<span class=\"top-part\">\n\t\t\t17\t\t<\/span>\n\t\t<span class=\"bottom-part\">\n\t\t\t04 '22\t\t<\/span>\n\t<\/div>\t<div class=\"post-left-actions\">\n\t\t\n<div class=\"post-actions\">\n\t\t\t\n\t\t\t\t\t<div class=\"love-count-outer\">\n\t\t\t\t<div class=\"love-it-wrapper\"><a href=\"#\" class=\"love-it\" data-post-id=\"990885\" data-user-id=\"0\"><span class=\"visuallyhidden\">Love it<\/span><\/a> <span class=\"love-count\">0<\/span><\/div>\t\t\t<\/div>\n\t\t\n\t\t\t<\/div>\t<\/div>\n<\/div>\n\t<div class=\"post-row-center\">\n\t\t\t\t\t<div class=\"post-media\">\n\t\t\t\t<div class='media-inner'>\n\t\t\t\t\t\t\t\t\t\t\t<a href=\"https:\/\/jcmm16.org\/fr\/paques-debut-dannee-chretienne\" title=\"P\u00e2ques, d\u00e9but d&rsquo;ann\u00e9e chr\u00e9tienne\">\n\t\t\t\t\t\n\t\t\t\t\t<img decoding=\"async\" width=\"480\" height=\"369\" src=\"https:\/\/jcmm16.org\/wp-content\/uploads\/2022\/05\/AdobeStock_464445414-480x369.jpeg\" class=\"attachment-post-loop size-post-loop wp-post-image\" alt=\"\" srcset=\"https:\/\/jcmm16.org\/wp-content\/uploads\/2022\/05\/AdobeStock_464445414-480x369.jpeg 480w, https:\/\/jcmm16.org\/wp-content\/uploads\/2022\/05\/AdobeStock_464445414-1140x876.jpeg 1140w, https:\/\/jcmm16.org\/wp-content\/uploads\/2022\/05\/AdobeStock_464445414-555x426.jpeg 555w, https:\/\/jcmm16.org\/wp-content\/uploads\/2022\/05\/AdobeStock_464445414-360x276.jpeg 360w, https:\/\/jcmm16.org\/wp-content\/uploads\/2022\/05\/AdobeStock_464445414-262x201.jpeg 262w\" sizes=\"(min-width: 900px) 50vw, 100vw\" \/>\n\t\t\t\t\t\t\t\t\t\t\t<\/a>\n\t\t\t\t\t\t\t\t\t<\/div>\n\t\t\t<\/div>\n\t\t\t\t<div class=\"post-content-outer\">\n\t\t\t\t\t<header class=\"single\">\n\t\t\t<div class=\"content\">\n\t\t\t\t\t\t\t\t<h3>\n\t\t\t\t\t<a href=\"https:\/\/jcmm16.org\/fr\/paques-debut-dannee-chretienne\" title=\"P\u00e2ques, d\u00e9but d&rsquo;ann\u00e9e chr\u00e9tienne\">P\u00e2ques, d\u00e9but d&rsquo;ann\u00e9e chr\u00e9tienne<\/a>\n\t\t\t\t<\/h3>\n\t\t\t<\/div>\n\t\t<\/header>\n\t<div class=\"post-content the-content\">\n\t<p>Exode 12. 2 \u00ab Ce mois-ci sera pour vous le premier des mois ; il sera pour vous le premier des mois de l&rsquo;ann\u00e9e. \u00bb Selon la loi de Dieu, le temps de la P\u00e2ques, marquait le d\u00e9but de l\u2019ann\u00e9e pour son peuple. Et il fallait prendre un agneau sans d\u00e9faut, sans t\u00e2che, pour l\u2019immoler&#8230;<\/p>\n<\/div><div class=\"post-meta\">\n\t<nav class=\"clearfix\">\n\t\t\n\t\t\t\t\t\t\t\t<\/nav>\n<\/div>\t\t<\/div>\n\t<\/div>\n<\/div>\t<\/div>\n<\/div>\n\t\t\t<\/div>\n\t\t<\/div>\n<\/div>\n\n<\/div><\/div>\n","protected":false},"excerpt":{"rendered":"<p>Exode 12. 2 \u00ab Ce mois-ci sera pour vous le premier des mois ; il sera pour vous le premier des mois de l&rsquo;ann\u00e9e. \u00bb Selon la loi de Dieu, le temps de la P\u00e2ques, marquait le d\u00e9but de l\u2019ann\u00e9e pour son peuple. Et il fallait prendre un agneau sans d\u00e9faut, sans t\u00e2che, pour l\u2019immoler&#8230;<\/p>\n","protected":false},"author":1,"featured_media":0,"parent":0,"menu_order":0,"comment_status":"closed","ping_status":"closed","template":"","meta":{"footnotes":""},"class_list":["post-989406","page","type-page","status-publish","hentry"],"_links":{"self":[{"href":"https:\/\/jcmm16.org\/fr\/wp-json\/wp\/v2\/pages\/989406","targetHints":{"allow":["GET"]}}],"collection":[{"href":"https:\/\/jcmm16.org\/fr\/wp-json\/wp\/v2\/pages"}],"about":[{"href":"https:\/\/jcmm16.org\/fr\/wp-json\/wp\/v2\/types\/page"}],"author":[{"embeddable":true,"href":"https:\/\/jcmm16.org\/fr\/wp-json\/wp\/v2\/users\/1"}],"replies":[{"embeddable":true,"href":"https:\/\/jcmm16.org\/fr\/wp-json\/wp\/v2\/comments?post=989406"}],"version-history":[{"count":17,"href":"https:\/\/jcmm16.org\/fr\/wp-json\/wp\/v2\/pages\/989406\/revisions"}],"predecessor-version":[{"id":994187,"href":"https:\/\/jcmm16.org\/fr\/wp-json\/wp\/v2\/pages\/989406\/revisions\/994187"}],"wp:attachment":[{"href":"https:\/\/jcmm16.org\/fr\/wp-json\/wp\/v2\/media?parent=989406"}],"curies":[{"name":"wp","href":"https:\/\/api.w.org\/{rel}","templated":true}]}}