{"id":989416,"date":"2021-10-12T21:36:49","date_gmt":"2021-10-12T21:36:49","guid":{"rendered":"https:\/\/jcmm16.org\/ministere-de-la-jeunesse"},"modified":"2022-05-24T13:03:46","modified_gmt":"2022-05-24T13:03:46","slug":"ministere-de-la-jeunesse","status":"publish","type":"page","link":"https:\/\/jcmm16.org\/fr\/ministere-de-la-jeunesse","title":{"rendered":"Minist\u00e8re des jeunes"},"content":{"rendered":"<div class=\"row \"><div class=\"wpv-grid grid-1-1  wpv-first-level first unextended animation-fade-in animated-active\" style=\"padding-top:0px;padding-bottom:0px\" id=\"wpv-column-7f7bb0952f76800f3aa307ac6067d322\" ><div class=\"row \"><div class=\"wpv-grid grid-1-1  first unextended\" style=\"padding-top:0px;padding-bottom:0px\" id=\"wpv-column-3d09a340716c8beaa2b9ceead9c4bfbb\" >\n<div  data-href=\"#\" tabindex=\"1\" data-target=\"_self\" class=\"linkarea clearfix accent7  background-transparent\">\n\t\t\t<div class=\"first\"><img decoding=\"async\" width=\"960\" height=\"540\" src=\"https:\/\/jcmm16.org\/wp-content\/uploads\/2021\/09\/7-reasons-stay-in-youth-ministry.jpg\" class=\"attachment-full size-full\" alt=\"\" srcset=\"https:\/\/jcmm16.org\/wp-content\/uploads\/2021\/09\/7-reasons-stay-in-youth-ministry.jpg 960w, https:\/\/jcmm16.org\/wp-content\/uploads\/2021\/09\/7-reasons-stay-in-youth-ministry-300x169.jpg 300w, https:\/\/jcmm16.org\/wp-content\/uploads\/2021\/09\/7-reasons-stay-in-youth-ministry-555x312.jpg 555w, https:\/\/jcmm16.org\/wp-content\/uploads\/2021\/09\/7-reasons-stay-in-youth-ministry-360x203.jpg 360w, https:\/\/jcmm16.org\/wp-content\/uploads\/2021\/09\/7-reasons-stay-in-youth-ministry-262x147.jpg 262w, https:\/\/jcmm16.org\/wp-content\/uploads\/2021\/09\/7-reasons-stay-in-youth-ministry-600x338.jpg 600w\" sizes=\"(max-width: 960px) 100vw, 960px\" \/><\/div>\n\t\t\t\t<div class=\"last\"><h3 style=\"text-align: center;\">Minist\u00e8re des jeunes<\/h3>\n<p style=\"text-align: center;\">Comment le jeune homme rendra-t-il pur son sentier? En se dirigeant d&rsquo;apr\u00e8s ta parole.<\/p>\n<p style=\"text-align: center;\">Psaume 119,9<\/p>\n<p style=\"text-align: center;\"><img decoding=\"async\" class=\"aligncenter size-full wp-image-6905\" src=\"http:\/\/jcmm16.org\/wp-content\/themes\/church-event\/samples\/images\/ornament1.png\" alt=\"ornement1\" width=\"50\" height=\"30\"><\/p>\n<p>En partenariat avec les familles, la pastorale des jeunes de JCMM6 existe pour engager 100% des \u00e9tudiants sous sa garde, pour les former \u00e0 vivre de mani\u00e8re autonome en Christ, et pour les envoyer comme des hommes et des femmes pieux exceptionnels et int\u00e8gres qui transformeront leurs maisons. , leurs \u00e9coles, leurs \u00e9glises, leurs lieux de travail et leurs mondes pour Christ.<\/p>\n<p style=\"text-align: center;\"><\/div>\n\t<\/div><\/div><\/div>\n<div class=\"row \"><div class=\"wpv-grid grid-1-1  first unextended\" style=\"padding-top:0px;padding-bottom:0px\" id=\"wpv-column-c8588c59ce2a56cde83d3c5961f431d0\" ><\/div><\/div><\/div><\/div>\n","protected":false},"excerpt":{"rendered":"","protected":false},"author":1,"featured_media":0,"parent":0,"menu_order":0,"comment_status":"closed","ping_status":"closed","template":"","meta":{"footnotes":""},"class_list":["post-989416","page","type-page","status-publish","hentry"],"_links":{"self":[{"href":"https:\/\/jcmm16.org\/fr\/wp-json\/wp\/v2\/pages\/989416","targetHints":{"allow":["GET"]}}],"collection":[{"href":"https:\/\/jcmm16.org\/fr\/wp-json\/wp\/v2\/pages"}],"about":[{"href":"https:\/\/jcmm16.org\/fr\/wp-json\/wp\/v2\/types\/page"}],"author":[{"embeddable":true,"href":"https:\/\/jcmm16.org\/fr\/wp-json\/wp\/v2\/users\/1"}],"replies":[{"embeddable":true,"href":"https:\/\/jcmm16.org\/fr\/wp-json\/wp\/v2\/comments?post=989416"}],"version-history":[{"count":6,"href":"https:\/\/jcmm16.org\/fr\/wp-json\/wp\/v2\/pages\/989416\/revisions"}],"predecessor-version":[{"id":992172,"href":"https:\/\/jcmm16.org\/fr\/wp-json\/wp\/v2\/pages\/989416\/revisions\/992172"}],"wp:attachment":[{"href":"https:\/\/jcmm16.org\/fr\/wp-json\/wp\/v2\/media?parent=989416"}],"curies":[{"name":"wp","href":"https:\/\/api.w.org\/{rel}","templated":true}]}}