{"id":989420,"date":"2021-10-12T22:02:59","date_gmt":"2021-10-12T22:02:59","guid":{"rendered":"https:\/\/jcmm16.org\/evangelisme"},"modified":"2022-05-24T13:03:40","modified_gmt":"2022-05-24T13:03:40","slug":"evangelisme","status":"publish","type":"page","link":"https:\/\/jcmm16.org\/fr\/evangelisme","title":{"rendered":"\u00c9vangelisation"},"content":{"rendered":"<p style=\"text-align: center;\">Et il leur dit : \u00ab Allez par tout le monde, et pr\u00eachez la bonne nouvelle \u00e0 toute la cr\u00e9ation. \u00bb<\/p>\n<p style=\"text-align: center;\">Marc 16,15<\/p>\n<p style=\"text-align: center;\"><img decoding=\"async\" class=\"size-full wp-image-6905 aligncenter\" src=\"http:\/\/jcmm16.org\/wp-content\/themes\/church-event\/samples\/images\/ornament1.png\" alt=\"ornement1\" width=\"50\" height=\"30\"><\/p>\n<p>&nbsp;<\/p>\n<div class=\"row \"><div class=\"wpv-grid grid-1-1  wpv-first-level first unextended\" style=\"padding-top:0px;padding-bottom:0px\" id=\"wpv-column-d4039435873ace43e384f89ac69a1cf8\" ><p style=\"text-align: left;\">Le Sauveur charge les disciples de la mission de rechercher et de sauver les perdus, d&rsquo;abord \u00e0 une \u00e9chelle limit\u00e9e (Matthieu 10), puis, apr\u00e8s sa r\u00e9surrection, \u00e0 l&rsquo;\u00e9chelle mondiale :<br \/>\n1. Allez&#8230; faites des disciples&#8230; baptisez&#8230; enseignez&#8230; soyez avec vous. (Matthieu 28:18-20)<br \/>\n2. Allez&#8230; pr\u00eachez \u00e0 tout le monde&#8230; baptisez les croyants. (Marc 16:15-16)<br \/>\n3. Pr\u00eachez la repentance et la r\u00e9mission des p\u00e9ch\u00e9s \u00e0 toutes les nations. (Luc 24:46-48)<br \/>\n4. T\u00e9moins du Christ sur toute la terre. (Actes 1:8)<\/p>\n<p style=\"text-align: left;\">Dans la grande commission, le Fils de Dieu leur a laiss\u00e9 une grande responsabilit\u00e9 :<br \/>\n1. La grande revendication : toute autorit\u00e9 dans le ciel et sur la terre.<br \/>\n2. La grande charge : amener tous les hommes sous le r\u00e8gne de Christ.<br \/>\n3. La grande promesse : je suis toujours avec toi, m\u00eame jusqu&rsquo;au bout du monde<\/p>\n<p style=\"text-align: left;\">Comme J\u00e9sus a transf\u00e9r\u00e9 sa mission de sauver les perdus \u00e0 ses ap\u00f4tres, ils l&rsquo;ont transf\u00e9r\u00e9e \u00e0 toutes les \u00e2mes sauv\u00e9es.<\/p>\n<p style=\"text-align: left;\">Comme c&rsquo;est merveilleux d&rsquo;avoir l&rsquo;opportunit\u00e9 de marcher sur les traces du Seigneur et de continuer sa mission.<\/p>\n<p style=\"text-align: left;\">Notre mission \u00e0 JCMM16 est d&rsquo;\u00e9quiper et de perfectionner les saints pour le minist\u00e8re d&rsquo;\u00e9vang\u00e9lisation et pour l&rsquo;\u00e9dification du Corps du Christ afin que chaque personne puisse efficacement fournir la vie du Saint-Esprit et op\u00e9rer dans les dons de l&rsquo;esprit, r\u00e9sultant en un corps unifi\u00e9 et le salut des \u00e2mes.<\/p>\n<p style=\"text-align: left;\"><\/div><\/div>\n","protected":false},"excerpt":{"rendered":"<p>Et il leur dit : \u00ab Allez par tout le monde, et pr\u00eachez la bonne nouvelle \u00e0 toute la cr\u00e9ation. \u00bb Marc 16,15 &nbsp; Le Sauveur charge les disciples de la mission de rechercher et de sauver les perdus, d&rsquo;abord \u00e0 une \u00e9chelle limit\u00e9e (Matthieu 10), puis, apr\u00e8s sa r\u00e9surrection, \u00e0 l&rsquo;\u00e9chelle mondiale : 1&#8230;.<\/p>\n","protected":false},"author":1,"featured_media":989017,"parent":0,"menu_order":0,"comment_status":"closed","ping_status":"closed","template":"","meta":{"footnotes":""},"class_list":["post-989420","page","type-page","status-publish","has-post-thumbnail","hentry"],"_links":{"self":[{"href":"https:\/\/jcmm16.org\/fr\/wp-json\/wp\/v2\/pages\/989420","targetHints":{"allow":["GET"]}}],"collection":[{"href":"https:\/\/jcmm16.org\/fr\/wp-json\/wp\/v2\/pages"}],"about":[{"href":"https:\/\/jcmm16.org\/fr\/wp-json\/wp\/v2\/types\/page"}],"author":[{"embeddable":true,"href":"https:\/\/jcmm16.org\/fr\/wp-json\/wp\/v2\/users\/1"}],"replies":[{"embeddable":true,"href":"https:\/\/jcmm16.org\/fr\/wp-json\/wp\/v2\/comments?post=989420"}],"version-history":[{"count":3,"href":"https:\/\/jcmm16.org\/fr\/wp-json\/wp\/v2\/pages\/989420\/revisions"}],"predecessor-version":[{"id":992169,"href":"https:\/\/jcmm16.org\/fr\/wp-json\/wp\/v2\/pages\/989420\/revisions\/992169"}],"wp:featuredmedia":[{"embeddable":true,"href":"https:\/\/jcmm16.org\/fr\/wp-json\/wp\/v2\/media\/989017"}],"wp:attachment":[{"href":"https:\/\/jcmm16.org\/fr\/wp-json\/wp\/v2\/media?parent=989420"}],"curies":[{"name":"wp","href":"https:\/\/api.w.org\/{rel}","templated":true}]}}