{"id":989433,"date":"2013-03-22T18:53:51","date_gmt":"2013-03-22T18:53:51","guid":{"rendered":"https:\/\/jcmm16.org\/temoignages"},"modified":"2022-06-21T21:10:00","modified_gmt":"2022-06-21T21:10:00","slug":"temoignages","status":"publish","type":"page","link":"https:\/\/jcmm16.org\/fr\/temoignages","title":{"rendered":"T\u00e9moignages"},"content":{"rendered":"<div class=\"row \"><div class=\"wpv-grid grid-1-1  wpv-first-level first unextended\" style=\"padding-top:0px;padding-bottom:0px\" id=\"wpv-column-308c8f356363a08310b1dd2b52abf746\" ><div class=\"loop-wrapper clearfix regular normal paginated\" data-columns=\"1\"  >\n\t\t<div class=\"page-content post-header clearfix list-item post-997996 post type-post status-publish format-standard has-post-thumbnail hentry category-non-classifiee category-temoignage\" >\n\t\t\t<div>\n\t\t\t\t<div class=\"post-article has-image-wrapper \">\n\t<div class=\"standard-post-format clearfix as-image \">\n\t\t<div class=\"post-row\">\n\t<div class=\"post-row-left\">\n\t\n<div class=\"post-date\">\n\t\t\t<span class=\"top-part\">\n\t\t\t29\t\t<\/span>\n\t\t<span class=\"bottom-part\">\n\t\t\t01 '26\t\t<\/span>\n\t<\/div>\t<div class=\"post-left-actions\">\n\t\t\n<div class=\"post-actions\">\n\t\t\t\n\t\t\t\t\t<div class=\"love-count-outer\">\n\t\t\t\t<div class=\"love-it-wrapper\"><a href=\"#\" class=\"love-it\" data-post-id=\"997996\" data-user-id=\"0\"><span class=\"visuallyhidden\">Love it<\/span><\/a> <span class=\"love-count\">0<\/span><\/div>\t\t\t<\/div>\n\t\t\n\t\t\t<\/div>\t<\/div>\n<\/div>\n\t<div class=\"post-row-center\">\n\t\t\t\t\t<div class=\"post-media\">\n\t\t\t\t<div class='media-inner'>\n\t\t\t\t\t\n\t\t\t\t\t<img decoding=\"async\" width=\"389\" height=\"369\" src=\"https:\/\/jcmm16.org\/wp-content\/uploads\/2026\/01\/Capture-decran-2026-01-29-212440-389x369.png\" class=\"attachment-post-loop size-post-loop wp-post-image\" alt=\"\" \/>\n\t\t\t\t\t\t\t\t\t<\/div>\n\t\t\t<\/div>\n\t\t\t\t<div class=\"post-content-outer\">\n\t\t\t\t\t<header class=\"single\">\n\t\t\t<div class=\"content\">\n\t\t\t\t\t\t\t\t<h3>\n\t\t\t\t\t<a href=\"https:\/\/jcmm16.org\/fr\/se-tenir-sur-la-verite-guerit\" title=\"Se Tenir sur La V\u00e9rit\u00e9, Gu\u00e9rit.\">Se Tenir sur La V\u00e9rit\u00e9, Gu\u00e9rit.<\/a>\n\t\t\t\t<\/h3>\n\t\t\t<\/div>\n\t\t<\/header>\n\t<div class=\"post-content the-content\">\n\t<p>T\u00e9moignage: Jean 5 8 L\u00e8ve-toi, lui dit J\u00e9sus, prends ton lit, et marche. &nbsp; Le dimanche dernier, lorsque le Seigneur donnait la Parole sur la V\u00e9rit\u00e9. Quelque chose s&rsquo;est pass\u00e9 dans mon \u00e2me. Cela avait d\u00e9j\u00e0 commenc\u00e9 \u00e0 l\u2019\u00e9coute du message de vendredi, dans Jean 5, o\u00f9 J\u00e9sus a gu\u00e9ri cet homme qui \u00e9tait malade&#8230;<\/p>\n<\/div><div class=\"post-meta\">\n\t<nav class=\"clearfix\">\n\t\t\n\t\t\t\t\t\t\t\t<\/nav>\n<\/div>\t\t<\/div>\n\t<\/div>\n<\/div>\t<\/div>\n<\/div>\n\t\t\t<\/div>\n\t\t<\/div>\n\t\t<div class=\"page-content post-header clearfix list-item post-997503 post type-post status-publish format-standard has-post-thumbnail hentry category-temoignage\" >\n\t\t\t<div>\n\t\t\t\t<div class=\"post-article has-image-wrapper \">\n\t<div class=\"standard-post-format clearfix as-image \">\n\t\t<div class=\"post-row\">\n\t<div class=\"post-row-left\">\n\t\n<div class=\"post-date\">\n\t\t\t<span class=\"top-part\">\n\t\t\t29\t\t<\/span>\n\t\t<span class=\"bottom-part\">\n\t\t\t08 '25\t\t<\/span>\n\t<\/div>\t<div class=\"post-left-actions\">\n\t\t\n<div class=\"post-actions\">\n\t\t\t\n\t\t\t\t\t<div class=\"love-count-outer\">\n\t\t\t\t<div class=\"love-it-wrapper\"><a href=\"#\" class=\"love-it\" data-post-id=\"997503\" data-user-id=\"0\"><span class=\"visuallyhidden\">Love it<\/span><\/a> <span class=\"love-count\">0<\/span><\/div>\t\t\t<\/div>\n\t\t\n\t\t\t<\/div>\t<\/div>\n<\/div>\n\t<div class=\"post-row-center\">\n\t\t\t\t\t<div class=\"post-media\">\n\t\t\t\t<div class='media-inner'>\n\t\t\t\t\t\n\t\t\t\t\t<img decoding=\"async\" width=\"374\" height=\"246\" src=\"https:\/\/jcmm16.org\/wp-content\/uploads\/2025\/08\/Screenshot-2025-08-29-184454.png\" class=\"attachment-post-loop size-post-loop wp-post-image\" alt=\"\" srcset=\"https:\/\/jcmm16.org\/wp-content\/uploads\/2025\/08\/Screenshot-2025-08-29-184454.png 374w, https:\/\/jcmm16.org\/wp-content\/uploads\/2025\/08\/Screenshot-2025-08-29-184454-300x197.png 300w, https:\/\/jcmm16.org\/wp-content\/uploads\/2025\/08\/Screenshot-2025-08-29-184454-360x237.png 360w, https:\/\/jcmm16.org\/wp-content\/uploads\/2025\/08\/Screenshot-2025-08-29-184454-262x172.png 262w\" sizes=\"(min-width: 900px) 50vw, 100vw\" \/>\n\t\t\t\t\t\t\t\t\t<\/div>\n\t\t\t<\/div>\n\t\t\t\t<div class=\"post-content-outer\">\n\t\t\t\t\t<header class=\"single\">\n\t\t\t<div class=\"content\">\n\t\t\t\t\t\t\t\t<h3>\n\t\t\t\t\t<a href=\"https:\/\/jcmm16.org\/fr\/seigneur-tu-es-dans-ma-barque\" title=\"Seigneur, Tu es dans ma barque.\">Seigneur, Tu es dans ma barque.<\/a>\n\t\t\t\t<\/h3>\n\t\t\t<\/div>\n\t\t<\/header>\n\t<div class=\"post-content the-content\">\n\t<p>T\u00e9moignage: Marc 4. 41 Ils furent saisis d&rsquo;une grande frayeur, et ils se dirent les uns aux autres: Quel est donc celui-ci, \u00e0 qui ob\u00e9issent m\u00eame le vent et la mer? Je b\u00e9nis le Seigneur pour Ses bienfaits dans ma vie. R\u00e9cemment, un vendredi tr\u00e8s t\u00f4t le matin j\u2019ai re\u00e7u un coup de fil de&#8230;<\/p>\n<\/div><div class=\"post-meta\">\n\t<nav class=\"clearfix\">\n\t\t\n\t\t\t\t\t\t\t\t<\/nav>\n<\/div>\t\t<\/div>\n\t<\/div>\n<\/div>\t<\/div>\n<\/div>\n\t\t\t<\/div>\n\t\t<\/div>\n\t\t<div class=\"page-content post-header clearfix list-item post-997402 post type-post status-publish format-standard has-post-thumbnail hentry category-temoignage\" >\n\t\t\t<div>\n\t\t\t\t<div class=\"post-article has-image-wrapper \">\n\t<div class=\"standard-post-format clearfix as-image \">\n\t\t<div class=\"post-row\">\n\t<div class=\"post-row-left\">\n\t\n<div class=\"post-date\">\n\t\t\t<span class=\"top-part\">\n\t\t\t09\t\t<\/span>\n\t\t<span class=\"bottom-part\">\n\t\t\t08 '25\t\t<\/span>\n\t<\/div>\t<div class=\"post-left-actions\">\n\t\t\n<div class=\"post-actions\">\n\t\t\t\n\t\t\t\t\t<div class=\"love-count-outer\">\n\t\t\t\t<div class=\"love-it-wrapper\"><a href=\"#\" class=\"love-it\" data-post-id=\"997402\" data-user-id=\"0\"><span class=\"visuallyhidden\">Love it<\/span><\/a> <span class=\"love-count\">1<\/span><\/div>\t\t\t<\/div>\n\t\t\n\t\t\t<\/div>\t<\/div>\n<\/div>\n\t<div class=\"post-row-center\">\n\t\t\t\t\t<div class=\"post-media\">\n\t\t\t\t<div class='media-inner'>\n\t\t\t\t\t\n\t\t\t\t\t<img decoding=\"async\" width=\"330\" height=\"218\" src=\"https:\/\/jcmm16.org\/wp-content\/uploads\/2025\/08\/Screenshot-2025-08-09-114054-e1754942817834.png\" class=\"attachment-post-loop size-post-loop wp-post-image\" alt=\"\" \/>\n\t\t\t\t\t\t\t\t\t<\/div>\n\t\t\t<\/div>\n\t\t\t\t<div class=\"post-content-outer\">\n\t\t\t\t\t<header class=\"single\">\n\t\t\t<div class=\"content\">\n\t\t\t\t\t\t\t\t<h3>\n\t\t\t\t\t<a href=\"https:\/\/jcmm16.org\/fr\/loue-soit-leternel\" title=\"Lou\u00e9 Soit L&rsquo;Eternel!\">Lou\u00e9 Soit L&rsquo;Eternel!<\/a>\n\t\t\t\t<\/h3>\n\t\t\t<\/div>\n\t\t<\/header>\n\t<div class=\"post-content the-content\">\n\t<p>Psaume 77.14 Tu es le Dieu qui fait des prodiges; Tu as manifest\u00e9 parmi les peuples ta puissance. T\u00e9moignage: Notre Seigneur est Grand et Bon. Il accomplit ses promesses. Nous sommes vraiment reconnaissants. Nous nous sommes mari\u00e9s en octobre 2022, et un mois apr\u00e8s je suis tomb\u00e9e enceinte. Nous \u00e9tions tr\u00e8s contents d\u2019accueillir un b\u00e9b\u00e9&#8230;.<\/p>\n<\/div><div class=\"post-meta\">\n\t<nav class=\"clearfix\">\n\t\t\n\t\t\t\t\t\t\t\t<\/nav>\n<\/div>\t\t<\/div>\n\t<\/div>\n<\/div>\t<\/div>\n<\/div>\n\t\t\t<\/div>\n\t\t<\/div>\n\t\t<div class=\"page-content post-header clearfix list-item post-997384 post type-post status-publish format-standard has-post-thumbnail hentry category-temoignage\" >\n\t\t\t<div>\n\t\t\t\t<div class=\"post-article has-image-wrapper \">\n\t<div class=\"standard-post-format clearfix as-image \">\n\t\t<div class=\"post-row\">\n\t<div class=\"post-row-left\">\n\t\n<div class=\"post-date\">\n\t\t\t<span class=\"top-part\">\n\t\t\t06\t\t<\/span>\n\t\t<span class=\"bottom-part\">\n\t\t\t08 '25\t\t<\/span>\n\t<\/div>\t<div class=\"post-left-actions\">\n\t\t\n<div class=\"post-actions\">\n\t\t\t\n\t\t\t\t\t<div class=\"love-count-outer\">\n\t\t\t\t<div class=\"love-it-wrapper\"><a href=\"#\" class=\"love-it\" data-post-id=\"997384\" data-user-id=\"0\"><span class=\"visuallyhidden\">Love it<\/span><\/a> <span class=\"love-count\">0<\/span><\/div>\t\t\t<\/div>\n\t\t\n\t\t\t<\/div>\t<\/div>\n<\/div>\n\t<div class=\"post-row-center\">\n\t\t\t\t\t<div class=\"post-media\">\n\t\t\t\t<div class='media-inner'>\n\t\t\t\t\t\n\t\t\t\t\t<img decoding=\"async\" width=\"376\" height=\"318\" src=\"https:\/\/jcmm16.org\/wp-content\/uploads\/2025\/08\/Screenshot-2025-08-06-203426-e1754505305507.png\" class=\"attachment-post-loop size-post-loop wp-post-image\" alt=\"\" \/>\n\t\t\t\t\t\t\t\t\t<\/div>\n\t\t\t<\/div>\n\t\t\t\t<div class=\"post-content-outer\">\n\t\t\t\t\t<header class=\"single\">\n\t\t\t<div class=\"content\">\n\t\t\t\t\t\t\t\t<h3>\n\t\t\t\t\t<a href=\"https:\/\/jcmm16.org\/fr\/les-oeuvres-du-seigneur-sont-merveilleuses\" title=\"Les oeuvres du Seigneur sont merveilleuses.\">Les oeuvres du Seigneur sont merveilleuses.<\/a>\n\t\t\t\t<\/h3>\n\t\t\t<\/div>\n\t\t<\/header>\n\t<div class=\"post-content the-content\">\n\t<p>Psaume 77.13 Je parlerai de toutes tes \u0153uvres, Je raconterai tes hauts faits. T\u00e9moignage: Je b\u00e9nis le nom du Seigneur J\u00e9sus, Il a fait des choses merveilleuses dans ma vie et celle de ma famille. Mon fr\u00e8re a \u00e9t\u00e9 diagnostiqu\u00e9 du diab\u00e8te de type 2 et cette nouvelle nous a beaucoup troubl\u00e9 et affaibli toute&#8230;<\/p>\n<\/div><div class=\"post-meta\">\n\t<nav class=\"clearfix\">\n\t\t\n\t\t\t\t\t\t\t\t<\/nav>\n<\/div>\t\t<\/div>\n\t<\/div>\n<\/div>\t<\/div>\n<\/div>\n\t\t\t<\/div>\n\t\t<\/div>\n\t\t<div class=\"page-content post-header clearfix list-item post-997273 post type-post status-publish format-standard has-post-thumbnail hentry category-temoignage\" >\n\t\t\t<div>\n\t\t\t\t<div class=\"post-article has-image-wrapper \">\n\t<div class=\"standard-post-format clearfix as-image \">\n\t\t<div class=\"post-row\">\n\t<div class=\"post-row-left\">\n\t\n<div class=\"post-date\">\n\t\t\t<span class=\"top-part\">\n\t\t\t27\t\t<\/span>\n\t\t<span class=\"bottom-part\">\n\t\t\t07 '25\t\t<\/span>\n\t<\/div>\t<div class=\"post-left-actions\">\n\t\t\n<div class=\"post-actions\">\n\t\t\t\n\t\t\t\t\t<div class=\"love-count-outer\">\n\t\t\t\t<div class=\"love-it-wrapper\"><a href=\"#\" class=\"love-it\" data-post-id=\"997273\" data-user-id=\"0\"><span class=\"visuallyhidden\">Love it<\/span><\/a> <span class=\"love-count\">0<\/span><\/div>\t\t\t<\/div>\n\t\t\n\t\t\t<\/div>\t<\/div>\n<\/div>\n\t<div class=\"post-row-center\">\n\t\t\t\t\t<div class=\"post-media\">\n\t\t\t\t<div class='media-inner'>\n\t\t\t\t\t\n\t\t\t\t\t<img decoding=\"async\" width=\"376\" height=\"321\" src=\"https:\/\/jcmm16.org\/wp-content\/uploads\/2025\/07\/Screenshot-2025-07-27-130101-e1753614117764.png\" class=\"attachment-post-loop size-post-loop wp-post-image\" alt=\"\" \/>\n\t\t\t\t\t\t\t\t\t<\/div>\n\t\t\t<\/div>\n\t\t\t\t<div class=\"post-content-outer\">\n\t\t\t\t\t<header class=\"single\">\n\t\t\t<div class=\"content\">\n\t\t\t\t\t\t\t\t<h3>\n\t\t\t\t\t<a href=\"https:\/\/jcmm16.org\/fr\/tout-appartient-a-jesus\" title=\"Tout appartient \u00e0 J\u00e9sus.\">Tout appartient \u00e0 J\u00e9sus.<\/a>\n\t\t\t\t<\/h3>\n\t\t\t<\/div>\n\t\t<\/header>\n\t<div class=\"post-content the-content\">\n\t<p>\u00a0Psaume 24.1 A l&rsquo;\u00c9ternel la terre et ce qu&rsquo;elle renferme, Le monde et ceux qui l&rsquo;habitent! T\u00e9moignage: Depuis six ans, j\u2019ai une assurance m\u00e9dicale en premium dont je payais le m\u00eame montant. Le renouvellement avait \u00e9t\u00e9 fait en novembre 2024 et depuis le mois de janvier 2025, tout \u00e9tait r\u00e9gulier. Mais au mois de mars,&#8230;<\/p>\n<\/div><div class=\"post-meta\">\n\t<nav class=\"clearfix\">\n\t\t\n\t\t\t\t\t\t\t\t<\/nav>\n<\/div>\t\t<\/div>\n\t<\/div>\n<\/div>\t<\/div>\n<\/div>\n\t\t\t<\/div>\n\t\t<\/div>\n\t\t<div class=\"page-content post-header clearfix list-item post-997336 post type-post status-publish format-standard has-post-thumbnail hentry category-temoignage\" >\n\t\t\t<div>\n\t\t\t\t<div class=\"post-article has-image-wrapper \">\n\t<div class=\"standard-post-format clearfix as-image \">\n\t\t<div class=\"post-row\">\n\t<div class=\"post-row-left\">\n\t\n<div class=\"post-date\">\n\t\t\t<span class=\"top-part\">\n\t\t\t23\t\t<\/span>\n\t\t<span class=\"bottom-part\">\n\t\t\t07 '25\t\t<\/span>\n\t<\/div>\t<div class=\"post-left-actions\">\n\t\t\n<div class=\"post-actions\">\n\t\t\t\n\t\t\t\t\t<div class=\"love-count-outer\">\n\t\t\t\t<div class=\"love-it-wrapper\"><a href=\"#\" class=\"love-it\" data-post-id=\"997336\" data-user-id=\"0\"><span class=\"visuallyhidden\">Love it<\/span><\/a> <span class=\"love-count\">0<\/span><\/div>\t\t\t<\/div>\n\t\t\n\t\t\t<\/div>\t<\/div>\n<\/div>\n\t<div class=\"post-row-center\">\n\t\t\t\t\t<div class=\"post-media\">\n\t\t\t\t<div class='media-inner'>\n\t\t\t\t\t\n\t\t\t\t\t<img decoding=\"async\" width=\"376\" height=\"349\" src=\"https:\/\/jcmm16.org\/wp-content\/uploads\/2025\/07\/Screenshot-2025-08-02-001001-e1754086324359.png\" class=\"attachment-post-loop size-post-loop wp-post-image\" alt=\"\" \/>\n\t\t\t\t\t\t\t\t\t<\/div>\n\t\t\t<\/div>\n\t\t\t\t<div class=\"post-content-outer\">\n\t\t\t\t\t<header class=\"single\">\n\t\t\t<div class=\"content\">\n\t\t\t\t\t\t\t\t<h3>\n\t\t\t\t\t<a href=\"https:\/\/jcmm16.org\/fr\/le-nom-de-jesus-est-puissant\" title=\"Le Nom de J\u00e9sus est Puissant!\">Le Nom de J\u00e9sus est Puissant!<\/a>\n\t\t\t\t<\/h3>\n\t\t\t<\/div>\n\t\t<\/header>\n\t<div class=\"post-content the-content\">\n\t<p>Philippiens 2.10 Afin qu&rsquo;au nom de J\u00e9sus tout genou fl\u00e9chisse dans les cieux, sur la terre et sous la terre. T\u00e9moignage: Quand nous sommes arriv\u00e9s \u00e0 l\u2019\u00e9glise, mon mari et moi n\u2019avions pas d\u2019enfants. J\u2019avais d\u00e9j\u00e0 fait une fausse couche lorsque nous \u00e9tions dans notre pays. Et les trois ann\u00e9es qui ont suivi cette fausse&#8230;<\/p>\n<\/div><div class=\"post-meta\">\n\t<nav class=\"clearfix\">\n\t\t\n\t\t\t\t\t\t\t\t<\/nav>\n<\/div>\t\t<\/div>\n\t<\/div>\n<\/div>\t<\/div>\n<\/div>\n\t\t\t<\/div>\n\t\t<\/div>\n\t\t<div class=\"page-content post-header clearfix list-item post-997208 post type-post status-publish format-standard has-post-thumbnail hentry category-temoignage\" >\n\t\t\t<div>\n\t\t\t\t<div class=\"post-article has-image-wrapper \">\n\t<div class=\"standard-post-format clearfix as-image \">\n\t\t<div class=\"post-row\">\n\t<div class=\"post-row-left\">\n\t\n<div class=\"post-date\">\n\t\t\t<span class=\"top-part\">\n\t\t\t13\t\t<\/span>\n\t\t<span class=\"bottom-part\">\n\t\t\t07 '25\t\t<\/span>\n\t<\/div>\t<div class=\"post-left-actions\">\n\t\t\n<div class=\"post-actions\">\n\t\t\t\n\t\t\t\t\t<div class=\"love-count-outer\">\n\t\t\t\t<div class=\"love-it-wrapper\"><a href=\"#\" class=\"love-it\" data-post-id=\"997208\" data-user-id=\"0\"><span class=\"visuallyhidden\">Love it<\/span><\/a> <span class=\"love-count\">0<\/span><\/div>\t\t\t<\/div>\n\t\t\n\t\t\t<\/div>\t<\/div>\n<\/div>\n\t<div class=\"post-row-center\">\n\t\t\t\t\t<div class=\"post-media\">\n\t\t\t\t<div class='media-inner'>\n\t\t\t\t\t\n\t\t\t\t\t<img decoding=\"async\" width=\"445\" height=\"369\" src=\"https:\/\/jcmm16.org\/wp-content\/uploads\/2025\/07\/Screenshot-2025-07-13-132157-445x369.png\" class=\"attachment-post-loop size-post-loop wp-post-image\" alt=\"\" \/>\n\t\t\t\t\t\t\t\t\t<\/div>\n\t\t\t<\/div>\n\t\t\t\t<div class=\"post-content-outer\">\n\t\t\t\t\t<header class=\"single\">\n\t\t\t<div class=\"content\">\n\t\t\t\t\t\t\t\t<h3>\n\t\t\t\t\t<a href=\"https:\/\/jcmm16.org\/fr\/jesus-ma-pardonne-mon-infidelite-dans-les-richesses-injustes\" title=\"J\u00e9sus m&rsquo;a pardonn\u00e9 mon infid\u00e9lit\u00e9 dans les richesses injustes.\">J\u00e9sus m&rsquo;a pardonn\u00e9 mon infid\u00e9lit\u00e9 dans les richesses injustes.<\/a>\n\t\t\t\t<\/h3>\n\t\t\t<\/div>\n\t\t<\/header>\n\t<div class=\"post-content the-content\">\n\t<p>Luc 16.11 Si donc vous n&rsquo;avez pas \u00e9t\u00e9 fid\u00e8le dans les richesses injustes, qui vous confiera les v\u00e9ritables ? T\u00e9moignage\u00a0: Je rends gr\u00e2ce au Seigneur pour le moment de je\u00fbne et pri\u00e8re que nous avions eu, car le Seigneur m\u2019a visit\u00e9. Peu de temps avant, un jour je priais et partageais la Parole avec un&#8230;<\/p>\n<\/div><div class=\"post-meta\">\n\t<nav class=\"clearfix\">\n\t\t\n\t\t\t\t\t\t\t\t<\/nav>\n<\/div>\t\t<\/div>\n\t<\/div>\n<\/div>\t<\/div>\n<\/div>\n\t\t\t<\/div>\n\t\t<\/div>\n\t\t<div class=\"page-content post-header clearfix list-item post-997142 post type-post status-publish format-standard has-post-thumbnail hentry category-temoignage\" >\n\t\t\t<div>\n\t\t\t\t<div class=\"post-article has-image-wrapper \">\n\t<div class=\"standard-post-format clearfix as-image \">\n\t\t<div class=\"post-row\">\n\t<div class=\"post-row-left\">\n\t\n<div class=\"post-date\">\n\t\t\t<span class=\"top-part\">\n\t\t\t29\t\t<\/span>\n\t\t<span class=\"bottom-part\">\n\t\t\t06 '25\t\t<\/span>\n\t<\/div>\t<div class=\"post-left-actions\">\n\t\t\n<div class=\"post-actions\">\n\t\t\t\n\t\t\t\t\t<div class=\"love-count-outer\">\n\t\t\t\t<div class=\"love-it-wrapper\"><a href=\"#\" class=\"love-it\" data-post-id=\"997142\" data-user-id=\"0\"><span class=\"visuallyhidden\">Love it<\/span><\/a> <span class=\"love-count\">0<\/span><\/div>\t\t\t<\/div>\n\t\t\n\t\t\t<\/div>\t<\/div>\n<\/div>\n\t<div class=\"post-row-center\">\n\t\t\t\t\t<div class=\"post-media\">\n\t\t\t\t<div class='media-inner'>\n\t\t\t\t\t\n\t\t\t\t\t<img decoding=\"async\" width=\"430\" height=\"369\" src=\"https:\/\/jcmm16.org\/wp-content\/uploads\/2025\/06\/Screenshot-2025-06-29-140132-430x369.png\" class=\"attachment-post-loop size-post-loop wp-post-image\" alt=\"\" \/>\n\t\t\t\t\t\t\t\t\t<\/div>\n\t\t\t<\/div>\n\t\t\t\t<div class=\"post-content-outer\">\n\t\t\t\t\t<header class=\"single\">\n\t\t\t<div class=\"content\">\n\t\t\t\t\t\t\t\t<h3>\n\t\t\t\t\t<a href=\"https:\/\/jcmm16.org\/fr\/gloire-a-jesus-dieu-de-miracles\" title=\"Gloire \u00e0 Jesus &#8211; Dieu de miracles.\">Gloire \u00e0 Jesus &#8211; Dieu de miracles.<\/a>\n\t\t\t\t<\/h3>\n\t\t\t<\/div>\n\t\t<\/header>\n\t<div class=\"post-content the-content\">\n\t<p>Actes 12.5 Pierre donc \u00e9tait gard\u00e9 dans la prison; et l&rsquo;\u00c9glise ne cessait d&rsquo;adresser pour lui des pri\u00e8res \u00e0 Dieu. T\u00e9moignage\u00a0: Je b\u00e9nis le Seigneur pour tout ce qu\u2019Il fait dans ma vie. Je Lui rends la gloire pour l\u2019amour et l\u2019unit\u00e9 au sein de l\u2019\u00e9glise, que nous nous t\u00e9moignons les uns les autres. \u00c0&#8230;<\/p>\n<\/div><div class=\"post-meta\">\n\t<nav class=\"clearfix\">\n\t\t\n\t\t\t\t\t\t\t\t<\/nav>\n<\/div>\t\t<\/div>\n\t<\/div>\n<\/div>\t<\/div>\n<\/div>\n\t\t\t<\/div>\n\t\t<\/div>\n<\/div>\n\n<div class=\"wp-pagenavi\"><span class=\"pages\">Page 1 of 6<\/span><span aria-current=\"page\" class=\"page-numbers current\">1<\/span>\n<a class=\"page-numbers\" href=\"https:\/\/jcmm16.org\/fr\/wp-json\/wp\/v2\/pages\/989433\/page\/2\">2<\/a>\n<a class=\"page-numbers\" href=\"https:\/\/jcmm16.org\/fr\/wp-json\/wp\/v2\/pages\/989433\/page\/3\">3<\/a>\n<span class=\"page-numbers dots\">\u2026<\/span>\n<a class=\"page-numbers\" href=\"https:\/\/jcmm16.org\/fr\/wp-json\/wp\/v2\/pages\/989433\/page\/6\">6<\/a>\n<a class=\"next page-numbers\" href=\"https:\/\/jcmm16.org\/fr\/wp-json\/wp\/v2\/pages\/989433\/page\/2\">Next<\/a><\/div><\/div><\/div>\n","protected":false},"excerpt":{"rendered":"<p>Actes 12.5 Pierre donc \u00e9tait gard\u00e9 dans la prison; et l&rsquo;\u00c9glise ne cessait d&rsquo;adresser pour lui des pri\u00e8res \u00e0 Dieu. T\u00e9moignage\u00a0: Je b\u00e9nis le Seigneur pour tout ce qu\u2019Il fait dans ma vie. Je Lui rends la gloire pour l\u2019amour et l\u2019unit\u00e9 au sein de l\u2019\u00e9glise, que nous nous t\u00e9moignons les uns les autres. \u00c0&#8230;<\/p>\n","protected":false},"author":1,"featured_media":0,"parent":0,"menu_order":2,"comment_status":"closed","ping_status":"closed","template":"","meta":{"footnotes":""},"class_list":["post-989433","page","type-page","status-publish","hentry"],"_links":{"self":[{"href":"https:\/\/jcmm16.org\/fr\/wp-json\/wp\/v2\/pages\/989433","targetHints":{"allow":["GET"]}}],"collection":[{"href":"https:\/\/jcmm16.org\/fr\/wp-json\/wp\/v2\/pages"}],"about":[{"href":"https:\/\/jcmm16.org\/fr\/wp-json\/wp\/v2\/types\/page"}],"author":[{"embeddable":true,"href":"https:\/\/jcmm16.org\/fr\/wp-json\/wp\/v2\/users\/1"}],"replies":[{"embeddable":true,"href":"https:\/\/jcmm16.org\/fr\/wp-json\/wp\/v2\/comments?post=989433"}],"version-history":[{"count":7,"href":"https:\/\/jcmm16.org\/fr\/wp-json\/wp\/v2\/pages\/989433\/revisions"}],"predecessor-version":[{"id":992379,"href":"https:\/\/jcmm16.org\/fr\/wp-json\/wp\/v2\/pages\/989433\/revisions\/992379"}],"wp:attachment":[{"href":"https:\/\/jcmm16.org\/fr\/wp-json\/wp\/v2\/media?parent=989433"}],"curies":[{"name":"wp","href":"https:\/\/api.w.org\/{rel}","templated":true}]}}