{"id":989437,"date":"2021-06-15T22:20:45","date_gmt":"2021-06-15T22:20:45","guid":{"rendered":"https:\/\/jcmm16.org\/ministere-des-enfants"},"modified":"2022-05-22T00:55:09","modified_gmt":"2022-05-22T00:55:09","slug":"ministere-des-enfants","status":"publish","type":"page","link":"https:\/\/jcmm16.org\/fr\/ministere-des-enfants","title":{"rendered":"Minist\u00e8re des enfants"},"content":{"rendered":"<div class=\"row \"><div class=\"wpv-grid grid-1-1  wpv-first-level first unextended animation-fade-in animated-active\" style=\"padding-top:0px;padding-bottom:0px\" id=\"wpv-column-eb74d3efb2c1996a95f33a7afc8b8350\" ><div class=\"row \"><div class=\"wpv-grid grid-1-1  first unextended\" style=\"padding-top:0px;padding-bottom:0px\" id=\"wpv-column-d9b3a13594afbb77aeda2a9a5fb6a4f8\" ><\/div><\/div>\n<div class=\"row \"><div class=\"wpv-grid grid-1-1  first unextended\" style=\"padding-top:0px;padding-bottom:0px\" id=\"wpv-column-f4f35cbeb8fb5afe0e068ad2fa0e1a43\" >\n<div  data-href=\"#\" tabindex=\"1\" data-target=\"_self\" class=\"linkarea clearfix accent7  background-transparent\">\n\t\t\t<div class=\"first\"><img decoding=\"async\" width=\"1366\" height=\"890\" src=\"https:\/\/jcmm16.org\/wp-content\/uploads\/2021\/09\/ChildrensMinistry.jpg\" class=\"attachment-full size-full\" alt=\"\" srcset=\"https:\/\/jcmm16.org\/wp-content\/uploads\/2021\/09\/ChildrensMinistry.jpg 1366w, https:\/\/jcmm16.org\/wp-content\/uploads\/2021\/09\/ChildrensMinistry-300x195.jpg 300w, https:\/\/jcmm16.org\/wp-content\/uploads\/2021\/09\/ChildrensMinistry-1024x667.jpg 1024w, https:\/\/jcmm16.org\/wp-content\/uploads\/2021\/09\/ChildrensMinistry-1140x743.jpg 1140w, https:\/\/jcmm16.org\/wp-content\/uploads\/2021\/09\/ChildrensMinistry-555x362.jpg 555w, https:\/\/jcmm16.org\/wp-content\/uploads\/2021\/09\/ChildrensMinistry-360x235.jpg 360w, https:\/\/jcmm16.org\/wp-content\/uploads\/2021\/09\/ChildrensMinistry-262x171.jpg 262w, https:\/\/jcmm16.org\/wp-content\/uploads\/2021\/09\/ChildrensMinistry-1320x860.jpg 1320w, https:\/\/jcmm16.org\/wp-content\/uploads\/2021\/09\/ChildrensMinistry-600x391.jpg 600w\" sizes=\"(max-width: 1366px) 100vw, 1366px\" \/><\/div>\n\t\t\t\t<div class=\"last\"><h2 style=\"text-align: center;\">Minist\u00e8re des enfants<\/h2>\n<blockquote>\n<h3 style=\"text-align: center;\">Instruis l&rsquo;enfant selon la voie qu&rsquo;il doit suivre; Et quand il sera vieux, il ne s&rsquo;en d\u00e9tournera<\/h3>\n<h3 style=\"text-align: center;\">pas.<\/h3>\n<\/blockquote>\n<h3 style=\"text-align: center;\">Proverbes 22,6<\/h3>\n<p style=\"text-align: center;\"><img decoding=\"async\" class=\"aligncenter size-full wp-image-6905\" src=\"http:\/\/jcmm16.org\/wp-content\/themes\/church-event\/samples\/images\/ornament1.png\" alt=\"ornement1\" width=\"50\" height=\"30\" \/><\/p>\n<p><strong>\u00c9nonc\u00e9 de mission<\/strong><\/p>\n<p>Le but principal de Jesus Church Mission Mark 16 Children Ministry est de fournir aux enfants les outils dont ils ont besoin pour avoir la foi en J\u00e9sus-Christ, un d\u00e9sir de lui ob\u00e9ir et un amour pour lui qui restera toute leur vie.<\/p>\n<p><strong>Buts<\/strong><\/p>\n<p>\u2022 Aider \u00e0 doter les enfants des connaissances et des outils n\u00e9cessaires pour tenir bon dans un monde mourant. H\u00e9breux 13:21, 2 Pierre 3:18<\/p>\n<p>\u2022 Pour les instruire, les encourager et les aider \u00e0 les guider pour qu&rsquo;ils adorent et louent librement notre Seigneur J\u00e9sus-Christ. 1 Chronique 16:9<\/p>\n<p>\u2022 Pour aider \u00e0 enseigner aux enfants comment appliquer la Parole dans leur vie quotidienne. Proverbes 2:1-5<\/p>\n<p>\u2022 Enseigner que la pri\u00e8re et la communion avec le P\u00e8re sont la premi\u00e8re chose \u00e0 laquelle se tourner dans toutes les situations. Matthieu 6:33<\/p>\n<p>\u2022 Pour aider \u00e0 tourner leur c\u0153ur vers la SEULE personne qui peut subvenir \u00e0 tous leurs besoins. Philippiens 4:19<\/div>\n\t<\/div><\/div><\/div><\/div><\/div>\n","protected":false},"excerpt":{"rendered":"","protected":false},"author":1,"featured_media":0,"parent":0,"menu_order":0,"comment_status":"closed","ping_status":"closed","template":"","meta":{"footnotes":""},"class_list":["post-989437","page","type-page","status-publish","hentry"],"_links":{"self":[{"href":"https:\/\/jcmm16.org\/fr\/wp-json\/wp\/v2\/pages\/989437","targetHints":{"allow":["GET"]}}],"collection":[{"href":"https:\/\/jcmm16.org\/fr\/wp-json\/wp\/v2\/pages"}],"about":[{"href":"https:\/\/jcmm16.org\/fr\/wp-json\/wp\/v2\/types\/page"}],"author":[{"embeddable":true,"href":"https:\/\/jcmm16.org\/fr\/wp-json\/wp\/v2\/users\/1"}],"replies":[{"embeddable":true,"href":"https:\/\/jcmm16.org\/fr\/wp-json\/wp\/v2\/comments?post=989437"}],"version-history":[{"count":4,"href":"https:\/\/jcmm16.org\/fr\/wp-json\/wp\/v2\/pages\/989437\/revisions"}],"predecessor-version":[{"id":991226,"href":"https:\/\/jcmm16.org\/fr\/wp-json\/wp\/v2\/pages\/989437\/revisions\/991226"}],"wp:attachment":[{"href":"https:\/\/jcmm16.org\/fr\/wp-json\/wp\/v2\/media?parent=989437"}],"curies":[{"name":"wp","href":"https:\/\/api.w.org\/{rel}","templated":true}]}}