{"id":989438,"date":"2021-06-17T16:00:52","date_gmt":"2021-06-17T16:00:52","guid":{"rendered":"https:\/\/jcmm16.org\/ministere-des-hommes"},"modified":"2022-05-24T17:49:16","modified_gmt":"2022-05-24T17:49:16","slug":"ministere-des-hommes","status":"publish","type":"page","link":"https:\/\/jcmm16.org\/fr\/ministere-des-hommes","title":{"rendered":"Minist\u00e8re des hommes"},"content":{"rendered":"<div class=\"row \"><div class=\"wpv-grid grid-1-1  wpv-first-level first unextended animation-fade-in animated-active\" style=\"padding-top:0px;padding-bottom:0px\" id=\"wpv-column-60eb5c1fddcb5bb27b32e144106e0202\" ><div class=\"row \"><div class=\"wpv-grid grid-1-1  first unextended\" style=\"padding-top:0px;padding-bottom:0px\" id=\"wpv-column-2bc65e34ee058fa2900597ccc393e502\" >\n<div  data-href=\"#\" tabindex=\"1\" data-target=\"_self\" class=\"linkarea clearfix accent7  background-transparent\">\n\t\t\t<div class=\"first\"><img decoding=\"async\" width=\"2560\" height=\"1706\" src=\"https:\/\/jcmm16.org\/wp-content\/uploads\/2022\/05\/AdobeStock_119059939-scaled.jpeg\" class=\"attachment-full size-full\" alt=\"\" srcset=\"https:\/\/jcmm16.org\/wp-content\/uploads\/2022\/05\/AdobeStock_119059939-scaled.jpeg 2560w, https:\/\/jcmm16.org\/wp-content\/uploads\/2022\/05\/AdobeStock_119059939-300x200.jpeg 300w, https:\/\/jcmm16.org\/wp-content\/uploads\/2022\/05\/AdobeStock_119059939-1024x682.jpeg 1024w, https:\/\/jcmm16.org\/wp-content\/uploads\/2022\/05\/AdobeStock_119059939-1536x1024.jpeg 1536w, https:\/\/jcmm16.org\/wp-content\/uploads\/2022\/05\/AdobeStock_119059939-2048x1365.jpeg 2048w, https:\/\/jcmm16.org\/wp-content\/uploads\/2022\/05\/AdobeStock_119059939-1140x760.jpeg 1140w, https:\/\/jcmm16.org\/wp-content\/uploads\/2022\/05\/AdobeStock_119059939-555x370.jpeg 555w, https:\/\/jcmm16.org\/wp-content\/uploads\/2022\/05\/AdobeStock_119059939-360x240.jpeg 360w, https:\/\/jcmm16.org\/wp-content\/uploads\/2022\/05\/AdobeStock_119059939-262x175.jpeg 262w, https:\/\/jcmm16.org\/wp-content\/uploads\/2022\/05\/AdobeStock_119059939-1320x880.jpeg 1320w, https:\/\/jcmm16.org\/wp-content\/uploads\/2022\/05\/AdobeStock_119059939-600x400.jpeg 600w\" sizes=\"(max-width: 2560px) 100vw, 2560px\" \/><\/div>\n\t\t<\/div><\/div><\/div>\n<div class=\"row \"><div class=\"wpv-grid grid-1-1  first unextended\" style=\"padding-top:0px;padding-bottom:0px\" id=\"wpv-column-db19054bfec5bbc26fa6ddaed117ed7b\" ><div class=\"row \"><div class=\"wpv-grid grid-1-1  first unextended\" style=\"padding-top:0px;padding-bottom:0px\" id=\"wpv-column-bdbccb10492b37d1f5afea78878aefc7\" ><h2 style=\"text-align: center;\">Minist\u00e8re des hommes<\/h2>\n<blockquote>\n<h3 style=\"text-align: center;\">Heureux l&rsquo;homme qui a trouv\u00e9 la sagesse, Et l&rsquo;homme qui poss\u00e8de l&rsquo;intelligence!<\/h3>\n<\/blockquote>\n<h3 style=\"text-align: center;\">Proverbes 3,13<\/h3>\n<p style=\"text-align: center;\"><img decoding=\"async\" class=\"aligncenter size-full wp-image-6905\" src=\"http:\/\/jcmm16.org\/wp-content\/themes\/church-event\/samples\/images\/ornament1.png\" alt=\"ornement1\" width=\"50\" height=\"30\" \/><\/div><\/div><\/div><\/div><\/div><\/div>\n<div class=\"row \"><div class=\"wpv-grid grid-1-1  wpv-first-level first unextended\" style=\"padding-top:0px;padding-bottom:0px\" id=\"wpv-column-0f40d635d1d56f0518a91ed0e62f1a89\" >\t\t<div class=\"sep-text single centered\">\n\t\t\t\t\t\t\t<span class=\"sep-text-before\"><div class=\"sep-text-line\"><\/div><\/span>\n\t\t\t\t\t\t<div class=\"content\">\n\t\t\t\t<h2 class=\"text-divider-double\">Exhortations Minist\u00e8re des hommes<\/h2>\t\t\t<\/div>\n\t\t\t<span class=\"sep-text-after\"><div class=\"sep-text-line\"><\/div><\/span>\n\t\t\t\t\t<\/div>\n\t<div class=\"loop-wrapper clearfix regular normal not-paginated\" data-columns=\"1\"  >\n\t\t<div class=\"page-content post-header clearfix list-item post-991141 post type-post status-publish format-standard has-post-thumbnail hentry category-evenements-ministere-des-hommes category-ministere-des-hommes\" >\n\t\t\t<div>\n\t\t\t\t<div class=\"post-article has-image-wrapper \">\n\t<div class=\"standard-post-format clearfix as-image \">\n\t\t<div class=\"post-row\">\n\t<div class=\"post-row-left\">\n\t\n<div class=\"post-date\">\n\t\t\t<span class=\"top-part\">\n\t\t\t08\t\t<\/span>\n\t\t<span class=\"bottom-part\">\n\t\t\t05 '22\t\t<\/span>\n\t<\/div>\t<div class=\"post-left-actions\">\n\t\t\n<div class=\"post-actions\">\n\t\t\t\n\t\t\t\t\t<div class=\"love-count-outer\">\n\t\t\t\t<div class=\"love-it-wrapper\"><a href=\"#\" class=\"love-it\" data-post-id=\"991141\" data-user-id=\"0\"><span class=\"visuallyhidden\">Love it<\/span><\/a> <span class=\"love-count\">0<\/span><\/div>\t\t\t<\/div>\n\t\t\n\t\t\t<\/div>\t<\/div>\n<\/div>\n\t<div class=\"post-row-center\">\n\t\t\t\t\t<div class=\"post-media\">\n\t\t\t\t<div class='media-inner'>\n\t\t\t\t\t\n\t\t\t\t\t<img decoding=\"async\" width=\"480\" height=\"369\" src=\"https:\/\/jcmm16.org\/wp-content\/uploads\/2022\/04\/MOTHERS-DAY-480x369.jpg\" class=\"attachment-post-loop size-post-loop wp-post-image\" alt=\"\" srcset=\"https:\/\/jcmm16.org\/wp-content\/uploads\/2022\/04\/MOTHERS-DAY-480x369.jpg 480w, https:\/\/jcmm16.org\/wp-content\/uploads\/2022\/04\/MOTHERS-DAY-555x426.jpg 555w, https:\/\/jcmm16.org\/wp-content\/uploads\/2022\/04\/MOTHERS-DAY-360x276.jpg 360w, https:\/\/jcmm16.org\/wp-content\/uploads\/2022\/04\/MOTHERS-DAY-262x201.jpg 262w\" sizes=\"(min-width: 900px) 50vw, 100vw\" \/>\n\t\t\t\t\t\t\t\t\t<\/div>\n\t\t\t<\/div>\n\t\t\t\t<div class=\"post-content-outer\">\n\t\t\t\t\t<header class=\"single\">\n\t\t\t<div class=\"content\">\n\t\t\t\t\t\t\t\t<h3>\n\t\t\t\t\t<a href=\"https:\/\/jcmm16.org\/fr\/les-peres-celebrent-la-fete-des-meres\" title=\"Les p\u00e8res c\u00e9l\u00e8brent la f\u00eate des m\u00e8res\">Les p\u00e8res c\u00e9l\u00e8brent la f\u00eate des m\u00e8res<\/a>\n\t\t\t\t<\/h3>\n\t\t\t<\/div>\n\t\t<\/header>\n\t<div class=\"post-content the-content\">\n\t<div class=\"row \"><div class=\"wpv-grid grid-1-1  wpv-first-level first unextended\" style=\"padding-top:0px;padding-bottom:0px\" id=\"wpv-column-7261682cadadb8d52a6ec82ab125f5c4\" ><p style=\"text-align: center;\">Les hommes de JCMM16 ont une nouvelle fois tenu \u00e0 c\u00e9l\u00e9brer les femmes de cette assembl\u00e9e tout au long du week-end du 7 mai 2022.<\/p>\n<p>Retroussant all\u00e8grement leurs manches, ils ont transpir\u00e9 abondamment dans les cuisines pour offrir g\u00e9n\u00e9reusement un barbecue sp\u00e9cial.<\/p>\n<p style=\"text-align: center;\">Et surtout, en tous points particuli\u00e8rement d\u00e9licieux pour ravir le c\u0153ur de toutes les femmes de JCMM16.<\/p>\n<p style=\"text-align: center;\">D&rsquo;autre part, c&rsquo;est avec des talents po\u00e9tiques et des discours m\u00e9morables, que les hommes ont aussi touch\u00e9 les c\u0153urs ; reconnaissant l&rsquo;immense b\u00e9n\u00e9diction de chacune d&rsquo;elles dans la vie de l&rsquo;\u00e9glise et personnellement.<\/p>\n<p style=\"text-align: center;\"><span style=\"color: #0000ff;\">Nous attendons avec impatience l&rsquo;ann\u00e9e prochaine!<\/span><\/div><\/div>\n<\/div><div class=\"post-meta\">\n\t<nav class=\"clearfix\">\n\t\t\n\t\t\t\t\t\t\t\t<\/nav>\n<\/div>\t\t<\/div>\n\t<\/div>\n<\/div>\t<\/div>\n<\/div>\n\t\t\t<\/div>\n\t\t<\/div>\n<\/div>\n\n<\/div><\/div>\n","protected":false},"excerpt":{"rendered":"<p>Les hommes de JCMM16 ont une nouvelle fois tenu \u00e0 c\u00e9l\u00e9brer les femmes de cette assembl\u00e9e tout au long du week-end du 7 mai 2022. Retroussant all\u00e8grement leurs manches, ils ont transpir\u00e9 abondamment dans les cuisines pour offrir g\u00e9n\u00e9reusement un barbecue sp\u00e9cial. Et surtout, en tous points particuli\u00e8rement d\u00e9licieux pour ravir le c\u0153ur de toutes&#8230;<\/p>\n","protected":false},"author":1,"featured_media":0,"parent":0,"menu_order":0,"comment_status":"closed","ping_status":"closed","template":"","meta":{"footnotes":""},"class_list":["post-989438","page","type-page","status-publish","hentry"],"_links":{"self":[{"href":"https:\/\/jcmm16.org\/fr\/wp-json\/wp\/v2\/pages\/989438","targetHints":{"allow":["GET"]}}],"collection":[{"href":"https:\/\/jcmm16.org\/fr\/wp-json\/wp\/v2\/pages"}],"about":[{"href":"https:\/\/jcmm16.org\/fr\/wp-json\/wp\/v2\/types\/page"}],"author":[{"embeddable":true,"href":"https:\/\/jcmm16.org\/fr\/wp-json\/wp\/v2\/users\/1"}],"replies":[{"embeddable":true,"href":"https:\/\/jcmm16.org\/fr\/wp-json\/wp\/v2\/comments?post=989438"}],"version-history":[{"count":8,"href":"https:\/\/jcmm16.org\/fr\/wp-json\/wp\/v2\/pages\/989438\/revisions"}],"predecessor-version":[{"id":992191,"href":"https:\/\/jcmm16.org\/fr\/wp-json\/wp\/v2\/pages\/989438\/revisions\/992191"}],"wp:attachment":[{"href":"https:\/\/jcmm16.org\/fr\/wp-json\/wp\/v2\/media?parent=989438"}],"curies":[{"name":"wp","href":"https:\/\/api.w.org\/{rel}","templated":true}]}}