{"id":989440,"date":"2021-06-17T15:53:48","date_gmt":"2021-06-17T15:53:48","guid":{"rendered":"https:\/\/jcmm16.org\/ministere-de-la-femme"},"modified":"2022-05-08T19:19:32","modified_gmt":"2022-05-08T19:19:32","slug":"ministere-de-la-femme","status":"publish","type":"page","link":"https:\/\/jcmm16.org\/fr\/ministere-de-la-femme","title":{"rendered":"Minist\u00e8re des Femmes"},"content":{"rendered":"<div class=\"row \"><div class=\"wpv-grid grid-1-1  wpv-first-level first unextended animation-fade-in animated-active\" style=\"padding-top:0px;padding-bottom:0px\" id=\"wpv-column-a01b54794cde3819d12a623dc42f3c2c\" ><div class=\"row \"><div class=\"wpv-grid grid-1-1  first unextended\" style=\"padding-top:0px;padding-bottom:0px\" id=\"wpv-column-c28ff946f60414435110986a47bf326e\" >\n<div  data-href=\"#\" tabindex=\"1\" data-target=\"_self\" class=\"linkarea clearfix accent7  background-transparent\">\n\t\t\t<div class=\"first\"><img decoding=\"async\" width=\"2048\" height=\"1365\" src=\"https:\/\/jcmm16.org\/wp-content\/uploads\/2022\/05\/SHUTTERSTOCK_738452740-2048x1365-1.jpg\" class=\"attachment-full size-full\" alt=\"\" srcset=\"https:\/\/jcmm16.org\/wp-content\/uploads\/2022\/05\/SHUTTERSTOCK_738452740-2048x1365-1.jpg 2048w, https:\/\/jcmm16.org\/wp-content\/uploads\/2022\/05\/SHUTTERSTOCK_738452740-2048x1365-1-300x200.jpg 300w, https:\/\/jcmm16.org\/wp-content\/uploads\/2022\/05\/SHUTTERSTOCK_738452740-2048x1365-1-1024x683.jpg 1024w, https:\/\/jcmm16.org\/wp-content\/uploads\/2022\/05\/SHUTTERSTOCK_738452740-2048x1365-1-1536x1024.jpg 1536w, https:\/\/jcmm16.org\/wp-content\/uploads\/2022\/05\/SHUTTERSTOCK_738452740-2048x1365-1-1140x760.jpg 1140w, https:\/\/jcmm16.org\/wp-content\/uploads\/2022\/05\/SHUTTERSTOCK_738452740-2048x1365-1-555x370.jpg 555w, https:\/\/jcmm16.org\/wp-content\/uploads\/2022\/05\/SHUTTERSTOCK_738452740-2048x1365-1-360x240.jpg 360w, https:\/\/jcmm16.org\/wp-content\/uploads\/2022\/05\/SHUTTERSTOCK_738452740-2048x1365-1-262x175.jpg 262w, https:\/\/jcmm16.org\/wp-content\/uploads\/2022\/05\/SHUTTERSTOCK_738452740-2048x1365-1-1320x880.jpg 1320w, https:\/\/jcmm16.org\/wp-content\/uploads\/2022\/05\/SHUTTERSTOCK_738452740-2048x1365-1-600x400.jpg 600w\" sizes=\"(max-width: 2048px) 100vw, 2048px\" \/><\/div>\n\t\t<\/div><\/div><\/div>\n<div class=\"row \"><div class=\"wpv-grid grid-1-1  first unextended\" style=\"padding-top:0px;padding-bottom:0px\" id=\"wpv-column-8d8241b886ee5ffd362b44c530cb750f\" ><div class=\"row \"><div class=\"wpv-grid grid-1-1  first unextended\" style=\"padding-top:0px;padding-bottom:0px\" id=\"wpv-column-bf7fe30bdf45988ce87eb0efc8095172\" ><h2 style=\"text-align: center;\">Minist\u00e8re des Femmes<\/h2>\n<blockquote>\n<h3 style=\"text-align: center;\">Le charme est trompeur et la beaut\u00e9 est \u00e9ph\u00e9m\u00e8re ; mais une femme qui craint le Seigneur est digne de louanges.<\/h3>\n<\/blockquote>\n<h3 style=\"text-align: center;\">Proverbes 31,30<\/h3>\n<p style=\"text-align: center;\"><img decoding=\"async\" class=\"aligncenter size-full wp-image-6905\" src=\"http:\/\/jcmm16.org\/wp-content\/themes\/church-event\/samples\/images\/ornament1.png\" alt=\"ornement1\" width=\"50\" height=\"30\" \/><\/div><\/div><\/div><\/div><\/div><\/div>\n<div class=\"row \"><div class=\"wpv-grid grid-1-1  wpv-first-level first unextended\" style=\"padding-top:0px;padding-bottom:0px\" id=\"wpv-column-9cc432876016e3f8f83722b822c1b8e7\" >\t\t<div class=\"sep-text single centered\">\n\t\t\t\t\t\t\t<span class=\"sep-text-before\"><div class=\"sep-text-line\"><\/div><\/span>\n\t\t\t\t\t\t<div class=\"content\">\n\t\t\t\t<h2 class=\"text-divider-double\">Exhortations minist\u00e8re des femmes<\/h2>\t\t\t<\/div>\n\t\t\t<span class=\"sep-text-after\"><div class=\"sep-text-line\"><\/div><\/span>\n\t\t\t\t\t<\/div>\n\t<div class=\"loop-wrapper clearfix news row small not-paginated\" data-columns=\"2\"  >\n\t\t<div class=\"page-content post-header grid-1-2 clearboth list-item wpv-no-full-width post-995203 post type-post status-publish format-standard has-post-thumbnail hentry category-ministere-des-femmes category-temoignage\" >\n\t\t\t<div>\n\t\t\t\t<div class=\"post-article has-image-wrapper \">\n\t<div class=\"standard-post-format clearfix as-image \">\n\t\t\t<div class=\"thumbnail\">\n\t\t\t\t\t\t\t<a href=\"https:\/\/jcmm16.org\/fr\/mon-redempteur-jesus-ma-secouru\" title=\"Mon R\u00e9dempteur J\u00e9sus m&rsquo;a secouru.\">\n\t\t\t\t\t\t<img decoding=\"async\" width=\"150\" height=\"122\" src=\"https:\/\/jcmm16.org\/wp-content\/uploads\/2021\/04\/Victoire-bb-BIS.png\" class=\"attachment-post-small-2 size-post-small-2 wp-post-image\" alt=\"\" \/>\t\t\t\t\t<\/a>\n\t\t\t<\/div>\n\n\t<\/div>\n<\/div>\n\t\t\t<\/div>\n\t\t<\/div>\n<\/div>\n\n<\/div><\/div>\n<div class=\"row \"><div class=\"wpv-grid grid-1-1  wpv-first-level first unextended\" style=\"padding-top:0px;padding-bottom:0px\" id=\"wpv-column-babcb6b7d123c34213e320eeea4b56ef\" ><\/div><\/div>\n","protected":false},"excerpt":{"rendered":"<p>Psaume 146.5 Heureux celui qui a pour secours le Dieu de Jacob, Qui met son espoir en l&rsquo;\u00c9ternel, son Dieu! T\u00e9moignage: Notre Dieu est Grand et je proclame ses bienfaits dans ma vie et celle de mon enfant. Durant ma grossesse, j\u2019ai re\u00e7u des attaques r\u00e9p\u00e9t\u00e9es, pendant que je dormais. Je faisais des r\u00eaves \u00e9pouvantables,&#8230;<\/p>\n","protected":false},"author":1,"featured_media":0,"parent":0,"menu_order":0,"comment_status":"closed","ping_status":"closed","template":"","meta":{"footnotes":""},"class_list":["post-989440","page","type-page","status-publish","hentry"],"_links":{"self":[{"href":"https:\/\/jcmm16.org\/fr\/wp-json\/wp\/v2\/pages\/989440","targetHints":{"allow":["GET"]}}],"collection":[{"href":"https:\/\/jcmm16.org\/fr\/wp-json\/wp\/v2\/pages"}],"about":[{"href":"https:\/\/jcmm16.org\/fr\/wp-json\/wp\/v2\/types\/page"}],"author":[{"embeddable":true,"href":"https:\/\/jcmm16.org\/fr\/wp-json\/wp\/v2\/users\/1"}],"replies":[{"embeddable":true,"href":"https:\/\/jcmm16.org\/fr\/wp-json\/wp\/v2\/comments?post=989440"}],"version-history":[{"count":7,"href":"https:\/\/jcmm16.org\/fr\/wp-json\/wp\/v2\/pages\/989440\/revisions"}],"predecessor-version":[{"id":991252,"href":"https:\/\/jcmm16.org\/fr\/wp-json\/wp\/v2\/pages\/989440\/revisions\/991252"}],"wp:attachment":[{"href":"https:\/\/jcmm16.org\/fr\/wp-json\/wp\/v2\/media?parent=989440"}],"curies":[{"name":"wp","href":"https:\/\/api.w.org\/{rel}","templated":true}]}}