{"id":989442,"date":"2021-10-06T21:47:03","date_gmt":"2021-10-06T21:47:03","guid":{"rendered":"https:\/\/jcmm16.org\/ministere-des-celibataires"},"modified":"2022-05-22T00:57:46","modified_gmt":"2022-05-22T00:57:46","slug":"ministere-des-celibataires","status":"publish","type":"page","link":"https:\/\/jcmm16.org\/fr\/ministere-des-celibataires","title":{"rendered":"Minist\u00e8re des c\u00e9libataires"},"content":{"rendered":"<div class=\"row \"><div class=\"wpv-grid grid-1-1  wpv-first-level first unextended animation-fade-in animated-active\" style=\"padding-top:0px;padding-bottom:0px\" id=\"wpv-column-b9c7c93dc6665838c607708631340162\" ><div class=\"row \"><div class=\"wpv-grid grid-1-1  first unextended\" style=\"padding-top:0px;padding-bottom:0px\" id=\"wpv-column-26412fcd2b67f5b4c01e42edf9c1acea\" ><\/div><\/div>\n<div class=\"row \"><div class=\"wpv-grid grid-1-1  first unextended\" style=\"padding-top:0px;padding-bottom:0px\" id=\"wpv-column-8bfc6492b2d0ce3e9005909159060e14\" >\n<div  data-href=\"#\" tabindex=\"1\" data-target=\"_self\" class=\"linkarea clearfix accent7  background-transparent\">\n\t\t\t<div class=\"first\"><img decoding=\"async\" width=\"2560\" height=\"1707\" src=\"https:\/\/jcmm16.org\/wp-content\/uploads\/2022\/05\/AdobeStock_214268927-scaled.jpeg\" class=\"attachment-full size-full\" alt=\"\" srcset=\"https:\/\/jcmm16.org\/wp-content\/uploads\/2022\/05\/AdobeStock_214268927-scaled.jpeg 2560w, https:\/\/jcmm16.org\/wp-content\/uploads\/2022\/05\/AdobeStock_214268927-300x200.jpeg 300w, https:\/\/jcmm16.org\/wp-content\/uploads\/2022\/05\/AdobeStock_214268927-1024x683.jpeg 1024w, https:\/\/jcmm16.org\/wp-content\/uploads\/2022\/05\/AdobeStock_214268927-1536x1024.jpeg 1536w, https:\/\/jcmm16.org\/wp-content\/uploads\/2022\/05\/AdobeStock_214268927-2048x1365.jpeg 2048w, https:\/\/jcmm16.org\/wp-content\/uploads\/2022\/05\/AdobeStock_214268927-1140x760.jpeg 1140w, https:\/\/jcmm16.org\/wp-content\/uploads\/2022\/05\/AdobeStock_214268927-555x370.jpeg 555w, https:\/\/jcmm16.org\/wp-content\/uploads\/2022\/05\/AdobeStock_214268927-360x240.jpeg 360w, https:\/\/jcmm16.org\/wp-content\/uploads\/2022\/05\/AdobeStock_214268927-262x175.jpeg 262w, https:\/\/jcmm16.org\/wp-content\/uploads\/2022\/05\/AdobeStock_214268927-1320x880.jpeg 1320w, https:\/\/jcmm16.org\/wp-content\/uploads\/2022\/05\/AdobeStock_214268927-600x400.jpeg 600w\" sizes=\"(max-width: 2560px) 100vw, 2560px\" \/><\/div>\n\t\t\t\t<div class=\"last\"><h2 style=\"text-align: center;\"><span style=\"vertical-align: inherit;\">Minist\u00e8re des c\u00e9libataires<\/span><\/h2>\n<blockquote>\n<h3 style=\"text-align: center;\"><span style=\"vertical-align: inherit;\"> Or, je voudrais que vous fussiez sans inqui\u00e9tude. Celui qui n&rsquo;est pas mari\u00e9 s&rsquo;inqui\u00e8te des choses du Seigneur, des moyens de plaire au Seigneur.<\/span><\/h3>\n<\/blockquote>\n<h3 style=\"text-align: center;\"><span style=\"vertical-align: inherit;\">1 Corinthiens 7.32<\/span><\/h3>\n<p style=\"text-align: center;\"><img decoding=\"async\" class=\"aligncenter size-full wp-image-6905\" src=\"http:\/\/jcmm16.org\/wp-content\/themes\/church-event\/samples\/images\/ornament1.png\" alt=\"ornement1\" width=\"50\" height=\"30\" \/><\/p>\n<p><strong><span style=\"vertical-align: inherit;\">\u00c9nonc\u00e9 de mission<\/span><\/strong><span style=\"vertical-align: inherit;\"> :<\/span><\/p>\n<p><span style=\"vertical-align: inherit;\">C&rsquo;est la vision et la mission du minist\u00e8re de voir les c\u00e9libataires grandir spirituellement, \u00e9motionnellement et r\u00e9ussir activement dans tous les domaines de la vie. Notre objectif est de servir les adultes c\u00e9libataires qui fr\u00e9quentent l&rsquo;\u00e9glise et d&rsquo;atteindre la communaut\u00e9 des adultes c\u00e9libataires.<\/span><\/p>\n<p><strong><span style=\"vertical-align: inherit;\">Objectifs:<\/span><\/strong><br \/>\n<span style=\"vertical-align: inherit;\"> \u2022 Autonomiser et \u00e9quiper les c\u00e9libataires pour devenir des disciples enti\u00e8rement d\u00e9vou\u00e9s du Christ <\/span><br \/>\n<span style=\"vertical-align: inherit;\">\u2022 Cr\u00e9er un sentiment d&rsquo;appartenance\/acceptation <\/span><br \/>\n<span style=\"vertical-align: inherit;\">\u2022 Encourager une plus grande implication au sein de leur congr\u00e9gation locale en fonction de leurs dons et talents <\/span><br \/>\n<span style=\"vertical-align: inherit;\">\u2022 Atteindre les adultes c\u00e9libataires non connect\u00e9s au sein de la communaut\u00e9 <\/span><br \/>\n<span style=\"vertical-align: inherit;\">\u2022 D\u00e9couvrez le dessein de Dieu pour votre vie et poursuivez activement et passionn\u00e9ment son appel <\/span><br \/>\n<span style=\"vertical-align: inherit;\">\u2022 Ne pas \u00eatre per\u00e7u comme un club de rencontres<\/span><\/p>\n<p><strong><span style=\"vertical-align: inherit;\">Qui cibler:<\/span><\/strong><\/p>\n<p><span style=\"vertical-align: inherit;\">Dans l&rsquo;ensemble, le minist\u00e8re couvrira les 18 ans et plus. Nous parrainerons diff\u00e9rents \u00e9v\u00e9nements pour diff\u00e9rents groupes d&rsquo;\u00e2ge selon les besoins.<\/span><\/div>\n\t<\/div><\/div><\/div><\/div><\/div>\n<div class=\"row \"><div class=\"wpv-grid grid-1-1  wpv-first-level first unextended\" style=\"padding-top:0px;padding-bottom:0px\" id=\"wpv-column-19a16d024f6177d5fc8585406553d46d\" ><\/div><\/div>\n","protected":false},"excerpt":{"rendered":"","protected":false},"author":1,"featured_media":0,"parent":0,"menu_order":0,"comment_status":"closed","ping_status":"closed","template":"","meta":{"footnotes":""},"class_list":["post-989442","page","type-page","status-publish","hentry"],"_links":{"self":[{"href":"https:\/\/jcmm16.org\/fr\/wp-json\/wp\/v2\/pages\/989442","targetHints":{"allow":["GET"]}}],"collection":[{"href":"https:\/\/jcmm16.org\/fr\/wp-json\/wp\/v2\/pages"}],"about":[{"href":"https:\/\/jcmm16.org\/fr\/wp-json\/wp\/v2\/types\/page"}],"author":[{"embeddable":true,"href":"https:\/\/jcmm16.org\/fr\/wp-json\/wp\/v2\/users\/1"}],"replies":[{"embeddable":true,"href":"https:\/\/jcmm16.org\/fr\/wp-json\/wp\/v2\/comments?post=989442"}],"version-history":[{"count":8,"href":"https:\/\/jcmm16.org\/fr\/wp-json\/wp\/v2\/pages\/989442\/revisions"}],"predecessor-version":[{"id":991222,"href":"https:\/\/jcmm16.org\/fr\/wp-json\/wp\/v2\/pages\/989442\/revisions\/991222"}],"wp:attachment":[{"href":"https:\/\/jcmm16.org\/fr\/wp-json\/wp\/v2\/media?parent=989442"}],"curies":[{"name":"wp","href":"https:\/\/api.w.org\/{rel}","templated":true}]}}