{"id":989449,"date":"2021-06-17T20:36:45","date_gmt":"2021-06-17T20:36:45","guid":{"rendered":"https:\/\/jcmm16.org\/prieres"},"modified":"2023-02-05T20:05:18","modified_gmt":"2023-02-05T20:05:18","slug":"prieres-anc-a-garder","status":"publish","type":"page","link":"https:\/\/jcmm16.org\/fr\/prieres-anc-a-garder","title":{"rendered":"Pri\u00e8res anc \u00e0 garder"},"content":{"rendered":"<div class=\"row \"><div class=\"wpv-grid grid-1-1  wpv-first-level first unextended\" style=\"padding-top:0px;padding-bottom:0px\" id=\"wpv-column-d2764aad84730f61cc5f1336779417c4\" ><div class=\"row \"><div class=\"wpv-grid grid-1-1  first unextended\" style=\"padding-top:0px;padding-bottom:0px\" id=\"wpv-column-33044d31ec036bbde925c8fd4f236898\" ><h4 style=\"text-align: left;\"><a target=\"_self\" style='font-size: 24px;' class=\"button vamtam-button accent1  button-border hover-accent1 \"><span class=\"btext\">Cliquez sur<\/span><span class='icon shortcode  ' style='color:#D14D42;'>&#58072;<\/span><\/a> &#8211; Voici les mod\u00e8les de pri\u00e8re:<\/h4>\n<ul>\n<li>\n<h2><strong><u>Ecouter et parler \u00e0 Dieu avec le coeur &#8211; Dimanche 29 janvier 2023:<\/u><\/strong><\/h2>\n<\/li>\n<\/ul>\n<p><a href=\"https:\/\/jcmm16.org\/wp-content\/uploads\/2023\/01\/SUJETS-DE-PRIERES-1-1.pdf\" class=\"pdfemb-viewer\" style=\"\" data-width=\"max\" data-height=\"max\" data-mobile-width=\"500\"  data-scrollbar=\"both\" data-download=\"off\" data-tracking=\"on\" data-newwindow=\"off\" data-pagetextbox=\"off\" data-scrolltotop=\"off\" data-startzoom=\"100\" data-startfpzoom=\"100\" data-toolbar=\"top\" data-toolbar-fixed=\"on\">SUJETS DE PRIERES (1)<br\/><\/a><\/div><\/div>\n<div class=\"row \"><div class=\"wpv-grid grid-1-3  first unextended\" style=\"padding-top:0px;padding-bottom:0px\" id=\"wpv-column-ce78eafa3f1d03048cc80dd760a124a7\" ><ul>\n<li>\n<h3><strong><u>Approchons nous avec assurance du tr\u00f4ne de la mis\u00e9ricorde<\/u><\/strong><\/h3>\n<\/li>\n<\/ul>\n<p><a href=\"https:\/\/jcmm16.org\/wp-content\/uploads\/2022\/12\/2.-FRENCH-MERCY-MISERICORDE-OF-GOD-Tabernacle-2022-Prayer-Ark-of-Covenant-JCMM16.pdf\" class=\"pdfemb-viewer\" style=\"\" data-width=\"max\" data-height=\"max\" data-mobile-width=\"500\"  data-scrollbar=\"both\" data-download=\"off\" data-tracking=\"on\" data-newwindow=\"off\" data-pagetextbox=\"off\" data-scrolltotop=\"off\" data-startzoom=\"100\" data-startfpzoom=\"100\" data-toolbar=\"top\" data-toolbar-fixed=\"on\">2. FRENCH MERCY MISERICORDE OF GOD Tabernacle 2022 Prayer Ark of Covenant JCMM16<br\/><\/a><\/div>\n<div class=\"wpv-grid grid-1-3  unextended\" style=\"padding-top:0px;padding-bottom:0px\" id=\"wpv-column-76b309cf47f82fea1e3bfc6f6f65a751\" ><ul>\n<li>\n<h3><strong><u>Merci au SEIGNEUR Pour Ses Grandes \u0152uvres De D\u00e9livrance A Cause De Sa Mis\u00e9ricorde<\/u><\/strong><\/h3>\n<\/li>\n<\/ul>\n<p><a href=\"https:\/\/jcmm16.org\/wp-content\/uploads\/2023\/01\/ENCH-Thanksgiving-to-the-Lord-For-His-Great-Works-of-Deliverance.pdf\" class=\"pdfemb-viewer\" style=\"\" data-width=\"max\" data-height=\"max\" data-mobile-width=\"500\"  data-scrollbar=\"both\" data-download=\"off\" data-tracking=\"on\" data-newwindow=\"off\" data-pagetextbox=\"off\" data-scrolltotop=\"off\" data-startzoom=\"100\" data-startfpzoom=\"100\" data-toolbar=\"top\" data-toolbar-fixed=\"on\">~$ENCH Thanksgiving to the Lord For His Great Works of Deliverance<br\/><\/a><\/div>\n<div class=\"wpv-grid grid-1-3  unextended\" style=\"padding-top:0px;padding-bottom:0px\" id=\"wpv-column-7890befb617c21bcf10105dd5bdf77fb\" ><ul>\n<li>\n<h3><strong><u>D\u00e9livr\u00e9 par la puissance du sang de J\u00e9sus<\/u><\/strong><\/h3>\n<\/li>\n<\/ul>\n<p><a href=\"https:\/\/jcmm16.org\/wp-content\/uploads\/2022\/05\/Delivered-By-the-Power-of-The-Blood-Of-JesusPassover-2022PRAYER.pdf\" class=\"pdfemb-viewer\" style=\"\" data-width=\"max\" data-height=\"max\" data-mobile-width=\"500\"  data-scrollbar=\"both\" data-download=\"off\" data-tracking=\"on\" data-newwindow=\"off\" data-pagetextbox=\"off\" data-scrolltotop=\"off\" data-startzoom=\"100\" data-startfpzoom=\"100\" data-toolbar=\"top\" data-toolbar-fixed=\"on\">Delivered By the Power of The Blood Of JesusPassover 2022PRAYER<br\/><\/a><\/div><\/div>\n<div class=\"row \"><div class=\"wpv-grid grid-1-3  first unextended\" style=\"padding-top:0px;padding-bottom:0px\" id=\"wpv-column-37c4add054789921aa9e9c4002f60001\" ><h4 style=\"text-align: left;\"><\/h4>\n<ul>\n<li>\n<h3><u>Rachet\u00e9 par la puissance du sang de J\u00e9sus<\/u><\/h3>\n<\/li>\n<\/ul>\n<p><a href=\"https:\/\/jcmm16.org\/wp-content\/uploads\/2022\/05\/Redeemed-by-the-Blood-of-JESUS-PASSOVER-2022-PRAYER.pdf\" class=\"pdfemb-viewer\" style=\"\" data-width=\"max\" data-height=\"max\" data-mobile-width=\"500\"  data-scrollbar=\"both\" data-download=\"off\" data-tracking=\"on\" data-newwindow=\"off\" data-pagetextbox=\"off\" data-scrolltotop=\"off\" data-startzoom=\"100\" data-startfpzoom=\"100\" data-toolbar=\"top\" data-toolbar-fixed=\"on\">Redeemed by the Blood of JESUS PASSOVER 2022 PRAYER<br\/><\/a><\/div>\n<div class=\"wpv-grid grid-1-3  unextended\" style=\"padding-top:0px;padding-bottom:0px\" id=\"wpv-column-d5308ec3e8cc5784dd26cd0781a6b635\" ><h4 style=\"text-align: left;\"><\/h4>\n<ul>\n<li>\n<h3><strong><u>D\u00e9claration \u00e0 l&rsquo;autel des sacrifices<\/u><\/strong><\/h3>\n<\/li>\n<\/ul>\n<p><a href=\"https:\/\/jcmm16.org\/wp-content\/uploads\/2022\/05\/DECLARATION-AT-THE-ALTAR-OF-SACRIFICES-or-HOLOCAUST1.pdf\" class=\"pdfemb-viewer\" style=\"\" data-width=\"max\" data-height=\"max\" data-mobile-width=\"500\"  data-scrollbar=\"both\" data-download=\"off\" data-tracking=\"on\" data-newwindow=\"off\" data-pagetextbox=\"off\" data-scrolltotop=\"off\" data-startzoom=\"100\" data-startfpzoom=\"100\" data-toolbar=\"top\" data-toolbar-fixed=\"on\">DECLARATION AT THE ALTAR OF SACRIFICES or HOLOCAUST1<br\/><\/a><\/div><\/div>\n<div class=\"row \"><div class=\"wpv-grid grid-1-1  first unextended\" style=\"padding-top:0px;padding-bottom:0px\" id=\"wpv-column-810375e998dc57422f7a3cf12f2d7e1c\" ><\/div><\/div><\/div><\/div>\n","protected":false},"excerpt":{"rendered":"<p>&#8211; Voici les mod\u00e8les de pri\u00e8re: Ecouter et parler \u00e0 Dieu avec le coeur &#8211; Dimanche 29 janvier 2023: Approchons nous avec assurance du tr\u00f4ne de la mis\u00e9ricorde Merci au SEIGNEUR Pour Ses Grandes \u0152uvres De D\u00e9livrance A Cause De Sa Mis\u00e9ricorde D\u00e9livr\u00e9 par la puissance du sang de J\u00e9sus Rachet\u00e9 par la puissance du&#8230;<\/p>\n","protected":false},"author":1,"featured_media":0,"parent":0,"menu_order":0,"comment_status":"closed","ping_status":"closed","template":"","meta":{"footnotes":""},"class_list":["post-989449","page","type-page","status-publish","hentry"],"_links":{"self":[{"href":"https:\/\/jcmm16.org\/fr\/wp-json\/wp\/v2\/pages\/989449","targetHints":{"allow":["GET"]}}],"collection":[{"href":"https:\/\/jcmm16.org\/fr\/wp-json\/wp\/v2\/pages"}],"about":[{"href":"https:\/\/jcmm16.org\/fr\/wp-json\/wp\/v2\/types\/page"}],"author":[{"embeddable":true,"href":"https:\/\/jcmm16.org\/fr\/wp-json\/wp\/v2\/users\/1"}],"replies":[{"embeddable":true,"href":"https:\/\/jcmm16.org\/fr\/wp-json\/wp\/v2\/comments?post=989449"}],"version-history":[{"count":23,"href":"https:\/\/jcmm16.org\/fr\/wp-json\/wp\/v2\/pages\/989449\/revisions"}],"predecessor-version":[{"id":993355,"href":"https:\/\/jcmm16.org\/fr\/wp-json\/wp\/v2\/pages\/989449\/revisions\/993355"}],"wp:attachment":[{"href":"https:\/\/jcmm16.org\/fr\/wp-json\/wp\/v2\/media?parent=989449"}],"curies":[{"name":"wp","href":"https:\/\/api.w.org\/{rel}","templated":true}]}}