{"id":989451,"date":"2013-03-22T13:33:11","date_gmt":"2013-03-22T13:33:11","guid":{"rendered":"https:\/\/jcmm16.org\/notre-mission"},"modified":"2022-05-09T15:01:02","modified_gmt":"2022-05-09T15:01:02","slug":"notre-mission","status":"publish","type":"page","link":"https:\/\/jcmm16.org\/fr\/notre-mission","title":{"rendered":"Notre mission"},"content":{"rendered":"<div class=\"row \"><div class=\"wpv-grid grid-1-1  wpv-first-level first unextended\" style=\"padding-top:0px;padding-bottom:0px\" id=\"wpv-column-58745dc515e8c763cb5c895817a8267b\" ><h4>JESUS Church Mission Mark 16, Minist\u00e8re \u00e9vang\u00e9lique pour la gloire de Dieu.<\/h4>\n<p>Notre mission est d&rsquo;\u00e9quiper et de perfectionner les saints pour le minist\u00e8re d&rsquo;\u00e9vang\u00e9lisation et pour l&rsquo;\u00e9dification du Corps du Christ afin que chaque personne puisse efficacement fournir la vie du Saint-Esprit et op\u00e9rer dans les dons de l&rsquo;esprit, r\u00e9sultant en un corps unifi\u00e9 et le salut des \u00e2mes.<\/p>\n<p>Nous avons plusieurs valeurs :<\/p>\n<p>\u2022 Nous nous engageons \u00e0 \u00eatre centr\u00e9s sur Christ. Tout ce que nous sommes amen\u00e9s \u00e0 faire proviendra de Christ et d\u00e9coulera de Christ.<\/p>\n<p>\u2022 Nous nous engageons \u00e0 \u00eatre centr\u00e9s sur le Christ. Nous poss\u00e9derons et activerons l&rsquo;esprit de Christ, concentr\u00e9 sur la construction du Royaume de Dieu et la destruction du Royaume de Satan.<\/p>\n<p>Nous nous engageons \u00e0 \u00eatre Christ-Caring. Nous poss\u00e9derons et manifesterons le c\u0153ur de Christ en faisant preuve de compassion les uns pour les autres.<\/p>\n<p>\u2022 Nous nous engageons \u00e0 partager Christ. Nous communiquerons le message de l&rsquo;\u00e9vangile aux sauv\u00e9s et aux non-sauv\u00e9s \u00e0 chaque occasion donn\u00e9e.<\/p>\n<p>\u2022 Nous nous engageons \u00e0 aimer Christ. Nous d\u00e9montrerons un amour inconditionnel et une attitude non discriminatoire envers l&rsquo;humanit\u00e9, sans distinction de race, de couleur, de croyance ou de confession.<\/p>\n<p>\u2022 Nous nous engageons \u00e0 \u00eatre Christ-Donateurs. Nous op\u00e9rerons \u00e0 partir du principe des \u00c9critures qui dit : \u00ab Il y a plus de bonheur \u00e0 donner qu&rsquo;\u00e0 recevoir. Nous donnons notre temps, nos talents et nos tr\u00e9sors sous la direction du Seigneur.<\/p>\n<p>\u2022 Nous nous engageons \u00e0 glorifier le Christ. Tout ce que nous sommes amen\u00e9s \u00e0 faire sera fait de tout c\u0153ur comme au Seigneur afin qu&rsquo;il soit glorifi\u00e9.<\/div><\/div>\n<div class=\"row \"><div class=\"wpv-grid grid-1-1  wpv-first-level first has-background unextended\" style=\"background-color:#fbf8e9;padding-top:0px;padding-bottom:0px\" id=\"wpv-column-b57da1a5f7308646e696a66c5248a580\" ><style>#wpv-column-b57da1a5f7308646e696a66c5248a580 p,#wpv-column-b57da1a5f7308646e696a66c5248a580 em,#wpv-column-b57da1a5f7308646e696a66c5248a580 .column-title,#wpv-column-b57da1a5f7308646e696a66c5248a580 .sep-text h2.regular-title-wrapper,#wpv-column-b57da1a5f7308646e696a66c5248a580 .text-divider-double,#wpv-column-b57da1a5f7308646e696a66c5248a580 .sep-text .sep-text-line,#wpv-column-b57da1a5f7308646e696a66c5248a580 .sep,#wpv-column-b57da1a5f7308646e696a66c5248a580 .sep-2,#wpv-column-b57da1a5f7308646e696a66c5248a580 .sep-3{color:#c2a723;}#wpv-column-b57da1a5f7308646e696a66c5248a580:before{background-color:transparent;}<\/style><\/div><\/div>\n<div class=\"sep\"><\/div>\n<div class=\"row \"><div class=\"wpv-grid grid-1-4  wpv-first-level first unextended\" style=\"padding-top:10px;padding-bottom:40px\" id=\"wpv-column-cf8126e77c70096cc8fc9c6151fdb5d7\" ><div class=\"row \"><div class=\"wpv-grid grid-1-1  first unextended animation-from-left animated-active\" style=\"padding-top:0px;padding-bottom:0px\" id=\"wpv-column-850850fbbf5a6825a8a98647b7a54866\" ><h1 style=\"text-align: center;\"><span style=\"vertical-align: inherit;\"><span style=\"vertical-align: inherit;\"><span style=\"vertical-align: inherit;\"><span style=\"vertical-align: inherit;\"><span style=\"vertical-align: inherit;\"><span style=\"vertical-align: inherit;\"><span class='icon shortcode theme ' style='font-size:50px !important;color:#D14D42;'>&#57463;<\/span><\/span><\/span><\/span><\/span><\/span><\/span><\/h1>\n<h2 style=\"text-align: center;\"><span style=\"vertical-align: inherit;\"><span style=\"vertical-align: inherit;\"><span style=\"vertical-align: inherit;\"><span style=\"vertical-align: inherit;\"><span style=\"vertical-align: inherit;\"><span style=\"vertical-align: inherit;\">Notre vision<\/span><\/span><\/span><\/span><\/span><\/span><\/h2>\n<p style=\"text-align: center;\"><span style=\"vertical-align: inherit;\"><span style=\"vertical-align: inherit;\"><span style=\"vertical-align: inherit;\"><span style=\"vertical-align: inherit;\"><span style=\"vertical-align: inherit;\"><span style=\"vertical-align: inherit;\">Nous deviendrons un minist\u00e8re d&rsquo;enseignement mondial avec un message de fin des temps sans compromis, qui atteindra et aura un impact sur les sauv\u00e9s et les non-sauv\u00e9s.<\/span><\/span><\/span><\/span><\/span><\/span><\/p>\n<p>&nbsp;<\/div><\/div>\n<div class=\"push\" style='height:60px'><\/div>\n<div class=\"row \"><div class=\"wpv-grid grid-1-1  first unextended animation-from-left animated-active\" style=\"padding-top:0px;padding-bottom:0px\" id=\"wpv-column-98ffb15820c9542739e8615d3508e420\" ><p style=\"text-align: center;\"><a href=\"\/pages\/our-vision\/\" target=\"_blank\" style='font-size: 12px;' class=\"button vamtam-button accent1  button-border hover-accent1 \"><span class=\"btext\">Lire la suite<\/span><\/a><\/div><\/div><\/div>\n<div class=\"wpv-grid grid-1-4  wpv-first-level unextended\" style=\"padding-top:10px;padding-bottom:40px\" id=\"wpv-column-5095d5673a6e4831dbdbb4f1406d4cfb\" ><div class=\"row \"><div class=\"wpv-grid grid-1-1  first unextended animation-from-left animated-active\" style=\"padding-top:0px;padding-bottom:0px\" id=\"wpv-column-ff88aec48b7cdd8446331a41cf607039\" ><h1 style=\"text-align: center;\"><span class='icon shortcode theme ' style='font-size:50px !important;color:#D14D42;'>&#57564;<\/span><\/h1>\n<h2 style=\"text-align: center;\">Notre moto<\/h2>\n<p style=\"text-align: center;\">\u00ab L\u00e0 o\u00f9 J\u00e9sus travaille encore, l\u00e0 o\u00f9 se produisent encore des miracles \u00bb<\/p>\n<p style=\"text-align: center;\">Le Seigneur J\u00c9SUS est all\u00e9 \u00e0 la croix pour accomplir tout ce qui est n\u00e9cessaire pour que chaque intention soit possible pour nous. Luc 18:27<\/div><\/div>\n<div class=\"push\" style='height:35px'><\/div>\n<div class=\"row \"><div class=\"wpv-grid grid-1-1  first unextended animation-from-left animated-active\" style=\"padding-top:0px;padding-bottom:0px\" id=\"wpv-column-b5f68fa9e998f6877e1c350d47e461c2\" ><p style=\"text-align: center;\"><a href=\"\/pages\/statement-of-faith\/\" target=\"_blank\" style='font-size: 12px;' class=\"button vamtam-button accent1  button-border hover-accent1 \"><span class=\"btext\">Lire la suite<\/span><\/a><\/div><\/div><\/div>\n<div class=\"wpv-grid grid-1-4  wpv-first-level unextended\" style=\"padding-top:10px;padding-bottom:40px\" id=\"wpv-column-4cd9a7ff090acde944baae32dd3c1843\" ><div class=\"row \"><div class=\"wpv-grid grid-1-1  first unextended animation-from-right animated-active\" style=\"padding-top:0px;padding-bottom:0px\" id=\"wpv-column-9638944c427da3108d947d912c454ec1\" ><h1 style=\"text-align: center;\"><span class='icon shortcode theme ' style='font-size:50px !important;color:#D14D42;'>&#57503;<\/span><\/h1>\n<h2 style=\"text-align: center;\">Nos valeurs<\/h2>\n<p style=\"text-align: center;\">Nous nous engageons \u00e0 \u00eatre centr\u00e9s sur le Christ. Tout ce que nous sommes amen\u00e9s \u00e0 faire proviendra de Christ et d\u00e9coulera de Christ.<\/p>\n<p style=\"text-align: center;\">\u2022 Nous nous engageons \u00e0 \u00eatre centr\u00e9s sur le Christ.<\/p>\n<p style=\"text-align: center;\">Nous poss\u00e9derons et activerons l&rsquo;esprit du Christ, &#8230;<\/div><\/div>\n<div class=\"row \"><div class=\"wpv-grid grid-1-1  first unextended animation-from-right animated-active\" style=\"padding-top:0px;padding-bottom:0px\" id=\"wpv-column-8996511e462d4d6b7588ba557759d3f2\" ><p style=\"text-align: center;\"><a href=\"\/pages\/our-values\/\" target=\"_blank\" style='font-size: 12px;' class=\"button vamtam-button accent1  button-border hover-accent1 \"><span class=\"btext\">Lire la suite<\/span><\/a><\/div><\/div><\/div>\n<div class=\"wpv-grid grid-1-4  wpv-first-level unextended\" style=\"padding-top:10px;padding-bottom:40px\" id=\"wpv-column-1e22489c1a384cf5fab211d5d885b2ce\" ><div class=\"row \"><div class=\"wpv-grid grid-1-1  first unextended animation-from-right animated-active\" style=\"padding-top:0px;padding-bottom:0px\" id=\"wpv-column-e04abe7aff71dcd98c75ea8c4b4b8a25\" ><h1 style=\"text-align: center;\"><span class='icon shortcode theme ' style='font-size:50px !important;color:#D14D42;'>&#57466;<\/span><\/h1>\n<h2 style=\"text-align: center;\">Notre foi<\/h2>\n<p style=\"text-align: center;\">Le Minist\u00e8re accepte les \u00c9critures comme la Volont\u00e9 r\u00e9v\u00e9l\u00e9e de Dieu, la r\u00e8gle de foi et de pratique tout-suffisante, et dans le but de maintenir l&rsquo;unit\u00e9 g\u00e9n\u00e9rale, adopte ces D\u00e9clarations de v\u00e9rit\u00e9s fondamentales et de doctrine.<\/div><\/div>\n<div class=\"push\" style='height:20px'><\/div>\n<div class=\"row \"><div class=\"wpv-grid grid-1-1  first unextended animation-from-right animated-active\" style=\"padding-top:0px;padding-bottom:0px\" id=\"wpv-column-e31dc1afff6b0bf86f08c08d70252998\" ><p style=\"text-align: center;\"><a href=\"\/pages\/statement-of-faith\/\" target=\"_blank\" style='font-size: 12px;' class=\"button vamtam-button accent1  button-border hover-accent1 \"><span class=\"btext\">Lire la suite<\/span><\/a><\/div><\/div><\/div><\/div>\n<div class=\"row \"><div class=\"wpv-grid grid-1-1  wpv-first-level first unextended\" style=\"padding-top:0px;padding-bottom:0px\" id=\"wpv-column-aaab140dade01c2d0a435924a14406f6\" ><\/div><\/div>\n<div class=\"row \"><div class=\"wpv-grid grid-1-1  wpv-first-level first unextended\" style=\"padding-top:0px;padding-bottom:0px\" id=\"wpv-column-c46cf41f9f54aa8d796ae116b3da30c5\" ><\/div><\/div>\n","protected":false},"excerpt":{"rendered":"<p>JESUS Church Mission Mark 16, Minist\u00e8re \u00e9vang\u00e9lique pour la gloire de Dieu. Notre mission est d&rsquo;\u00e9quiper et de perfectionner les saints pour le minist\u00e8re d&rsquo;\u00e9vang\u00e9lisation et pour l&rsquo;\u00e9dification du Corps du Christ afin que chaque personne puisse efficacement fournir la vie du Saint-Esprit et op\u00e9rer dans les dons de l&rsquo;esprit, r\u00e9sultant en un corps unifi\u00e9&#8230;<\/p>\n","protected":false},"author":1,"featured_media":0,"parent":0,"menu_order":2,"comment_status":"closed","ping_status":"closed","template":"","meta":{"footnotes":""},"class_list":["post-989451","page","type-page","status-publish","hentry"],"_links":{"self":[{"href":"https:\/\/jcmm16.org\/fr\/wp-json\/wp\/v2\/pages\/989451","targetHints":{"allow":["GET"]}}],"collection":[{"href":"https:\/\/jcmm16.org\/fr\/wp-json\/wp\/v2\/pages"}],"about":[{"href":"https:\/\/jcmm16.org\/fr\/wp-json\/wp\/v2\/types\/page"}],"author":[{"embeddable":true,"href":"https:\/\/jcmm16.org\/fr\/wp-json\/wp\/v2\/users\/1"}],"replies":[{"embeddable":true,"href":"https:\/\/jcmm16.org\/fr\/wp-json\/wp\/v2\/comments?post=989451"}],"version-history":[{"count":7,"href":"https:\/\/jcmm16.org\/fr\/wp-json\/wp\/v2\/pages\/989451\/revisions"}],"predecessor-version":[{"id":990062,"href":"https:\/\/jcmm16.org\/fr\/wp-json\/wp\/v2\/pages\/989451\/revisions\/990062"}],"wp:attachment":[{"href":"https:\/\/jcmm16.org\/fr\/wp-json\/wp\/v2\/media?parent=989451"}],"curies":[{"name":"wp","href":"https:\/\/api.w.org\/{rel}","templated":true}]}}