{"id":989453,"date":"2013-03-22T14:35:54","date_gmt":"2013-03-22T14:35:54","guid":{"rendered":"https:\/\/jcmm16.org\/declaration-de-foi"},"modified":"2022-05-20T19:24:57","modified_gmt":"2022-05-20T19:24:57","slug":"declaration-de-foi","status":"publish","type":"page","link":"https:\/\/jcmm16.org\/fr\/declaration-de-foi","title":{"rendered":"D\u00e9claration de foi"},"content":{"rendered":"<div class=\"row \"><div class=\"wpv-grid grid-1-1  wpv-first-level first unextended\" style=\"padding-top:0px;padding-bottom:0px\" id=\"wpv-column-193fbb778e73dd08c5f60a2ecac2a4e4\" >\n<div  data-target=\"_self\" class=\"linkarea clearfix accent1  background-transparent\">\n\t\t\t<div class=\"first\"><img decoding=\"async\" width=\"2560\" height=\"1347\" src=\"https:\/\/jcmm16.org\/wp-content\/uploads\/2022\/05\/AdobeStock_65110818-scaled.jpeg\" class=\"attachment-full size-full\" alt=\"\" srcset=\"https:\/\/jcmm16.org\/wp-content\/uploads\/2022\/05\/AdobeStock_65110818-scaled.jpeg 2560w, https:\/\/jcmm16.org\/wp-content\/uploads\/2022\/05\/AdobeStock_65110818-300x158.jpeg 300w, https:\/\/jcmm16.org\/wp-content\/uploads\/2022\/05\/AdobeStock_65110818-1024x539.jpeg 1024w, https:\/\/jcmm16.org\/wp-content\/uploads\/2022\/05\/AdobeStock_65110818-1536x808.jpeg 1536w, https:\/\/jcmm16.org\/wp-content\/uploads\/2022\/05\/AdobeStock_65110818-2048x1078.jpeg 2048w, https:\/\/jcmm16.org\/wp-content\/uploads\/2022\/05\/AdobeStock_65110818-1140x600.jpeg 1140w, https:\/\/jcmm16.org\/wp-content\/uploads\/2022\/05\/AdobeStock_65110818-555x292.jpeg 555w, https:\/\/jcmm16.org\/wp-content\/uploads\/2022\/05\/AdobeStock_65110818-360x189.jpeg 360w, https:\/\/jcmm16.org\/wp-content\/uploads\/2022\/05\/AdobeStock_65110818-262x138.jpeg 262w, https:\/\/jcmm16.org\/wp-content\/uploads\/2022\/05\/AdobeStock_65110818-1320x695.jpeg 1320w, https:\/\/jcmm16.org\/wp-content\/uploads\/2022\/05\/AdobeStock_65110818-600x316.jpeg 600w\" sizes=\"(max-width: 2560px) 100vw, 2560px\" \/><\/div>\n\t\t<\/div><\/div><\/div>\n<div class=\"row \"><div class=\"wpv-grid grid-1-1  wpv-first-level first unextended\" style=\"padding-top:0px;padding-bottom:0px\" id=\"wpv-column-fa104825d26d938d9a116ce32f2d0965\" ><p><strong>NOTRE FOI<\/strong><\/p>\n<p>Le Minist\u00e8re accepte les \u00c9critures comme la Volont\u00e9 r\u00e9v\u00e9l\u00e9e de Dieu, la r\u00e8gle de foi et de pratique tout-suffisante, et dans le but de maintenir l&rsquo;unit\u00e9 g\u00e9n\u00e9rale, adopte ces D\u00e9clarations de v\u00e9rit\u00e9s fondamentales et de doctrine.<\/p>\n<p><strong>Nous croyons cela: <\/strong><\/p>\n<ul>\n<li>La Bible est la Parole inspir\u00e9e de Dieu, une r\u00e9v\u00e9lation de Dieu \u00e0 l&rsquo;homme, la r\u00e8gle infaillible de la foi et de la conduite, et est sup\u00e9rieure \u00e0 la conscience et \u00e0 la raison, mais pas contraire \u00e0 la raison. (2 Tim. 3:15-17; 1 Pierre 1:23-25; H\u00e9b. 4:12)<\/li>\n<li>La Divinit\u00e9 trinitaire est compos\u00e9e de trois (3) personnalit\u00e9s s\u00e9par\u00e9es et distinctes. Le P\u00e8re, le Fils et le Saint-Esprit, qui existent \u00e9ternellement en eux-m\u00eames, se sont r\u00e9v\u00e9l\u00e9s et fonctionnent comme une seule entit\u00e9. J\u00e9sus-Christ, qui est Dieu manifest\u00e9 dans la chair, est le deuxi\u00e8me membre de la Divinit\u00e9, co-\u00e9gal et co-\u00e9ternel avec le P\u00e8re et le Saint-Esprit.<\/li>\n<\/ul>\n<ul>\n<li>L&rsquo;homme \u00e9tait bon et droit, car Dieu a dit : \u00ab\u00a0Faisons l&rsquo;homme \u00e0 notre image, \u00e0 notre ressemblance\u00a0\u00bb. Mais, l&rsquo;homme, par transgression volontaire, est tomb\u00e9 et son seul espoir de r\u00e9demption est en J\u00e9sus-Christ le Fils de Dieu. (Gen\u00e8se 1:26-31, 3:1-7; Romains 5:12-21).<\/li>\n<\/ul>\n<ul>\n<li>Le salut se fait par la foi en J\u00e9sus-Christ et non par les \u0153uvres humaines ; cependant, nos \u0153uvres d\u00e9termineront les r\u00e9compenses dans l&rsquo;\u00e9ternit\u00e9 (Romains 10:9-1 et II Corinthiens 5:10)<\/li>\n<\/ul>\n<ul>\n<li>Tous les croyants ont droit \u00e0, et devraient s&rsquo;attendre et rechercher sinc\u00e8rement la promesse du P\u00e8re, le Bapt\u00eame du Saint-Esprit et de Feu, selon le commandement de notre Seigneur J\u00e9sus-Christ. C&rsquo;\u00e9tait l&rsquo;exp\u00e9rience normale de tous dans le minist\u00e8re chr\u00e9tien primitif. Avec elle vient la dotation de pouvoir pour la vie et le service, l&rsquo;octroi des dons et leurs utilisations dans le travail du minist\u00e8re. (Luc 24:49; Actes 1:4-8; 1 Cor. 12:1-31). Cette merveilleuse exp\u00e9rience est distincte et post\u00e9rieure \u00e0 l&rsquo;exp\u00e9rience de la nouvelle naissance. (Actes 2:38; 10:44-46; 11:14-16; 15:7-9)<\/li>\n<\/ul>\n<ul>\n<li>L&rsquo;ordonnance du bapt\u00eame par un enterrement avec Christ doit \u00eatre observ\u00e9e comme command\u00e9 dans les \u00c9critures par tous ceux qui se sont vraiment repentis et qui ont vraiment cru en Christ comme Sauveur et Seigneur. Ce faisant, ils d\u00e9clarent au monde qu&rsquo;ils sont morts avec J\u00e9sus et qu&rsquo;ils sont aussi ressuscit\u00e9s avec lui pour marcher en nouveaut\u00e9 de vie.<\/li>\n<\/ul>\n<ul>\n<li>J\u00e9sus revient pour rassembler tous ses saints au ciel. (I Cor. 15:51-52; I Thess. 4:16-17; et II Thess. 2:1) Ceux qui n&rsquo;ont pas accept\u00e9 l&rsquo;\u0153uvre r\u00e9demptrice de J\u00e9sus-Christ subiront une s\u00e9paration \u00e9ternelle d&rsquo;avec la Divinit\u00e9. Le diable et ses anges, la b\u00eate et le faux proph\u00e8te, et quiconque dont le nom n&rsquo;a pas \u00e9t\u00e9 trouv\u00e9 \u00e9crit dans le livre de vie, seront vou\u00e9s au ch\u00e2timent \u00e9ternel dans l&rsquo;\u00e9tang de feu, qui br\u00fble de soufre. C&rsquo;est la deuxi\u00e8me mort, l&rsquo;\u00e9tang de feu. (Apoc. 19:20 ; 20:10-15)<\/li>\n<\/ul><\/div><\/div>\n<div class=\"push\" style='height:30px'><\/div>\n<div class=\"row \"><div class=\"wpv-grid grid-1-1  wpv-first-level first unextended\" style=\"padding-top:0px;padding-bottom:0px\" id=\"wpv-column-73cb9add9c5077915e17aa81f0aeff32\" ><h3 style=\"text-align: center;\"><a href=\"\/pages\/contactez-nous\/\" target=\"_blank\" style='font-size: 20px;' class=\"button vamtam-button accent1  button-border hover-accent1 \"><span class='icon shortcode theme ' style='color:#3E4043;'>&#57406;<\/span><span class=\"btext\">Rendez nous visite<\/span><\/a><\/h3><\/div><\/div>\n<div class=\"push\" style='height:30px'><\/div>\n","protected":false},"excerpt":{"rendered":"<p>NOTRE FOI Le Minist\u00e8re accepte les \u00c9critures comme la Volont\u00e9 r\u00e9v\u00e9l\u00e9e de Dieu, la r\u00e8gle de foi et de pratique tout-suffisante, et dans le but de maintenir l&rsquo;unit\u00e9 g\u00e9n\u00e9rale, adopte ces D\u00e9clarations de v\u00e9rit\u00e9s fondamentales et de doctrine. Nous croyons cela: La Bible est la Parole inspir\u00e9e de Dieu, une r\u00e9v\u00e9lation de Dieu \u00e0 l&rsquo;homme,&#8230;<\/p>\n","protected":false},"author":1,"featured_media":0,"parent":0,"menu_order":7,"comment_status":"closed","ping_status":"closed","template":"","meta":{"footnotes":""},"class_list":["post-989453","page","type-page","status-publish","hentry"],"_links":{"self":[{"href":"https:\/\/jcmm16.org\/fr\/wp-json\/wp\/v2\/pages\/989453","targetHints":{"allow":["GET"]}}],"collection":[{"href":"https:\/\/jcmm16.org\/fr\/wp-json\/wp\/v2\/pages"}],"about":[{"href":"https:\/\/jcmm16.org\/fr\/wp-json\/wp\/v2\/types\/page"}],"author":[{"embeddable":true,"href":"https:\/\/jcmm16.org\/fr\/wp-json\/wp\/v2\/users\/1"}],"replies":[{"embeddable":true,"href":"https:\/\/jcmm16.org\/fr\/wp-json\/wp\/v2\/comments?post=989453"}],"version-history":[{"count":8,"href":"https:\/\/jcmm16.org\/fr\/wp-json\/wp\/v2\/pages\/989453\/revisions"}],"predecessor-version":[{"id":989982,"href":"https:\/\/jcmm16.org\/fr\/wp-json\/wp\/v2\/pages\/989453\/revisions\/989982"}],"wp:attachment":[{"href":"https:\/\/jcmm16.org\/fr\/wp-json\/wp\/v2\/media?parent=989453"}],"curies":[{"name":"wp","href":"https:\/\/api.w.org\/{rel}","templated":true}]}}