{"id":989454,"date":"2013-03-22T14:26:18","date_gmt":"2013-03-22T14:26:18","guid":{"rendered":"https:\/\/jcmm16.org\/prestations-de-service"},"modified":"2022-06-19T20:54:07","modified_gmt":"2022-06-19T20:54:07","slug":"prestations-de-service","status":"publish","type":"page","link":"https:\/\/jcmm16.org\/fr\/prestations-de-service","title":{"rendered":"Prestations de service"},"content":{"rendered":"<div class=\"row \"><div class=\"wpv-grid grid-1-1  wpv-first-level first unextended animation-fade-in animated-active\" style=\"padding-top:10px;padding-bottom:10px\" id=\"wpv-column-47756232d3df819d2dd27d21d7966f34\" ><div class=\"row \"><div class=\"wpv-grid grid-1-4  first unextended\" style=\"padding-top:0px;padding-bottom:0px\" id=\"wpv-column-8be2df40bf40474311b50170d295853e\" ><div class=\"services clearfix smallimage has-image has-icon has-button \" style=\"text-align:left;\">\n\t<div class=\"services-inside\">\n\t\t\t\t\t\t\t\t\t<div class=\"shrinking-outer clearfix\">\n\t\t\t\t\t<div class=\"shrinking\" style=\"background:transparent no-repeat 50% 50%;background-image:url(&#039;https:\/\/jcmm16.org\/wp-content\/uploads\/2022\/03\/PHONE-2-e1624139613814.jpg&#039;)\">\n\t\t\t\t\t\t\t\t\t\t\t\t\t<a href=\"#\" target=\"_self\" title=\"Easy Styling\">\n\t\t\t\t\t\t\t\t\t\t\t\t\t\t\t\t\t\t\t\t\t\t\t\t\t<\/a>\n\t\t\t\t\t\t\t\t\t\t\t<\/div>\n\t\t\t\t<\/div>\n\t\t\t\t\t\t\t\t\t\t\t\t<div class=\"services-content\">\n<\/div>\n\t\t\t\t\t<\/div>\n<\/div>\n<\/div>\n<div class=\"wpv-grid grid-1-4  unextended\" style=\"padding-top:0px;padding-bottom:0px\" id=\"wpv-column-68b6b6b9c9b3f443d39e30032a52982d\" ><div class=\"services clearfix smallimage has-image has-icon has-button \" style=\"text-align:left;\">\n\t<div class=\"services-inside\">\n\t\t\t\t\t\t\t\t\t<div class=\"shrinking-outer clearfix\">\n\t\t\t\t\t<div class=\"shrinking\" style=\"background:transparent no-repeat 50% 50%;background-image:url(&#039;https:\/\/jcmm16.org\/wp-content\/uploads\/2022\/03\/Capture-decran-2022-03-26-185046-OK.png&#039;)\">\n\t\t\t\t\t\t\t\t\t\t\t\t\t<a href=\"#\" target=\"_self\" title=\"Easy Styling\">\n\t\t\t\t\t\t\t\t\t\t\t\t\t\t\t\t\t\t\t\t\t\t\t\t\t<\/a>\n\t\t\t\t\t\t\t\t\t\t\t<\/div>\n\t\t\t\t<\/div>\n\t\t\t\t\t\t\t\t\t\t\t\t<div class=\"services-content\">\n<\/div>\n\t\t\t\t\t<\/div>\n<\/div>\n<\/div>\n<div class=\"wpv-grid grid-1-4  unextended\" style=\"padding-top:0px;padding-bottom:0px\" id=\"wpv-column-e8901e1318ce2bf7a352568b10910be1\" ><div class=\"services clearfix smallimage has-image has-icon has-button \" style=\"text-align:left;\">\n\t<div class=\"services-inside\">\n\t\t\t\t\t\t\t\t\t<div class=\"shrinking-outer clearfix\">\n\t\t\t\t\t<div class=\"shrinking\" style=\"background:transparent no-repeat 50% 50%;background-image:url(&#039;https:\/\/jcmm16.org\/wp-content\/uploads\/2021\/09\/osborne-the-myth-of-friendship-evangelism-1.png&#039;)\">\n\t\t\t\t\t\t\t\t\t\t\t\t\t<a href=\"#\" target=\"_self\" title=\"Easy Styling\">\n\t\t\t\t\t\t\t\t\t\t\t\t\t\t\t\t\t\t\t\t\t\t\t\t\t<\/a>\n\t\t\t\t\t\t\t\t\t\t\t<\/div>\n\t\t\t\t<\/div>\n\t\t\t\t\t\t\t\t\t\t\t\t<div class=\"services-content\">\n<\/div>\n\t\t\t\t\t<\/div>\n<\/div>\n<\/div>\n<div class=\"wpv-grid grid-1-4  unextended\" style=\"padding-top:0px;padding-bottom:0px\" id=\"wpv-column-b167d23780eb7395ff5fb691d8edcac2\" ><div class=\"services clearfix smallimage has-image has-icon has-button \" style=\"text-align:left;\">\n\t<div class=\"services-inside\">\n\t\t\t\t\t\t\t\t\t<div class=\"shrinking-outer clearfix\">\n\t\t\t\t\t<div class=\"shrinking\" style=\"background:transparent no-repeat 50% 50%;background-image:url(&#039;https:\/\/jcmm16.org\/wp-content\/uploads\/2021\/09\/images-1.jpg&#039;)\">\n\t\t\t\t\t\t\t\t\t\t\t\t\t<a href=\"#\" target=\"_self\" title=\"Easy Styling\">\n\t\t\t\t\t\t\t\t\t\t\t\t\t\t\t\t\t\t\t\t\t\t\t\t\t<\/a>\n\t\t\t\t\t\t\t\t\t\t\t<\/div>\n\t\t\t\t<\/div>\n\t\t\t\t\t\t\t\t\t\t\t\t<div class=\"services-content\">\n<\/div>\n\t\t\t\t\t<\/div>\n<\/div>\n<\/div><\/div><\/div><\/div>\n<div class=\"push\" style='height:15px'><\/div>\n<div class=\"row \"><div class=\"wpv-grid grid-1-4  wpv-first-level first unextended animation-fade-in animated-active\" style=\"padding-top:0px;padding-bottom:0px\" id=\"wpv-column-5a92ac5a239c89270bf3f543d53a9046\" ><h2 class='column-title'>Pri\u00e8re en ligne<\/h2><div class=\"row \"><div class=\"wpv-grid grid-1-1  first unextended\" style=\"padding-top:0px;padding-bottom:0px\" id=\"wpv-column-90fe51b9e3be67b29278ef4bc2038420\" ><p>Du lundi au jeudi \u00e0 5h et 21h<br \/>\nVendredi @ 5h00<br \/>\nNum\u00e9ro de t\u00e9l\u00e9phone : 712 432 83 99<\/div><\/div>\n<div class=\"push\" ><\/div>\n<div class=\"row \"><div class=\"wpv-grid grid-1-1  first unextended\" style=\"padding-top:0px;padding-bottom:0px\" id=\"wpv-column-0bcd04a2e7f8ccf5ed8fd232e5885f76\" ><p><a href=\"https:\/\/jcmm16.org\/fr\/priere-en-ligne\" target=\"_blank\" rel=\"noopener\">Lire la suite \u2192<\/a><\/div><\/div><\/div>\n<div class=\"wpv-grid grid-1-4  wpv-first-level unextended animation-fade-in animated-active\" style=\"padding-top:0px;padding-bottom:0px\" id=\"wpv-column-928378ede54606d6a29f273afce6b959\" ><h2 class='column-title'>Coll\u00e8ge H.S.<\/h2><div class=\"row \"><div class=\"wpv-grid grid-1-1  first unextended\" style=\"padding-top:0px;padding-bottom:0px\" id=\"wpv-column-afb639db5dc3ac7dd3d76d1d0bb3e259\" ><p>Holy Spirit College est une \u00e9cole au sein de JCMM16, dirig\u00e9e par le Saint-Esprit pour \u00e9quiper et perfectionner les saints.<\/div><\/div>\n<div class=\"push\" ><\/div>\n<div class=\"row \"><div class=\"wpv-grid grid-1-1  first unextended\" style=\"padding-top:0px;padding-bottom:0px\" id=\"wpv-column-0cb0b14797465684bf554bf9de6db3c9\" ><p><a href=\"http:\/\/hsc-jcmm16.org\/\" target=\"_blank\" rel=\"noopener\">Lire la suite \u2192<\/a><\/div><\/div><\/div>\n<div class=\"wpv-grid grid-1-4  wpv-first-level unextended animation-fade-in animated-active\" style=\"padding-top:0px;padding-bottom:0px\" id=\"wpv-column-bd43e657db4ce4d1bb1da70b9b4a8b46\" ><h2 class='column-title'>\u00c9vangelisation<\/h2><div class=\"row \"><div class=\"wpv-grid grid-1-1  first unextended\" style=\"padding-top:0px;padding-bottom:0px\" id=\"wpv-column-f6d2b3f0240571e4ed86f0b7740003a2\" ><p><span style=\"vertical-align: inherit;\"><span style=\"vertical-align: inherit;\">Et il leur dit : \u00ab Allez par tout le monde, et pr\u00eachez la bonne nouvelle \u00e0 toute la cr\u00e9ation. \u00bb <\/span><\/span><br \/>\n<span style=\"vertical-align: inherit;\"><span style=\"vertical-align: inherit;\">Marc 16.15.<\/span><\/span><\/div><\/div>\n<div class=\"push\" ><\/div>\n<div class=\"row \"><div class=\"wpv-grid grid-1-1  first unextended\" style=\"padding-top:0px;padding-bottom:0px\" id=\"wpv-column-21d88caecde1a19769f50d8955c68229\" ><p><a href=\"http:\/\/jcmm16.org\/evangelism\" target=\"_blank\" rel=\"noopener\">Lire la suite \u2192<\/a><\/div><\/div><\/div>\n<div class=\"wpv-grid grid-1-4  wpv-first-level unextended animation-fade-in animated-active\" style=\"padding-top:0px;padding-bottom:0px\" id=\"wpv-column-8854bb7c101129137428bff2496f67ba\" ><h2 class='column-title'>Transport<\/h2><div class=\"row \"><div class=\"wpv-grid grid-1-1  first unextended\" style=\"padding-top:0px;padding-bottom:0px\" id=\"wpv-column-f2b807b811e26fa3c5cec05164196de4\" ><p>Pour chaque culte, nous organisons des covoiturages pour ceux qui pourraient avoir des difficult\u00e9s \u00e0 se d\u00e9placer facilement.<\/div><\/div>\n<div class=\"push\" ><\/div>\n<div class=\"row \"><div class=\"wpv-grid grid-1-1  first unextended\" style=\"padding-top:0px;padding-bottom:0px\" id=\"wpv-column-7f5b9e2f3ec494ee5fbf512fe5924b7e\" ><p><a href=\"\/pages\/contact-us\/\" target=\"_blank\" rel=\"noopener\">Lire la suite \u2192<\/a><\/div><\/div><\/div><\/div>\n","protected":false},"excerpt":{"rendered":"<p>Du lundi au jeudi \u00e0 5h et 21h Vendredi @ 5h00 Num\u00e9ro de t\u00e9l\u00e9phone : 712 432 83 99 Lire la suite \u2192 Holy Spirit College est une \u00e9cole au sein de JCMM16, dirig\u00e9e par le Saint-Esprit pour \u00e9quiper et perfectionner les saints. Lire la suite \u2192 Et il leur dit : \u00ab Allez par&#8230;<\/p>\n","protected":false},"author":1,"featured_media":0,"parent":0,"menu_order":4,"comment_status":"closed","ping_status":"closed","template":"","meta":{"footnotes":""},"class_list":["post-989454","page","type-page","status-publish","hentry"],"_links":{"self":[{"href":"https:\/\/jcmm16.org\/fr\/wp-json\/wp\/v2\/pages\/989454","targetHints":{"allow":["GET"]}}],"collection":[{"href":"https:\/\/jcmm16.org\/fr\/wp-json\/wp\/v2\/pages"}],"about":[{"href":"https:\/\/jcmm16.org\/fr\/wp-json\/wp\/v2\/types\/page"}],"author":[{"embeddable":true,"href":"https:\/\/jcmm16.org\/fr\/wp-json\/wp\/v2\/users\/1"}],"replies":[{"embeddable":true,"href":"https:\/\/jcmm16.org\/fr\/wp-json\/wp\/v2\/comments?post=989454"}],"version-history":[{"count":7,"href":"https:\/\/jcmm16.org\/fr\/wp-json\/wp\/v2\/pages\/989454\/revisions"}],"predecessor-version":[{"id":990066,"href":"https:\/\/jcmm16.org\/fr\/wp-json\/wp\/v2\/pages\/989454\/revisions\/990066"}],"wp:attachment":[{"href":"https:\/\/jcmm16.org\/fr\/wp-json\/wp\/v2\/media?parent=989454"}],"curies":[{"name":"wp","href":"https:\/\/api.w.org\/{rel}","templated":true}]}}