{"id":989456,"date":"2013-03-22T14:41:18","date_gmt":"2013-03-22T14:41:18","guid":{"rendered":"https:\/\/jcmm16.org\/questions-frequemment-posees"},"modified":"2022-05-09T15:28:07","modified_gmt":"2022-05-09T15:28:07","slug":"questions-frequemment-posees","status":"publish","type":"page","link":"https:\/\/jcmm16.org\/fr\/questions-frequemment-posees","title":{"rendered":"Questions fr\u00e9quemment pos\u00e9es"},"content":{"rendered":"<div class=\"push\" style='height:30px'><\/div>\n<div class=\"row \"><div class=\"wpv-grid grid-1-1  wpv-first-level first unextended\" style=\"padding-top:0px;padding-bottom:0px\" id=\"wpv-column-8b05f5f0456d9529db7ec433c73afbc0\" ><p>Vous \u00eates les bienvenus dans la maison du Seigneur. Sentez-vous libre car vous \u00eates au bon endroit, dans votre B\u00e9thanie, un lieu o\u00f9 l&rsquo;\u00e9vidence de la puissance et de la pr\u00e9sence du Seigneur J\u00e9sus-Christ de Nazareth est palpable.<\/p>\n<p style=\"text-align: left;\">\u00ab Puis, six jours avant la P\u00e2que, J\u00e9sus vint \u00e0<strong> B\u00e9thanie<\/strong> , o\u00f9 \u00e9tait Lazare qui \u00e9tait mort, qu&rsquo;il avait ressuscit\u00e9 des morts.<\/p>\n<h5>\u2014 Jean 12, 1<\/h5>\n<p>Que la gr\u00e2ce du Seigneur J\u00e9sus-Christ, l&rsquo;amour de Dieu et la communication du Saint-Esprit soient avec vous tous !<\/div><\/div>\n<div class=\"push\" style='height:30px'><\/div>\n<div class=\"row \"><div class=\"wpv-grid grid-1-1  wpv-first-level first unextended\" style=\"padding-top:0px;padding-bottom:0px\" id=\"wpv-column-8976de8339147fc23d8ec98a68c7f06f\" >\t\t<div class=\"sep-text single centered\">\n\t\t\t\t\t\t\t<span class=\"sep-text-before\"><div class=\"sep-text-line\"><\/div><\/span>\n\t\t\t\t\t\t<div class=\"content\">\n\t\t\t\t<h2 class=\"text-divider-double\">Questions fr\u00e9quemment pos\u00e9es<\/h2>\t\t\t<\/div>\n\t\t\t<span class=\"sep-text-after\"><div class=\"sep-text-line\"><\/div><\/span>\n\t\t\t\t\t<\/div>\n\t<div class=\"wpv-accordion-wrapper\"><div class=\"accordion\" data-collapsible=\"false\"><h4 class=\"tab\"><div class=\"inner\">Je ne peux pas prier. Comment puis-je le faire?<\/div><\/h4><div class=\"pane\"><div class=\"inner\"><div class=\"row \"><div class=\"wpv-grid grid-1-1  first unextended\" style=\"padding-top:0px;padding-bottom:0px\" id=\"wpv-column-5ba003ae4fe31862da3aefac969bb8dd\" ><p>La pri\u00e8re est notre fa\u00e7on de communiquer avec le Seigneur. Il n&rsquo;y a pas d&rsquo;\u00e9cole pour la pri\u00e8re. Il n&rsquo;y a pas de mani\u00e8re parfaite de prier. La Bible dit : \u00ab Ne vous inqui\u00e9tez de rien, mais en tout, par la pri\u00e8re et la supplication, avec action de gr\u00e2ce, pr\u00e9sentez vos requ\u00eates \u00e0 Dieu. \u00bb -Philippiens 4:6. Cela signifie, dites ce que vous pensez, parlez-lui comme vous le feriez avec votre parent. La pri\u00e8re, c&rsquo;est parler \u00e0 Dieu. Vous pouvez \u00e9galement nous contacter pour obtenir de l&rsquo;aide.<\/p>\n<p>Pri\u00e8re en ligne : 712 432 8399<\/p>\n<p>Du lundi au jeudi \u00e0 5h et 21h<br \/>\nVendredi \u00e0 5h00<\/div><\/div><\/div><\/div><h4 class=\"tab\"><div class=\"inner\">Je ne peux pas lire ma bible, peu importe mes efforts. Cela me d\u00e9sesp\u00e8re. Que puis-je faire?<\/div><\/h4><div class=\"pane\"><div class=\"inner\"><div class=\"row \"><div class=\"wpv-grid grid-1-1  first unextended\" style=\"padding-top:0px;padding-bottom:0px\" id=\"wpv-column-a80c131c455e4f1a31f94484df034947\" ><ol>\n<li>Changez vos croyances sous-jacentes sur l&rsquo;importance de lire la Bible.<\/li>\n<li>Assurez-vous de bien comprendre la structure globale et l&rsquo;histoire de la Bible.<\/li>\n<li>Ciblez vos int\u00e9r\u00eats.<\/li>\n<li>Traitez chaque occasion de lire la Bible comme une aventure d&rsquo;apprentissage.<\/li>\n<li>Essayez de le m\u00e9moriser. M\u00e9morisez un passage court ou long de la Bible et r\u00e9fl\u00e9chissez-y tout au long de la journ\u00e9e. Ne vous sentez pas oblig\u00e9 d&rsquo;\u00eatre press\u00e9 et d&rsquo;aller \u00e0 un nouveau verset ou \u00e0 un nouveau chapitre chaque jour. N&rsquo;h\u00e9sitez pas \u00e0 y passer quelques jours, semaines, voire mois.<\/li>\n<li>Demandez de l&rsquo;aide<\/li>\n<\/ol>\n<p>Nous sommes disponibles pour vous aider et vous soutenir \u00e0 travers le Coll\u00e8ge Saint-Esprit, les r\u00e9unions de transformation divine&#8230;<\/div><\/div><\/div><\/div><h4 class=\"tab\"><div class=\"inner\"> Je rencontre des difficult\u00e9s dans ma vie personnelle, que faire ?<\/div><\/h4><div class=\"pane\"><div class=\"inner\"><div class=\"row \"><div class=\"wpv-grid grid-1-1  first unextended\" style=\"padding-top:0px;padding-bottom:0px\" id=\"wpv-column-b760bb1aee02675912708765b5107ace\" ><p>La bible dit dans Jean 10:10 : \u00ab Le voleur ne vient que pour voler, et pour tuer, et pour d\u00e9truire. Je suis venu pour qu&rsquo;ils aient la vie et qu&rsquo;ils l&rsquo;aient plus abondamment \u00bb.<br \/>\nJ\u00e9sus est la solution \u00e0 toutes les situations. Quand la vie devient dure, tournez-vous vers Lui. Il est le m\u00e9d\u00e9cin et le fournisseur par excellence.<\/div><\/div><\/div><\/div><h4 class=\"tab\"><div class=\"inner\"> Comment \u00eatre s\u00fbr d&rsquo;\u00eatre sauv\u00e9 si je ne ressens rien ?<\/div><\/h4><div class=\"pane\"><div class=\"inner\"><div class=\"row \"><div class=\"wpv-grid grid-1-1  first unextended\" style=\"padding-top:0px;padding-bottom:0px\" id=\"wpv-column-f472e577c4c72a6d5f100088b7ac9986\" ><p>Le salut ne d\u00e9pend pas du fait que vous vous sentiez n\u00e9cessairement diff\u00e9rent. Certaines personnes se sentent radicalement diff\u00e9rentes, d&rsquo;autres non. Cependant, votre salut ne d\u00e9pend pas de vos sentiments, mais de la promesse de Dieu. J\u00e9sus a dit : \u00ab Voici, je me tiens \u00e0 la porte et je frappe. Si quelqu&rsquo;un entend ma voix et ouvre la porte, je viendrai d\u00eener avec eux et eux avec moi. (Apocalypse 3:20.) La Bible dit aussi : \u00ab Quiconque invoquera le nom du Seigneur sera sauv\u00e9. (Romains 10:13) Donc, si vous ne vous sentez pas diff\u00e9remment, ne vous inqui\u00e9tez pas. Si vous avez demand\u00e9 \u00e0 J\u00e9sus d&rsquo;entrer dans votre c\u0153ur et que vous le pensiez, il l&rsquo;a fait et vous \u00eates maintenant sauv\u00e9 afin que vous puissiez passer l&rsquo;\u00e9ternit\u00e9 avec J\u00e9sus et les autres chr\u00e9tiens apr\u00e8s cette vie.<\/div><\/div><\/div><\/div><h4 class=\"tab\"><div class=\"inner\"> Dieu me parlera-t-il ?<\/div><\/h4><div class=\"pane\"><div class=\"inner\"><div class=\"row \"><div class=\"wpv-grid grid-1-1  first unextended\" style=\"padding-top:0px;padding-bottom:0px\" id=\"wpv-column-a4dea878efaccd2602a977b4869f7937\" ><p>Oui, il le fera, mais vous devrez vous habituer \u00e0 l&rsquo;entendre. Souvent, ce petit sentiment que vous avez au plus profond de vous ou la pens\u00e9e qui vous traverse l&rsquo;esprit vous amenant \u00e0 faire quelque chose de bien ou vous avertissant de faire attention pourrait \u00eatre Dieu qui parle. Il vous parlera certainement \u00e0 travers votre lecture de la Bible et dans la pri\u00e8re. Apprenez \u00e0 l&rsquo;\u00e9couter. Il ne vous dira jamais de faire quelque chose de mal ou contre Sa propre Parole. Plus vous apprenez la Bible, priez et communiez avec d&rsquo;autres chr\u00e9tiens, plus vous commencerez \u00e0 entendre Dieu vous parler et vous conduire \u00e0 la prochaine \u00e9tape de votre vie.<\/div><\/div><\/div><\/div><h4 class=\"tab\"><div class=\"inner\">Chaque dimanche, je fais mes services en ligne. Suis-je en r\u00e8gle devant le Seigneur ? Dois-je rejoindre une \u00e9glise ? <\/div><\/h4><div class=\"pane\"><div class=\"inner\"><div class=\"row \"><div class=\"wpv-grid grid-1-1  first unextended\" style=\"padding-top:0px;padding-bottom:0px\" id=\"wpv-column-79a3a2319592eef2b594ce7b93a7307d\" ><p>La t\u00e9l\u00e9vision ou Internet n&rsquo;est pas une assembl\u00e9e. Le christianisme est con\u00e7u pour \u00eatre une foi dans laquelle les chr\u00e9tiens apprennent \u00e0 se conna\u00eetre et \u00e0 s&rsquo;aimer,\u00a0 se soutenir dans les moments difficiles et s&rsquo;aider \u00e0 grandir. Une analogie souvent utilis\u00e9e est celle de la combustion du charbon. Tant que les charbons sont r\u00e9unis en tas, ils br\u00fbleront vivement pendant longtemps. Retirez-en un tout seul et il s&rsquo;\u00e9teindra. La vie chr\u00e9tienne est la m\u00eame. Si vous vous s\u00e9parez des autres chr\u00e9tiens, vous finirez par avoir des probl\u00e8mes dont vous n&rsquo;avez pas besoin. De plus, il peut y avoir une grande joie d&rsquo;\u00eatre les uns avec les autres dans la famille de Dieu.<\/div><\/div><\/div><\/div><h4 class=\"tab\"><div class=\"inner\">Quelle \u00e9glise est la bonne pour moi ?<\/div><\/h4><div class=\"pane\"><div class=\"inner\"><div class=\"row \"><div class=\"wpv-grid grid-1-1  first unextended\" style=\"padding-top:0px;padding-bottom:0px\" id=\"wpv-column-2a018ddc8023d447be0f9c61fa5ef1a4\" ><p>Celui o\u00f9 la Bible est enseign\u00e9e fid\u00e8lement et o\u00f9 vous sentez que Dieu vous parle le plus fort. Il existe de nombreuses \u00e9glises chr\u00e9tiennes diff\u00e9rentes et il y en a une pour vous. Allez l\u00e0 o\u00f9 vous sentez que Dieu vous conduit et engagez-vous \u00e0 vous impliquer et \u00e0 grandir l\u00e0-bas.<\/div><\/div><\/div><\/div><h4 class=\"tab\"><div class=\"inner\"> Pourquoi devrais-je rejoindre une \u00e9glise alors qu&rsquo;elle a ses propres probl\u00e8mes ?<\/div><\/h4><div class=\"pane\"><div class=\"inner\"><div class=\"row \"><div class=\"wpv-grid grid-1-1  first unextended\" style=\"padding-top:0px;padding-bottom:0px\" id=\"wpv-column-54627a3f0aa3b112ee07fdc031bf7dce\" ><p>Il n&rsquo;y a pas d&rsquo;\u00e9glise parfaite ici sur terre. Les \u00e9glises sont compos\u00e9es d&rsquo;\u00eatres humains qui p\u00e8chent (voir #2). Cependant, nous vivons avec des imperfections dans tous les aspects de notre vie. Nos v\u00eatements s&rsquo;usent, nos voitures tombent en panne, les membres de notre famille nous d\u00e9\u00e7oivent, nos corps tombent malades. Cela ne nous emp\u00eache pas de porter des v\u00eatements, d&rsquo;acheter des voitures, d&rsquo;aimer notre famille ou de prendre soin de nos besoins physiques. Pourquoi les imperfections de l&rsquo;\u00e9glise devraient-elles nous emp\u00eacher d&rsquo;\u00eatre l\u00e0, en particulier lorsque les avantages spirituels et la joie d&rsquo;\u00eatre avec des amis partageant les m\u00eames id\u00e9es peuvent l&#8217;emporter largement sur le n\u00e9gatif ?<\/div><\/div><\/div><\/div><h4 class=\"tab\"><div class=\"inner\">Et si je ne pouvais pas \u00eatre assez bon pour \u00eatre chr\u00e9tien ? <\/div><\/h4><div class=\"pane\"><div class=\"inner\"><div class=\"row \"><div class=\"wpv-grid grid-1-1  first unextended\" style=\"padding-top:0px;padding-bottom:0px\" id=\"wpv-column-a66d75c8723cc38fec599fefae03124a\" ><p>Rappelez-vous, les chr\u00e9tiens ne sont pas parfaits\u2026 ils sont simplement pardonn\u00e9s. \u00catre chr\u00e9tien, ce n&rsquo;est pas \u00eatre \u00ab assez bon \u00bb. Il s&rsquo;agit d&rsquo;aller progressivement dans la bonne direction, permettant \u00e0 Dieu de changer votre c\u0153ur et votre esprit. Rappelez-vous, les b\u00e9b\u00e9s l\u00e8vent la t\u00eate avant de ramper, rampent avant de marcher, etc. La vie chr\u00e9tienne n&rsquo;est pas diff\u00e9rente. Rappelez-vous que vous venez de commencer le voyage, pas de le terminer. Vous aurez une abondance de la gr\u00e2ce de Dieu pour vous soutenir dans votre croissance. Soyez doux avec vous-m\u00eame et avec ceux qui sont nouveaux dans la foi. Dieu conna\u00eet et comprend vos faiblesses et vos incompr\u00e9hensions.<\/div><\/div><\/div><\/div><h4 class=\"tab\"><div class=\"inner\">Je n&rsquo;ai pas trouv\u00e9 les informations que je cherchais. Que puis-je faire?<\/div><\/h4><div class=\"pane\"><div class=\"inner\"><div class=\"row \"><div class=\"wpv-grid grid-1-1  first unextended\" style=\"padding-top:0px;padding-bottom:0px\" id=\"wpv-column-8b65d812338eeaf718397faf3fe8405c\" ><p>Vous pouvez poser votre question via le formulaire ci-dessous et nous vous r\u00e9pondrons rapidement.<\/div><\/div><\/div><\/div><\/div><\/div><\/div><\/div>\n<div class=\"push\" style='height:30px'><\/div>\n<div class=\"row \"><div class=\"wpv-grid grid-1-1  wpv-first-level first unextended animation-fade-in animated-active\" style=\"padding-top:0px;padding-bottom:0px\" id=\"wpv-column-8f8d926f7dff69b88ecc084a873e8586\" >\t\t<div class=\"sep-text single centered\">\n\t\t\t\t\t\t\t<span class=\"sep-text-before\"><div class=\"sep-text-line\"><\/div><\/span>\n\t\t\t\t\t\t<div class=\"content\">\n\t\t\t\t<h2 class=\"text-divider-double\">Votre question<\/h2>\t\t\t<\/div>\n\t\t\t<span class=\"sep-text-after\"><div class=\"sep-text-line\"><\/div><\/span>\n\t\t\t\t\t<\/div>\n\t<p><p class=\"wpcf7-contact-form-not-found\"><strong>Erreur\u00a0:<\/strong> Formulaire de contact non trouv\u00e9\u00a0!<\/p><\/div><\/div>\n","protected":false},"excerpt":{"rendered":"<p>Vous \u00eates les bienvenus dans la maison du Seigneur. Sentez-vous libre car vous \u00eates au bon endroit, dans votre B\u00e9thanie, un lieu o\u00f9 l&rsquo;\u00e9vidence de la puissance et de la pr\u00e9sence du Seigneur J\u00e9sus-Christ de Nazareth est palpable. \u00ab Puis, six jours avant la P\u00e2que, J\u00e9sus vint \u00e0 B\u00e9thanie , o\u00f9 \u00e9tait Lazare qui \u00e9tait&#8230;<\/p>\n","protected":false},"author":1,"featured_media":0,"parent":0,"menu_order":9,"comment_status":"closed","ping_status":"closed","template":"","meta":{"footnotes":""},"class_list":["post-989456","page","type-page","status-publish","hentry"],"_links":{"self":[{"href":"https:\/\/jcmm16.org\/fr\/wp-json\/wp\/v2\/pages\/989456","targetHints":{"allow":["GET"]}}],"collection":[{"href":"https:\/\/jcmm16.org\/fr\/wp-json\/wp\/v2\/pages"}],"about":[{"href":"https:\/\/jcmm16.org\/fr\/wp-json\/wp\/v2\/types\/page"}],"author":[{"embeddable":true,"href":"https:\/\/jcmm16.org\/fr\/wp-json\/wp\/v2\/users\/1"}],"replies":[{"embeddable":true,"href":"https:\/\/jcmm16.org\/fr\/wp-json\/wp\/v2\/comments?post=989456"}],"version-history":[{"count":12,"href":"https:\/\/jcmm16.org\/fr\/wp-json\/wp\/v2\/pages\/989456\/revisions"}],"predecessor-version":[{"id":991297,"href":"https:\/\/jcmm16.org\/fr\/wp-json\/wp\/v2\/pages\/989456\/revisions\/991297"}],"wp:attachment":[{"href":"https:\/\/jcmm16.org\/fr\/wp-json\/wp\/v2\/media?parent=989456"}],"curies":[{"name":"wp","href":"https:\/\/api.w.org\/{rel}","templated":true}]}}