{"id":989460,"date":"2021-06-15T22:29:05","date_gmt":"2021-06-15T22:29:05","guid":{"rendered":"https:\/\/jcmm16.org\/pour-les-membres"},"modified":"2022-05-24T13:03:37","modified_gmt":"2022-05-24T13:03:37","slug":"pour-les-membres","status":"publish","type":"page","link":"https:\/\/jcmm16.org\/fr\/pour-les-membres","title":{"rendered":"Pour les membres"},"content":{"rendered":"\t\t<div class=\"sep-text single centered\">\n\t\t\t\t\t\t\t<span class=\"sep-text-before\"><div class=\"sep-text-line\"><\/div><\/span>\n\t\t\t\t\t\t<div class=\"content\">\n\t\t\t\t<h2 class=\"text-divider-double\">\nAnnonces<\/h2>\t\t\t<\/div>\n\t\t\t<span class=\"sep-text-after\"><div class=\"sep-text-line\"><\/div><\/span>\n\t\t\t\t\t<\/div>\n\t\n<div class=\"row \"><div class=\"wpv-grid grid-1-1  wpv-first-level first unextended\" style=\"padding-top:0px;padding-bottom:0px\" id=\"wpv-column-6f8632e1dcbe52d2a8a200120d3bb284\" ><ul>\n<li>Nous remercions tout le monde pour votre participation lors de la c\u00e9l\u00e9bration de la P\u00e2que.<\/li>\n<\/ul>\n<p>&nbsp;<\/div><\/div>\n<div class=\"row \"><div class=\"wpv-grid grid-1-1  wpv-first-level first unextended\" style=\"padding-top:0px;padding-bottom:0px\" id=\"wpv-column-e1d337426971aad7be195c03b7e92774\" ><\/div><\/div>\n<div class=\"row \"><div class=\"wpv-grid grid-1-1  wpv-first-level first unextended\" style=\"padding-top:0px;padding-bottom:0px\" id=\"wpv-column-5d18a75426e4bcd332e2e0aff061e709\" ><div class=\"row \"><div class=\"wpv-grid grid-1-1  first unextended\" style=\"padding-top:0px;padding-bottom:0px\" id=\"wpv-column-1a562852ad27e4577131fca6a820c882\" >\n<div  data-target=\"_self\" class=\"linkarea clearfix   background-accent3\">\n\t\t\t<div class=\"first\"><span class='icon shortcode  ' style='font-size:83px !important;color:#000000;'>&#57486;<\/span><\/div>\n\t\t<\/div><\/div><\/div>\n<div class=\"row \"><div class=\"wpv-grid grid-1-1  first unextended\" style=\"padding-top:0px;padding-bottom:0px\" id=\"wpv-column-31c424a3dce38689fd3f63ff97b98bcf\" ><div class=\"row \"><div class=\"wpv-grid grid-1-1  first unextended\" style=\"padding-top:0px;padding-bottom:0px\" id=\"wpv-column-76f60fa2b19c6ec67512f1e55022eb0e\" ><blockquote>\n<ul>\n<li>\n<h3><strong> D\u00eemes et offrandes<\/strong><\/h3>\n<\/li>\n<\/ul>\n<h3><strong>Cash apps ou Zelle : 301 808 9794<\/strong><\/h3>\n<ul>\n<li>\n<h3><strong>Engagements<\/strong><\/h3>\n<\/li>\n<\/ul>\n<h3><strong>Applications cash ou Zelle : 240 533 6618<\/strong><\/h3>\n<\/blockquote><\/div><\/div>\n\t\t<div class=\"sep-text single centered\">\n\t\t\t\t\t\t\t<span class=\"sep-text-before\"><div class=\"sep-text-line\"><\/div><\/span>\n\t\t\t\t\t\t<div class=\"content\">\n\t\t\t\t<h2 class=\"text-divider-double\">\nC\u00e9l\u00e9bration des anniversaires<\/h2>\t\t\t<\/div>\n\t\t\t<span class=\"sep-text-after\"><div class=\"sep-text-line\"><\/div><\/span>\n\t\t\t\t\t<\/div>\n\t\n<div class=\"row \"><div class=\"wpv-grid grid-1-1  first unextended\" style=\"padding-top:0px;padding-bottom:0px\" id=\"wpv-column-c3e9d5cdf3594a4a65c7ff642aac64f7\" ><p>Inscription aupr\u00e8s du Diacre Jean-Claude\/Diacre Patrice<\/div><\/div>\n<div class=\"row \"><div class=\"wpv-grid grid-1-1  first unextended\" style=\"padding-top:0px;padding-bottom:0px\" id=\"wpv-column-8498be07f5f496e6f52ebba1487ff5a1\" ><div class=\"row \"><div class=\"wpv-grid grid-1-1  first unextended\" style=\"padding-top:0px;padding-bottom:0px\" id=\"wpv-column-dadb16a1dd0d6dcd7d6ca443cf6137f8\" ><p>Anniversaire du mois :<\/p>\n<ul>\n<li>Fr. B.<\/li>\n<li>Sr A.<\/li>\n<\/ul><\/div><\/div>\n<div class=\"row \"><div class=\"wpv-grid grid-1-1  first unextended\" style=\"padding-top:0px;padding-bottom:0px\" id=\"wpv-column-3fa453b5dc91cc9b655aae40f3a7406b\" ><\/div><\/div>\n<div class=\"row \"><div class=\"wpv-grid grid-1-1  first unextended\" style=\"padding-top:0px;padding-bottom:0px\" id=\"wpv-column-b665c84890afaaded5fd65ca8dc84fdf\" ><\/div><\/div>\n\t\t<div class=\"sep-text single centered\">\n\t\t\t\t\t\t\t<span class=\"sep-text-before\"><div class=\"sep-text-line\"><\/div><\/span>\n\t\t\t\t\t\t<div class=\"content\">\n\t\t\t\t<h2 class=\"text-divider-double\">\nInformations pratiques<\/h2>\t\t\t<\/div>\n\t\t\t<span class=\"sep-text-after\"><div class=\"sep-text-line\"><\/div><\/span>\n\t\t\t\t\t<\/div>\n\t\n<div class=\"row \"><div class=\"wpv-grid grid-1-1  first unextended\" style=\"padding-top:0px;padding-bottom:0px\" id=\"wpv-column-f1b93ecee1f85f6f6525d7acfa19f9ed\" >\n<div  data-target=\"_self\" class=\"linkarea clearfix   background-accent3\">\n\t\t\t<div class=\"first\"><span class='icon shortcode theme ' style='font-size:62px !important;color:#000000;'>&#57474;<\/span><\/div>\n\t\t<\/div><\/div><\/div>\n<div class=\"row \"><div class=\"wpv-grid grid-1-1  first unextended\" style=\"padding-top:0px;padding-bottom:0px\" id=\"wpv-column-d15ae2957f163db92ba8b34c8faeb4ee\" ><div class=\"row \"><div class=\"wpv-grid grid-1-1  first unextended\" style=\"padding-top:0px;padding-bottom:0px\" id=\"wpv-column-c7e349873626c724ac193bfa55741a36\" ><p><strong>Vous rencontrez des difficult\u00e9s et souhaitez en parler<\/strong> ? Contactez la diaconesse. H\u00e9l\u00e8ne \/ Diacre Patrice.<\/p>\n<p>Pour un<strong> rendez-vous avec le pasteur<\/strong> , Contactez-nous \u00e0:<br \/>\n301 900 80 09<\/p>\n<p><strong>T\u00e9moignage \u00e0 partager<\/strong> : Contacter D. Mme Bosse<\/p>\n<p><strong>Prochaine s\u00e9ance de bapt\u00eame<\/strong> :<br \/>\nInscrivez-vous aupr\u00e8s de Mme Bosse ou de la diaconesse H\u00e9l\u00e8ne.<\/p>\n<p><strong>Cours sur le Tabernacle<\/strong> :<br \/>\nInscription aupr\u00e8s de D. Jean-Claude ou t\u00e9l : 301 900 80 09<\/p>\n<p><strong> Coll\u00e8ge Saint-Esprit <\/strong><br \/>\nwww.hsc.jcmm16.org<br \/>\nInscription aupr\u00e8s de D.Mrs. Boss.<\/div><\/div>\n\t\t<div class=\"sep-text single centered\">\n\t\t\t\t\t\t\t<span class=\"sep-text-before\"><div class=\"sep-text-line\"><\/div><\/span>\n\t\t\t\t\t\t<div class=\"content\">\n\t\t\t\t<h2 class=\"text-divider-double\">\nUn journal<\/h2>\t\t\t<\/div>\n\t\t\t<span class=\"sep-text-after\"><div class=\"sep-text-line\"><\/div><\/span>\n\t\t\t\t\t<\/div>\n\t\n<div class=\"row \"><div class=\"wpv-grid grid-1-1  first unextended\" style=\"padding-top:0px;padding-bottom:0px\" id=\"wpv-column-431191ccdc0417dda893106a29708e36\" ><h4 style=\"text-align: left;\"><a target=\"_self\" style='font-size: 24px;' class=\"button vamtam-button accent1  button-border hover-accent1 \"><span class=\"btext\">Cliquez sur<\/span><span class='icon shortcode  ' style='color:#D14D42;'>&#58072;<\/span><\/a> : Voici les journaux de la saison de l&rsquo;\u00e9glise.<\/h4>\n<ul>\n<li><\/div><\/div><div class=\"row \"><div class=\"wpv-grid grid-1-2  first unextended\" style=\"padding-top:0px;padding-bottom:0px\" id=\"wpv-column-1ae46f86facdab0da5f2eaf43b909134\" ><\/li>\n<\/ul>\n<h3 style=\"text-align: left;\"><\/h3>\n<ul>\n<li style=\"text-align: center;\">\n<h3 style=\"text-align: left;\"><span style=\"color: #0000ff;\"><strong>Actualit\u00e9s Printemps 2021: <a href=\"https:\/\/jcmm16.org\/wp-content\/uploads\/2021\/10\/SPRING-NEWS-in-ENGLISH-free.pdf\" class=\"pdfemb-viewer\" style=\"\" data-width=\"max\" data-height=\"max\" data-mobile-width=\"500\"  data-scrollbar=\"both\" data-download=\"off\" data-tracking=\"on\" data-newwindow=\"off\" data-pagetextbox=\"off\" data-scrolltotop=\"off\" data-startzoom=\"100\" data-startfpzoom=\"100\" data-toolbar=\"top\" data-toolbar-fixed=\"on\">NEWS DU PRINTEMPS en ANGLAIS - gratuit<br\/><\/a><\/strong><\/span><\/h3>\n<\/li>\n<\/ul><\/div><\/div>\n\t\t<div class=\"sep-text single centered\">\n\t\t\t\t\t\t\t<span class=\"sep-text-before\"><div class=\"sep-text-line\"><\/div><\/span>\n\t\t\t\t\t\t<div class=\"content\">\n\t\t\t\t<h2 class=\"text-divider-double\">\nA \u00c9couter<\/h2>\t\t\t<\/div>\n\t\t\t<span class=\"sep-text-after\"><div class=\"sep-text-line\"><\/div><\/span>\n\t\t\t\t\t<\/div>\n\t\n<div class=\"row \"><div class=\"wpv-grid grid-1-1  first unextended\" style=\"padding-top:0px;padding-bottom:0px\" id=\"wpv-column-1a703d1556af4ec3f9c4ddd4f0a34299\" ><div class=\"row \"><div class=\"wpv-grid grid-1-1  first unextended\" style=\"padding-top:0px;padding-bottom:0px\" id=\"wpv-column-30da4de3a95ee93df2b5e3e1c15a412c\" ><p><strong>\u00c9coutez attentivement<\/strong><\/p>\n<ul>\n<li><strong>AUDIO&nbsp;: R\u00c9V\u00c9LATION SUR L&rsquo;ENL\u00c8VEMENT &#8211; RESPONSABILIT\u00c9S DES PARENTS<\/strong><\/li>\n<\/ul>\n<p><audio class=\"wp-audio-shortcode\" id=\"audio-989460-1\" preload=\"none\" style=\"width: 100%;\" controls=\"controls\"><source type=\"audio\/mpeg\" src=\"http:\/\/jcmm16.org\/wp-content\/uploads\/2021\/06\/AUD-20210622-WA0000.mp3?_=1\" \/><a href=\"http:\/\/jcmm16.org\/wp-content\/uploads\/2021\/06\/AUD-20210622-WA0000.mp3\">http:\/\/jcmm16.org\/wp-content\/uploads\/2021\/06\/AUD-20210622-WA0000.mp3<\/a><\/audio><\/p>\n<ul>\n<li><strong>AUDIO : COURT MESSAGE SUR L&rsquo;ENL\u00c8VEMENT &#8211; J\u00c9SUS REVIENT BIENT\u00d4T<\/strong><\/li>\n<\/ul>\n<p><audio class=\"wp-audio-shortcode\" id=\"audio-989460-2\" preload=\"none\" style=\"width: 100%;\" controls=\"controls\"><source type=\"audio\/mpeg\" src=\"http:\/\/jcmm16.org\/wp-content\/uploads\/2021\/06\/AUD-20200111-WA0002.mp3?_=2\" \/><a href=\"http:\/\/jcmm16.org\/wp-content\/uploads\/2021\/06\/AUD-20200111-WA0002.mp3\">http:\/\/jcmm16.org\/wp-content\/uploads\/2021\/06\/AUD-20200111-WA0002.mp3<\/a><\/audio><\/div><\/div>\n<div class=\"row \"><div class=\"wpv-grid grid-1-1  first unextended\" style=\"padding-top:0px;padding-bottom:0px\" id=\"wpv-column-d694606e3ff9aba79b982a1a7951d7ce\" ><\/div><\/div><\/div><\/div><\/div><\/div><\/div><\/div><\/div><\/div><\/div><\/div>\n","protected":false},"excerpt":{"rendered":"<p>Nous remercions tout le monde pour votre participation lors de la c\u00e9l\u00e9bration de la P\u00e2que. &nbsp; D\u00eemes et offrandes Cash apps ou Zelle : 301 808 9794 Engagements Applications cash ou Zelle : 240 533 6618 Inscription aupr\u00e8s du Diacre Jean-Claude\/Diacre Patrice Anniversaire du mois : Fr. B. Sr A. Vous rencontrez des difficult\u00e9s et&#8230;<\/p>\n","protected":false},"author":1,"featured_media":0,"parent":0,"menu_order":0,"comment_status":"closed","ping_status":"closed","template":"","meta":{"footnotes":""},"class_list":["post-989460","page","type-page","status-publish","hentry"],"_links":{"self":[{"href":"https:\/\/jcmm16.org\/fr\/wp-json\/wp\/v2\/pages\/989460","targetHints":{"allow":["GET"]}}],"collection":[{"href":"https:\/\/jcmm16.org\/fr\/wp-json\/wp\/v2\/pages"}],"about":[{"href":"https:\/\/jcmm16.org\/fr\/wp-json\/wp\/v2\/types\/page"}],"author":[{"embeddable":true,"href":"https:\/\/jcmm16.org\/fr\/wp-json\/wp\/v2\/users\/1"}],"replies":[{"embeddable":true,"href":"https:\/\/jcmm16.org\/fr\/wp-json\/wp\/v2\/comments?post=989460"}],"version-history":[{"count":9,"href":"https:\/\/jcmm16.org\/fr\/wp-json\/wp\/v2\/pages\/989460\/revisions"}],"predecessor-version":[{"id":992165,"href":"https:\/\/jcmm16.org\/fr\/wp-json\/wp\/v2\/pages\/989460\/revisions\/992165"}],"wp:attachment":[{"href":"https:\/\/jcmm16.org\/fr\/wp-json\/wp\/v2\/media?parent=989460"}],"curies":[{"name":"wp","href":"https:\/\/api.w.org\/{rel}","templated":true}]}}