{"id":989463,"date":"2021-06-17T21:59:15","date_gmt":"2021-06-17T21:59:15","guid":{"rendered":"https:\/\/jcmm16.org\/international"},"modified":"2022-05-21T10:56:17","modified_gmt":"2022-05-21T10:56:17","slug":"international","status":"publish","type":"page","link":"https:\/\/jcmm16.org\/fr\/international","title":{"rendered":"INTERNATIONAL"},"content":{"rendered":"<div class=\"push\" style='margin-bottom:-60px'><\/div>\n<div class=\"row \"><div class=\"wpv-grid grid-1-1  wpv-first-level first unextended\" style=\"padding-top:0px;padding-bottom:0px\" id=\"wpv-column-f500e40f1c3048478ebc7f74f0a86d35\" ><\/div><\/div>\n<div class=\"row \"><div class=\"wpv-grid grid-1-1  wpv-first-level first unextended\" style=\"padding-top:0px;padding-bottom:0px\" id=\"wpv-column-5e22ead716528d81a8e8a2073472c5bc\" ><div class=\"push\" style='height:30px'><\/div>\n<div class=\"row \"><div class=\"wpv-grid grid-1-1  first unextended\" style=\"padding-top:0px;padding-bottom:0px\" id=\"wpv-column-b4a71baca969520b9d821c59d2e8f166\" ><p><img decoding=\"async\" class=\"wp-image-989400 size-medium alignright\" src=\"https:\/\/jcmm16.org\/wp-content\/uploads\/2021\/10\/CARTE-2-300x300.jpg\" alt=\"\" width=\"300\" height=\"300\" srcset=\"https:\/\/jcmm16.org\/wp-content\/uploads\/2021\/10\/CARTE-2-300x300.jpg 300w, https:\/\/jcmm16.org\/wp-content\/uploads\/2021\/10\/CARTE-2-1024x1024.jpg 1024w, https:\/\/jcmm16.org\/wp-content\/uploads\/2021\/10\/CARTE-2-150x150.jpg 150w, https:\/\/jcmm16.org\/wp-content\/uploads\/2021\/10\/CARTE-2-60x60.jpg 60w, https:\/\/jcmm16.org\/wp-content\/uploads\/2021\/10\/CARTE-2-43x43.jpg 43w, https:\/\/jcmm16.org\/wp-content\/uploads\/2021\/10\/CARTE-2-106x106.jpg 106w, https:\/\/jcmm16.org\/wp-content\/uploads\/2021\/10\/CARTE-2-1140x1140.jpg 1140w, https:\/\/jcmm16.org\/wp-content\/uploads\/2021\/10\/CARTE-2-555x555.jpg 555w, https:\/\/jcmm16.org\/wp-content\/uploads\/2021\/10\/CARTE-2-360x360.jpg 360w, https:\/\/jcmm16.org\/wp-content\/uploads\/2021\/10\/CARTE-2-262x262.jpg 262w, https:\/\/jcmm16.org\/wp-content\/uploads\/2021\/10\/CARTE-2-600x600.jpg 600w, https:\/\/jcmm16.org\/wp-content\/uploads\/2021\/10\/CARTE-2-100x100.jpg 100w, https:\/\/jcmm16.org\/wp-content\/uploads\/2021\/10\/CARTE-2.jpg 1200w\" sizes=\"(max-width: 300px) 100vw, 300px\" \/><\/p>\n<p><strong>Notre vision:<\/strong><\/p>\n<p><strong>Devenir un minist\u00e8re d&rsquo;enseignement mondial avec un message de fin des temps sans compromis, qui atteindra et aura un impact sur les sauv\u00e9s et les non-sauv\u00e9s.<\/strong><\/p>\n<p><strong>Notre foi :<\/strong><\/p>\n<p><strong>Le Minist\u00e8re accepte les \u00c9critures comme la Volont\u00e9 r\u00e9v\u00e9l\u00e9e de Dieu, la r\u00e8gle de foi et de pratique tout-suffisante, et dans le but de maintenir l&rsquo;unit\u00e9 g\u00e9n\u00e9rale, adopte ces D\u00e9clarations de v\u00e9rit\u00e9s fondamentales et de doctrine.<\/strong><\/div><\/div><\/div><\/div>\n<div class=\"push\" style='height:15px'><\/div>\n<div class=\"row \"><div class=\"wpv-grid grid-1-1  wpv-first-level first unextended\" style=\"padding-top:0px;padding-bottom:0px\" id=\"wpv-column-b51ec888a2568d13e71aa7dcf2fdb358\" ><\/div><\/div>\n<div class=\"row \"><div class=\"wpv-grid grid-1-1  wpv-first-level first unextended\" style=\"padding-top:0px;padding-bottom:0px\" id=\"wpv-column-5587d6b9d0c78ea691ed50179d5af4e4\" ><\/div><\/div>\n<div class=\"row \"><div class=\"wpv-grid grid-1-1  wpv-first-level first unextended\" style=\"padding-top:0px;padding-bottom:0px\" id=\"wpv-column-c1f0f2e858cc642b515d330b727c9b28\" ><\/div><\/div>\n\t\t<div class=\"sep-text single centered\">\n\t\t\t\t\t\t\t<span class=\"sep-text-before\"><div class=\"sep-text-line\"><\/div><\/span>\n\t\t\t\t\t\t<div class=\"content\">\n\t\t\t\t<h2 class=\"text-divider-double\">\nNotre mission<\/h2>\t\t\t<\/div>\n\t\t\t<span class=\"sep-text-after\"><div class=\"sep-text-line\"><\/div><\/span>\n\t\t\t\t\t<\/div>\n\t\n<div class=\"row \"><div class=\"wpv-grid grid-1-2  wpv-first-level first unextended animation-zoom-in animated-active\" style=\"padding-top:0px;padding-bottom:0px\" id=\"wpv-column-b740af03f9e87303fe4ad11ada3e104b\" ><div class=\"push\" style='height:20px'><\/div><img decoding=\"async\" class=\"alignnone wp-image-989385 size-medium\" src=\"https:\/\/jcmm16.org\/wp-content\/uploads\/2021\/10\/Jesus-Church-Mission-Mark-16-300x300.jpg\" alt=\"\" width=\"300\" height=\"300\" srcset=\"https:\/\/jcmm16.org\/wp-content\/uploads\/2021\/10\/Jesus-Church-Mission-Mark-16-300x300.jpg 300w, https:\/\/jcmm16.org\/wp-content\/uploads\/2021\/10\/Jesus-Church-Mission-Mark-16-1024x1024.jpg 1024w, https:\/\/jcmm16.org\/wp-content\/uploads\/2021\/10\/Jesus-Church-Mission-Mark-16-150x150.jpg 150w, https:\/\/jcmm16.org\/wp-content\/uploads\/2021\/10\/Jesus-Church-Mission-Mark-16-60x60.jpg 60w, https:\/\/jcmm16.org\/wp-content\/uploads\/2021\/10\/Jesus-Church-Mission-Mark-16-43x43.jpg 43w, https:\/\/jcmm16.org\/wp-content\/uploads\/2021\/10\/Jesus-Church-Mission-Mark-16-106x106.jpg 106w, https:\/\/jcmm16.org\/wp-content\/uploads\/2021\/10\/Jesus-Church-Mission-Mark-16-1140x1140.jpg 1140w, https:\/\/jcmm16.org\/wp-content\/uploads\/2021\/10\/Jesus-Church-Mission-Mark-16-555x555.jpg 555w, https:\/\/jcmm16.org\/wp-content\/uploads\/2021\/10\/Jesus-Church-Mission-Mark-16-360x360.jpg 360w, https:\/\/jcmm16.org\/wp-content\/uploads\/2021\/10\/Jesus-Church-Mission-Mark-16-262x262.jpg 262w, https:\/\/jcmm16.org\/wp-content\/uploads\/2021\/10\/Jesus-Church-Mission-Mark-16-1320x1320.jpg 1320w, https:\/\/jcmm16.org\/wp-content\/uploads\/2021\/10\/Jesus-Church-Mission-Mark-16-600x600.jpg 600w, https:\/\/jcmm16.org\/wp-content\/uploads\/2021\/10\/Jesus-Church-Mission-Mark-16-100x100.jpg 100w, https:\/\/jcmm16.org\/wp-content\/uploads\/2021\/10\/Jesus-Church-Mission-Mark-16.jpg 1405w\" sizes=\"(max-width: 300px) 100vw, 300px\" \/><!--more--><\/div>\n<div class=\"wpv-grid grid-1-2  wpv-first-level unextended\" style=\"padding-top:0px;padding-bottom:0px\" id=\"wpv-column-7fa2ff8d843ef0061d75361f11594417\" ><div class=\"push\" style='height:80px'><\/div>\n<p><strong>Mission:<\/strong><\/p>\n<p><strong>Equiper et perfectionner les saints pour le minist\u00e8re d&rsquo;\u00e9vang\u00e9lisation et pour l&rsquo;\u00e9dification du Corps du Christ afin que chaque personne puisse efficacement fournir la vie du Saint-Esprit et op\u00e9rer dans les dons de l&rsquo;esprit, r\u00e9sultant en un corps unifi\u00e9 et le salut des \u00e2mes.<\/strong><\/p>\n\n <div class=\"push\" style='height:40px'><\/div><\/div><\/div>\n\t\t<div class=\"sep-text single centered\">\n\t\t\t\t\t\t\t<span class=\"sep-text-before\"><div class=\"sep-text-line\"><\/div><\/span>\n\t\t\t\t\t\t<div class=\"content\">\n\t\t\t\t<h2 class=\"text-divider-double\">\nBranches<\/h2>\t\t\t<\/div>\n\t\t\t<span class=\"sep-text-after\"><div class=\"sep-text-line\"><\/div><\/span>\n\t\t\t\t\t<\/div>\n\t\n<div class=\"row \"><div class=\"wpv-grid grid-1-2  wpv-first-level first unextended\" style=\"padding-top:0px;padding-bottom:0px\" id=\"wpv-column-7c8f2d3913c1cf211a8dcd6cdf84950b\" ><div class=\"row \"><div class=\"wpv-grid grid-1-1  first unextended\" style=\"padding-top:0px;padding-bottom:0px\" id=\"wpv-column-ccdeffef4b44d828392af4cf175fe362\" ><ul>\n<li>Branche 1 : Abidjan &#8211; Abobo &#8211; C\u00f4te d&rsquo;Ivoire<\/li>\n<\/ul>\n<p>Culte du dimanche \u00e0 8h<\/p>\n<p>Num\u00e9ro de t\u00e9l\u00e9phone : 225 05 85 99 9900<\/div><\/div>\n<div class=\"push\" style='height:5px'><\/div>\n<p>&nbsp;<\/div>\n<div class=\"wpv-grid grid-1-2  wpv-first-level unextended animation-zoom-in animated-active\" style=\"padding-top:0px;padding-bottom:0px\" id=\"wpv-column-558f13d64eaef7d4e16934685b223526\" ><p><img decoding=\"async\" class=\"alignnone wp-image-989612 size-medium\" src=\"https:\/\/jcmm16.org\/wp-content\/uploads\/2021\/10\/avion-atterissage-300x169.jpg\" alt=\"\" width=\"300\" height=\"169\" srcset=\"https:\/\/jcmm16.org\/wp-content\/uploads\/2021\/10\/avion-atterissage-300x169.jpg 300w, https:\/\/jcmm16.org\/wp-content\/uploads\/2021\/10\/avion-atterissage-1024x576.jpg 1024w, https:\/\/jcmm16.org\/wp-content\/uploads\/2021\/10\/avion-atterissage-1536x864.jpg 1536w, https:\/\/jcmm16.org\/wp-content\/uploads\/2021\/10\/avion-atterissage-2048x1152.jpg 2048w, https:\/\/jcmm16.org\/wp-content\/uploads\/2021\/10\/avion-atterissage-1140x641.jpg 1140w, https:\/\/jcmm16.org\/wp-content\/uploads\/2021\/10\/avion-atterissage-555x312.jpg 555w, https:\/\/jcmm16.org\/wp-content\/uploads\/2021\/10\/avion-atterissage-360x203.jpg 360w, https:\/\/jcmm16.org\/wp-content\/uploads\/2021\/10\/avion-atterissage-262x147.jpg 262w, https:\/\/jcmm16.org\/wp-content\/uploads\/2021\/10\/avion-atterissage-1320x743.jpg 1320w, https:\/\/jcmm16.org\/wp-content\/uploads\/2021\/10\/avion-atterissage-600x338.jpg 600w\" sizes=\"(max-width: 300px) 100vw, 300px\" \/><\/div><\/div>\n<div class=\"row \"><div class=\"wpv-grid grid-1-2  wpv-first-level first unextended\" style=\"padding-top:0px;padding-bottom:0px\" id=\"wpv-column-4498689256926ccb26c770e32f898e03\" ><div class=\"push\" style='height:10px'><\/div>\n<p>&nbsp;<\/p>\n<ul>\n<li>Branche 2 : Abidjan &#8211; Abobo &#8211; C\u00f4te d&rsquo;Ivoire<\/li>\n<\/ul>\n<p>Culte du dimanche \u00e0 9h<\/p>\n<p>Num\u00e9ro de t\u00e9l\u00e9phone : 225 05 85 99 9900<\/p>\n<p>&nbsp;<\/div>\n<div class=\"wpv-grid grid-1-2  wpv-first-level unextended animation-zoom-in animated-active\" style=\"padding-top:0px;padding-bottom:0px\" id=\"wpv-column-f507ee831d1743f9837f0b9869cfee28\" ><p>&nbsp;<\/p>\n<p><img decoding=\"async\" class=\"alignnone wp-image-989616 size-medium\" src=\"https:\/\/jcmm16.org\/wp-content\/uploads\/2021\/10\/Abidjan-300x169.jpg\" alt=\"\" width=\"300\" height=\"169\" srcset=\"https:\/\/jcmm16.org\/wp-content\/uploads\/2021\/10\/Abidjan-300x169.jpg 300w, https:\/\/jcmm16.org\/wp-content\/uploads\/2021\/10\/Abidjan-1024x576.jpg 1024w, https:\/\/jcmm16.org\/wp-content\/uploads\/2021\/10\/Abidjan-1536x864.jpg 1536w, https:\/\/jcmm16.org\/wp-content\/uploads\/2021\/10\/Abidjan-2048x1152.jpg 2048w, https:\/\/jcmm16.org\/wp-content\/uploads\/2021\/10\/Abidjan-1140x641.jpg 1140w, https:\/\/jcmm16.org\/wp-content\/uploads\/2021\/10\/Abidjan-555x312.jpg 555w, https:\/\/jcmm16.org\/wp-content\/uploads\/2021\/10\/Abidjan-360x203.jpg 360w, https:\/\/jcmm16.org\/wp-content\/uploads\/2021\/10\/Abidjan-262x147.jpg 262w, https:\/\/jcmm16.org\/wp-content\/uploads\/2021\/10\/Abidjan-1320x743.jpg 1320w, https:\/\/jcmm16.org\/wp-content\/uploads\/2021\/10\/Abidjan-600x338.jpg 600w\" sizes=\"(max-width: 300px) 100vw, 300px\" \/><\/div><\/div>\n<div class=\"push\" style='height:10px'><\/div>\n<div class=\"row \"><div class=\"wpv-grid grid-1-1  wpv-first-level first unextended\" style=\"padding-top:0px;padding-bottom:0px\" id=\"wpv-column-d31ed978a44e0536dd74f5df913acad2\" ><h2 style=\"text-align: left;\"><a target=\"_self\" style='font-size: 20px;' class=\"button vamtam-button accent1  button-border hover-accent1 \"><span class='icon shortcode theme ' style='color:#3E4043;'>&#57406;<\/span><span class=\"btext\">Rendez nous visite<\/span><\/a><\/h2><\/div><\/div>\n<p>&nbsp;<\/p>\n","protected":false},"excerpt":{"rendered":"<p>Notre vision: Devenir un minist\u00e8re d&rsquo;enseignement mondial avec un message de fin des temps sans compromis, qui atteindra et aura un impact sur les sauv\u00e9s et les non-sauv\u00e9s. Notre foi : Le Minist\u00e8re accepte les \u00c9critures comme la Volont\u00e9 r\u00e9v\u00e9l\u00e9e de Dieu, la r\u00e8gle de foi et de pratique tout-suffisante, et dans le but de&#8230;<\/p>\n","protected":false},"author":1,"featured_media":0,"parent":0,"menu_order":1,"comment_status":"closed","ping_status":"closed","template":"","meta":{"footnotes":""},"class_list":["post-989463","page","type-page","status-publish","hentry"],"_links":{"self":[{"href":"https:\/\/jcmm16.org\/fr\/wp-json\/wp\/v2\/pages\/989463","targetHints":{"allow":["GET"]}}],"collection":[{"href":"https:\/\/jcmm16.org\/fr\/wp-json\/wp\/v2\/pages"}],"about":[{"href":"https:\/\/jcmm16.org\/fr\/wp-json\/wp\/v2\/types\/page"}],"author":[{"embeddable":true,"href":"https:\/\/jcmm16.org\/fr\/wp-json\/wp\/v2\/users\/1"}],"replies":[{"embeddable":true,"href":"https:\/\/jcmm16.org\/fr\/wp-json\/wp\/v2\/comments?post=989463"}],"version-history":[{"count":9,"href":"https:\/\/jcmm16.org\/fr\/wp-json\/wp\/v2\/pages\/989463\/revisions"}],"predecessor-version":[{"id":991939,"href":"https:\/\/jcmm16.org\/fr\/wp-json\/wp\/v2\/pages\/989463\/revisions\/991939"}],"wp:attachment":[{"href":"https:\/\/jcmm16.org\/fr\/wp-json\/wp\/v2\/media?parent=989463"}],"curies":[{"name":"wp","href":"https:\/\/api.w.org\/{rel}","templated":true}]}}