{"id":989470,"date":"2014-06-09T11:19:41","date_gmt":"2014-06-09T11:19:41","guid":{"rendered":"https:\/\/jcmm16.org\/accueil-standard"},"modified":"2025-04-12T21:49:29","modified_gmt":"2025-04-12T21:49:29","slug":"accueil-standard","status":"publish","type":"page","link":"https:\/\/jcmm16.org\/fr","title":{"rendered":"Accueil"},"content":{"rendered":"<div class=\"push\" style='margin-bottom:-60px'><\/div>\n<div class=\"row \"><div class=\"wpv-grid grid-1-1  wpv-first-level first has-background extended\" style=\"\n\t\t\t\tbackground: url('https:\/\/church-event.vamtam.com\/wp-content\/uploads\/2014\/06\/bg_pattrn.jpg') repeat ;\n\t\t\t\tbackground-size: auto;\n\t\t\t\tbackground-attachment: ;\n\t\t\tpadding-top:15px;padding-bottom:20px\" id=\"wpv-column-eba4022282e9e337519c1227b52d50a2\" ><div class=\"extended-column-inner\"><div class=\"row \"><div class=\"wpv-grid grid-1-1  first unextended\" style=\"padding-top:0px;padding-bottom:0px\" id=\"wpv-column-7874c411517e4087fd9d040ccf948438\" ><\/div><\/div>\n<div class=\"push\" style='height:10px'><\/div><\/div><\/div><\/div>\n<div class=\"row \"><div class=\"wpv-grid grid-1-4  wpv-first-level first unextended\" style=\"padding-top:0px;padding-bottom:0px\" id=\"wpv-column-ba248d64e2c100426ed160856cb4707d\" ><div class=\"services clearfix fullimage has-image has-icon has-button \" style=\"text-align:center;\">\n\t<div class=\"services-inside\">\n\t\t\t\t\t\t\t\t\t<div class=\"thumbnail\">\n\t\t\t\t\t\t\t\t\t\t\t<a href=\"https:\/\/jcmm16.org\/preachings\" target=\"_blank\" title=\"Ap\u00f4tre Billey K.\" class=\"has-border\">\n\t\t\t\t\t\t\t\t\t\t\t\t\t\t\t\t\t\t<img decoding=\"async\" width=\"215\" height=\"215\" src=\"https:\/\/jcmm16.org\/wp-content\/uploads\/2021\/06\/PASTEUR-PHOTO-BIS.jpg\" class=\"attachment-full size-full\" alt=\"\" srcset=\"https:\/\/jcmm16.org\/wp-content\/uploads\/2021\/06\/PASTEUR-PHOTO-BIS.jpg 215w, https:\/\/jcmm16.org\/wp-content\/uploads\/2021\/06\/PASTEUR-PHOTO-BIS-150x150.jpg 150w, https:\/\/jcmm16.org\/wp-content\/uploads\/2021\/06\/PASTEUR-PHOTO-BIS-60x60.jpg 60w, https:\/\/jcmm16.org\/wp-content\/uploads\/2021\/06\/PASTEUR-PHOTO-BIS-43x43.jpg 43w, https:\/\/jcmm16.org\/wp-content\/uploads\/2021\/06\/PASTEUR-PHOTO-BIS-106x106.jpg 106w, https:\/\/jcmm16.org\/wp-content\/uploads\/2021\/06\/PASTEUR-PHOTO-BIS-100x100.jpg 100w\" sizes=\"(max-width: 215px) 100vw, 215px\" \/>\t\t\t\t\t\t\t\t\t\t\t\t\t\t\t\t\t<\/a>\n\t\t\t\t\t\t\t\t\t<\/div>\n\t\t\t\t\t\t\t\t\t\t<h4 class=\"services-title\">\n\t\t\t\t\t\t\t\t\t<a href=\"https:\/\/jcmm16.org\/preachings\" target=\"_blank\" title=\"Ap\u00f4tre Billey K.\">Ap\u00f4tre Billey K.<\/a>\n\t\t\t\t\t\t\t<\/h4>\n\t\t\t\t\t\t\t<div class=\"services-content\">\n<\/div>\n\t\t\t\t\t<\/div>\n<\/div>\n<\/div>\n<div class=\"wpv-grid grid-1-2  wpv-first-level unextended\" style=\"padding-top:0px;padding-bottom:0px\" id=\"wpv-column-12adff08f564156c56a33a30d2e2f913\" ><p><img decoding=\"async\" class=\"aligncenter size-full wp-image-7348\" src=\"https:\/\/church-event.vamtam.com\/wp-content\/uploads\/2014\/04\/element10.png\" alt=\"\u00e9l\u00e9ment10\" width=\"40\" height=\"52\" \/><\/p>\n<h3 style=\"text-align: center;\"><strong>\u00ab\u00a0Sans la parole de Dieu dans le c\u0153ur, il n&rsquo;y a pas de lien avec le Seigneur.\u00a0\u00bb<\/strong><\/h3>\n<h4 style=\"text-align: center;\"><em>N&rsquo;\u00e9coutez pas la parole de Dieu comme un reportage, comme une \u00e9mission de t\u00e9l\u00e9vision. Ce n&rsquo;est pas de l&rsquo;information, c&rsquo;est la lumi\u00e8re, la connexion puissante avec Dieu. Elle est esprit et vie !<\/em><\/h4>\n<p style=\"text-align: center;\"><a href=\"https:\/\/jcmm16.org\/fr\/predications\" target=\"_blank\" rel=\"noopener\">\u2014 Ap\u00f4tre Billey K.<\/a><\/div>\n<div class=\"wpv-grid grid-1-4  wpv-first-level unextended\" style=\"padding-top:0px;padding-bottom:0px\" id=\"wpv-column-1decd8b074ee4f2b1fbda4822949e5ba\" ><div class=\"services clearfix fullimage has-image has-icon has-button \" style=\"text-align:center;\">\n\t<div class=\"services-inside\">\n\t\t\t\t\t\t\t\t\t<div class=\"thumbnail\">\n\t\t\t\t\t\t\t\t\t\t\t<a href=\"https:\/\/jcmm16.org\/frequently-asked-questions\" target=\"_blank\" title=\"Vous cherchez des r\u00e9ponses ?\" class=\"has-border\">\n\t\t\t\t\t\t\t\t\t\t\t\t\t\t\t\t\t\t<img decoding=\"async\" width=\"215\" height=\"215\" src=\"https:\/\/jcmm16.org\/wp-content\/uploads\/2021\/06\/about_small_3.jpg\" class=\"attachment-full size-full\" alt=\"\" srcset=\"https:\/\/jcmm16.org\/wp-content\/uploads\/2021\/06\/about_small_3.jpg 215w, https:\/\/jcmm16.org\/wp-content\/uploads\/2021\/06\/about_small_3-150x150.jpg 150w, https:\/\/jcmm16.org\/wp-content\/uploads\/2021\/06\/about_small_3-60x60.jpg 60w, https:\/\/jcmm16.org\/wp-content\/uploads\/2021\/06\/about_small_3-43x43.jpg 43w, https:\/\/jcmm16.org\/wp-content\/uploads\/2021\/06\/about_small_3-106x106.jpg 106w, https:\/\/jcmm16.org\/wp-content\/uploads\/2021\/06\/about_small_3-100x100.jpg 100w\" sizes=\"(max-width: 215px) 100vw, 215px\" \/>\t\t\t\t\t\t\t\t\t\t\t\t\t\t\t\t\t<\/a>\n\t\t\t\t\t\t\t\t\t<\/div>\n\t\t\t\t\t\t\t\t\t\t<h4 class=\"services-title\">\n\t\t\t\t\t\t\t\t\t<a href=\"https:\/\/jcmm16.org\/frequently-asked-questions\" target=\"_blank\" title=\"Vous cherchez des r\u00e9ponses ?\">Vous cherchez des r\u00e9ponses ?<\/a>\n\t\t\t\t\t\t\t<\/h4>\n\t\t\t\t\t\t\t<div class=\"services-content\">\n<\/div>\n\t\t\t\t\t<\/div>\n<\/div>\n<\/div><\/div>\n<div class=\"push\" style='height:20px'><\/div>\n<div class=\"row \"><div class=\"wpv-grid grid-1-1  wpv-first-level first unextended\" style=\"padding-top:0px;padding-bottom:0px\" id=\"wpv-column-4feb5c917bb7d13f8e98919cc5e2dfeb\" >\t\t<div class=\"sep-text single centered\">\n\t\t\t\t\t\t\t<span class=\"sep-text-before\"><div class=\"sep-text-line\"><\/div><\/span>\n\t\t\t\t\t\t<div class=\"content\">\n\t\t\t\t<h2 class=\"text-divider-double\">Pr\u00e9dications<\/h2>\t\t\t<\/div>\n\t\t\t<span class=\"sep-text-after\"><div class=\"sep-text-line\"><\/div><\/span>\n\t\t\t\t\t<\/div>\n\t<p>\t<div class=\"wpv-sermons-loop\">\n\t\t\t\t\t<div class=\"wpv-sermon-wrapper\">\n\t\t\t<div class=\"left-part\">\n\t\t\t<img decoding=\"async\" width=\"106\" height=\"106\" src=\"https:\/\/jcmm16.org\/wp-content\/uploads\/2026\/04\/Passover-Redemprion-106x106.jpg\" class=\"attachment-wpv-sermons-thumbnail size-wpv-sermons-thumbnail wp-post-image\" alt=\"\" srcset=\"https:\/\/jcmm16.org\/wp-content\/uploads\/2026\/04\/Passover-Redemprion-106x106.jpg 106w, https:\/\/jcmm16.org\/wp-content\/uploads\/2026\/04\/Passover-Redemprion-150x150.jpg 150w, https:\/\/jcmm16.org\/wp-content\/uploads\/2026\/04\/Passover-Redemprion-60x60.jpg 60w, https:\/\/jcmm16.org\/wp-content\/uploads\/2026\/04\/Passover-Redemprion-43x43.jpg 43w\" sizes=\"(max-width: 106px) 100vw, 106px\" \/>\t\t<\/div>\n\t\t<div class=\"center-part\">\n\t\t<h2 class=\"title\"><a href=\"https:\/\/jcmm16.org\/fr\/sermon\/celui-qui-est-mort-peut-revivre-par-jesus-christ\" title=\"Celui qui est mort peut revivre par J\u00e9sus Christ.\">Celui qui est mort peut revivre par J\u00e9sus Christ.<\/a><\/h2>\n\t\t<div>\n\t\t\t<span class=\"latest-message\">Message from<\/span> <span class=\"author\"><a href=\"https:\/\/jcmm16.org\/fr\/author\/churchadmin?post_type=wpv_sermon\" title=\"Posts by churchadmin\" rel=\"author\">churchadmin<\/a><\/span>.\n\t\t\t5 avril 2026.\n\t\t\t\t\t\tCategory: <a href=\"https:\/\/jcmm16.org\/fr?wpv_sermons_category=identity-in-the-kingdom-of-god-fr\">Identity in the Kingdom of God<\/a>, \n\t<a href=\"https:\/\/jcmm16.org\/fr?wpv_sermons_category=last-sermon-fr\">Last sermon<\/a> \t\t<\/div>\n\t<\/div>\n\t<div class=\"right-part\" data-items=\"0\">\n\t\t<div class=\"hidden\">\n\t<\/div>\t<\/div>\n<\/div>\t\t\t<\/div>\n\t\t<\/div><\/div>\n<div class=\"row \"><div class=\"wpv-grid grid-1-2  wpv-first-level first unextended\" style=\"padding-top:0px;padding-bottom:0px\" id=\"wpv-column-14dd09ac45a42b9b10382eb824a4974e\" >\t\t<div class=\"sep-text single centered\">\n\t\t\t\t\t\t\t<span class=\"sep-text-before\"><div class=\"sep-text-line\"><\/div><\/span>\n\t\t\t\t\t\t<div class=\"content\">\n\t\t\t\t<h2 class=\"text-divider-double\">.<\/h2>\t\t\t<\/div>\n\t\t\t<span class=\"sep-text-after\"><div class=\"sep-text-line\"><\/div><\/span>\n\t\t\t\t\t<\/div>\n\t<h4><strong>La foi est li\u00e9e \u00e0 la gr\u00e2ce<\/strong><\/h4>\n<h4><strong>Tout ce que le Seigneur dit est en notre faveur. La foi ne peut exister sans la gr\u00e2ce. Et la parole que Dieu prononce est une parole de gr\u00e2ce.<\/strong><\/h4>\n<h4>Lorsque cette parole de gr\u00e2ce arrive, vous pouvez vous poser des questions, car elle est souvent li\u00e9e au risque. Comme Marie dans Luc 1:34<\/h4>\n<blockquote>\n<h4>\u00a0\u00bb Marie dit \u00e0 l&rsquo;ange : \u00a0\u00bb Comment cela se fera-t-il puisque je ne connais pas d&rsquo;homme ?<\/h4>\n<\/blockquote>\n<h4><strong>C&rsquo;est alors que vous devez accepter cette parole, bien qu&rsquo;elle d\u00e9passe l&rsquo;entendement de l&rsquo;Homme : ce sera le d\u00e9but de votre t\u00e9moignage.<\/strong><\/h4>\n<p><strong><a href=\"\/testimonies\/\" target=\"_blank\" style='font-size: 14px;' class=\"button vamtam-button accent1  button-filled hover-accent2 \"><span class=\"btext\">Lire la suite<\/span><\/a> <\/strong><\/p>\n<div class=\"push\" style='height:20px'><\/div><\/div>\n<div class=\"wpv-grid grid-1-4  wpv-first-level unextended\" style=\"padding-top:0px;padding-bottom:0px\" id=\"wpv-column-85949972b8e879b4ac2c3c1d93a33baf\" >\t\t<div class=\"sep-text single centered\">\n\t\t\t\t\t\t\t<span class=\"sep-text-before\"><div class=\"sep-text-line\"><\/div><\/span>\n\t\t\t\t\t\t<div class=\"content\">\n\t\t\t\t<h2 class=\"text-divider-double\">T\u00e9moignages<\/h2>\t\t\t<\/div>\n\t\t\t<span class=\"sep-text-after\"><div class=\"sep-text-line\"><\/div><\/span>\n\t\t\t\t\t<\/div>\n\t<div class=\"loop-wrapper clearfix news row masonry not-paginated vamtam-cubeportfolio cbp\" data-columns=\"1\"  data-options=\"{&quot;layoutMode&quot;:&quot;mosaic&quot;,&quot;sortToPreventGaps&quot;:true,&quot;defaultFilter&quot;:&quot;*&quot;,&quot;animationType&quot;:&quot;quicksand&quot;,&quot;gapHorizontal&quot;:30,&quot;gapVertical&quot;:30,&quot;gridAdjustment&quot;:&quot;responsive&quot;,&quot;mediaQueries&quot;:[{&quot;width&quot;:262.5,&quot;cols&quot;:1}],&quot;displayType&quot;:&quot;bottomToTop&quot;,&quot;displayTypeSpeed&quot;:100}\">\n\t\t<div class=\"page-content post-header clearfix clearboth list-item wpv-no-full-width cbp-item post-997996 post type-post status-publish format-standard has-post-thumbnail hentry category-non-classifiee category-temoignage\" >\n\t\t\t<div>\n\t\t\t\t<div class=\"post-article has-image-wrapper \">\n\t<div class=\"standard-post-format clearfix as-image \">\n\t\t\t<div class=\"thumbnail\">\n\t\t\t\t\t\t\t<a href=\"https:\/\/jcmm16.org\/fr\/se-tenir-sur-la-verite-guerit\" title=\"Se Tenir sur La V\u00e9rit\u00e9, Gu\u00e9rit.\">\n\t\t\t\t\t\t<img decoding=\"async\" width=\"370\" height=\"512\" src=\"https:\/\/jcmm16.org\/wp-content\/uploads\/2026\/01\/Capture-decran-2026-01-29-212440-e1769718314656.png\" class=\"attachment-portfolio-masonry-1 size-portfolio-masonry-1 wp-post-image\" alt=\"\" \/>\t\t\t\t\t<\/a>\n\t\t\t<\/div>\n\n\t<div class=\"post-content-wrapper\">\n\t\t\t<div class=\"post-actions-wrapper\">\n\t\t\t\t\n<div class=\"post-date\">\n\t\t\t<span class=\"top-part\">\n\t\t\t29\t\t<\/span>\n\t\t<span class=\"bottom-part\">\n\t\t\t01 '26\t\t<\/span>\n\t<\/div>\t\t\t\t\n<div class=\"post-actions\">\n\t\t\t\n\t\t\t\t\t<div class=\"love-count-outer\">\n\t\t\t\t<div class=\"love-it-wrapper\"><a href=\"#\" class=\"love-it\" data-post-id=\"997996\" data-user-id=\"0\"><span class=\"visuallyhidden\">Love it<\/span><\/a> <span class=\"love-count\">0<\/span><\/div>\t\t\t<\/div>\n\t\t\n\t\t\t<\/div>\t\t\t<\/div>\n\t\t\t<div class=\"post-right\">\n\t\t\t\t<div class=\"post-content-outer\">\n\t\t\t\t\t\t\t<header class=\"single\">\n\t\t\t<div class=\"content\">\n\t\t\t\t<h4>\n\t\t\t\t\t<a href=\"https:\/\/jcmm16.org\/fr\/se-tenir-sur-la-verite-guerit\" title=\"Se Tenir sur La V\u00e9rit\u00e9, Gu\u00e9rit.\" class=\"entry-title\">Se Tenir sur La V\u00e9rit\u00e9, Gu\u00e9rit.<\/a>\n\t\t\t\t<\/h4>\n\t\t\t<\/div>\n\t\t<\/header>\n\t<p>T\u00e9moignage: Jean 5 8 L\u00e8ve-toi, lui dit J\u00e9sus, prends ton lit, et marche. &nbsp; Le&#8230;<\/p>\n\t\t\t\t<\/div>\n\t\t\t<\/div>\n\t<\/div>\n\t<\/div>\n<\/div>\n\t\t\t<\/div>\n\t\t<\/div>\n<\/div>\n\n<\/div><\/div>\n<div class=\"push\" style='height:40px'><\/div>\n<div class=\"row \"><div class=\"wpv-grid grid-1-4  wpv-first-level first unextended\" style=\"padding-top:0px;padding-bottom:0px\" id=\"wpv-column-17ba7bf72850971125b39c0fa137ef58\" >\t\t<div class=\"sep-text single centered\">\n\t\t\t\t\t\t\t<span class=\"sep-text-before\"><div class=\"sep-text-line\"><\/div><\/span>\n\t\t\t\t\t\t<div class=\"content\">\n\t\t\t\t<h2 class=\"text-divider-double\">Soyons pr\u00eats<\/h2>\t\t\t<\/div>\n\t\t\t<span class=\"sep-text-after\"><div class=\"sep-text-line\"><\/div><\/span>\n\t\t\t\t\t<\/div>\n\t<div class=\"loop-wrapper clearfix news row masonry not-paginated vamtam-cubeportfolio cbp\" data-columns=\"1\"  data-options=\"{&quot;layoutMode&quot;:&quot;mosaic&quot;,&quot;sortToPreventGaps&quot;:true,&quot;defaultFilter&quot;:&quot;*&quot;,&quot;animationType&quot;:&quot;quicksand&quot;,&quot;gapHorizontal&quot;:30,&quot;gapVertical&quot;:30,&quot;gridAdjustment&quot;:&quot;responsive&quot;,&quot;mediaQueries&quot;:[{&quot;width&quot;:262.5,&quot;cols&quot;:1}],&quot;displayType&quot;:&quot;bottomToTop&quot;,&quot;displayTypeSpeed&quot;:100}\">\n\t\t<div class=\"page-content post-header clearfix clearboth list-item wpv-no-full-width cbp-item post-998094 post type-post status-publish format-standard has-post-thumbnail hentry category-pret-pour-jesus\" >\n\t\t\t<div>\n\t\t\t\t<div class=\"post-article has-image-wrapper \">\n\t<div class=\"standard-post-format clearfix as-image \">\n\t\t\t<div class=\"thumbnail\">\n\t\t\t\t\t\t\t<a href=\"https:\/\/jcmm16.org\/fr\/le-decouragement-cest-la-perte-de-la-vision\" title=\"Le d\u00e9couragement, c&rsquo;est la perte de la vision.\">\n\t\t\t\t\t\t<img decoding=\"async\" width=\"340\" height=\"306\" src=\"https:\/\/jcmm16.org\/wp-content\/uploads\/2026\/02\/Capture-decran-2026-02-16-231724-e1771280285272.png\" class=\"attachment-portfolio-masonry-1 size-portfolio-masonry-1 wp-post-image\" alt=\"\" \/>\t\t\t\t\t<\/a>\n\t\t\t<\/div>\n\n\t<div class=\"post-content-wrapper\">\n\t\t\t<div class=\"post-actions-wrapper\">\n\t\t\t\t\n<div class=\"post-date\">\n\t\t\t<span class=\"top-part\">\n\t\t\t16\t\t<\/span>\n\t\t<span class=\"bottom-part\">\n\t\t\t02 '26\t\t<\/span>\n\t<\/div>\t\t\t\t\n<div class=\"post-actions\">\n\t\t\t\n\t\t\t\t\t<div class=\"love-count-outer\">\n\t\t\t\t<div class=\"love-it-wrapper\"><a href=\"#\" class=\"love-it\" data-post-id=\"998094\" data-user-id=\"0\"><span class=\"visuallyhidden\">Love it<\/span><\/a> <span class=\"love-count\">0<\/span><\/div>\t\t\t<\/div>\n\t\t\n\t\t\t<\/div>\t\t\t<\/div>\n\t\t\t<div class=\"post-right\">\n\t\t\t\t<div class=\"post-content-outer\">\n\t\t\t\t\t\t\t<header class=\"single\">\n\t\t\t<div class=\"content\">\n\t\t\t\t<h4>\n\t\t\t\t\t<a href=\"https:\/\/jcmm16.org\/fr\/le-decouragement-cest-la-perte-de-la-vision\" title=\"Le d\u00e9couragement, c&rsquo;est la perte de la vision.\" class=\"entry-title\">Le d\u00e9couragement, c&rsquo;est la perte de la vision.<\/a>\n\t\t\t\t<\/h4>\n\t\t\t<\/div>\n\t\t<\/header>\n\t<p>Jean 8. 32 vous conna\u00eetrez la v\u00e9rit\u00e9, et la v\u00e9rit\u00e9 vous affranchira. La vie spirituelle&#8230;<\/p>\n\t\t\t\t<\/div>\n\t\t\t<\/div>\n\t<\/div>\n\t<\/div>\n<\/div>\n\t\t\t<\/div>\n\t\t<\/div>\n<\/div>\n\n<\/div>\n<div class=\"wpv-grid grid-1-2  wpv-first-level unextended\" style=\"padding-top:0px;padding-bottom:0px\" id=\"wpv-column-3bccc1e7063df1416d011e96f16cb8ca\" >\t\t<div class=\"sep-text single centered\">\n\t\t\t\t\t\t\t<span class=\"sep-text-before\"><div class=\"sep-text-line\"><\/div><\/span>\n\t\t\t\t\t\t<div class=\"content\">\n\t\t\t\t<h2 class=\"text-divider-double\">pour Jesus<\/h2>\t\t\t<\/div>\n\t\t\t<span class=\"sep-text-after\"><div class=\"sep-text-line\"><\/div><\/span>\n\t\t\t\t\t<\/div>\n\t<h4>Pour aller aux noces de l&rsquo;Agneau, nous nous pr\u00e9parons sur terre \u00e0 notre h\u00e9ritage au ciel.<br \/>\nEn tant qu&rsquo;\u00e9glise, nous devons toujours \u00eatre pr\u00eats, et garder nos v\u00eatements propres.<\/h4>\n<h4>Bien-aim\u00e9s, nous ne devons pas manquer le ciel.<\/h4>\n<blockquote>\n<h4>Heureux ceux qui mettent en pratique ses commandements, afin d&rsquo;avoir droit \u00e0 l&rsquo;arbre de vie et d&rsquo;entrer par les portes dans la ville.<\/h4>\n<\/blockquote>\n<h4>Apocalypse 22.14<\/h4>\n<p><strong><a href=\"\/ready for jesus\/\" target=\"_blank\" style='font-size: 14px;' class=\"button vamtam-button accent1  button-filled hover-accent2 \"><span class=\"btext\">Suite<\/span><\/a><\/strong><\/p>\n<div class=\"sep\"><\/div>\n<h4><strong>\u00abQue chacun donne comme il l&rsquo;a r\u00e9solu en son c\u0153ur, sans tristesse ni contrainte; car Dieu aime celui qui donne avec joie. \u201d<\/strong><\/h4>\n<h4><strong>&#8211; 2 Corinthiens 9 : 7 <\/strong><\/h4>\n<p><span style=\"vertical-align: inherit;\"><div class=\"push\" style='height:20px'><\/div><a href=\"https:\/\/jcmm16.org\/fr\/des-dons\" target=\"_blank\" rel=\"noopener\"><img decoding=\"async\" class=\"alignnone\" src=\"https:\/\/www.paypalobjects.com\/en_US\/i\/btn\/btn_donate_LG.gif\" alt=\"\" width=\"92\" height=\"26\" \/><\/a><\/span><\/div>\n<div class=\"sep\"><\/div>\n<div class=\"push\" style='height:10px'><\/div>\n<div class=\"wpv-grid grid-1-1  wpv-first-level unextended\" style=\"padding-top:0px;padding-bottom:0px\" id=\"wpv-column-4015255093ffd683080e3c7bde19cfbe\" ><div class=\"row \"><div class=\"wpv-grid grid-1-1  parallax-bg first has-background extended\" style=\"\n\t\t\t\tbackground: url('https:\/\/church-event.vamtam.com\/wp-content\/uploads\/2014\/06\/bg_photo-new.jpg') no-repeat center top;\n\t\t\t\tbackground-size: cover;\n\t\t\t\tbackground-attachment: fixed;\n\t\t\tbackground-color:#363c41;padding-top:40px;padding-bottom:40px\" id=\"wpv-column-1b31728f2d2cf51d4d303bf7b6138e86\"  data-parallax-method=\"to-centre\" data-parallax-inertia=\"0.1\"><div class=\"extended-column-inner\"><style>#wpv-column-1b31728f2d2cf51d4d303bf7b6138e86 p,#wpv-column-1b31728f2d2cf51d4d303bf7b6138e86 em,#wpv-column-1b31728f2d2cf51d4d303bf7b6138e86 .column-title,#wpv-column-1b31728f2d2cf51d4d303bf7b6138e86 .sep-text h2.regular-title-wrapper,#wpv-column-1b31728f2d2cf51d4d303bf7b6138e86 .text-divider-double,#wpv-column-1b31728f2d2cf51d4d303bf7b6138e86 .sep-text .sep-text-line,#wpv-column-1b31728f2d2cf51d4d303bf7b6138e86 .sep,#wpv-column-1b31728f2d2cf51d4d303bf7b6138e86 .sep-2,#wpv-column-1b31728f2d2cf51d4d303bf7b6138e86 .sep-3{color:#b5bcc1;}#wpv-column-1b31728f2d2cf51d4d303bf7b6138e86:before{background-color:transparent;}<\/style><div class=\"row \"><div class=\"wpv-grid grid-1-1  first unextended\" style=\"padding-top:0px;padding-bottom:0px\" id=\"wpv-column-c19f54e4d71e64b7af93f1875f46bec2\" ><\/div><\/div><\/div><\/div><\/div>\n<div class=\"row \"><div class=\"wpv-grid grid-1-2  first unextended\" style=\"padding-top:0px;padding-bottom:0px\" id=\"wpv-column-0142963718fece7046bb5906ca5a1203\" >\t\t<div class=\"sep-text single centered\">\n\t\t\t\t\t\t\t<span class=\"sep-text-before\"><div class=\"sep-text-line\"><\/div><\/span>\n\t\t\t\t\t\t<div class=\"content\">\n\t\t\t\t<h2 class=\"text-divider-double\">.<\/h2>\t\t\t<\/div>\n\t\t\t<span class=\"sep-text-after\"><div class=\"sep-text-line\"><\/div><\/span>\n\t\t\t\t\t<\/div>\n\t<h3>Ne manquez pas la rencontre du <strong>pain de vie<\/strong> <strong>.<\/strong><\/h3>\n<h4><\/h4>\n<h4>En effet,<\/h4>\n<blockquote>\n<h4>Heureux l&rsquo;homme<br \/>\nQui ne marche pas selon le conseil des m\u00e9chants,<br \/>\nQui ne s&rsquo;arr\u00eate pas sur la voie des p\u00e9cheurs,<br \/>\nEt qui ne s&rsquo;assied pas en compagnie des moqueurs,<\/h4>\n<h4>Mais qui trouve son plaisir dans la loi de l&rsquo;\u00c9ternel,<br \/>\nEt qui la m\u00e9dite jour et nuit!<\/h4>\n<h4><strong style=\"font-family: Consolas, Monaco, monospace;\">Psaume 1, 1-2<\/strong><\/h4>\n<\/blockquote>\n<p><strong><a href=\"\/wednesday appointments\/\" target=\"_blank\" style='font-size: 14px;' class=\"button vamtam-button accent1  button-filled hover-accent2 \"><span class=\"btext\">Restez connect\u00e9s!<\/span><\/a><\/strong><\/div>\n<div class=\"wpv-grid grid-1-2  unextended\" style=\"padding-top:0px;padding-bottom:0px\" id=\"wpv-column-bd40603c5e7c1b2016a103c443466a4a\" >\t\t<div class=\"sep-text single centered\">\n\t\t\t\t\t\t\t<span class=\"sep-text-before\"><div class=\"sep-text-line\"><\/div><\/span>\n\t\t\t\t\t\t<div class=\"content\">\n\t\t\t\t<h2 class=\"text-divider-double\">Rendez-vous du mercredi<\/h2>\t\t\t<\/div>\n\t\t\t<span class=\"sep-text-after\"><div class=\"sep-text-line\"><\/div><\/span>\n\t\t\t\t\t<\/div>\n\t<div class=\"loop-wrapper clearfix news row masonry not-paginated vamtam-cubeportfolio cbp\" data-columns=\"1\"  data-options=\"{&quot;layoutMode&quot;:&quot;mosaic&quot;,&quot;sortToPreventGaps&quot;:true,&quot;defaultFilter&quot;:&quot;*&quot;,&quot;animationType&quot;:&quot;quicksand&quot;,&quot;gapHorizontal&quot;:30,&quot;gapVertical&quot;:30,&quot;gridAdjustment&quot;:&quot;responsive&quot;,&quot;mediaQueries&quot;:[{&quot;width&quot;:262.5,&quot;cols&quot;:1}],&quot;displayType&quot;:&quot;bottomToTop&quot;,&quot;displayTypeSpeed&quot;:100}\">\n\t\t<div class=\"page-content post-header clearfix clearboth list-item wpv-no-full-width cbp-item post-998309 post type-post status-publish format-standard has-post-thumbnail hentry category-rendez-vous-du-mercredi\" >\n\t\t\t<div>\n\t\t\t\t<div class=\"post-article has-image-wrapper \">\n\t<div class=\"standard-post-format clearfix as-image \">\n\t\t\t<div class=\"thumbnail\">\n\t\t\t\t\t\t\t<a href=\"https:\/\/jcmm16.org\/fr\/discerner-la-voix-et-les-voies-du-serpent\" title=\"Discerner la voix et les voies du serpent.\">\n\t\t\t\t\t\t<img decoding=\"async\" width=\"200\" height=\"286\" src=\"https:\/\/jcmm16.org\/wp-content\/uploads\/2026\/03\/Capture-decran-2026-03-26-003202-e1774481772703.png\" class=\"attachment-portfolio-masonry-1 size-portfolio-masonry-1 wp-post-image\" alt=\"\" \/>\t\t\t\t\t<\/a>\n\t\t\t<\/div>\n\n\t<div class=\"post-content-wrapper\">\n\t\t\t<div class=\"post-actions-wrapper\">\n\t\t\t\t\n<div class=\"post-date\">\n\t\t\t<span class=\"top-part\">\n\t\t\t25\t\t<\/span>\n\t\t<span class=\"bottom-part\">\n\t\t\t03 '26\t\t<\/span>\n\t<\/div>\t\t\t\t\n<div class=\"post-actions\">\n\t\t\t\n\t\t\t\t\t<div class=\"love-count-outer\">\n\t\t\t\t<div class=\"love-it-wrapper\"><a href=\"#\" class=\"love-it\" data-post-id=\"998309\" data-user-id=\"0\"><span class=\"visuallyhidden\">Love it<\/span><\/a> <span class=\"love-count\">0<\/span><\/div>\t\t\t<\/div>\n\t\t\n\t\t\t<\/div>\t\t\t<\/div>\n\t\t\t<div class=\"post-right\">\n\t\t\t\t<div class=\"post-content-outer\">\n\t\t\t\t\t\t\t<header class=\"single\">\n\t\t\t<div class=\"content\">\n\t\t\t\t<h4>\n\t\t\t\t\t<a href=\"https:\/\/jcmm16.org\/fr\/discerner-la-voix-et-les-voies-du-serpent\" title=\"Discerner la voix et les voies du serpent.\" class=\"entry-title\">Discerner la voix et les voies du serpent.<\/a>\n\t\t\t\t<\/h4>\n\t\t\t<\/div>\n\t\t<\/header>\n\t<p>Allons \u00e0 La Rencontre du Pain de Vie Nous pouvons constater les maladies, les pand\u00e9mies,&#8230;<\/p>\n\t\t\t\t<\/div>\n\t\t\t<\/div>\n\t<\/div>\n\t<\/div>\n<\/div>\n\t\t\t<\/div>\n\t\t<\/div>\n<\/div>\n\n<\/div><\/div><\/div><\/div>\n","protected":false},"excerpt":{"rendered":"<p>Allons \u00e0 La Rencontre du Pain de Vie Nous pouvons constater les maladies, les pand\u00e9mies, les tristesses, le mal, la mis\u00e8re dans les h\u00f4pitaux, les accidents (en fait 99% de ces accidents sont cr\u00e9\u00e9s par les d\u00e9mons), des animaux qui mordent l\u2019homme, des \u00e9l\u00e9phants qui attaquent l\u2019homme (les animaux sont suppos\u00e9s se soumettre \u00e0 l\u2019homme)&#8230;<\/p>\n","protected":false},"author":1,"featured_media":0,"parent":0,"menu_order":0,"comment_status":"closed","ping_status":"closed","template":"","meta":{"footnotes":""},"class_list":["post-989470","page","type-page","status-publish","hentry"],"_links":{"self":[{"href":"https:\/\/jcmm16.org\/fr\/wp-json\/wp\/v2\/pages\/989470","targetHints":{"allow":["GET"]}}],"collection":[{"href":"https:\/\/jcmm16.org\/fr\/wp-json\/wp\/v2\/pages"}],"about":[{"href":"https:\/\/jcmm16.org\/fr\/wp-json\/wp\/v2\/types\/page"}],"author":[{"embeddable":true,"href":"https:\/\/jcmm16.org\/fr\/wp-json\/wp\/v2\/users\/1"}],"replies":[{"embeddable":true,"href":"https:\/\/jcmm16.org\/fr\/wp-json\/wp\/v2\/comments?post=989470"}],"version-history":[{"count":80,"href":"https:\/\/jcmm16.org\/fr\/wp-json\/wp\/v2\/pages\/989470\/revisions"}],"predecessor-version":[{"id":996583,"href":"https:\/\/jcmm16.org\/fr\/wp-json\/wp\/v2\/pages\/989470\/revisions\/996583"}],"wp:attachment":[{"href":"https:\/\/jcmm16.org\/fr\/wp-json\/wp\/v2\/media?parent=989470"}],"curies":[{"name":"wp","href":"https:\/\/api.w.org\/{rel}","templated":true}]}}