{"id":989491,"date":"2021-10-13T20:48:06","date_gmt":"2021-10-13T20:48:06","guid":{"rendered":"https:\/\/jcmm16.org\/offrandes"},"modified":"2022-04-19T19:58:50","modified_gmt":"2022-04-19T19:58:50","slug":"offrandes","status":"publish","type":"page","link":"https:\/\/jcmm16.org\/fr\/offrandes","title":{"rendered":"Offrandes"},"content":{"rendered":"\t\t<div class=\"sep-text single centered\">\n\t\t\t\t\t\t\t<span class=\"sep-text-before\"><div class=\"sep-text-line\"><\/div><\/span>\n\t\t\t\t\t\t<div class=\"content\">\n\t\t\t\t<h2 class=\"text-divider-double\">\nDon unique<\/h2>\t\t\t<\/div>\n\t\t\t<span class=\"sep-text-after\"><div class=\"sep-text-line\"><\/div><\/span>\n\t\t\t\t\t<\/div>\n\t\n<div class=\"row \"><div class=\"wpv-grid grid-1-1  wpv-first-level first has-background unextended\" style=\"background-color:#fffbe0;padding-top:30px;padding-bottom:10px\" id=\"wpv-column-94011d586b63ae03ef6b95c14185e43d\" ><style>#wpv-column-94011d586b63ae03ef6b95c14185e43d p,#wpv-column-94011d586b63ae03ef6b95c14185e43d em,#wpv-column-94011d586b63ae03ef6b95c14185e43d .column-title,#wpv-column-94011d586b63ae03ef6b95c14185e43d .sep-text h2.regular-title-wrapper,#wpv-column-94011d586b63ae03ef6b95c14185e43d .text-divider-double,#wpv-column-94011d586b63ae03ef6b95c14185e43d .sep-text .sep-text-line,#wpv-column-94011d586b63ae03ef6b95c14185e43d .sep,#wpv-column-94011d586b63ae03ef6b95c14185e43d .sep-2,#wpv-column-94011d586b63ae03ef6b95c14185e43d .sep-3{color:#e0c300;}#wpv-column-94011d586b63ae03ef6b95c14185e43d:before{background-color:transparent;}<\/style><div class=\"row \"><div class=\"wpv-grid grid-4-5  first unextended\" style=\"padding-top:0px;padding-bottom:0px\" id=\"wpv-column-a08d643d93565bbb5eec06127089faaf\" ><h3 style=\"text-align: center;\">\u00ab Que chacun donne donc selon ses desseins dans son c\u0153ur, non \u00e0 contrec\u0153ur ou par n\u00e9cessit\u00e9 ; car Dieu aime celui qui donne joyeusement. \u00ab\u00a0<\/h3>\n<h5 style=\"text-align: center;\">\u2014 2 Corinthiens 9: 7<\/h5><\/div>\n<div class=\"wpv-grid grid-1-6  unextended\" style=\"padding-top:0px;padding-bottom:0px\" id=\"wpv-column-a38d8972eb31cb19f6e40fc4225b02aa\" ><div class=\"push\" style='height:1px'><\/div><a href=\"https:\/\/jcmm16.org\/fr\/des-dons\"><img decoding=\"async\" src=\"https:\/\/www.paypalobjects.com\/en_US\/i\/btn\/btn_donate_LG.gif\" alt=\"\" \/> <\/a><\/div><\/div><\/div><\/div>\n<div class=\"sep\"><\/div>\n<div class=\"row \"><div class=\"wpv-grid grid-2-3  wpv-first-level first unextended\" style=\"padding-top:0px;padding-bottom:0px\" id=\"wpv-column-4cdfced3999523b542d8db96da4226e5\" ><div style=\"padding-left: 30px;\"><\/div><\/div>\n<div class=\"push\" style='height:50px'><\/div>\n\t\t<div class=\"sep-text single centered\">\n\t\t\t\t\t\t\t<span class=\"sep-text-before\"><div class=\"sep-text-line\"><\/div><\/span>\n\t\t\t\t\t\t<div class=\"content\">\n\t\t\t\t<h2 class=\"text-divider-double\">\nFaire un don mensuel<\/h2>\t\t\t<\/div>\n\t\t\t<span class=\"sep-text-after\"><div class=\"sep-text-line\"><\/div><\/span>\n\t\t\t\t\t<\/div>\n\t\n<div class=\"wpv-grid grid-1-3  wpv-first-level unextended\" style=\"padding-top:0px;padding-bottom:0px\" id=\"wpv-column-f477c786485437d366d1cdc43e03a2d5\" ><div class=\"price-outer-wrapper\">\n\t<div class=\"price-wrapper \">\n\t\t<h3 class=\"price-title\">\u00c9tudiants<\/h3>\n\t\t<div class=\"price\" style=\"text-align:justify\">\n\t\t\t<div class=\"value-box\">\n\t\t\t\t<div class=\"value-box-content\">\n\t\t\t\t\t<span class=\"value\">\n\t\t\t\t\t\t<i>$<\/i><span class=\"number\">10<\/span>\n\t\t\t\t\t<\/span>\n\t\t\t\t\t<span class=\"meta \">Monthly<\/span>\n\t\t\t\t<\/div>\n\t\t\t<\/div>\n\n\t\t\t<div class=\"content-box\">\n\t\t\t\t\n<ul>\n<li>Projet de construction<\/li>\n<li>Les autres<\/li>\n<\/ul>\n<p style=\"text-align: center;\">\t\t\t<\/div>\n\t\t\t<div class=\"meta-box\">\n\t\t\t\t\t\t\t\t<a href=\"#\" class=\"button vamtam-button accent1  button-border hover-accent1 \"><span class=\"btext\">Donate<\/span><\/a>\t\t\t<\/div>\n\t\t<\/div>\n\t<\/div>\n<\/div><\/div>\n<div class=\"wpv-grid grid-1-3  wpv-first-level unextended\" style=\"padding-top:0px;padding-bottom:0px\" id=\"wpv-column-1ad0a97585aac42d06c704b5cb721606\" ><div class=\"price-outer-wrapper\">\n\t<div class=\"price-wrapper featured\">\n\t\t<h3 class=\"price-title\">Les travailleurs<\/h3>\n\t\t<div class=\"price\" style=\"text-align:justify\">\n\t\t\t<div class=\"value-box\">\n\t\t\t\t<div class=\"value-box-content\">\n\t\t\t\t\t<span class=\"value\">\n\t\t\t\t\t\t<i>$<\/i><span class=\"number\">20<\/span>\n\t\t\t\t\t<\/span>\n\t\t\t\t\t<span class=\"meta \">Monthly<\/span>\n\t\t\t\t<\/div>\n\t\t\t<\/div>\n\n\t\t\t<div class=\"content-box\">\n\t\t\t\t\n<ul>\n<li>Projet de construction<\/li>\n<li>Les autres<\/li>\n<\/ul>\n<p style=\"text-align: center;\">\t\t\t<\/div>\n\t\t\t<div class=\"meta-box\">\n\t\t\t\t\t\t\t\t<a href=\"#\" class=\"button vamtam-button accent1  button-border hover-accent1 \"><span class=\"btext\">Donate<\/span><\/a>\t\t\t<\/div>\n\t\t<\/div>\n\t<\/div>\n<\/div><\/div>\n<div class=\"wpv-grid grid-1-3  wpv-first-level unextended\" style=\"padding-top:0px;padding-bottom:0px\" id=\"wpv-column-0392d706245b34a6130561c95565c3b2\" ><div class=\"price-outer-wrapper\">\n\t<div class=\"price-wrapper \">\n\t\t<h3 class=\"price-title\">Affaires<\/h3>\n\t\t<div class=\"price\" style=\"text-align:justify\">\n\t\t\t<div class=\"value-box\">\n\t\t\t\t<div class=\"value-box-content\">\n\t\t\t\t\t<span class=\"value\">\n\t\t\t\t\t\t<i>$<\/i><span class=\"number\">30<\/span>\n\t\t\t\t\t<\/span>\n\t\t\t\t\t<span class=\"meta \">Monthly<\/span>\n\t\t\t\t<\/div>\n\t\t\t<\/div>\n\n\t\t\t<div class=\"content-box\">\n\t\t\t\t\n<ul>\n<li>Projet de construction<\/li>\n<li>Les autres<\/li>\n<\/ul>\n<p style=\"text-align: center;\">\t\t\t<\/div>\n\t\t\t<div class=\"meta-box\">\n\t\t\t\t\t\t\t\t<a href=\"#\" class=\"button vamtam-button accent1  button-border hover-accent1 \"><span class=\"btext\">Donate<\/span><\/a>\t\t\t<\/div>\n\t\t<\/div>\n\t<\/div>\n<\/div><\/div><\/div>\n<div class=\"push\" style='height:30px'><\/div>\n<div class=\"row \"><div class=\"wpv-grid grid-1-1  wpv-first-level first unextended\" style=\"padding-top:0px;padding-bottom:0px\" id=\"wpv-column-a109d2880fb60258be6ae005468f9ab0\" ><blockquote>\n<h4>Information additionnelle:<\/h4>\n<\/blockquote>\n<h4><strong>Possibilit\u00e9 d&rsquo;utiliser les applications Cashapps et Zelle.<\/strong><\/h4><\/div><\/div>\n<div class=\"push\" style='height:30px'><\/div>\n<div class=\"row \"><div class=\"wpv-grid grid-1-1  wpv-first-level first unextended animation-fade-in animated-active\" style=\"padding-top:0px;padding-bottom:0px\" id=\"wpv-column-32384e385eec9e0bafaddd372f3de870\" >\t\t<div class=\"sep-text single centered\">\n\t\t\t\t\t\t\t<span class=\"sep-text-before\"><div class=\"sep-text-line\"><\/div><\/span>\n\t\t\t\t\t\t<div class=\"content\">\n\t\t\t\t<h2 class=\"text-divider-double\">Merci<\/h2>\t\t\t<\/div>\n\t\t\t<span class=\"sep-text-after\"><div class=\"sep-text-line\"><\/div><\/span>\n\t\t\t\t\t<\/div>\n\t<\/div><\/div>\n","protected":false},"excerpt":{"rendered":"<p>\u00ab Que chacun donne donc selon ses desseins dans son c\u0153ur, non \u00e0 contrec\u0153ur ou par n\u00e9cessit\u00e9 ; car Dieu aime celui qui donne joyeusement. \u00ab\u00a0 \u2014 2 Corinthiens 9: 7 Information additionnelle: Possibilit\u00e9 d&rsquo;utiliser les applications Cashapps et Zelle.<\/p>\n","protected":false},"author":1,"featured_media":0,"parent":0,"menu_order":0,"comment_status":"closed","ping_status":"closed","template":"","meta":{"footnotes":""},"class_list":["post-989491","page","type-page","status-publish","hentry"],"_links":{"self":[{"href":"https:\/\/jcmm16.org\/fr\/wp-json\/wp\/v2\/pages\/989491","targetHints":{"allow":["GET"]}}],"collection":[{"href":"https:\/\/jcmm16.org\/fr\/wp-json\/wp\/v2\/pages"}],"about":[{"href":"https:\/\/jcmm16.org\/fr\/wp-json\/wp\/v2\/types\/page"}],"author":[{"embeddable":true,"href":"https:\/\/jcmm16.org\/fr\/wp-json\/wp\/v2\/users\/1"}],"replies":[{"embeddable":true,"href":"https:\/\/jcmm16.org\/fr\/wp-json\/wp\/v2\/comments?post=989491"}],"version-history":[{"count":2,"href":"https:\/\/jcmm16.org\/fr\/wp-json\/wp\/v2\/pages\/989491\/revisions"}],"predecessor-version":[{"id":990501,"href":"https:\/\/jcmm16.org\/fr\/wp-json\/wp\/v2\/pages\/989491\/revisions\/990501"}],"wp:attachment":[{"href":"https:\/\/jcmm16.org\/fr\/wp-json\/wp\/v2\/media?parent=989491"}],"curies":[{"name":"wp","href":"https:\/\/api.w.org\/{rel}","templated":true}]}}