{"id":990658,"date":"2022-05-01T11:01:00","date_gmt":"2022-05-01T11:01:00","guid":{"rendered":"https:\/\/jcmm16.org\/bonnes-nouvelles"},"modified":"2022-07-23T22:07:38","modified_gmt":"2022-07-23T22:07:38","slug":"bonnes-nouvelles","status":"publish","type":"page","link":"https:\/\/jcmm16.org\/fr\/bonnes-nouvelles","title":{"rendered":"Bonnes Nouvelles"},"content":{"rendered":"<div class=\"row \"><div class=\"wpv-grid grid-1-1  wpv-first-level first unextended\" style=\"padding-top:0px;padding-bottom:0px\" id=\"wpv-column-10bb10fa2466f10c12d7c8a26c049d88\" >\n<section class=\"portfolios normal clearfix title- no-description \" id=\"69dc8663b1ea0\">\n\t\t<div class=\"portfolio-items vamtam-cubeportfolio cbp portfolio-items \" data-columns=\"4\" data-options=\"{&quot;layoutMode&quot;:&quot;grid&quot;,&quot;defaultFilter&quot;:&quot;*&quot;,&quot;animationType&quot;:&quot;slideDelay&quot;,&quot;gapHorizontal&quot;:30,&quot;gapVertical&quot;:30,&quot;gridAdjustment&quot;:&quot;responsive&quot;,&quot;mediaQueries&quot;:[{&quot;width&quot;:1140,&quot;cols&quot;:4},{&quot;width&quot;:847.5,&quot;cols&quot;:3},{&quot;width&quot;:555,&quot;cols&quot;:2},{&quot;width&quot;:262.5,&quot;cols&quot;:1}],&quot;displayType&quot;:&quot;bottomToTop&quot;,&quot;displayTypeSpeed&quot;:100,&quot;showPagination&quot;:false}\" data-hidden-by-filters=\"New items were loaded, but they are hidden because of your choice of filters\">\n\t\t<div data-id=\"989448\" data-type=\"bonnes-nouvelles\" class=\"no-title no-description has-button state-closed vamtam-project cbp-item\">\n\t<div class=\"portfolio-item-wrapper\">\n\t\t\t\t<div class=\"portfolio_image\">\n\t\t\t<div class=\"thumbnail\" style=\"max-height:400px\">\n\t\t\t\t\t\t\t\t\t\t<img decoding=\"async\" width=\"262\" height=\"175\" src=\"https:\/\/jcmm16.org\/wp-content\/uploads\/2021\/10\/AdobeStock_484599252-262x175.jpeg\" class=\"attachment-portfolio-loop-4 size-portfolio-loop-4 wp-post-image\" alt=\"\" srcset=\"https:\/\/jcmm16.org\/wp-content\/uploads\/2021\/10\/AdobeStock_484599252-262x175.jpeg 262w, https:\/\/jcmm16.org\/wp-content\/uploads\/2021\/10\/AdobeStock_484599252-1140x760.jpeg 1140w, https:\/\/jcmm16.org\/wp-content\/uploads\/2021\/10\/AdobeStock_484599252-555x370.jpeg 555w, https:\/\/jcmm16.org\/wp-content\/uploads\/2021\/10\/AdobeStock_484599252-360x240.jpeg 360w\" sizes=\"(min-width: 900px) 50vw, 100vw\" \/>\t\t\t\t\t\t\t<\/div><!-- \/ .thumbnail -->\n\t\t<\/div>\n\n\t\t\n\t\t\t\t\t<span class=\"thumbnail-overlay\">\n\t\t\t\t<span class=\"meta\">\n\t\t\t\t\t\t\t\t\t\t<div class=\"more-button \">\n\t\t\t\t\t\t<a class=\"button button-border accent1 hover-accent1  no-lightbox link\" target=\"_self\" href=\"https:\/\/jcmm16.org\/fr\/portfolio\/le-chemin-de-la-vie\" >\n\t\t\t\t\t\t\tRead more\t\t\t\t\t\t<\/a>\n\t\t\t\t\t<\/div>\n\t\t\t\t\t\t\t\t\t<\/span>\n\t\t\t<\/span>\n\t\t\t\t\t\t<\/div>\n<\/div><div data-id=\"989447\" data-type=\"bonnes-nouvelles\" class=\"no-title no-description has-button state-closed vamtam-project cbp-item\">\n\t<div class=\"portfolio-item-wrapper\">\n\t\t\t\t<div class=\"portfolio_image\">\n\t\t\t<div class=\"thumbnail\" style=\"max-height:400px\">\n\t\t\t\t\t\t\t\t\t\t<img decoding=\"async\" width=\"262\" height=\"175\" src=\"https:\/\/jcmm16.org\/wp-content\/uploads\/2021\/06\/AdobeStock_110518685-262x175.jpeg\" class=\"attachment-portfolio-loop-4 size-portfolio-loop-4 wp-post-image\" alt=\"\" srcset=\"https:\/\/jcmm16.org\/wp-content\/uploads\/2021\/06\/AdobeStock_110518685-262x175.jpeg 262w, https:\/\/jcmm16.org\/wp-content\/uploads\/2021\/06\/AdobeStock_110518685-300x200.jpeg 300w, https:\/\/jcmm16.org\/wp-content\/uploads\/2021\/06\/AdobeStock_110518685-1024x683.jpeg 1024w, https:\/\/jcmm16.org\/wp-content\/uploads\/2021\/06\/AdobeStock_110518685-1536x1024.jpeg 1536w, https:\/\/jcmm16.org\/wp-content\/uploads\/2021\/06\/AdobeStock_110518685-2048x1365.jpeg 2048w, https:\/\/jcmm16.org\/wp-content\/uploads\/2021\/06\/AdobeStock_110518685-1140x760.jpeg 1140w, https:\/\/jcmm16.org\/wp-content\/uploads\/2021\/06\/AdobeStock_110518685-555x370.jpeg 555w, https:\/\/jcmm16.org\/wp-content\/uploads\/2021\/06\/AdobeStock_110518685-360x240.jpeg 360w, https:\/\/jcmm16.org\/wp-content\/uploads\/2021\/06\/AdobeStock_110518685-1320x880.jpeg 1320w, https:\/\/jcmm16.org\/wp-content\/uploads\/2021\/06\/AdobeStock_110518685-600x400.jpeg 600w\" sizes=\"(min-width: 900px) 50vw, 100vw\" \/>\t\t\t\t\t\t\t<\/div><!-- \/ .thumbnail -->\n\t\t<\/div>\n\n\t\t\n\t\t\t\t\t<span class=\"thumbnail-overlay\">\n\t\t\t\t<span class=\"meta\">\n\t\t\t\t\t\t\t\t\t\t<div class=\"more-button \">\n\t\t\t\t\t\t<a class=\"button button-border accent1 hover-accent1  no-lightbox link\" target=\"_self\" href=\"https:\/\/jcmm16.org\/fr\/portfolio\/il-y-a-encore-de-lespoir\" >\n\t\t\t\t\t\t\tRead more\t\t\t\t\t\t<\/a>\n\t\t\t\t\t<\/div>\n\t\t\t\t\t\t\t\t\t<\/span>\n\t\t\t<\/span>\n\t\t\t\t\t\t<\/div>\n<\/div>\t<\/div>\n\t<\/section>\n\n<\/div><\/div>\n","protected":false},"excerpt":{"rendered":"<p>Qu&rsquo;est-ce que l&rsquo;espoir ? On pourrait d\u00e9finir l&rsquo;esp\u00e9rance comme le fait d&rsquo;esp\u00e9rer, d&rsquo;attendre avec confiance la r\u00e9alisation dans l&rsquo;avenir de quelque chose de favorable, g\u00e9n\u00e9ralement pr\u00e9cis ou d\u00e9termin\u00e9, que l&rsquo;on souhaite, que l&rsquo;on d\u00e9sire. Cela peut \u00eatre un espoir de bonheur, de gu\u00e9rison, de r\u00e9ussite. L&rsquo;espoir dans nos c\u0153urs devrait commencer face \u00e0 de nombreuses&#8230;<\/p>\n","protected":false},"author":1,"featured_media":0,"parent":0,"menu_order":0,"comment_status":"closed","ping_status":"closed","template":"","meta":{"footnotes":""},"class_list":["post-990658","page","type-page","status-publish","hentry"],"_links":{"self":[{"href":"https:\/\/jcmm16.org\/fr\/wp-json\/wp\/v2\/pages\/990658","targetHints":{"allow":["GET"]}}],"collection":[{"href":"https:\/\/jcmm16.org\/fr\/wp-json\/wp\/v2\/pages"}],"about":[{"href":"https:\/\/jcmm16.org\/fr\/wp-json\/wp\/v2\/types\/page"}],"author":[{"embeddable":true,"href":"https:\/\/jcmm16.org\/fr\/wp-json\/wp\/v2\/users\/1"}],"replies":[{"embeddable":true,"href":"https:\/\/jcmm16.org\/fr\/wp-json\/wp\/v2\/comments?post=990658"}],"version-history":[{"count":3,"href":"https:\/\/jcmm16.org\/fr\/wp-json\/wp\/v2\/pages\/990658\/revisions"}],"predecessor-version":[{"id":996980,"href":"https:\/\/jcmm16.org\/fr\/wp-json\/wp\/v2\/pages\/990658\/revisions\/996980"}],"wp:attachment":[{"href":"https:\/\/jcmm16.org\/fr\/wp-json\/wp\/v2\/media?parent=990658"}],"curies":[{"name":"wp","href":"https:\/\/api.w.org\/{rel}","templated":true}]}}