{"id":991346,"date":"2021-10-21T19:47:10","date_gmt":"2021-10-21T19:47:10","guid":{"rendered":"https:\/\/jcmm16.org\/nos-ministeres"},"modified":"2022-05-22T15:31:03","modified_gmt":"2022-05-22T15:31:03","slug":"nos-ministeres","status":"publish","type":"page","link":"https:\/\/jcmm16.org\/fr\/nos-ministeres","title":{"rendered":"Nos minist\u00e8res"},"content":{"rendered":"\t\t<div class=\"sep-text single centered\">\n\t\t\t\t\t\t\t<span class=\"sep-text-before\"><div class=\"sep-text-line\"><\/div><\/span>\n\t\t\t\t\t\t<div class=\"content\">\n\t\t\t\t<h2 class=\"text-divider-double\">\nAper\u00e7u<\/h2>\t\t\t<\/div>\n\t\t\t<span class=\"sep-text-after\"><div class=\"sep-text-line\"><\/div><\/span>\n\t\t\t\t\t<\/div>\n\t\n<div class=\"row \"><div class=\"wpv-grid grid-1-5  wpv-first-level first unextended\" style=\"padding-top:0px;padding-bottom:0px\" id=\"wpv-column-082128c2de9fbfe25f7c63931370f979\" >\n<div  data-href=\"https:\/\/jcmm16.org\/fr\/ministere-des-enfants\" tabindex=\"1\" title=\"https:\/\/jcmm16.org\/fr\/ministere-des-enfants\" data-target=\"_blank\" class=\"linkarea clearfix accent7  background-transparent\">\n\t\t\t<div class=\"first\"><img decoding=\"async\" width=\"1366\" height=\"890\" src=\"https:\/\/jcmm16.org\/wp-content\/uploads\/2021\/10\/ChildrensMinistry.jpg\" class=\"attachment-full size-full\" alt=\"\" srcset=\"https:\/\/jcmm16.org\/wp-content\/uploads\/2021\/10\/ChildrensMinistry.jpg 1366w, https:\/\/jcmm16.org\/wp-content\/uploads\/2021\/10\/ChildrensMinistry-300x195.jpg 300w, https:\/\/jcmm16.org\/wp-content\/uploads\/2021\/10\/ChildrensMinistry-1024x667.jpg 1024w, https:\/\/jcmm16.org\/wp-content\/uploads\/2021\/10\/ChildrensMinistry-1140x743.jpg 1140w, https:\/\/jcmm16.org\/wp-content\/uploads\/2021\/10\/ChildrensMinistry-555x362.jpg 555w, https:\/\/jcmm16.org\/wp-content\/uploads\/2021\/10\/ChildrensMinistry-360x235.jpg 360w, https:\/\/jcmm16.org\/wp-content\/uploads\/2021\/10\/ChildrensMinistry-262x171.jpg 262w, https:\/\/jcmm16.org\/wp-content\/uploads\/2021\/10\/ChildrensMinistry-1320x860.jpg 1320w, https:\/\/jcmm16.org\/wp-content\/uploads\/2021\/10\/ChildrensMinistry-600x391.jpg 600w\" sizes=\"(max-width: 1366px) 100vw, 1366px\" \/><\/div>\n\t\t\t\t<div class=\"last\"><h3 style=\"text-align: center;\">Minist\u00e8re des enfants<\/h3>\n<p style=\"text-align: center;\">Instruis l&rsquo;enfant selon la voie qu&rsquo;il doit suivre; Et quand il sera vieux, il ne s&rsquo;en d\u00e9tournera pas.<\/p>\n<div class=\"push\" style='height:50px'><\/div>\n<p style=\"text-align: center;\">Proverbes 22,6<\/p>\n<p style=\"text-align: center;\"><img decoding=\"async\" class=\"aligncenter size-full wp-image-6905\" src=\"http:\/\/jcmm16.org\/wp-content\/themes\/church-event\/samples\/images\/ornament1.png\" alt=\"ornement1\" width=\"50\" height=\"30\" \/><\/p>\n<p style=\"text-align: center;\"><a href=\"https:\/\/jcmm16.org\/childrens-ministry\">En savoir plus \u2192<\/a><\/p>\n<p style=\"text-align: left;\"><\/div>\n\t<\/div><\/div>\n<div class=\"wpv-grid grid-1-5  wpv-first-level unextended\" style=\"padding-top:0px;padding-bottom:0px\" id=\"wpv-column-7a9cd9f6505b2eb77e6d31cfeb65bd5f\" >\n<div  data-target=\"_self\" class=\"linkarea clearfix accent7  background-transparent\">\n\t\t\t<div class=\"first\"><img decoding=\"async\" width=\"960\" height=\"540\" src=\"https:\/\/jcmm16.org\/wp-content\/uploads\/2021\/10\/7-reasons-stay-in-youth-ministry.jpg\" class=\"attachment-full size-full\" alt=\"\" srcset=\"https:\/\/jcmm16.org\/wp-content\/uploads\/2021\/10\/7-reasons-stay-in-youth-ministry.jpg 960w, https:\/\/jcmm16.org\/wp-content\/uploads\/2021\/10\/7-reasons-stay-in-youth-ministry-300x169.jpg 300w, https:\/\/jcmm16.org\/wp-content\/uploads\/2021\/10\/7-reasons-stay-in-youth-ministry-555x312.jpg 555w, https:\/\/jcmm16.org\/wp-content\/uploads\/2021\/10\/7-reasons-stay-in-youth-ministry-360x203.jpg 360w, https:\/\/jcmm16.org\/wp-content\/uploads\/2021\/10\/7-reasons-stay-in-youth-ministry-262x147.jpg 262w, https:\/\/jcmm16.org\/wp-content\/uploads\/2021\/10\/7-reasons-stay-in-youth-ministry-600x338.jpg 600w\" sizes=\"(max-width: 960px) 100vw, 960px\" \/><\/div>\n\t\t\t\t<div class=\"last\"><h3 style=\"text-align: center;\">Pastorale des Jeunes<\/h3>\n<p style=\"text-align: center;\">Comment le jeune homme rendra-t-il pur son sentier? En se dirigeant d&rsquo;apr\u00e8s ta parole.<\/p>\n<div class=\"push\" style='height:60px'><\/div>\n<p style=\"text-align: center;\">Psaume 119,9<\/p>\n<p style=\"text-align: center;\"><img decoding=\"async\" class=\"aligncenter size-full wp-image-6905\" src=\"http:\/\/jcmm16.org\/wp-content\/themes\/church-event\/samples\/images\/ornament1.png\" alt=\"ornement1\" width=\"50\" height=\"30\" \/><\/p>\n<p style=\"text-align: center;\"><a href=\"https:\/\/jcmm16.org\/childrens-ministry\" target=\"_blank\" rel=\"noopener\">En savoir plus \u2192<\/a><\/p>\n<p style=\"text-align: left;\"><\/div>\n\t<\/div><\/div>\n<div class=\"wpv-grid grid-1-5  wpv-first-level unextended\" style=\"padding-top:0px;padding-bottom:0px\" id=\"wpv-column-486e9c069400e38041e1335bf841fec7\" >\n<div  data-href=\"https:\/\/jcmm16.org\/fr\/ministere-des-celibataires\" tabindex=\"1\" title=\"https:\/\/jcmm16.org\/fr\/ministere-des-celibataires\" data-target=\"_blank\" class=\"linkarea clearfix accent7  background-transparent\">\n\t\t\t<div class=\"first\"><img decoding=\"async\" width=\"2560\" height=\"1707\" src=\"https:\/\/jcmm16.org\/wp-content\/uploads\/2022\/05\/AdobeStock_214268927-scaled.jpeg\" class=\"attachment-full size-full\" alt=\"\" srcset=\"https:\/\/jcmm16.org\/wp-content\/uploads\/2022\/05\/AdobeStock_214268927-scaled.jpeg 2560w, https:\/\/jcmm16.org\/wp-content\/uploads\/2022\/05\/AdobeStock_214268927-300x200.jpeg 300w, https:\/\/jcmm16.org\/wp-content\/uploads\/2022\/05\/AdobeStock_214268927-1024x683.jpeg 1024w, https:\/\/jcmm16.org\/wp-content\/uploads\/2022\/05\/AdobeStock_214268927-1536x1024.jpeg 1536w, https:\/\/jcmm16.org\/wp-content\/uploads\/2022\/05\/AdobeStock_214268927-2048x1365.jpeg 2048w, https:\/\/jcmm16.org\/wp-content\/uploads\/2022\/05\/AdobeStock_214268927-1140x760.jpeg 1140w, https:\/\/jcmm16.org\/wp-content\/uploads\/2022\/05\/AdobeStock_214268927-555x370.jpeg 555w, https:\/\/jcmm16.org\/wp-content\/uploads\/2022\/05\/AdobeStock_214268927-360x240.jpeg 360w, https:\/\/jcmm16.org\/wp-content\/uploads\/2022\/05\/AdobeStock_214268927-262x175.jpeg 262w, https:\/\/jcmm16.org\/wp-content\/uploads\/2022\/05\/AdobeStock_214268927-1320x880.jpeg 1320w, https:\/\/jcmm16.org\/wp-content\/uploads\/2022\/05\/AdobeStock_214268927-600x400.jpeg 600w\" sizes=\"(max-width: 2560px) 100vw, 2560px\" \/><\/div>\n\t\t\t\t<div class=\"last\"><h3 style=\"text-align: center;\">Minist\u00e8re des c\u00e9libataires<\/h3>\n<p style=\"text-align: center;\">&#8230;Celui qui n&rsquo;est pas mari\u00e9 se soucie des choses qui appartiennent au Seigneur, comment il peut plaire au Seigneur.<\/p>\n<p style=\"text-align: center;\">1 Corinthiens 7.32<\/p>\n<p style=\"text-align: center;\"><img decoding=\"async\" class=\"aligncenter size-full wp-image-6905\" src=\"http:\/\/jcmm16.org\/wp-content\/themes\/church-event\/samples\/images\/ornament1.png\" alt=\"ornement1\" width=\"50\" height=\"30\" \/><\/p>\n<p style=\"text-align: center;\"><a href=\"https:\/\/jcmm16.org\/childrens-ministry\" target=\"_blank\" rel=\"noopener\">En savoir plus \u2192<\/a><\/p>\n<p style=\"text-align: left;\"><\/div>\n\t<\/div><\/div>\n<div class=\"wpv-grid grid-1-5  wpv-first-level unextended\" style=\"padding-top:0px;padding-bottom:0px\" id=\"wpv-column-b1cb671de08a006c82f94e2cf93eb727\" >\n<div  data-href=\"https:\/\/jcmm16.org\/fr\/ministere-de-la-femme\" tabindex=\"1\" title=\"https:\/\/jcmm16.org\/fr\/ministere-de-la-femme\" data-target=\"_blank\" class=\"linkarea clearfix accent7  background-transparent\">\n\t\t\t<div class=\"first\"><img decoding=\"async\" width=\"2048\" height=\"1365\" src=\"https:\/\/jcmm16.org\/wp-content\/uploads\/2022\/05\/SHUTTERSTOCK_738452740-2048x1365-1.jpg\" class=\"attachment-full size-full\" alt=\"\" srcset=\"https:\/\/jcmm16.org\/wp-content\/uploads\/2022\/05\/SHUTTERSTOCK_738452740-2048x1365-1.jpg 2048w, https:\/\/jcmm16.org\/wp-content\/uploads\/2022\/05\/SHUTTERSTOCK_738452740-2048x1365-1-300x200.jpg 300w, https:\/\/jcmm16.org\/wp-content\/uploads\/2022\/05\/SHUTTERSTOCK_738452740-2048x1365-1-1024x683.jpg 1024w, https:\/\/jcmm16.org\/wp-content\/uploads\/2022\/05\/SHUTTERSTOCK_738452740-2048x1365-1-1536x1024.jpg 1536w, https:\/\/jcmm16.org\/wp-content\/uploads\/2022\/05\/SHUTTERSTOCK_738452740-2048x1365-1-1140x760.jpg 1140w, https:\/\/jcmm16.org\/wp-content\/uploads\/2022\/05\/SHUTTERSTOCK_738452740-2048x1365-1-555x370.jpg 555w, https:\/\/jcmm16.org\/wp-content\/uploads\/2022\/05\/SHUTTERSTOCK_738452740-2048x1365-1-360x240.jpg 360w, https:\/\/jcmm16.org\/wp-content\/uploads\/2022\/05\/SHUTTERSTOCK_738452740-2048x1365-1-262x175.jpg 262w, https:\/\/jcmm16.org\/wp-content\/uploads\/2022\/05\/SHUTTERSTOCK_738452740-2048x1365-1-1320x880.jpg 1320w, https:\/\/jcmm16.org\/wp-content\/uploads\/2022\/05\/SHUTTERSTOCK_738452740-2048x1365-1-600x400.jpg 600w\" sizes=\"(max-width: 2048px) 100vw, 2048px\" \/><\/div>\n\t\t\t\t<div class=\"last\"><h3 style=\"text-align: center;\">Minist\u00e8re des Femmes<\/h3>\n<p style=\"text-align: center;\">Le charme est trompeur et la beaut\u00e9 est \u00e9ph\u00e9m\u00e8re, mais une femme qui craint le Seigneur doit \u00eatre lou\u00e9e.<\/p>\n<div class=\"push\" style='height:10px'><\/div>\n<p style=\"text-align: center;\">Proverbes 31,30<\/p>\n<p style=\"text-align: center;\"><img decoding=\"async\" class=\"aligncenter size-full wp-image-6905\" src=\"http:\/\/jcmm16.org\/wp-content\/themes\/church-event\/samples\/images\/ornament1.png\" alt=\"ornement1\" width=\"50\" height=\"30\" \/><\/p>\n<p style=\"text-align: center;\"><a href=\"https:\/\/jcmm16.org\/childrens-ministry\" target=\"_blank\" rel=\"noopener\">En savoir plus \u2192<\/a><\/div>\n\t<\/div><\/div>\n<div class=\"wpv-grid grid-1-5  wpv-first-level unextended\" style=\"padding-top:0px;padding-bottom:0px\" id=\"wpv-column-b0d00d97fbe7ca89229726ded5f87557\" >\n<div  data-href=\"https:\/\/jcmm16.org\/fr\/ministere-des-hommes\" tabindex=\"1\" title=\"https:\/\/jcmm16.org\/fr\/ministere-des-hommes\" data-target=\"_blank\" class=\"linkarea clearfix accent7  background-transparent\">\n\t\t\t<div class=\"first\"><img decoding=\"async\" width=\"2560\" height=\"1706\" src=\"https:\/\/jcmm16.org\/wp-content\/uploads\/2022\/05\/AdobeStock_119059939-scaled.jpeg\" class=\"attachment-full size-full\" alt=\"\" srcset=\"https:\/\/jcmm16.org\/wp-content\/uploads\/2022\/05\/AdobeStock_119059939-scaled.jpeg 2560w, https:\/\/jcmm16.org\/wp-content\/uploads\/2022\/05\/AdobeStock_119059939-300x200.jpeg 300w, https:\/\/jcmm16.org\/wp-content\/uploads\/2022\/05\/AdobeStock_119059939-1024x682.jpeg 1024w, https:\/\/jcmm16.org\/wp-content\/uploads\/2022\/05\/AdobeStock_119059939-1536x1024.jpeg 1536w, https:\/\/jcmm16.org\/wp-content\/uploads\/2022\/05\/AdobeStock_119059939-2048x1365.jpeg 2048w, https:\/\/jcmm16.org\/wp-content\/uploads\/2022\/05\/AdobeStock_119059939-1140x760.jpeg 1140w, https:\/\/jcmm16.org\/wp-content\/uploads\/2022\/05\/AdobeStock_119059939-555x370.jpeg 555w, https:\/\/jcmm16.org\/wp-content\/uploads\/2022\/05\/AdobeStock_119059939-360x240.jpeg 360w, https:\/\/jcmm16.org\/wp-content\/uploads\/2022\/05\/AdobeStock_119059939-262x175.jpeg 262w, https:\/\/jcmm16.org\/wp-content\/uploads\/2022\/05\/AdobeStock_119059939-1320x880.jpeg 1320w, https:\/\/jcmm16.org\/wp-content\/uploads\/2022\/05\/AdobeStock_119059939-600x400.jpeg 600w\" sizes=\"(max-width: 2560px) 100vw, 2560px\" \/><\/div>\n\t\t\t\t<div class=\"last\"><h3 style=\"text-align: center;\">Minist\u00e8re des Hommes<\/h3>\n<p style=\"text-align: center;\">Heureux l&rsquo;homme qui a trouv\u00e9 la sagesse, Et l&rsquo;homme qui poss\u00e8de l&rsquo;intelligence!<\/p>\n<div class=\"push\" style='height:40px'><\/div>\n<p style=\"text-align: center;\">Proverbes 3,13<\/p>\n<p style=\"text-align: center;\"><img decoding=\"async\" class=\"aligncenter size-full wp-image-6905\" src=\"http:\/\/jcmm16.org\/wp-content\/themes\/church-event\/samples\/images\/ornament1.png\" alt=\"ornement1\" width=\"50\" height=\"30\" \/><\/p>\n<p style=\"text-align: center;\"><a href=\"https:\/\/jcmm16.org\/mens-ministry\" target=\"_blank\" rel=\"noopener\">En savoir plus \u2192<\/a><\/p>\n<p style=\"text-align: left;\"><\/div>\n\t<\/div><\/div><\/div>\n","protected":false},"excerpt":{"rendered":"","protected":false},"author":1,"featured_media":0,"parent":0,"menu_order":0,"comment_status":"closed","ping_status":"closed","template":"","meta":{"footnotes":""},"class_list":["post-991346","page","type-page","status-publish","hentry"],"_links":{"self":[{"href":"https:\/\/jcmm16.org\/fr\/wp-json\/wp\/v2\/pages\/991346","targetHints":{"allow":["GET"]}}],"collection":[{"href":"https:\/\/jcmm16.org\/fr\/wp-json\/wp\/v2\/pages"}],"about":[{"href":"https:\/\/jcmm16.org\/fr\/wp-json\/wp\/v2\/types\/page"}],"author":[{"embeddable":true,"href":"https:\/\/jcmm16.org\/fr\/wp-json\/wp\/v2\/users\/1"}],"replies":[{"embeddable":true,"href":"https:\/\/jcmm16.org\/fr\/wp-json\/wp\/v2\/comments?post=991346"}],"version-history":[{"count":11,"href":"https:\/\/jcmm16.org\/fr\/wp-json\/wp\/v2\/pages\/991346\/revisions"}],"predecessor-version":[{"id":992124,"href":"https:\/\/jcmm16.org\/fr\/wp-json\/wp\/v2\/pages\/991346\/revisions\/992124"}],"wp:attachment":[{"href":"https:\/\/jcmm16.org\/fr\/wp-json\/wp\/v2\/media?parent=991346"}],"curies":[{"name":"wp","href":"https:\/\/api.w.org\/{rel}","templated":true}]}}