{"id":991453,"date":"2021-06-19T19:55:59","date_gmt":"2021-06-19T19:55:59","guid":{"rendered":"https:\/\/jcmm16.org\/nos-valeurs"},"modified":"2022-05-24T13:03:43","modified_gmt":"2022-05-24T13:03:43","slug":"nos-valeurs","status":"publish","type":"page","link":"https:\/\/jcmm16.org\/fr\/nos-valeurs","title":{"rendered":"Nos valeurs"},"content":{"rendered":"<ul>\n<li>Nous nous engageons \u00e0 \u00eatre centr\u00e9s sur le Christ. Tout ce que nous sommes amen\u00e9s \u00e0 faire proviendra de Christ et d\u00e9coulera de Christ.<\/li>\n<\/ul>\n<p>&nbsp;<\/p>\n<ul>\n<li>Nous nous engageons \u00e0 \u00eatre centr\u00e9s sur le Christ. Nous poss\u00e9derons et activerons l&rsquo;esprit de Christ, concentr\u00e9 sur la construction du Royaume de Dieu et la destruction du Royaume de Satan.<\/li>\n<\/ul>\n<p>&nbsp;<\/p>\n<p>Nous nous engageons \u00e0 \u00eatre Christ-Caring. Nous poss\u00e9derons et manifesterons le c\u0153ur de Christ en faisant preuve de compassion les uns pour les autres.<\/p>\n<p>&nbsp;<\/p>\n<ul>\n<li>Nous nous engageons \u00e0 partager le Christ. Nous communiquerons le message de l&rsquo;\u00e9vangile aux sauv\u00e9s et aux non-sauv\u00e9s \u00e0 chaque occasion donn\u00e9e.<\/li>\n<\/ul>\n<p>&nbsp;<\/p>\n<ul>\n<li>Nous nous engageons \u00e0 aimer Christ. Nous d\u00e9montrerons un amour inconditionnel et une attitude non discriminatoire envers l&rsquo;humanit\u00e9, sans distinction de race, de couleur, de croyance ou de confession.<\/li>\n<\/ul>\n<p>&nbsp;<\/p>\n<ul>\n<li>Nous nous engageons \u00e0 donner le Christ. Nous op\u00e9rerons \u00e0 partir du principe des \u00c9critures qui dit : \u00ab Il y a plus de bonheur \u00e0 donner qu&rsquo;\u00e0 recevoir. Nous donnons notre temps, nos talents et nos tr\u00e9sors sous la direction du Seigneur.<\/li>\n<\/ul>\n<p>&nbsp;<\/p>\n<ul>\n<li>Nous nous engageons \u00e0 \u00eatre Christ-Glorifiant. Tout ce que nous sommes amen\u00e9s \u00e0 faire sera fait de tout c\u0153ur comme au Seigneur afin qu&rsquo;il soit glorifi\u00e9.<\/li>\n<\/ul>\n","protected":false},"excerpt":{"rendered":"<p>Nous nous engageons \u00e0 \u00eatre centr\u00e9s sur le Christ. Tout ce que nous sommes amen\u00e9s \u00e0 faire proviendra de Christ et d\u00e9coulera de Christ. &nbsp; Nous nous engageons \u00e0 \u00eatre centr\u00e9s sur le Christ. Nous poss\u00e9derons et activerons l&rsquo;esprit de Christ, concentr\u00e9 sur la construction du Royaume de Dieu et la destruction du Royaume de&#8230;<\/p>\n","protected":false},"author":1,"featured_media":0,"parent":0,"menu_order":0,"comment_status":"closed","ping_status":"closed","template":"","meta":{"footnotes":""},"class_list":["post-991453","page","type-page","status-publish","hentry"],"_links":{"self":[{"href":"https:\/\/jcmm16.org\/fr\/wp-json\/wp\/v2\/pages\/991453","targetHints":{"allow":["GET"]}}],"collection":[{"href":"https:\/\/jcmm16.org\/fr\/wp-json\/wp\/v2\/pages"}],"about":[{"href":"https:\/\/jcmm16.org\/fr\/wp-json\/wp\/v2\/types\/page"}],"author":[{"embeddable":true,"href":"https:\/\/jcmm16.org\/fr\/wp-json\/wp\/v2\/users\/1"}],"replies":[{"embeddable":true,"href":"https:\/\/jcmm16.org\/fr\/wp-json\/wp\/v2\/comments?post=991453"}],"version-history":[{"count":2,"href":"https:\/\/jcmm16.org\/fr\/wp-json\/wp\/v2\/pages\/991453\/revisions"}],"predecessor-version":[{"id":992170,"href":"https:\/\/jcmm16.org\/fr\/wp-json\/wp\/v2\/pages\/991453\/revisions\/992170"}],"wp:attachment":[{"href":"https:\/\/jcmm16.org\/fr\/wp-json\/wp\/v2\/media?parent=991453"}],"curies":[{"name":"wp","href":"https:\/\/api.w.org\/{rel}","templated":true}]}}