{"id":992324,"date":"2021-10-06T21:49:43","date_gmt":"2021-10-06T21:49:43","guid":{"rendered":"https:\/\/jcmm16.org\/priere-en-ligne"},"modified":"2021-10-06T21:49:43","modified_gmt":"2021-10-06T21:49:43","slug":"priere-en-ligne","status":"publish","type":"page","link":"https:\/\/jcmm16.org\/fr\/priere-en-ligne","title":{"rendered":"Pri\u00e8re en ligne"},"content":{"rendered":"<div class=\"row \"><div class=\"wpv-grid grid-1-1  wpv-first-level first unextended\" style=\"padding-top:0px;padding-bottom:0px\" id=\"wpv-column-a3d3e91973dafa615b7bb2c41f835469\" ><\/div><\/div>\n<div class=\"row \"><div class=\"wpv-grid grid-1-1  wpv-first-level first unextended\" style=\"padding-top:0px;padding-bottom:0px\" id=\"wpv-column-ab6d877cb77c1a0db0524588fb2abad6\" >\n<div  data-target=\"_self\" class=\"linkarea clearfix accent1  background-transparent\">\n\t\t\t<div class=\"first\"><span class='icon shortcode  ' style='font-size:62px !important;color:#000000;'>&#57490;<\/span><\/div>\n\t\t<\/div><\/div><\/div>\n<div class=\"row \"><div class=\"wpv-grid grid-1-1  wpv-first-level first unextended\" style=\"padding-top:0px;padding-bottom:0px\" id=\"wpv-column-481f8a6f4aea411285daaa1fa0f03008\" ><h3 style=\"text-align: center;\"><strong>Du lundi au jeudi \u00e0 5h et 21h<\/strong><br \/>\n<strong>Vendredi @ 5h<\/strong><br \/>\n<strong>Num\u00e9ro de t\u00e9l\u00e9phone : 712 432 8399<\/strong><\/h3><\/div><\/div>\n","protected":false},"excerpt":{"rendered":"<p>Du lundi au jeudi \u00e0 5h et 21h Vendredi @ 5h Num\u00e9ro de t\u00e9l\u00e9phone : 712 432 8399<\/p>\n","protected":false},"author":1,"featured_media":988813,"parent":0,"menu_order":0,"comment_status":"closed","ping_status":"closed","template":"","meta":{"footnotes":""},"class_list":["post-992324","page","type-page","status-publish","has-post-thumbnail","hentry"],"_links":{"self":[{"href":"https:\/\/jcmm16.org\/fr\/wp-json\/wp\/v2\/pages\/992324","targetHints":{"allow":["GET"]}}],"collection":[{"href":"https:\/\/jcmm16.org\/fr\/wp-json\/wp\/v2\/pages"}],"about":[{"href":"https:\/\/jcmm16.org\/fr\/wp-json\/wp\/v2\/types\/page"}],"author":[{"embeddable":true,"href":"https:\/\/jcmm16.org\/fr\/wp-json\/wp\/v2\/users\/1"}],"replies":[{"embeddable":true,"href":"https:\/\/jcmm16.org\/fr\/wp-json\/wp\/v2\/comments?post=992324"}],"version-history":[{"count":0,"href":"https:\/\/jcmm16.org\/fr\/wp-json\/wp\/v2\/pages\/992324\/revisions"}],"wp:featuredmedia":[{"embeddable":true,"href":"https:\/\/jcmm16.org\/fr\/wp-json\/wp\/v2\/media\/988813"}],"wp:attachment":[{"href":"https:\/\/jcmm16.org\/fr\/wp-json\/wp\/v2\/media?parent=992324"}],"curies":[{"name":"wp","href":"https:\/\/api.w.org\/{rel}","templated":true}]}}