{"id":993274,"date":"2023-01-31T19:09:50","date_gmt":"2023-01-31T19:09:50","guid":{"rendered":"https:\/\/jcmm16.org\/?page_id=993274"},"modified":"2023-02-05T20:05:34","modified_gmt":"2023-02-05T20:05:34","slug":"prieres","status":"publish","type":"page","link":"https:\/\/jcmm16.org\/fr\/prieres","title":{"rendered":"Pri\u00e8res"},"content":{"rendered":"<div class=\"row \"><div class=\"wpv-grid grid-1-1  wpv-first-level first unextended\" style=\"padding-top:0px;padding-bottom:0px\" id=\"wpv-column-adb187621169bf371bbd62d24e7f254b\" ><div class=\"row \"><div class=\"wpv-grid grid-1-1  first unextended\" style=\"padding-top:0px;padding-bottom:0px\" id=\"wpv-column-bbfec8485c152c8f4d896e9507f19a03\" ><blockquote><a target=\"_self\" style='font-size: 36px;' class=\"button vamtam-button accent1  button-filled-small hover-accent1  alignleft\"><span class=\"btext\">Cliquez &#8211; Mod\u00e8les de pri\u00e8re<\/span><span class='icon shortcode  ' style=''>&#58072;<\/span><\/a><\/blockquote><\/div><\/div>\n<div class=\"row \"><div class=\"wpv-grid grid-1-1  first unextended\" style=\"padding-top:0px;padding-bottom:0px\" id=\"wpv-column-225d8824f048d8b9428cb344904e5c8c\" ><div class=\"loop-wrapper clearfix regular normal not-paginated\" data-columns=\"1\"  >\n\t\t<div class=\"page-content post-header clearfix list-item post-994818 post type-post status-publish format-standard hentry category-priere\" >\n\t\t\t<div>\n\t\t\t\t<div class=\"post-article no-image-wrapper \">\n\t<div class=\"standard-post-format clearfix as-normal as-standard-post-format\">\n\t\t<div class=\"post-row\">\n\t<div class=\"post-row-left\">\n\t\n<div class=\"post-date\">\n\t\t\t<span class=\"top-part\">\n\t\t\t12\t\t<\/span>\n\t\t<span class=\"bottom-part\">\n\t\t\t05 '24\t\t<\/span>\n\t<\/div>\t<div class=\"post-left-actions\">\n\t\t\n<div class=\"post-actions\">\n\t\t\t\n\t\t\t\t\t<div class=\"love-count-outer\">\n\t\t\t\t<div class=\"love-it-wrapper\"><a href=\"#\" class=\"love-it\" data-post-id=\"994818\" data-user-id=\"0\"><span class=\"visuallyhidden\">Love it<\/span><\/a> <span class=\"love-count\">0<\/span><\/div>\t\t\t<\/div>\n\t\t\n\t\t\t<\/div>\t<\/div>\n<\/div>\n\t<div class=\"post-row-center\">\n\t\t\t\t<div class=\"post-content-outer\">\n\t\t\t\t\t<header class=\"single\">\n\t\t\t<div class=\"content\">\n\t\t\t\t\t\t\t\t<h3>\n\t\t\t\t\t<a href=\"https:\/\/jcmm16.org\/fr\/vivre-par-la-parole-de-dieu\" title=\"Vivre Par la Parole de Dieu\">Vivre Par la Parole de Dieu<\/a>\n\t\t\t\t<\/h3>\n\t\t\t<\/div>\n\t\t<\/header>\n\t<div class=\"post-meta\">\n\t<nav class=\"clearfix\">\n\t\t\n\t\t\t\t\t\t\t\t<\/nav>\n<\/div>\t\t<\/div>\n\t<\/div>\n<\/div>\t<\/div>\n<\/div>\n\t\t\t<\/div>\n\t\t<\/div>\n\t\t<div class=\"page-content post-header clearfix list-item post-994155 post type-post status-publish format-standard hentry category-priere\" >\n\t\t\t<div>\n\t\t\t\t<div class=\"post-article no-image-wrapper \">\n\t<div class=\"standard-post-format clearfix as-normal as-standard-post-format\">\n\t\t<div class=\"post-row\">\n\t<div class=\"post-row-left\">\n\t\n<div class=\"post-date\">\n\t\t\t<span class=\"top-part\">\n\t\t\t28\t\t<\/span>\n\t\t<span class=\"bottom-part\">\n\t\t\t07 '23\t\t<\/span>\n\t<\/div>\t<div class=\"post-left-actions\">\n\t\t\n<div class=\"post-actions\">\n\t\t\t\n\t\t\t\t\t<div class=\"love-count-outer\">\n\t\t\t\t<div class=\"love-it-wrapper\"><a href=\"#\" class=\"love-it\" data-post-id=\"994155\" data-user-id=\"0\"><span class=\"visuallyhidden\">Love it<\/span><\/a> <span class=\"love-count\">0<\/span><\/div>\t\t\t<\/div>\n\t\t\n\t\t\t<\/div>\t<\/div>\n<\/div>\n\t<div class=\"post-row-center\">\n\t\t\t\t<div class=\"post-content-outer\">\n\t\t\t\t\t<header class=\"single\">\n\t\t\t<div class=\"content\">\n\t\t\t\t\t\t\t\t<h3>\n\t\t\t\t\t<a href=\"https:\/\/jcmm16.org\/fr\/notre-identite\" title=\"Notre Identit\u00e9\">Notre Identit\u00e9<\/a>\n\t\t\t\t<\/h3>\n\t\t\t<\/div>\n\t\t<\/header>\n\t<div class=\"post-meta\">\n\t<nav class=\"clearfix\">\n\t\t\n\t\t\t\t\t\t\t\t<\/nav>\n<\/div>\t\t<\/div>\n\t<\/div>\n<\/div>\t<\/div>\n<\/div>\n\t\t\t<\/div>\n\t\t<\/div>\n\t\t<div class=\"page-content post-header clearfix list-item post-994032 post type-post status-publish format-standard has-post-thumbnail hentry category-priere\" >\n\t\t\t<div>\n\t\t\t\t<div class=\"post-article has-image-wrapper \">\n\t<div class=\"standard-post-format clearfix as-image \">\n\t\t<div class=\"post-row\">\n\t<div class=\"post-row-left\">\n\t\n<div class=\"post-date\">\n\t\t\t<span class=\"top-part\">\n\t\t\t11\t\t<\/span>\n\t\t<span class=\"bottom-part\">\n\t\t\t06 '23\t\t<\/span>\n\t<\/div>\t<div class=\"post-left-actions\">\n\t\t\n<div class=\"post-actions\">\n\t\t\t\n\t\t\t\t\t<div class=\"love-count-outer\">\n\t\t\t\t<div class=\"love-it-wrapper\"><a href=\"#\" class=\"love-it\" data-post-id=\"994032\" data-user-id=\"0\"><span class=\"visuallyhidden\">Love it<\/span><\/a> <span class=\"love-count\">0<\/span><\/div>\t\t\t<\/div>\n\t\t\n\t\t\t<\/div>\t<\/div>\n<\/div>\n\t<div class=\"post-row-center\">\n\t\t\t\t\t<div class=\"post-media\">\n\t\t\t\t<div class='media-inner'>\n\t\t\t\t\t\n\t\t\t\t\t<img decoding=\"async\" width=\"480\" height=\"369\" src=\"https:\/\/jcmm16.org\/wp-content\/uploads\/2023\/06\/DIMANCHE-11-JUIN-2023-PS-86-COEUR-A-COEUR-AVEC-LE-SEIGNEUR--480x369.jpg\" class=\"attachment-post-loop size-post-loop wp-post-image\" alt=\"\" srcset=\"https:\/\/jcmm16.org\/wp-content\/uploads\/2023\/06\/DIMANCHE-11-JUIN-2023-PS-86-COEUR-A-COEUR-AVEC-LE-SEIGNEUR--480x369.jpg 480w, https:\/\/jcmm16.org\/wp-content\/uploads\/2023\/06\/DIMANCHE-11-JUIN-2023-PS-86-COEUR-A-COEUR-AVEC-LE-SEIGNEUR--1140x876.jpg 1140w, https:\/\/jcmm16.org\/wp-content\/uploads\/2023\/06\/DIMANCHE-11-JUIN-2023-PS-86-COEUR-A-COEUR-AVEC-LE-SEIGNEUR--555x426.jpg 555w, https:\/\/jcmm16.org\/wp-content\/uploads\/2023\/06\/DIMANCHE-11-JUIN-2023-PS-86-COEUR-A-COEUR-AVEC-LE-SEIGNEUR--360x276.jpg 360w, https:\/\/jcmm16.org\/wp-content\/uploads\/2023\/06\/DIMANCHE-11-JUIN-2023-PS-86-COEUR-A-COEUR-AVEC-LE-SEIGNEUR--262x201.jpg 262w\" sizes=\"(min-width: 900px) 50vw, 100vw\" \/>\n\t\t\t\t\t\t\t\t\t<\/div>\n\t\t\t<\/div>\n\t\t\t\t<div class=\"post-content-outer\">\n\t\t\t\t\t<header class=\"single\">\n\t\t\t<div class=\"content\">\n\t\t\t\t\t\t\t\t<h3>\n\t\t\t\t\t<a href=\"https:\/\/jcmm16.org\/fr\/dimanche-11-juin-2023-ne-pour-marcher-avec-dieu-65-jours-de-jeune-et-prieres\" title=\"Dimanche 11 Juin 2023 -N\u00e9 pour marcher avec DIEU  \u2013  65 Jours de Jeune et Pri\u00e8res\">Dimanche 11 Juin 2023 -N\u00e9 pour marcher avec DIEU  \u2013  65 Jours de Jeune et Pri\u00e8res<\/a>\n\t\t\t\t<\/h3>\n\t\t\t<\/div>\n\t\t<\/header>\n\t<div class=\"post-content the-content\">\n\t<\/div><div class=\"post-meta\">\n\t<nav class=\"clearfix\">\n\t\t\n\t\t\t\t\t\t\t\t<\/nav>\n<\/div>\t\t<\/div>\n\t<\/div>\n<\/div>\t<\/div>\n<\/div>\n\t\t\t<\/div>\n\t\t<\/div>\n\t\t<div class=\"page-content post-header clearfix list-item post-993985 post type-post status-publish format-standard has-post-thumbnail hentry category-priere\" >\n\t\t\t<div>\n\t\t\t\t<div class=\"post-article has-image-wrapper \">\n\t<div class=\"standard-post-format clearfix as-image \">\n\t\t<div class=\"post-row\">\n\t<div class=\"post-row-left\">\n\t\n<div class=\"post-date\">\n\t\t\t<span class=\"top-part\">\n\t\t\t28\t\t<\/span>\n\t\t<span class=\"bottom-part\">\n\t\t\t05 '23\t\t<\/span>\n\t<\/div>\t<div class=\"post-left-actions\">\n\t\t\n<div class=\"post-actions\">\n\t\t\t\n\t\t\t\t\t<div class=\"love-count-outer\">\n\t\t\t\t<div class=\"love-it-wrapper\"><a href=\"#\" class=\"love-it\" data-post-id=\"993985\" data-user-id=\"0\"><span class=\"visuallyhidden\">Love it<\/span><\/a> <span class=\"love-count\">0<\/span><\/div>\t\t\t<\/div>\n\t\t\n\t\t\t<\/div>\t<\/div>\n<\/div>\n\t<div class=\"post-row-center\">\n\t\t\t\t\t<div class=\"post-media\">\n\t\t\t\t<div class='media-inner'>\n\t\t\t\t\t\n\t\t\t\t\t<img decoding=\"async\" width=\"310\" height=\"219\" src=\"https:\/\/jcmm16.org\/wp-content\/uploads\/2022\/06\/Capture-decran-2022-06-26-142927.jpg\" class=\"attachment-post-loop size-post-loop wp-post-image\" alt=\"\" srcset=\"https:\/\/jcmm16.org\/wp-content\/uploads\/2022\/06\/Capture-decran-2022-06-26-142927.jpg 310w, https:\/\/jcmm16.org\/wp-content\/uploads\/2022\/06\/Capture-decran-2022-06-26-142927-300x212.jpg 300w, https:\/\/jcmm16.org\/wp-content\/uploads\/2022\/06\/Capture-decran-2022-06-26-142927-262x185.jpg 262w\" sizes=\"(min-width: 900px) 50vw, 100vw\" \/>\n\t\t\t\t\t\t\t\t\t<\/div>\n\t\t\t<\/div>\n\t\t\t\t<div class=\"post-content-outer\">\n\t\t\t\t\t<header class=\"single\">\n\t\t\t<div class=\"content\">\n\t\t\t\t\t\t\t\t<h3>\n\t\t\t\t\t<a href=\"https:\/\/jcmm16.org\/fr\/dimanche-28-mai-2023-ne-pour-marcher-avec-dieu-65-jours-de-jeune-et-prieres\" title=\"Dimanche 28 Mai 2023 -N\u00e9 pour marcher avec DIEU\u00a0\u00a0&#8211;\u00a0 65 Jours de Jeune et Pri\u00e8res\">Dimanche 28 Mai 2023 -N\u00e9 pour marcher avec DIEU\u00a0\u00a0&#8211;\u00a0 65 Jours de Jeune et Pri\u00e8res<\/a>\n\t\t\t\t<\/h3>\n\t\t\t<\/div>\n\t\t<\/header>\n\t<div class=\"post-content the-content\">\n\t<p>N\u00c9 POUR MARCHER AVEC DIEU \u00a0\u00a0 65 Jours de Jeune et Pri\u00e8res 1 Corinthians 6:17\u201320 \u201cMais celui qui s\u2019attache au Seigneur est avec lui un seul esprit. 18Fuyez l\u2019impudicit\u00e9. Quelque autre p\u00e9ch\u00e9 qu\u2019un homme commette, ce p\u00e9ch\u00e9 est hors du corps; mais celui qui se livre \u00e0 l\u2019impudicit\u00e9 p\u00e8che contre son propre corps. 19Ne savez-vous&#8230;<\/p>\n<\/div><div class=\"post-meta\">\n\t<nav class=\"clearfix\">\n\t\t\n\t\t\t\t\t\t\t\t<\/nav>\n<\/div>\t\t<\/div>\n\t<\/div>\n<\/div>\t<\/div>\n<\/div>\n\t\t\t<\/div>\n\t\t<\/div>\n\t\t<div class=\"page-content post-header clearfix list-item post-993800 post type-post status-publish format-standard has-post-thumbnail hentry category-priere\" >\n\t\t\t<div>\n\t\t\t\t<div class=\"post-article has-image-wrapper \">\n\t<div class=\"standard-post-format clearfix as-image \">\n\t\t<div class=\"post-row\">\n\t<div class=\"post-row-left\">\n\t\n<div class=\"post-date\">\n\t\t\t<span class=\"top-part\">\n\t\t\t30\t\t<\/span>\n\t\t<span class=\"bottom-part\">\n\t\t\t04 '23\t\t<\/span>\n\t<\/div>\t<div class=\"post-left-actions\">\n\t\t\n<div class=\"post-actions\">\n\t\t\t\n\t\t\t\t\t<div class=\"love-count-outer\">\n\t\t\t\t<div class=\"love-it-wrapper\"><a href=\"#\" class=\"love-it\" data-post-id=\"993800\" data-user-id=\"0\"><span class=\"visuallyhidden\">Love it<\/span><\/a> <span class=\"love-count\">0<\/span><\/div>\t\t\t<\/div>\n\t\t\n\t\t\t<\/div>\t<\/div>\n<\/div>\n\t<div class=\"post-row-center\">\n\t\t\t\t\t<div class=\"post-media\">\n\t\t\t\t<div class='media-inner'>\n\t\t\t\t\t\n\t\t\t\t\t<img decoding=\"async\" width=\"480\" height=\"369\" src=\"https:\/\/jcmm16.org\/wp-content\/uploads\/2022\/04\/AdobeStock_63092585-480x369.jpeg\" class=\"attachment-post-loop size-post-loop wp-post-image\" alt=\"\" srcset=\"https:\/\/jcmm16.org\/wp-content\/uploads\/2022\/04\/AdobeStock_63092585-480x369.jpeg 480w, https:\/\/jcmm16.org\/wp-content\/uploads\/2022\/04\/AdobeStock_63092585-1140x876.jpeg 1140w, https:\/\/jcmm16.org\/wp-content\/uploads\/2022\/04\/AdobeStock_63092585-555x426.jpeg 555w, https:\/\/jcmm16.org\/wp-content\/uploads\/2022\/04\/AdobeStock_63092585-360x276.jpeg 360w, https:\/\/jcmm16.org\/wp-content\/uploads\/2022\/04\/AdobeStock_63092585-262x201.jpeg 262w\" sizes=\"(min-width: 900px) 50vw, 100vw\" \/>\n\t\t\t\t\t\t\t\t\t<\/div>\n\t\t\t<\/div>\n\t\t\t\t<div class=\"post-content-outer\">\n\t\t\t\t\t<header class=\"single\">\n\t\t\t<div class=\"content\">\n\t\t\t\t\t\t\t\t<h3>\n\t\t\t\t\t<a href=\"https:\/\/jcmm16.org\/fr\/dimanche-30-avril-2023-coeur-a-coeur-avec-le-seigneur\" title=\"Dimanche 30 Avril 2023 -C\u0153ur \u00e0 c\u0153ur avec le Seigneur\">Dimanche 30 Avril 2023 -C\u0153ur \u00e0 c\u0153ur avec le Seigneur<\/a>\n\t\t\t\t<\/h3>\n\t\t\t<\/div>\n\t\t<\/header>\n\t<div class=\"post-content the-content\">\n\t<p>&nbsp; &nbsp; &nbsp; &nbsp; C\u0153ur \u00e0 c\u0153ur avec le Seigneur Dimanche 30 Avril 2023 Dans ton esprit, tu dois percevoir le sang de J\u00e9sus \u00e0 chaque intention de pri\u00e8re. \u00a0 1\/ H\u00e9breux 9.22 \u00a0Et presque tout, d&rsquo;apr\u00e8s la loi, est purifi\u00e9 avec du sang, et sans effusion de sang il n&rsquo;y a pas de pardon&#8230;.<\/p>\n<\/div><div class=\"post-meta\">\n\t<nav class=\"clearfix\">\n\t\t\n\t\t\t\t\t\t\t\t<\/nav>\n<\/div>\t\t<\/div>\n\t<\/div>\n<\/div>\t<\/div>\n<\/div>\n\t\t\t<\/div>\n\t\t<\/div>\n\t\t<div class=\"page-content post-header clearfix list-item post-993489 post type-post status-publish format-standard has-post-thumbnail hentry category-priere\" >\n\t\t\t<div>\n\t\t\t\t<div class=\"post-article has-image-wrapper \">\n\t<div class=\"standard-post-format clearfix as-image \">\n\t\t<div class=\"post-row\">\n\t<div class=\"post-row-left\">\n\t\n<div class=\"post-date\">\n\t\t\t<span class=\"top-part\">\n\t\t\t26\t\t<\/span>\n\t\t<span class=\"bottom-part\">\n\t\t\t02 '23\t\t<\/span>\n\t<\/div>\t<div class=\"post-left-actions\">\n\t\t\n<div class=\"post-actions\">\n\t\t\t\n\t\t\t\t\t<div class=\"love-count-outer\">\n\t\t\t\t<div class=\"love-it-wrapper\"><a href=\"#\" class=\"love-it\" data-post-id=\"993489\" data-user-id=\"0\"><span class=\"visuallyhidden\">Love it<\/span><\/a> <span class=\"love-count\">0<\/span><\/div>\t\t\t<\/div>\n\t\t\n\t\t\t<\/div>\t<\/div>\n<\/div>\n\t<div class=\"post-row-center\">\n\t\t\t\t\t<div class=\"post-media\">\n\t\t\t\t<div class='media-inner'>\n\t\t\t\t\t\n\t\t\t\t\t<img decoding=\"async\" width=\"480\" height=\"369\" src=\"https:\/\/jcmm16.org\/wp-content\/uploads\/2023\/02\/dim-26-fev-23-FRENCH-PRAYER-2-HEART-TO-HEART-WITH-THE-LORD_page-0001-480x369.jpg\" class=\"attachment-post-loop size-post-loop wp-post-image\" alt=\"\" srcset=\"https:\/\/jcmm16.org\/wp-content\/uploads\/2023\/02\/dim-26-fev-23-FRENCH-PRAYER-2-HEART-TO-HEART-WITH-THE-LORD_page-0001-480x369.jpg 480w, https:\/\/jcmm16.org\/wp-content\/uploads\/2023\/02\/dim-26-fev-23-FRENCH-PRAYER-2-HEART-TO-HEART-WITH-THE-LORD_page-0001-1140x876.jpg 1140w, https:\/\/jcmm16.org\/wp-content\/uploads\/2023\/02\/dim-26-fev-23-FRENCH-PRAYER-2-HEART-TO-HEART-WITH-THE-LORD_page-0001-555x426.jpg 555w, https:\/\/jcmm16.org\/wp-content\/uploads\/2023\/02\/dim-26-fev-23-FRENCH-PRAYER-2-HEART-TO-HEART-WITH-THE-LORD_page-0001-360x276.jpg 360w, https:\/\/jcmm16.org\/wp-content\/uploads\/2023\/02\/dim-26-fev-23-FRENCH-PRAYER-2-HEART-TO-HEART-WITH-THE-LORD_page-0001-262x201.jpg 262w\" sizes=\"(min-width: 900px) 50vw, 100vw\" \/>\n\t\t\t\t\t\t\t\t\t<\/div>\n\t\t\t<\/div>\n\t\t\t\t<div class=\"post-content-outer\">\n\t\t\t\t\t<header class=\"single\">\n\t\t\t<div class=\"content\">\n\t\t\t\t\t\t\t\t<h3>\n\t\t\t\t\t<a href=\"https:\/\/jcmm16.org\/fr\/dimanche-26-fevrier-2023-coeur-a-coeur-avec-le-seigneur\" title=\"Dimanche 26 F\u00e9vrier 2023 &#8211; C\u0153ur \u00e0 C\u0153ur avec Le Seigneur\">Dimanche 26 F\u00e9vrier 2023 &#8211; C\u0153ur \u00e0 C\u0153ur avec Le Seigneur<\/a>\n\t\t\t\t<\/h3>\n\t\t\t<\/div>\n\t\t<\/header>\n\t<div class=\"post-content the-content\">\n\t<\/div><div class=\"post-meta\">\n\t<nav class=\"clearfix\">\n\t\t\n\t\t\t\t\t\t\t\t<\/nav>\n<\/div>\t\t<\/div>\n\t<\/div>\n<\/div>\t<\/div>\n<\/div>\n\t\t\t<\/div>\n\t\t<\/div>\n\t\t<div class=\"page-content post-header clearfix list-item post-993414 post type-post status-publish format-standard has-post-thumbnail hentry category-priere\" >\n\t\t\t<div>\n\t\t\t\t<div class=\"post-article has-image-wrapper \">\n\t<div class=\"standard-post-format clearfix as-image \">\n\t\t<div class=\"post-row\">\n\t<div class=\"post-row-left\">\n\t\n<div class=\"post-date\">\n\t\t\t<span class=\"top-part\">\n\t\t\t12\t\t<\/span>\n\t\t<span class=\"bottom-part\">\n\t\t\t02 '23\t\t<\/span>\n\t<\/div>\t<div class=\"post-left-actions\">\n\t\t\n<div class=\"post-actions\">\n\t\t\t\n\t\t\t\t\t<div class=\"love-count-outer\">\n\t\t\t\t<div class=\"love-it-wrapper\"><a href=\"#\" class=\"love-it\" data-post-id=\"993414\" data-user-id=\"0\"><span class=\"visuallyhidden\">Love it<\/span><\/a> <span class=\"love-count\">0<\/span><\/div>\t\t\t<\/div>\n\t\t\n\t\t\t<\/div>\t<\/div>\n<\/div>\n\t<div class=\"post-row-center\">\n\t\t\t\t\t<div class=\"post-media\">\n\t\t\t\t<div class='media-inner'>\n\t\t\t\t\t\n\t\t\t\t\t<img decoding=\"async\" width=\"480\" height=\"369\" src=\"https:\/\/jcmm16.org\/wp-content\/uploads\/2023\/02\/french-bis-HEART-TO-HEART-WITH-THE-LORD_page-0001-480x369.jpg\" class=\"attachment-post-loop size-post-loop wp-post-image\" alt=\"\" srcset=\"https:\/\/jcmm16.org\/wp-content\/uploads\/2023\/02\/french-bis-HEART-TO-HEART-WITH-THE-LORD_page-0001-480x369.jpg 480w, https:\/\/jcmm16.org\/wp-content\/uploads\/2023\/02\/french-bis-HEART-TO-HEART-WITH-THE-LORD_page-0001-1140x876.jpg 1140w, https:\/\/jcmm16.org\/wp-content\/uploads\/2023\/02\/french-bis-HEART-TO-HEART-WITH-THE-LORD_page-0001-555x426.jpg 555w, https:\/\/jcmm16.org\/wp-content\/uploads\/2023\/02\/french-bis-HEART-TO-HEART-WITH-THE-LORD_page-0001-360x276.jpg 360w, https:\/\/jcmm16.org\/wp-content\/uploads\/2023\/02\/french-bis-HEART-TO-HEART-WITH-THE-LORD_page-0001-262x201.jpg 262w\" sizes=\"(min-width: 900px) 50vw, 100vw\" \/>\n\t\t\t\t\t\t\t\t\t<\/div>\n\t\t\t<\/div>\n\t\t\t\t<div class=\"post-content-outer\">\n\t\t\t\t\t<header class=\"single\">\n\t\t\t<div class=\"content\">\n\t\t\t\t\t\t\t\t<h3>\n\t\t\t\t\t<a href=\"https:\/\/jcmm16.org\/fr\/coeur-a-coeur-avec-le-seigneur\" title=\"C\u0153ur \u00e0 c\u0153ur avec le Seigneur &#8211; Dimanche 12 f\u00e9vrier 2023\">C\u0153ur \u00e0 c\u0153ur avec le Seigneur &#8211; Dimanche 12 f\u00e9vrier 2023<\/a>\n\t\t\t\t<\/h3>\n\t\t\t<\/div>\n\t\t<\/header>\n\t<div class=\"post-content the-content\">\n\t<p>&nbsp; &nbsp; &nbsp; &nbsp;<\/p>\n<\/div><div class=\"post-meta\">\n\t<nav class=\"clearfix\">\n\t\t\n\t\t\t\t\t\t\t\t<\/nav>\n<\/div>\t\t<\/div>\n\t<\/div>\n<\/div>\t<\/div>\n<\/div>\n\t\t\t<\/div>\n\t\t<\/div>\n\t\t<div class=\"page-content post-header clearfix list-item post-993363 post type-post status-publish format-standard has-post-thumbnail hentry category-priere\" >\n\t\t\t<div>\n\t\t\t\t<div class=\"post-article has-image-wrapper \">\n\t<div class=\"standard-post-format clearfix as-image \">\n\t\t<div class=\"post-row\">\n\t<div class=\"post-row-left\">\n\t\n<div class=\"post-date\">\n\t\t\t<span class=\"top-part\">\n\t\t\t06\t\t<\/span>\n\t\t<span class=\"bottom-part\">\n\t\t\t02 '23\t\t<\/span>\n\t<\/div>\t<div class=\"post-left-actions\">\n\t\t\n<div class=\"post-actions\">\n\t\t\t\n\t\t\t\t\t<div class=\"love-count-outer\">\n\t\t\t\t<div class=\"love-it-wrapper\"><a href=\"#\" class=\"love-it\" data-post-id=\"993363\" data-user-id=\"0\"><span class=\"visuallyhidden\">Love it<\/span><\/a> <span class=\"love-count\">0<\/span><\/div>\t\t\t<\/div>\n\t\t\n\t\t\t<\/div>\t<\/div>\n<\/div>\n\t<div class=\"post-row-center\">\n\t\t\t\t\t<div class=\"post-media\">\n\t\t\t\t<div class='media-inner'>\n\t\t\t\t\t\n\t\t\t\t\t<img decoding=\"async\" width=\"480\" height=\"369\" src=\"https:\/\/jcmm16.org\/wp-content\/uploads\/2023\/02\/DIM-05-FEV-23-SUJETS-DE-PRIERES-480x369.jpg\" class=\"attachment-post-loop size-post-loop wp-post-image\" alt=\"\" srcset=\"https:\/\/jcmm16.org\/wp-content\/uploads\/2023\/02\/DIM-05-FEV-23-SUJETS-DE-PRIERES-480x369.jpg 480w, https:\/\/jcmm16.org\/wp-content\/uploads\/2023\/02\/DIM-05-FEV-23-SUJETS-DE-PRIERES-1140x876.jpg 1140w, https:\/\/jcmm16.org\/wp-content\/uploads\/2023\/02\/DIM-05-FEV-23-SUJETS-DE-PRIERES-555x426.jpg 555w, https:\/\/jcmm16.org\/wp-content\/uploads\/2023\/02\/DIM-05-FEV-23-SUJETS-DE-PRIERES-360x276.jpg 360w, https:\/\/jcmm16.org\/wp-content\/uploads\/2023\/02\/DIM-05-FEV-23-SUJETS-DE-PRIERES-262x201.jpg 262w\" sizes=\"(min-width: 900px) 50vw, 100vw\" \/>\n\t\t\t\t\t\t\t\t\t<\/div>\n\t\t\t<\/div>\n\t\t\t\t<div class=\"post-content-outer\">\n\t\t\t\t\t<header class=\"single\">\n\t\t\t<div class=\"content\">\n\t\t\t\t\t\t\t\t<h3>\n\t\t\t\t\t<a href=\"https:\/\/jcmm16.org\/fr\/ecouter-et-parler-a-dieu-avec-le-coeur-n-2-dimanche-5-fevrier-2023\" title=\"Ecouter et parler \u00e0 Dieu avec le c\u0153ur -N\u00b0 2 -Dimanche 5 F\u00e9vrier 2023\">Ecouter et parler \u00e0 Dieu avec le c\u0153ur -N\u00b0 2 -Dimanche 5 F\u00e9vrier 2023<\/a>\n\t\t\t\t<\/h3>\n\t\t\t<\/div>\n\t\t<\/header>\n\t<div class=\"post-content the-content\">\n\t<\/div><div class=\"post-meta\">\n\t<nav class=\"clearfix\">\n\t\t\n\t\t\t\t\t\t\t\t<\/nav>\n<\/div>\t\t<\/div>\n\t<\/div>\n<\/div>\t<\/div>\n<\/div>\n\t\t\t<\/div>\n\t\t<\/div>\n<\/div>\n\n<\/div><\/div><\/div><\/div>\n<div class=\"row \"><div class=\"wpv-grid grid-1-1  wpv-first-level first unextended\" style=\"padding-top:0px;padding-bottom:0px\" id=\"wpv-column-5cca3f7b452027757fa8cf95b21dd6e1\" ><div class=\"sitemap\"><\/div><\/div><\/div>\n","protected":false},"excerpt":{"rendered":"","protected":false},"author":1,"featured_media":0,"parent":0,"menu_order":0,"comment_status":"closed","ping_status":"closed","template":"","meta":{"footnotes":""},"class_list":["post-993274","page","type-page","status-publish","hentry"],"_links":{"self":[{"href":"https:\/\/jcmm16.org\/fr\/wp-json\/wp\/v2\/pages\/993274","targetHints":{"allow":["GET"]}}],"collection":[{"href":"https:\/\/jcmm16.org\/fr\/wp-json\/wp\/v2\/pages"}],"about":[{"href":"https:\/\/jcmm16.org\/fr\/wp-json\/wp\/v2\/types\/page"}],"author":[{"embeddable":true,"href":"https:\/\/jcmm16.org\/fr\/wp-json\/wp\/v2\/users\/1"}],"replies":[{"embeddable":true,"href":"https:\/\/jcmm16.org\/fr\/wp-json\/wp\/v2\/comments?post=993274"}],"version-history":[{"count":16,"href":"https:\/\/jcmm16.org\/fr\/wp-json\/wp\/v2\/pages\/993274\/revisions"}],"predecessor-version":[{"id":993357,"href":"https:\/\/jcmm16.org\/fr\/wp-json\/wp\/v2\/pages\/993274\/revisions\/993357"}],"wp:attachment":[{"href":"https:\/\/jcmm16.org\/fr\/wp-json\/wp\/v2\/media?parent=993274"}],"curies":[{"name":"wp","href":"https:\/\/api.w.org\/{rel}","templated":true}]}}